{"id":240,"date":"2017-02-08T17:17:41","date_gmt":"2017-02-08T17:17:41","guid":{"rendered":"http:\/\/paratraduccion.com\/doctorado\/?page_id=240"},"modified":"2017-02-08T22:28:26","modified_gmt":"2017-02-08T22:28:26","slug":"becas-propias","status":"publish","type":"page","link":"http:\/\/paratraduccion.com\/doctorado\/becas-propias\/","title":{"rendered":"Becas Propias"},"content":{"rendered":"<h4 style=\"text-align: justify;\">1. Bolsas propias de mobilidade<\/h4>\n<p style=\"text-align: justify;\">En funci\u00f3n da <span class=\"il\">dispo\u00f1ibilidade<\/span> orzamentaria, o Programa de doutoramento en Traduci\u00f3n e paratraduci\u00f3n convoca cada ano para o seu alumnado\u00a0unha serie de <span class=\"il\">bolsas<\/span> de viaxe para asistencia a cursos, congresos ou estad\u00edas de investigaci\u00f3n f\u00f3ra de Vigo. A data concreta de publicaci\u00f3n da convocatoria de <span class=\"il\">bolsas<\/span> dec\u00eddea a Universidade de Vigo e adoita ser\u00a0nos primeiros meses de cada ano natural. Estas bolsas poden cubrir a totalidade ou parte dos gastos (desprazamentos + aloxamento) \u00a0dunha actividade realizada en calquera momento do ano natural.<\/p>\n<h4 style=\"text-align: justify;\">2. Adquisici\u00f3n de bibliograf\u00eda<\/h4>\n<p style=\"text-align: justify;\">Anualmente o Programa de doutoramento fai\u00a0tam\u00e9n unha convocatoria de solicitudes de adquisici\u00f3n de bibliograf\u00eda, na que se poden\u00a0pedir libros e outros materiais de consulta, que quedar\u00e1n depositados na biblioteca da facultade.<\/p>\n<p style=\"text-align: justify;\"><hr class=\" hr_color\" style=\"margin:0 auto 30px;\"\/>\n<\/p>\n<h4 style=\"text-align: justify;\">1. Becas propias de movilidad<\/h4>\n<p style=\"text-align: justify;\">En funci\u00f3n de la disponibilidad presupuestaria, el Programa de doctorado en Traducci\u00f3n y paratraducci\u00f3n convoca cada a\u00f1o para su alumnado una serie de becas de viaje para asistencia a cursos, congresos o estancias de investigaci\u00f3n fuera de Vigo. La fecha concreta de publicaci\u00f3n de la convocatoria de becas la decide la Universidad de Vigo y suele ser en los primeros meses de cada a\u00f1o natural. Estas becas pueden cubrir la totalidad o parte de los gastos (desplazamientos + alojamientos) de una actividad realizada en cualquier momento del a\u00f1o natural.<\/p>\n<h4 style=\"text-align: justify;\"><strong>2. Adquisici\u00f3n de bibliograf\u00eda<\/strong><\/h4>\n<p style=\"text-align: justify;\">Anualmente el Programa de doctorado hace tambi\u00e9n una convocatoria de solicitudes de adquisici\u00f3n de bibliograf\u00eda, en la que se pueden pedir libros y otros materiales de consulta, que quedan depositados en la biblioteca de la facultad.<\/p>\n","protected":false},"excerpt":{"rendered":"<p>1. Bolsas propias de mobilidade En funci\u00f3n da dispo\u00f1ibilidade orzamentaria, o Programa de doutoramento en Traduci\u00f3n e paratraduci\u00f3n convoca cada ano para o seu alumnado\u00a0unha serie<span class=\"excerpt-hellip\"> [\u2026]<\/span><\/p>\n","protected":false},"author":1,"featured_media":0,"parent":0,"menu_order":0,"comment_status":"closed","ping_status":"closed","template":"","meta":{"footnotes":""},"class_list":["post-240","page","type-page","status-publish","hentry"],"_links":{"self":[{"href":"http:\/\/paratraduccion.com\/doctorado\/wp-json\/wp\/v2\/pages\/240","targetHints":{"allow":["GET"]}}],"collection":[{"href":"http:\/\/paratraduccion.com\/doctorado\/wp-json\/wp\/v2\/pages"}],"about":[{"href":"http:\/\/paratraduccion.com\/doctorado\/wp-json\/wp\/v2\/types\/page"}],"author":[{"embeddable":true,"href":"http:\/\/paratraduccion.com\/doctorado\/wp-json\/wp\/v2\/users\/1"}],"replies":[{"embeddable":true,"href":"http:\/\/paratraduccion.com\/doctorado\/wp-json\/wp\/v2\/comments?post=240"}],"version-history":[{"count":5,"href":"http:\/\/paratraduccion.com\/doctorado\/wp-json\/wp\/v2\/pages\/240\/revisions"}],"predecessor-version":[{"id":390,"href":"http:\/\/paratraduccion.com\/doctorado\/wp-json\/wp\/v2\/pages\/240\/revisions\/390"}],"wp:attachment":[{"href":"http:\/\/paratraduccion.com\/doctorado\/wp-json\/wp\/v2\/media?parent=240"}],"curies":[{"name":"wp","href":"https:\/\/api.w.org\/{rel}","templated":true}]}}