{"id":58,"date":"2017-02-02T13:30:44","date_gmt":"2017-02-02T13:30:44","guid":{"rendered":"http:\/\/paratraduccion.com\/doctorado\/?page_id=58"},"modified":"2021-07-08T19:18:16","modified_gmt":"2021-07-08T18:18:16","slug":"calendario","status":"publish","type":"page","link":"http:\/\/paratraduccion.com\/doctorado\/calendario\/","title":{"rendered":"Calendario"},"content":{"rendered":"<h2>Calendario &#8211; Calendar 2021-22<\/h2>\n<p>&nbsp;<\/p>\n<h3>Descarga aqu\u00ed o <a href=\"http:\/\/paratraduccion.com\/doctorado\/wp-content\/uploads\/2021\/07\/Calendario-integrado-2021_2022-doutoramento.pdf\" target=\"_blank\" rel=\"noopener\">calendario integrado do curso 2021-22<\/a>.<\/h3>\n<p>&nbsp;<\/p>\n<p style=\"padding-left: 30px;\"><strong>Preinscrici\u00f3n e matr\u00edcula<\/strong>: 1 de setembro a 7 de outrubro de 2021.<\/p>\n<p style=\"padding-left: 30px;\"><strong>Prazo Compromiso de supervisi\u00f3n alumnado de 1\u00ba ano<\/strong>: 1 de novembro de 2021.<\/p>\n<p style=\"padding-left: 30px;\"><strong>Prazo nomeamento direcci\u00f3n alumnado de 1\u00ba ano<\/strong>: 1 de xaneiro de 2022.<\/p>\n<p style=\"padding-left: 30px;\"><strong>Prazo presentaci\u00f3n Plan investigaci\u00f3n alumnado de 1\u00ba ano<\/strong>: 1 de abril de 2022.<\/p>\n<p style=\"padding-left: 30px;\"><strong>Presentaci\u00f3n contorna acad\u00e9mica e administrativa alumnado de 1\u00ba ano<\/strong>: 3 de novembro de 2021.<\/p>\n<p style=\"padding-left: 30px;\"><strong>Actividades formativas decembro<\/strong>: decembro de 2021.<\/p>\n<p style=\"padding-left: 30px;\"><strong>Prazo para entregar os resumos do Coloquio anual<\/strong>: 30 de abril de 2022.<\/p>\n<p style=\"padding-left: 30px;\"><strong>Actividades formativas maio<\/strong>: mairo de 2022 (datas por confirmar).<\/p>\n<p style=\"padding-left: 30px;\"><strong>Entrega da documentaci\u00f3n<\/strong> para a avaliaci\u00f3n anual: maio de 2022 (datas por confirmar).<\/p>\n<p style=\"padding-left: 30px;\"><strong>Avaliacion anual<\/strong>: maio de 2022 (datas por confirmar).<\/p>\n<p>&nbsp;<\/p>\n<p>&nbsp;<\/p>\n<p>&nbsp;<\/p>\n<p>&nbsp;<\/p>\n<p>&nbsp;<\/p>\n","protected":false},"excerpt":{"rendered":"<p>Calendario &#8211; Calendar 2021-22 &nbsp; Descarga aqu\u00ed o calendario integrado do curso 2021-22. &nbsp; Preinscrici\u00f3n e matr\u00edcula: 1 de setembro a 7 de outrubro de 2021.<span class=\"excerpt-hellip\"> [\u2026]<\/span><\/p>\n","protected":false},"author":1,"featured_media":0,"parent":0,"menu_order":0,"comment_status":"closed","ping_status":"closed","template":"","meta":{"footnotes":""},"class_list":["post-58","page","type-page","status-publish","hentry"],"_links":{"self":[{"href":"http:\/\/paratraduccion.com\/doctorado\/wp-json\/wp\/v2\/pages\/58","targetHints":{"allow":["GET"]}}],"collection":[{"href":"http:\/\/paratraduccion.com\/doctorado\/wp-json\/wp\/v2\/pages"}],"about":[{"href":"http:\/\/paratraduccion.com\/doctorado\/wp-json\/wp\/v2\/types\/page"}],"author":[{"embeddable":true,"href":"http:\/\/paratraduccion.com\/doctorado\/wp-json\/wp\/v2\/users\/1"}],"replies":[{"embeddable":true,"href":"http:\/\/paratraduccion.com\/doctorado\/wp-json\/wp\/v2\/comments?post=58"}],"version-history":[{"count":9,"href":"http:\/\/paratraduccion.com\/doctorado\/wp-json\/wp\/v2\/pages\/58\/revisions"}],"predecessor-version":[{"id":4639,"href":"http:\/\/paratraduccion.com\/doctorado\/wp-json\/wp\/v2\/pages\/58\/revisions\/4639"}],"wp:attachment":[{"href":"http:\/\/paratraduccion.com\/doctorado\/wp-json\/wp\/v2\/media?parent=58"}],"curies":[{"name":"wp","href":"https:\/\/api.w.org\/{rel}","templated":true}]}}