{"id":896389,"date":"2025-02-28T11:23:56","date_gmt":"2025-02-28T10:23:56","guid":{"rendered":"https:\/\/paratraduccion.com\/doctorado\/?page_id=896389"},"modified":"2025-02-28T18:16:14","modified_gmt":"2025-02-28T17:16:14","slug":"blogs-de-investigacion-tp","status":"publish","type":"page","link":"http:\/\/paratraduccion.com\/doctorado\/blogs-de-investigacion-tp\/","title":{"rendered":"Blogs de Investigaci\u00f3n T&#038;P"},"content":{"rendered":"<div class=\"wpb-content-wrapper\"><p>[vc_row][vc_column][vc_column_text css=\u00bb\u00bb]<\/p>\n<h1>BLOGS <strong>T<span style=\"color: #808080;\">&amp;<span style=\"color: #ff0000;\">P<\/span><\/span><\/strong><\/h1>\n<p>[\/vc_column_text][\/vc_column][\/vc_row][vc_row][vc_column][vc_separator color=\u00bbpink\u00bb css=\u00bb\u00bb][\/vc_column][\/vc_row][vc_row][vc_column offset=\u00bbvc_hidden-sm vc_hidden-xs\u00bb][vc_hoverbox image=\u00bb896392&#8243; primary_title=\u00bbBlog de Jos\u00e9 Yuste Fr\u00edas\u00bb hover_title=\u00bbBlog de Jos\u00e9 Yuste Fr\u00edas\u00bb]<a href=\"https:\/\/www.joseyustefrias.com\/blog-de-yuste\/\" target=\"_blank\" rel=\"noopener\">Acceso al Blog<\/a>[\/vc_hoverbox][vc_hoverbox image=\u00bb896393&#8243; primary_title=\u00bbBlog de Alberto \u00c1lvarez Lugr\u00eds\u00bb hover_title=\u00bbBlog de Alberto \u00c1lvarez Lugr\u00eds\u00bb]<a href=\"https:\/\/paratraduccion.com\/alugris\" target=\"_blank\" rel=\"noopener\">Acceso al Blog<\/a>[\/vc_hoverbox][vc_hoverbox image=\u00bb896394&#8243; primary_title=\u00bbBlog de Anxo Ocampo\u00bb hover_title=\u00bbBlog de Anxo Ocampo\u00bb]<a href=\"https:\/\/paratraduccion.com\/ocampo\" target=\"_blank\" rel=\"noopener\">Acceso al Blog<\/a>[\/vc_hoverbox][vc_hoverbox image=\u00bb896391&#8243; primary_title=\u00bbBlog de Ram\u00f3n M\u00e9ndez\u00bb hover_title=\u00bbBlog de Ram\u00f3n M\u00e9ndez\u00bb]<a href=\"https:\/\/paratraduccion.com\/rmendez\" target=\"_blank\" rel=\"noopener\">Acceso al Blog<\/a>[\/vc_hoverbox][vc_hoverbox image=\u00bb896395&#8243; primary_title=\u00bbBlog de M\u00aa \u00c1ngeles Romasanta\u00bb hover_title=\u00bbBlog de Mari \u00c1ngeles Romasanta\u00bb el_width=\u00bb50&#8243;]<a href=\"https:\/\/paratraduccion.com\/romasanta\" target=\"_blank\" rel=\"noopener\">Acceso al Blog<\/a>[\/vc_hoverbox][\/vc_column][\/vc_row][vc_row][vc_column offset=\u00bbvc_hidden-lg vc_hidden-md\u00bb][vc_hoverbox image=\u00bb896392&#8243; primary_title=\u00bb\u00bb hover_title=\u00bbBlog de Jos\u00e9 Yuste Fr\u00edas\u00bb]<a href=\"https:\/\/www.joseyustefrias.com\/blog-de-yuste\/\" target=\"_blank\" rel=\"noopener\">Acceso al Blog<\/a>[\/vc_hoverbox][vc_hoverbox image=\u00bb896393&#8243; primary_title=\u00bb\u00bb hover_title=\u00bbBlog de Alberto \u00c1lvarez Lugr\u00eds\u00bb]<a href=\"https:\/\/paratraduccion.com\/alugris\" target=\"_blank\" rel=\"noopener\">Acceso al Blog<\/a>[\/vc_hoverbox][vc_hoverbox image=\u00bb896394&#8243; primary_title=\u00bb\u00bb hover_title=\u00bbBlog de Anxo Ocampo\u00bb]<\/p>\n<p><a href=\"https:\/\/paratraduccion.com\/ocampo\" target=\"_blank\" rel=\"noopener\">Acceso al Blog<\/a><\/p>\n<p>[\/vc_hoverbox][vc_hoverbox image=\u00bb896391&#8243; primary_title=\u00bb\u00bb hover_title=\u00bbBlog de Ram\u00f3n M\u00e9ndez\u00bb]<\/p>\n<p><a href=\"https:\/\/paratraduccion.com\/rmendez\" target=\"_blank\" rel=\"noopener\">Acceso al Blog<\/a><\/p>\n<p>[\/vc_hoverbox][vc_hoverbox image=\u00bb896395&#8243; primary_title=\u00bb\u00bb hover_title=\u00bbBlog de Mari \u00c1ngeles Romasanta\u00bb el_width=\u00bb50&#8243;]<\/p>\n<p><a href=\"https:\/\/paratraduccion.com\/romasanta\" target=\"_blank\" rel=\"noopener\">Acceso al Blog<\/a><\/p>\n<p>[\/vc_hoverbox][\/vc_column][\/vc_row][vc_row][vc_column][vc_message message_box_color=\u00bbpink\u00bb css=\u00bb\u00bb]Estas bit\u00e1coras son unos blogs de investigaci\u00f3n cient\u00edfica directamente vinculado al Grupo de Investigaci\u00f3n Traducci\u00f3n &amp; Paratraducci\u00f3n (T&amp;P;). En la nueva web del grupo de investigaci\u00f3n de referencia de la Universidade de Vigo, cada miembro doctor y doctorando del Grupo T&amp;P; tiene a su disposici\u00f3n la oportunidad de editar y compartir en pantalla sus reflexiones e inquietudes investigadoras creando su propio blog cient\u00edfico T&amp;P.; Buscando una aplicaci\u00f3n pr\u00e1ctica de la Web 2.0 a la docencia e investigaci\u00f3n universitarias, los blogs cient\u00edficos T&amp;P; constituyen toda una innovaci\u00f3n docente e investigadora cuyo fin primordial es aportar nuevas perspectivas te\u00f3ricas, did\u00e1cticas y profesionales en los estudios sobre traducci\u00f3n[\/vc_message][\/vc_column][\/vc_row]<\/p>\n<\/div>","protected":false},"excerpt":{"rendered":"<p>[vc_row][vc_column][vc_column_text css=\u00bb\u00bb] BLOGS T&amp;P [\/vc_column_text][\/vc_column][\/vc_row][vc_row][vc_column][vc_separator color=\u00bbpink\u00bb css=\u00bb\u00bb][\/vc_column][\/vc_row][vc_row][vc_column offset=\u00bbvc_hidden-sm vc_hidden-xs\u00bb][vc_hoverbox image=\u00bb896392&#8243; primary_title=\u00bbBlog de Jos\u00e9 Yuste Fr\u00edas\u00bb hover_title=\u00bbBlog de Jos\u00e9 Yuste Fr\u00edas\u00bb]Acceso al Blog[\/vc_hoverbox][vc_hoverbox image=\u00bb896393&#8243; primary_title=\u00bbBlog de Alberto<span class=\"excerpt-hellip\"> [\u2026]<\/span><\/p>\n","protected":false},"author":1,"featured_media":0,"parent":0,"menu_order":0,"comment_status":"closed","ping_status":"closed","template":"","meta":{"footnotes":""},"class_list":["post-896389","page","type-page","status-publish","hentry"],"_links":{"self":[{"href":"http:\/\/paratraduccion.com\/doctorado\/wp-json\/wp\/v2\/pages\/896389","targetHints":{"allow":["GET"]}}],"collection":[{"href":"http:\/\/paratraduccion.com\/doctorado\/wp-json\/wp\/v2\/pages"}],"about":[{"href":"http:\/\/paratraduccion.com\/doctorado\/wp-json\/wp\/v2\/types\/page"}],"author":[{"embeddable":true,"href":"http:\/\/paratraduccion.com\/doctorado\/wp-json\/wp\/v2\/users\/1"}],"replies":[{"embeddable":true,"href":"http:\/\/paratraduccion.com\/doctorado\/wp-json\/wp\/v2\/comments?post=896389"}],"version-history":[{"count":8,"href":"http:\/\/paratraduccion.com\/doctorado\/wp-json\/wp\/v2\/pages\/896389\/revisions"}],"predecessor-version":[{"id":896404,"href":"http:\/\/paratraduccion.com\/doctorado\/wp-json\/wp\/v2\/pages\/896389\/revisions\/896404"}],"wp:attachment":[{"href":"http:\/\/paratraduccion.com\/doctorado\/wp-json\/wp\/v2\/media?parent=896389"}],"curies":[{"name":"wp","href":"https:\/\/api.w.org\/{rel}","templated":true}]}}