{"id":91,"date":"2017-02-02T15:37:16","date_gmt":"2017-02-02T15:37:16","guid":{"rendered":"http:\/\/paratraduccion.com\/doctorado\/?page_id=91"},"modified":"2026-03-10T19:48:34","modified_gmt":"2026-03-10T18:48:34","slug":"profesorado","status":"publish","type":"page","link":"http:\/\/paratraduccion.com\/doctorado\/profesorado\/","title":{"rendered":"Profesorado"},"content":{"rendered":"<ul>\n<li><a href=\"http:\/\/paratraduccion.com\/alugris\/\" target=\"_blank\" rel=\"noopener\"><strong>Alberto \u00c1LVAREZ LUGR\u00cdS<\/strong><\/a><\/li>\n<li><a href=\"https:\/\/www.uvigo.gal\/universidade\/administracion-persoal\/pdi\/robert-neal-baxter\" target=\"_blank\" rel=\"noopener\"><strong>Robert Neal BAXTER<\/strong><\/a><\/li>\n<li><strong><a href=\"http:\/\/paratraduccion.com\/doctorado\/portfolio-item\/tesis-doctoral-de-emmanuel-claude-bourgoin-vergondy\/\" target=\"_blank\" rel=\"noopener\">Emmanuel Claude BOURGOIN VERGONDY<\/a><\/strong><\/li>\n<li><strong><a href=\"http:\/\/paratraduccion.com\/doctorado\/portfolio-item\/tesis-doctoral-de-patricia-bujan-otero\/\" target=\"_blank\" rel=\"noopener\">Patricia BUJ\u00c1N OTERO<\/a><\/strong><\/li>\n<li><strong><a href=\"https:\/\/cvnet.cpd.ua.es\/curriculum-breve\/es\/calvo-ferrer-jose-ramon\/6540\" target=\"_blank\" rel=\"noopener\">Jos\u00e9 Ram\u00f3n CALVO FERRER<\/a><\/strong><\/li>\n<li><a href=\"http:\/\/tv.uvigo.es\/es\/video\/mm\/13124.html\" target=\"_blank\" rel=\"noopener\"><strong>Olga CASTRO V\u00c1ZQUEZ<\/strong><\/a><\/li>\n<li><a href=\"https:\/\/www.uvigo.gal\/universidade\/administracion-persoal\/pdi\/maria-susana-cruces-colado\" target=\"_blank\" rel=\"noopener\"><strong>Susana CRUCES COLADO<\/strong><\/a><\/li>\n<li><strong><a href=\"http:\/\/linkterpreting.uvigo.es\/\" target=\"_blank\" rel=\"noopener\">Maribel DEL POZO TRIVI\u00d1O<\/a><\/strong><\/li>\n<li><a href=\"https:\/\/scholar.google.com\/citations?user=5rQWdBkAAAAJ&amp;hl=en\" target=\"_blank\" rel=\"noopener\"><strong>Rodica DIMITRIU<\/strong><\/a><\/li>\n<li><a href=\"https:\/\/www.uvigo.gal\/universidade\/administracion-persoal\/pdi\/lara-dominguez-araujo\" target=\"_blank\" rel=\"noopener\"><strong>Lara DOM\u00cdNGUEZ ARA\u00daJO<\/strong><\/a><\/li>\n<li><a href=\"https:\/\/www.tlu.ee\/en\/node\/114013\" target=\"_blank\" rel=\"noopener\"><strong>Tanya Elena FERN\u00c1NDEZ ESCUDERO<\/strong><\/a><\/li>\n<li><strong><a href=\"http:\/\/paratraduccion.com\/ocampo\/\" target=\"_blank\" rel=\"noopener\">Anxo FERN\u00c1NDEZ OCAMPO<\/a>\u00a0<\/strong><\/li>\n<li><strong><a href=\"http:\/\/bibliotraducion.uvigo.es\/\" target=\"_blank\" rel=\"noopener\">\u00c1urea FERN\u00c1NDEZ RODR\u00cdGUEZ<\/a>\u00a0<\/strong><\/li>\n<li><strong><a href=\"http:\/\/paratraduccion.com\/doctorado\/portfolio-item\/tesis-doctoral-de-oscar-ferreiro-vazquez\/\" target=\"_blank\" rel=\"noopener\">\u00d3scar FERREIRO V\u00c1ZQUEZ<\/a><\/strong><\/li>\n<li><a href=\"http:\/\/bibliotraducion.uvigo.es\/\" target=\"_blank\" rel=\"noopener\"><strong>Iolanda GALANES SANTOS<\/strong><\/a><\/li>\n<li><strong><a href=\"http:\/\/paratraduccion.com\/limiares\/garrido-vilarino-xoan-manuel\/\" target=\"_blank\" rel=\"noopener\">Xo\u00e1n Manuel GARRIDO VILARI\u00d1O<\/a>\u00a0<\/strong><\/li>\n<li><strong><a href=\"https:\/\/www.escavador.com\/sobre\/552090\/andreia-guerini\" target=\"_blank\" rel=\"noopener\">Andr\u00e9ia GUERINI<\/a><\/strong><\/li>\n<li><a href=\"https:\/\/gl.wikipedia.org\/wiki\/Maria_do_Carmo_Henr%C3%ADquez_Salido\" target=\"_blank\" rel=\"noopener\"><strong>Mar\u00eda Do Carmo HENR\u00cdQUEZ SALIDO<\/strong><\/a><\/li>\n<li><strong><a href=\"https:\/\/www.uvigo.gal\/universidade\/administracion-persoal\/pdi\/rebeca-cristina-lopez-gonzalez\" target=\"_blank\" rel=\"noopener\">Rebeca Cristina L\u00d3PEZ GONZ\u00c1LEZ<\/a><\/strong><\/li>\n<li><a href=\"http:\/\/www.bibliotraducion.uvigo.es\/\" target=\"_blank\" rel=\"noopener\"><strong>Ana LUNA ALONSO<\/strong><\/a><\/li>\n<li><a href=\"https:\/\/paratraduccion.com\/doctorado\/portfolio-item\/tesis-doctoral-de-morgana-aparecida-de-matos\/\" target=\"_blank\" rel=\"noopener\"><strong>Morgana Aparecida DE MATOS<\/strong><\/a><\/li>\n<li><a href=\"http:\/\/paratraduccion.com\/videojuegos\/team\/ramon-mendez\/\" target=\"_blank\" rel=\"noopener\"><strong>Ram\u00f3n M\u00c9NDEZ GONZ\u00c1LEZ<\/strong><\/a><\/li>\n<li><a href=\"http:\/\/tv.uvigo.es\/es\/video\/mm\/11420.html\" target=\"_blank\" rel=\"noopener\"><strong>Reine MEYLAERTS<\/strong><\/a><\/li>\n<li><a href=\"http:\/\/paratraduccion.com\/limiares\/xoan-montero\/\" target=\"_blank\" rel=\"noopener\"><strong>Xo\u00e1n MONTERO DOM\u00cdNGUEZ<\/strong><\/a><\/li>\n<li><strong><a href=\"http:\/\/bibliotraducion.uvigo.es\/\" target=\"_blank\" rel=\"noopener\">Silvia MONTERO K\u00dcPPER<\/a>\u00a0<\/strong><\/li>\n<li><a href=\"http:\/\/tv.uvigo.es\/es\/video\/mm\/11494.html\" target=\"_blank\" rel=\"noopener\"><strong>Christiane NORD<\/strong><\/a><\/li>\n<li><a href=\"https:\/\/paratraduccion.com\/doctorado\/seminario-tp-la-traduction-comme-resistance\/\" target=\"_blank\" rel=\"noopener\"><strong>Alexis NUSELOVICI (NOUSS)<\/strong><\/a><\/li>\n<li><a href=\"http:\/\/paratraduccion.com\/doctorado\/portfolio-item\/tesis-doctoral-de-maria-reimondez-meilan\/\" target=\"_blank\" rel=\"noopener\"><strong>Mar\u00eda REIM\u00d3NDEZ MEIL\u00c1N<\/strong><\/a><\/li>\n<li><strong><a href=\"https:\/\/www.uvigo.gal\/universidade\/administracion-persoal\/pdi\/maria-elena-sanchez-trigo\" target=\"_blank\" rel=\"noopener\">Elena S\u00c1NCHEZ TRIGO<\/a>\u00a0<\/strong><\/li>\n<li><a href=\"https:\/\/paratraduccion.com\/doctorado\/2022\/04\/01\/contrato-maria-zambrano-en-tp-para-karl-schurster\/\" target=\"_blank\" rel=\"noopener\"><strong>Karl SCHURSTER VERISSIMO SOUSA LE\u00c3O<\/strong><\/a><\/li>\n<li><a href=\"http:\/\/tv.uvigo.es\/es\/video\/mm\/3755.html\" target=\"_blank\" rel=\"noopener\"><strong>Teresa TOMASZKIEWICZ<\/strong><\/a><\/li>\n<li><a href=\"http:\/\/paratraduccion.com\/doctorado\/portfolio-item\/tesis-doctoral-de-tamara-varela-vila\/\" target=\"_blank\" rel=\"noopener\"><strong>Tamara VARELA VILA<\/strong><\/a><\/li>\n<li><a href=\"http:\/\/www.joseyustefrias.com\" target=\"_blank\" rel=\"noopener\"><strong>Jos\u00e9 YUSTE FR\u00cdAS<\/strong><\/a><\/li>\n<\/ul>\n","protected":false},"excerpt":{"rendered":"<p>Alberto \u00c1LVAREZ LUGR\u00cdS Robert Neal BAXTER Emmanuel Claude BOURGOIN VERGONDY Patricia BUJ\u00c1N OTERO Jos\u00e9 Ram\u00f3n CALVO FERRER Olga CASTRO V\u00c1ZQUEZ Susana CRUCES COLADO Maribel DEL POZO<span class=\"excerpt-hellip\"> [\u2026]<\/span><\/p>\n","protected":false},"author":1,"featured_media":0,"parent":0,"menu_order":0,"comment_status":"closed","ping_status":"closed","template":"","meta":{"footnotes":""},"class_list":["post-91","page","type-page","status-publish","hentry"],"_links":{"self":[{"href":"http:\/\/paratraduccion.com\/doctorado\/wp-json\/wp\/v2\/pages\/91","targetHints":{"allow":["GET"]}}],"collection":[{"href":"http:\/\/paratraduccion.com\/doctorado\/wp-json\/wp\/v2\/pages"}],"about":[{"href":"http:\/\/paratraduccion.com\/doctorado\/wp-json\/wp\/v2\/types\/page"}],"author":[{"embeddable":true,"href":"http:\/\/paratraduccion.com\/doctorado\/wp-json\/wp\/v2\/users\/1"}],"replies":[{"embeddable":true,"href":"http:\/\/paratraduccion.com\/doctorado\/wp-json\/wp\/v2\/comments?post=91"}],"version-history":[{"count":30,"href":"http:\/\/paratraduccion.com\/doctorado\/wp-json\/wp\/v2\/pages\/91\/revisions"}],"predecessor-version":[{"id":896509,"href":"http:\/\/paratraduccion.com\/doctorado\/wp-json\/wp\/v2\/pages\/91\/revisions\/896509"}],"wp:attachment":[{"href":"http:\/\/paratraduccion.com\/doctorado\/wp-json\/wp\/v2\/media?parent=91"}],"curies":[{"name":"wp","href":"https:\/\/api.w.org\/{rel}","templated":true}]}}