{"id":120,"date":"2013-12-05T10:25:50","date_gmt":"2013-12-05T10:25:50","guid":{"rendered":"http:\/\/paratraduccion.com\/mestrado\/cam-do-mestrado\/"},"modified":"2024-10-07T10:43:52","modified_gmt":"2024-10-07T10:43:52","slug":"cam-do-mtci","status":"publish","type":"page","link":"http:\/\/paratraduccion.com\/limiares\/en\/cam-do-mtci\/","title":{"rendered":"CAM do MTCI"},"content":{"rendered":"<div data-elementor-type=\"wp-page\" data-elementor-id=\"120\" class=\"elementor elementor-120\" data-elementor-post-type=\"page\">\n\t\t\t\t\t\t<section class=\"elementor-section elementor-top-section elementor-element elementor-element-8068864 elementor-section-boxed elementor-section-height-default elementor-section-height-default\" data-id=\"8068864\" data-element_type=\"section\" data-settings=\"{&quot;jet_parallax_layout_list&quot;:[]}\">\n\t\t\t\t\t\t<div class=\"elementor-container elementor-column-gap-default\">\n\t\t\t\t\t<div class=\"elementor-column elementor-col-100 elementor-top-column elementor-element elementor-element-755630b4\" data-id=\"755630b4\" data-element_type=\"column\">\n\t\t\t<div class=\"elementor-widget-wrap elementor-element-populated\">\n\t\t\t\t\t\t<div class=\"elementor-element elementor-element-ac2049c elementor-hidden-tablet elementor-hidden-mobile elementor-widget elementor-widget-spacer\" data-id=\"ac2049c\" data-element_type=\"widget\" data-widget_type=\"spacer.default\">\n\t\t\t\t<div class=\"elementor-widget-container\">\n\t\t\t\t\t<div class=\"elementor-spacer\">\n\t\t\t<div class=\"elementor-spacer-inner\"><\/div>\n\t\t<\/div>\n\t\t\t\t<\/div>\n\t\t\t\t<\/div>\n\t\t\t\t<div class=\"elementor-element elementor-element-ba1b3c2 elementor-hidden-desktop elementor-widget elementor-widget-spacer\" data-id=\"ba1b3c2\" data-element_type=\"widget\" data-widget_type=\"spacer.default\">\n\t\t\t\t<div class=\"elementor-widget-container\">\n\t\t\t\t\t<div class=\"elementor-spacer\">\n\t\t\t<div class=\"elementor-spacer-inner\"><\/div>\n\t\t<\/div>\n\t\t\t\t<\/div>\n\t\t\t\t<\/div>\n\t\t\t\t<div class=\"elementor-element elementor-element-2945f29e elementor-widget elementor-widget-text-editor\" data-id=\"2945f29e\" data-element_type=\"widget\" data-widget_type=\"text-editor.default\">\n\t\t\t\t<div class=\"elementor-widget-container\">\n\t\t\t\t\t\t\t<p style=\"text-align: justify;\" class=\" translation-block\">The members of the\u00a0<strong>M<\/strong>aster's <strong>A<\/strong>cademic <strong>C<\/strong>ommittee (MAC) of the <strong>M<\/strong>aster's Degree in\u00a0<strong>T<\/strong>ranslation <span style=\"color: #ff0000\">for<\/span> <strong>I<\/strong>nternational <strong>C<\/strong>ommunication (MTIC) \u2013<span style=\"color: #ff0000\">AWARDED WITH THE RECOGNITION OF EXCELLENCE BY THE XUNTA DE GALICIA<\/span>\u2013 are the following:<\/p><h5>Coordinator<\/h5><ul><li><a href=\"http:\/\/paratraduccion.com\/limiares\/en\/oscar-ferreiro-vazquez\/\" target=\"_blank\" rel=\"noopener noreferrer\">\u00d3scar Ferreiro V\u00e1zquez<\/a> (Secretary from 2016 to 2022)<\/li><\/ul><h5>Secretary<\/h5><ul><li><a href=\"http:\/\/paratraduccion.com\/limiares\/en\/yuste-frias\/\" target=\"_blank\" rel=\"noopener noreferrer\">Jos\u00e9 Yuste Fr\u00edas<\/a> Coordinator from 2016 to 2022<\/li><\/ul><h5>Members<\/h5><ul><li><a href=\"http:\/\/paratraduccion.com\/limiares\/en\/alvarez-lugris\/\" target=\"_blank\" rel=\"noopener noreferrer\">Alberto \u00c1lvarez Lugr\u00eds<\/a><\/li><li><a href=\"http:\/\/paratraduccion.com\/limiares\/en\/fernandez-ocampo-anxo\/\" target=\"_blank\" rel=\"noopener noreferrer\">Anxo Fern\u00e1ndez Ocampo<\/a><\/li><li><a href=\"http:\/\/paratraduccion.com\/limiares\/en\/ana-luna\/\" target=\"_blank\" rel=\"noopener noreferrer\">Ana Luna Alonso<\/a><\/li><li><a href=\"http:\/\/paratraduccion.com\/limiares\/en\/xoan-montero\/\" target=\"_blank\" rel=\"noopener noreferrer\">Xo\u00e1n Montero Dom\u00ednguez <\/a>(Coordinator from 2013 to 2016)<\/li><\/ul><h5 class=\"box-hint\">Vice-Dean of Quality of the School of Philology and Translation<\/h5><ul><li class=\"box-hint\"><a href=\"http:\/\/sdfft.webs7.uvigo.es\/gl\/docencia\/profesorado\/maria-seijas-montero\/\" target=\"_blank\" rel=\"noopener\">Mar\u00eda Seijas Montero<\/a><\/li><\/ul><div class=\"box-hint\">\u00a0<\/div><div>\u00a0<\/div><div class=\"box-hint\">N.B.: Click on each name for more information<\/div>\t\t\t\t\t\t<\/div>\n\t\t\t\t<\/div>\n\t\t\t\t\t<\/div>\n\t\t<\/div>\n\t\t\t\t\t<\/div>\n\t\t<\/section>\n\t\t\t\t<\/div>","protected":false},"excerpt":{"rendered":"<p>Os membros da\u00a0Comisi\u00f3n Acad\u00e9mica do Mestrado (CAM) do M\u00e1ster en \u00a0Traduci\u00f3n para a Comunicaci\u00f3n Internacional (MTCI) \u2013M\u00c1STER UNIVERSITARIO EXCELENTE DA XUNTA DE GALICIA\u2013 son: Coordinador \u00d3scar Ferreiro V\u00e1zquez (Secretario dende 2016 ata 2022) Secretario Jos\u00e9 Yuste Fr\u00edas (Coordinador dende 2016 ata 2022) Vogais Alberto \u00c1lvarez Lugr\u00eds Anxo Fern\u00e1ndez Ocampo Ana Luna Alonso Xo\u00e1n Montero Dom\u00ednguez&hellip;<\/p>","protected":false},"author":1,"featured_media":0,"parent":0,"menu_order":7,"comment_status":"closed","ping_status":"closed","template":"","meta":{"footnotes":""},"_links":{"self":[{"href":"http:\/\/paratraduccion.com\/limiares\/en\/wp-json\/wp\/v2\/pages\/120"}],"collection":[{"href":"http:\/\/paratraduccion.com\/limiares\/en\/wp-json\/wp\/v2\/pages"}],"about":[{"href":"http:\/\/paratraduccion.com\/limiares\/en\/wp-json\/wp\/v2\/types\/page"}],"author":[{"embeddable":true,"href":"http:\/\/paratraduccion.com\/limiares\/en\/wp-json\/wp\/v2\/users\/1"}],"replies":[{"embeddable":true,"href":"http:\/\/paratraduccion.com\/limiares\/en\/wp-json\/wp\/v2\/comments?post=120"}],"version-history":[{"count":43,"href":"http:\/\/paratraduccion.com\/limiares\/en\/wp-json\/wp\/v2\/pages\/120\/revisions"}],"predecessor-version":[{"id":126346,"href":"http:\/\/paratraduccion.com\/limiares\/en\/wp-json\/wp\/v2\/pages\/120\/revisions\/126346"}],"wp:attachment":[{"href":"http:\/\/paratraduccion.com\/limiares\/en\/wp-json\/wp\/v2\/media?parent=120"}],"curies":[{"name":"wp","href":"https:\/\/api.w.org\/{rel}","templated":true}]}}