{"id":65,"date":"2013-04-23T23:11:14","date_gmt":"2013-04-23T23:11:14","guid":{"rendered":"http:\/\/paratraduccion.com\/mestrado\/xuridico-administrativa-ingles\/"},"modified":"2023-10-16T07:44:51","modified_gmt":"2023-10-16T07:44:51","slug":"xuridico-administrativa-ingles","status":"publish","type":"page","link":"http:\/\/paratraduccion.com\/limiares\/en\/xuridico-administrativa-ingles\/","title":{"rendered":"Legal-Administrative English"},"content":{"rendered":"<p style=\"font-size: 12.16px; margin-bottom: 0.0001pt; text-align: right;\"><a href=\"https:\/\/seix.uvigo.es\/docnet-nuevo\/guia_docent\/?centre=301&amp;ensenyament=V01M128V01&amp;consulta=assignatures&amp;idioma=cast&amp;idioma=gal\" target=\"_blank\" rel=\"noopener noreferrer\"><span style=\"font-family: tahoma, arial, helvetica, sans-serif; font-size: 12pt;\">Access to the course guides in Galician<\/span><\/a><\/p>\n<p style=\"text-align: right;\" class=\" translation-block\">\u00a0<span style=\"font-family: tahoma, arial, helvetica, sans-serif;font-size: 12pt\" data-mce-mark=\"1\"><a href=\"https:\/\/seix.uvigo.es\/docnet-nuevo\/guia_docent\/?centre=301&amp;ensenyament=V01M128V01&amp;consulta=assignatures&amp;idioma=gal&amp;idioma=cast\" target=\"_blank\" rel=\"noopener noreferrer\" role=\"link\">Access to the\u00a0<\/a><a href=\"https:\/\/seix.uvigo.es\/docnet-nuevo\/guia_docent\/?centre=301&amp;ensenyament=V01M128V01&amp;consulta=assignatures&amp;idioma=gal&amp;idioma=cast\" target=\"_blank\" rel=\"noopener noreferrer\" role=\"link\">course guides in Spanish<\/a><\/span><\/p>\n<p><span style=\"font-family: tahoma, arial, helvetica, sans-serif; font-size: 12pt;\" data-mce-mark=\"1\">\u00a0<\/span><\/p>\n<p style=\"text-align: justify;\"><strong><span style=\"color: #222222; font-family: Arial; font-size: 14px;\">\u00a0<\/span><\/strong><\/p>\n<p style=\"text-align: justify;\"><span style=\"font-family: tahoma, arial, helvetica, sans-serif; font-size: 12pt;\"><b>Legal-Administrative Translation: English \u2013 Galician \u2013 English \/ English \u2013 Spanish - English<\/b><\/span><\/p>\n<p style=\"text-align: justify;\"><span style=\"font-family: tahoma, arial, helvetica, sans-serif; font-size: 12pt;\">(Lecturer\u00a0<a href=\"http:\/\/paratraduccion.com\/limiares\/en\/del-pozo-maribel\/\" target=\"_blank\" rel=\"noopener noreferrer\">Maribel del Pozo<\/a>\u00a0)<\/span><\/p>\n<p style=\"text-align: justify;\">The subject Legal-Administrative Translation: English \u2013 Galician \u2013 English \/ English \u2013 Spanish \u2013 English is included in module B2, is an optional subject that accounts for 6 ECTS and takes place during the 2nd semester. It is taught in Spanish, Galician, and English.<\/p>\n<p style=\"text-align: justify;\">It is designed for students to acquire a certain amount of competence to prepare, understand and translate complex legal and administrative texts. However, it must be pointed out that these competences will be limited, since complete competence can only be acquired through a wide number of hours of practice and only on the fields one knows best. Therefore, the aim of this subject is to provide students with the necessary means to work with texts within this field with confidence.<\/p>\n<p style=\"text-align: justify;\">On a theoretical level, it aims to strengthen students\u2019 knowledge of national and international law; and on a practical level, the aim is that students translate texts of considerable length and complexity, as well as that they write academic studies on this topic.<\/p>","protected":false},"excerpt":{"rendered":"<p>Acceso \u00e1s gu\u00edas docentes en galego \u00a0Acceso \u00e1s\u00a0gu\u00edas docentes en castel\u00e1n \u00a0 \u00a0 Traduci\u00f3n especializada xur\u00eddico-administrativa: Ingl\u00e9s-Galego-Ingl\u00e9s \/ Ingl\u00e9s-Espa\u00f1ol-Ingl\u00e9s (Prof.\u00aa\u00a0Maribel del Pozo\u00a0) A materia Traduci\u00f3n Especializada Xur\u00eddico-Administrativa: Ingl\u00e9s-Galego-Ingl\u00e9s \/ Ingl\u00e9s-Espa\u00f1ol-Ingl\u00e9s pertence ao m\u00f3dulo B2, \u00e9 de car\u00e1cter optativo, ten 6 ECTS e c\u00farsase no 2.\u00ba cuadrimestre. Imp\u00e1rtese en castel\u00e1n, galego e ingl\u00e9s. Est\u00e1 dese\u00f1ada para&hellip;<\/p>","protected":false},"author":1,"featured_media":0,"parent":0,"menu_order":33,"comment_status":"closed","ping_status":"closed","template":"","meta":{"footnotes":""},"_links":{"self":[{"href":"http:\/\/paratraduccion.com\/limiares\/en\/wp-json\/wp\/v2\/pages\/65"}],"collection":[{"href":"http:\/\/paratraduccion.com\/limiares\/en\/wp-json\/wp\/v2\/pages"}],"about":[{"href":"http:\/\/paratraduccion.com\/limiares\/en\/wp-json\/wp\/v2\/types\/page"}],"author":[{"embeddable":true,"href":"http:\/\/paratraduccion.com\/limiares\/en\/wp-json\/wp\/v2\/users\/1"}],"replies":[{"embeddable":true,"href":"http:\/\/paratraduccion.com\/limiares\/en\/wp-json\/wp\/v2\/comments?post=65"}],"version-history":[{"count":5,"href":"http:\/\/paratraduccion.com\/limiares\/en\/wp-json\/wp\/v2\/pages\/65\/revisions"}],"predecessor-version":[{"id":125313,"href":"http:\/\/paratraduccion.com\/limiares\/en\/wp-json\/wp\/v2\/pages\/65\/revisions\/125313"}],"wp:attachment":[{"href":"http:\/\/paratraduccion.com\/limiares\/en\/wp-json\/wp\/v2\/media?parent=65"}],"curies":[{"name":"wp","href":"https:\/\/api.w.org\/{rel}","templated":true}]}}