{"id":195,"date":"2017-02-08T15:23:06","date_gmt":"2017-02-08T15:23:06","guid":{"rendered":"http:\/\/paratraduccion.com\/doctorado\/?page_id=195"},"modified":"2023-12-01T09:09:48","modified_gmt":"2023-12-01T08:09:48","slug":"capd","status":"publish","type":"page","link":"https:\/\/paratraduccion.com\/doctorado\/capd\/","title":{"rendered":"CAPD"},"content":{"rendered":"<h4><\/h4>\n<p style=\"text-align: justify;\">[<a href=\"http:\/\/paratraduccion.com\/doctorado\/capd\/capd\">galego<\/a>] [english]<\/p>\n<h4 style=\"text-align: justify;\">Organizaci\u00f3n acad\u00e9mica y gesti\u00f3n administrativa del Programa de doctorado<\/h4>\n<p style=\"text-align: justify;\">La Comisi\u00f3n acad\u00e9mica del Programa de doctorado (CAPD) es el \u00f3rgano competente en el dise\u00f1o, implantaci\u00f3n, actualizaci\u00f3n, organizaci\u00f3n, calidad y coordinaci\u00f3n acad\u00e9mica y administrativa del programa de doctorado. Se encarga de asignar docencia, regular la admisi\u00f3n de doctorandos, supervisar el desarrollo de la formaci\u00f3n y de admitir tesis doctorales a tr\u00e1mite.<\/p>\n<p style=\"text-align: justify;\">La CAPD_<strong>T<span style=\"color: #808080;\">&amp;<\/span><span style=\"color: #ff0000;\">P<\/span><\/strong> est\u00e1 integrada por las siguientes personas:<\/p>\n<p style=\"text-align: justify; padding-left: 30px;\">Jos\u00e9 Yuste Fr\u00edas, coordinador<br \/>\nAlberto \u00c1lvarez Lugr\u00eds, secretario<br \/>\nAnxo Fern\u00e1ndez Ocampo, vocal<br \/>\n\u00c1urea Fern\u00e1ndez Rodr\u00edguez, vocal<br \/>\n\u00d3scar Ferreiro V\u00e1zquez, vocal<br \/>\nAna Luna Alonso, vocal<br \/>\nElena S\u00e1nchez Trigo, vocal<\/p>\n<p style=\"text-align: justify; padding-left: 30px;\">\n","protected":false},"excerpt":{"rendered":"<p>[galego] [english] Organizaci\u00f3n acad\u00e9mica y gesti\u00f3n administrativa del Programa de doctorado La Comisi\u00f3n acad\u00e9mica del Programa de doctorado (CAPD) es el \u00f3rgano competente en el dise\u00f1o,<span class=\"excerpt-hellip\"> [\u2026]<\/span><\/p>\n","protected":false},"author":1,"featured_media":0,"parent":0,"menu_order":0,"comment_status":"closed","ping_status":"closed","template":"","meta":{"footnotes":""},"class_list":["post-195","page","type-page","status-publish","hentry"],"_links":{"self":[{"href":"https:\/\/paratraduccion.com\/doctorado\/wp-json\/wp\/v2\/pages\/195","targetHints":{"allow":["GET"]}}],"collection":[{"href":"https:\/\/paratraduccion.com\/doctorado\/wp-json\/wp\/v2\/pages"}],"about":[{"href":"https:\/\/paratraduccion.com\/doctorado\/wp-json\/wp\/v2\/types\/page"}],"author":[{"embeddable":true,"href":"https:\/\/paratraduccion.com\/doctorado\/wp-json\/wp\/v2\/users\/1"}],"replies":[{"embeddable":true,"href":"https:\/\/paratraduccion.com\/doctorado\/wp-json\/wp\/v2\/comments?post=195"}],"version-history":[{"count":8,"href":"https:\/\/paratraduccion.com\/doctorado\/wp-json\/wp\/v2\/pages\/195\/revisions"}],"predecessor-version":[{"id":465677,"href":"https:\/\/paratraduccion.com\/doctorado\/wp-json\/wp\/v2\/pages\/195\/revisions\/465677"}],"wp:attachment":[{"href":"https:\/\/paratraduccion.com\/doctorado\/wp-json\/wp\/v2\/media?parent=195"}],"curies":[{"name":"wp","href":"https:\/\/api.w.org\/{rel}","templated":true}]}}