{"id":116,"date":"2013-12-02T18:14:35","date_gmt":"2013-12-02T18:14:35","guid":{"rendered":"http:\/\/paratraduccion.com\/mestrado\/publicacions\/"},"modified":"2013-12-02T18:14:35","modified_gmt":"2013-12-02T18:14:35","slug":"publicacions","status":"publish","type":"page","link":"https:\/\/paratraduccion.com\/limiares\/en\/publicacions\/","title":{"rendered":"Publicaci\u00f3ns"},"content":{"rendered":"<p><span style=\"color: #37404e; font-family: 'lucida grande', tahoma, verdana, arial, sans-serif; font-size: 13px; line-height: 18px;\">O mestrado Traduci\u00f3n para a comunicaci\u00f3n internacional saca a s\u00faa primeira publicaci\u00f3n coa edici\u00f3n a cargo de Xo\u00e1n Montero Dom\u00ednguez.<\/span><\/p>\n<p><span style=\"color: #37404e; font-family: 'lucida grande', tahoma, verdana, arial, sans-serif; font-size: 13px; line-height: 18px;\"><img fetchpriority=\"high\" decoding=\"async\" class=\"size-full wp-image-106\" src=\"http:\/\/paratraduccion.com\/mestrado\/wp-content\/uploads\/2013\/11\/Portada_libro.JPG\" alt=\"\" width=\"503\" height=\"720\" srcset=\"https:\/\/paratraduccion.com\/limiares\/wp-content\/uploads\/2013\/11\/Portada_libro.JPG 503w, https:\/\/paratraduccion.com\/limiares\/wp-content\/uploads\/2013\/11\/Portada_libro-320x458.jpg 320w\" sizes=\"(max-width: 503px) 100vw, 503px\" \/><\/span><\/p>\n<p>&nbsp;<\/p>","protected":false},"excerpt":{"rendered":"<p>O mestrado Traduci\u00f3n para a comunicaci\u00f3n internacional saca a s\u00faa primeira publicaci\u00f3n coa edici\u00f3n a cargo de Xo\u00e1n Montero Dom\u00ednguez. &nbsp;<\/p>","protected":false},"author":1,"featured_media":106,"parent":0,"menu_order":8,"comment_status":"closed","ping_status":"closed","template":"","meta":{"footnotes":""},"_links":{"self":[{"href":"https:\/\/paratraduccion.com\/limiares\/en\/wp-json\/wp\/v2\/pages\/116"}],"collection":[{"href":"https:\/\/paratraduccion.com\/limiares\/en\/wp-json\/wp\/v2\/pages"}],"about":[{"href":"https:\/\/paratraduccion.com\/limiares\/en\/wp-json\/wp\/v2\/types\/page"}],"author":[{"embeddable":true,"href":"https:\/\/paratraduccion.com\/limiares\/en\/wp-json\/wp\/v2\/users\/1"}],"replies":[{"embeddable":true,"href":"https:\/\/paratraduccion.com\/limiares\/en\/wp-json\/wp\/v2\/comments?post=116"}],"version-history":[{"count":0,"href":"https:\/\/paratraduccion.com\/limiares\/en\/wp-json\/wp\/v2\/pages\/116\/revisions"}],"wp:featuredmedia":[{"embeddable":true,"href":"https:\/\/paratraduccion.com\/limiares\/en\/wp-json\/wp\/v2\/media\/106"}],"wp:attachment":[{"href":"https:\/\/paratraduccion.com\/limiares\/en\/wp-json\/wp\/v2\/media?parent=116"}],"curies":[{"name":"wp","href":"https:\/\/api.w.org\/{rel}","templated":true}]}}