{"id":176,"date":"2014-05-27T10:09:01","date_gmt":"2014-05-27T10:09:01","guid":{"rendered":"http:\/\/paratraduccion.com\/mestrado\/calendarioprimeiroprazomatricula\/"},"modified":"2017-05-09T21:38:43","modified_gmt":"2017-05-09T21:38:43","slug":"calendarioprimeiroprazomatricula","status":"publish","type":"page","link":"https:\/\/paratraduccion.com\/limiares\/en\/calendarioprimeiroprazomatricula\/","title":{"rendered":"Calendario primeiro prazo de matr\u00edcula"},"content":{"rendered":"<p style=\"text-align: justify;\"><span style=\"font-size: 12pt; line-height: 107%; font-family: Arial, sans-serif; color: black; background-image: initial; background-attachment: initial; background-position: initial; background-repeat: initial;\">O vindeiro venres 27 de xu\u00f1o comeza o prazo de preinscrici\u00f3n no mestrado. O prazo prolongarase ata o xoves 3 de xullo e os tr\u00e1mites poderanse facer tanto na secretar\u00eda virtual da Uvigo (<\/span><span style=\"font-size: 12pt; line-height: 107%;\"><a href=\"https:\/\/matricula.uvigo.es\">https:\/\/matricula.uvigo.es<\/a><\/span><span style=\"font-size: 12pt; line-height: 107%; font-family: Arial, sans-serif; color: black; background-image: initial; background-attachment: initial; background-position: initial; background-repeat: initial;\">) como en persoa na Facultade de Filolox\u00eda e traduci\u00f3n. Con esta preinscrici\u00f3n d\u00e1se comezo \u00f3 primeiro proceso de matriculaci\u00f3n no mestrado.<\/span><\/p>\n<p style=\"text-align: justify;\"><span style=\"font-size: 12pt; line-height: 107%;\">\u00a0<\/span><\/p>\n<p style=\"text-align: justify;\"><span style=\"font-size: 12pt; line-height: 107%;\"><img fetchpriority=\"high\" decoding=\"async\" class=\"size-full wp-image-175\" src=\"http:\/\/paratraduccion.com\/mestrado\/wp-content\/uploads\/2014\/05\/primeiroprazo.png\" alt=\"primeiroprazo\" width=\"509\" height=\"312\" srcset=\"https:\/\/paratraduccion.com\/limiares\/wp-content\/uploads\/2014\/05\/primeiroprazo.png 509w, https:\/\/paratraduccion.com\/limiares\/wp-content\/uploads\/2014\/05\/primeiroprazo-320x196.png 320w\" sizes=\"(max-width: 509px) 100vw, 509px\" \/><\/span><\/p>\n<p style=\"text-align: justify;\"><span style=\"font-size: 12pt; line-height: 107%;\">\u00a0<\/span><\/p>\n<p><span style=\"font-size: 12pt; font-family: Arial, sans-serif; color: black;\">Para realizar a preinscrici\u00f3n,\u00a0c\u00f3mpre entregar fotocopia ou copia escaneada de:\u00a0<\/span><\/p>\n<ul>\n<li><span style=\"font-size: 12pt; font-family: Arial, sans-serif; color: black;\">DNI.<\/span><\/li>\n<li><span style=\"font-size: 12pt; font-family: Arial, sans-serif; color: black;\">Folla de preinscripci\u00f3n (<\/span><a href=\"https:\/\/matricula.uvigo.es\">https:\/\/matricula.uvigo.es<\/a><span style=\"font-size: 12pt; font-family: Arial, sans-serif; color: black;\">).<\/span><\/li>\n<li><span style=\"font-size: 12pt; font-family: Arial, sans-serif; color: black;\">Fotocopia do t\u00edtulo universitario.\u00a0<\/span><\/li>\n<li><span style=\"font-size: 12pt; font-family: Arial, sans-serif; color: black;\">Certificaci\u00f3n acad\u00e9mica oficial.\u00a0<\/span><\/li>\n<\/ul>\n<p><span style=\"font-size: 12pt; font-family: Arial, sans-serif;\">Para m\u00e1is informaci\u00f3n:<\/span><span style=\"font-size: 10pt; font-family: Tahoma, sans-serif;\"><br \/>\n<\/span><span style=\"font-size: 12pt; font-family: Arial, sans-serif;\"><a href=\"http:\/\/www.uvigo.es\/uvigo_gl\/administracion\/alumnado\/posgrao\/\">http:\/\/www.uvigo.es\/uvigo_gl\/administracion\/alumnado\/posgrao\/<\/a> <\/span><\/p>","protected":false},"excerpt":{"rendered":"<p>O vindeiro venres 27 de xu\u00f1o comeza o prazo de preinscrici\u00f3n no mestrado. O prazo prolongarase ata o xoves 3 de xullo e os tr\u00e1mites poderanse facer tanto na secretar\u00eda virtual da Uvigo (https:\/\/matricula.uvigo.es) como en persoa na Facultade de Filolox\u00eda e traduci\u00f3n. Con esta preinscrici\u00f3n d\u00e1se comezo \u00f3 primeiro proceso de matriculaci\u00f3n no mestrado.&hellip;<\/p>","protected":false},"author":1,"featured_media":175,"parent":0,"menu_order":0,"comment_status":"closed","ping_status":"closed","template":"","meta":{"footnotes":""},"_links":{"self":[{"href":"https:\/\/paratraduccion.com\/limiares\/en\/wp-json\/wp\/v2\/pages\/176"}],"collection":[{"href":"https:\/\/paratraduccion.com\/limiares\/en\/wp-json\/wp\/v2\/pages"}],"about":[{"href":"https:\/\/paratraduccion.com\/limiares\/en\/wp-json\/wp\/v2\/types\/page"}],"author":[{"embeddable":true,"href":"https:\/\/paratraduccion.com\/limiares\/en\/wp-json\/wp\/v2\/users\/1"}],"replies":[{"embeddable":true,"href":"https:\/\/paratraduccion.com\/limiares\/en\/wp-json\/wp\/v2\/comments?post=176"}],"version-history":[{"count":2,"href":"https:\/\/paratraduccion.com\/limiares\/en\/wp-json\/wp\/v2\/pages\/176\/revisions"}],"predecessor-version":[{"id":353,"href":"https:\/\/paratraduccion.com\/limiares\/en\/wp-json\/wp\/v2\/pages\/176\/revisions\/353"}],"wp:featuredmedia":[{"embeddable":true,"href":"https:\/\/paratraduccion.com\/limiares\/en\/wp-json\/wp\/v2\/media\/175"}],"wp:attachment":[{"href":"https:\/\/paratraduccion.com\/limiares\/en\/wp-json\/wp\/v2\/media?parent=176"}],"curies":[{"name":"wp","href":"https:\/\/api.w.org\/{rel}","templated":true}]}}