{"id":55,"date":"2013-04-23T09:37:21","date_gmt":"2013-04-23T09:37:21","guid":{"rendered":"http:\/\/paratraduccion.com\/mestrado\/grupo-t-p\/"},"modified":"2013-04-23T09:37:21","modified_gmt":"2013-04-23T09:37:21","slug":"grupo-t-p","status":"publish","type":"page","link":"https:\/\/paratraduccion.com\/limiares\/en\/grupo-t-p\/","title":{"rendered":"Grupo T&#038;P"},"content":{"rendered":"<p style=\"text-align: justify;\">O grupo T&amp;P <a href=\"http:\/\/paratraduccion.com\/index.php\/grupo-\/miembros.html\" target=\"_blank\">componse na actualidade<\/a> de 7 investigadores\/as doutores\/as titulares, 10 investigadores\/as&nbsp;doutores\/as colaboradores\/as, 5 investigadores\/as doutorandos\/as bolseiros\/as de&nbsp;investigaci\u00f3n e 12 investigadores\/as doutorandos\/as alumnos\/as de Posgrao.<\/p>\n<p style=\"text-align: justify;\">Os <a href=\"http:\/\/paratraduccion.com\/index.php\/grupo-\/proyectos.html\" target=\"_blank\">proxectos de investigaci\u00f3n financiados<\/a>&nbsp;con cargo a convocatorias p\u00fablicas con concurrencia&nbsp;competitiva do grupo T&amp;P son os seguintes:<\/p>\n<p style=\"margin-left: 30px;\">-Axuda para Grupos de Investigaci\u00f3n Novos; C\u00f3digo PGIDT05PXIA30201AF;<br \/>Duraci\u00f3n 13\/07\/2005-12\/07\/2006; importe de 5.995,00\u20ac; XUNTA DE GALICIA,<br \/>CONSELLER\u00cdA DE INNOVACI\u00d3N, INDUSTRIA E COMERCIO, DIRECCI\u00d3N XERAL E<br \/>INVESTIGACI\u00d3N E DESENVOLVEMENTO.<\/p>\n<p style=\"margin-left: 30px; text-align: justify;\">-Subvenci\u00f3n \u00e1 Investigaci\u00f3n en \u00c1reas Emerxentes para Grupos en Formaci\u00f3n;<br \/>Referencia: 06VIN1C01; Clasificaci\u00f3n org\u00e1nica H604; Duraci\u00f3n 24\/08\/2006- 23\/<br \/>08\/2007; importe 8.000,00\u20ac; UNIVERSIDADE DE VIGO, VICERREITOR\u00cdA DE<br \/>INVESTIGACI\u00d3N.<\/p>\n<p style=\"margin-left: 30px; text-align: justify;\">-Contratos Programa con Grupos de Investigaci\u00f3n de Referencia e Consolidados;<br \/>Referencia: 07V1A07; Clasificaci\u00f3n org\u00e1nica H707; Duraci\u00f3n 01\/09\/2007-31\/<br \/>08\/2010; importe 54.000,00\u20ac; UNIVERSIDADE DE VIGO, VICERREITOR\u00cdA DE<br \/>INVESTIGACI\u00d3N.<\/p>\n<p style=\"margin-left: 30px; text-align: justify;\">-Contratos Programa con Grupos de Investigaci\u00f3n de Referencia e Consolidados;<br \/>Referencia: 10V1A12; Clasificaci\u00f3n org\u00e1nica H017; Duraci\u00f3n 22\/10\/2010-21\/<br \/>10\/2013; importe 46.800,00\u20ac; UNIVERSIDADE DE VIGO, VICERREITOR\u00cdA DE<br \/>INVESTIGACI\u00d3N.<\/p>","protected":false},"excerpt":{"rendered":"<p>O grupo T&amp;P componse na actualidade de 7 investigadores\/as doutores\/as titulares, 10 investigadores\/as&nbsp;doutores\/as colaboradores\/as, 5 investigadores\/as doutorandos\/as bolseiros\/as de&nbsp;investigaci\u00f3n e 12 investigadores\/as doutorandos\/as alumnos\/as de Posgrao. Os proxectos de investigaci\u00f3n financiados&nbsp;con cargo a convocatorias p\u00fablicas con concurrencia&nbsp;competitiva do grupo T&amp;P son os seguintes: -Axuda para Grupos de Investigaci\u00f3n Novos; C\u00f3digo PGIDT05PXIA30201AF;Duraci\u00f3n 13\/07\/2005-12\/07\/2006; importe de 5.995,00\u20ac;&hellip;<\/p>","protected":false},"author":1,"featured_media":0,"parent":0,"menu_order":39,"comment_status":"closed","ping_status":"closed","template":"","meta":{"footnotes":""},"_links":{"self":[{"href":"https:\/\/paratraduccion.com\/limiares\/en\/wp-json\/wp\/v2\/pages\/55"}],"collection":[{"href":"https:\/\/paratraduccion.com\/limiares\/en\/wp-json\/wp\/v2\/pages"}],"about":[{"href":"https:\/\/paratraduccion.com\/limiares\/en\/wp-json\/wp\/v2\/types\/page"}],"author":[{"embeddable":true,"href":"https:\/\/paratraduccion.com\/limiares\/en\/wp-json\/wp\/v2\/users\/1"}],"replies":[{"embeddable":true,"href":"https:\/\/paratraduccion.com\/limiares\/en\/wp-json\/wp\/v2\/comments?post=55"}],"version-history":[{"count":0,"href":"https:\/\/paratraduccion.com\/limiares\/en\/wp-json\/wp\/v2\/pages\/55\/revisions"}],"wp:attachment":[{"href":"https:\/\/paratraduccion.com\/limiares\/en\/wp-json\/wp\/v2\/media?parent=55"}],"curies":[{"name":"wp","href":"https:\/\/api.w.org\/{rel}","templated":true}]}}