{"id":66,"date":"2013-04-23T23:14:52","date_gmt":"2013-04-23T23:14:52","guid":{"rendered":"http:\/\/paratraduccion.com\/mestrado\/economico-comercial-portugues\/"},"modified":"2023-10-16T07:21:54","modified_gmt":"2023-10-16T07:21:54","slug":"economico-comercial-portugues","status":"publish","type":"page","link":"https:\/\/paratraduccion.com\/limiares\/en\/economico-comercial-portugues\/","title":{"rendered":"economic and commercial Portuguese"},"content":{"rendered":"<p style=\"font-size: 12.16px; margin-bottom: 0.0001pt; text-align: right;\"><a href=\"https:\/\/seix.uvigo.es\/docnet-nuevo\/guia_docent\/?centre=301&amp;ensenyament=V01M128V01&amp;consulta=assignatures&amp;idioma=cast&amp;idioma=gal\" target=\"_blank\" rel=\"noopener noreferrer\"><span style=\"font-family: tahoma, arial, helvetica, sans-serif; font-size: 12pt;\">Access to the course guides in Galician<\/span><\/a><\/p>\n<p style=\"text-align: right;\" class=\" translation-block\">\u00a0<span style=\"font-family: tahoma, arial, helvetica, sans-serif;font-size: 12pt\" data-mce-mark=\"1\"><a href=\"https:\/\/seix.uvigo.es\/docnet-nuevo\/guia_docent\/?centre=301&amp;ensenyament=V01M128V01&amp;consulta=assignatures&amp;idioma=gal&amp;idioma=cast\" target=\"_blank\" rel=\"noopener noreferrer\" role=\"link\">Access to the\u00a0<\/a><a href=\"https:\/\/seix.uvigo.es\/docnet-nuevo\/guia_docent\/?centre=301&amp;ensenyament=V01M128V01&amp;consulta=assignatures&amp;idioma=gal&amp;idioma=cast\" target=\"_blank\" rel=\"noopener noreferrer\" role=\"link\">course guides in Spanish<\/a><\/span><\/p>\n<p><span style=\"font-family: tahoma, arial, helvetica, sans-serif; font-size: 12pt;\" data-mce-mark=\"1\">\u00a0<\/span><\/p>\n<p style=\"text-align: justify;\"><strong><span style=\"color: #222222; font-family: Arial; font-size: 14px;\">\u00a0<\/span><\/strong><\/p>\n<p style=\"text-align: justify;\"><span style=\"font-family: tahoma, arial, helvetica, sans-serif; font-size: 12pt;\"><b>Traduci\u00f3n especializada econ\u00f3mico-comercial: Portugu\u00e9s-Galego-Portugu\u00e9s \/ Portugu\u00e9s-Espa\u00f1ol-Portugu\u00e9s<\/b><\/span><\/p>\n<p style=\"text-align: justify;\"><span style=\"font-family: tahoma, arial, helvetica, sans-serif; font-size: 12pt;\">(Prof.\u00aa <a href=\"https:\/\/paratraduccion.com\/limiares\/en\/capon\/\" target=\"_blank\" rel=\"noopener noreferrer\">Silvia Cap\u00f3n S\u00e1nchez<\/a>)<\/span><\/p>\n<p style=\"text-align: justify;\">In a context of increasing economic activity in the European Union, the profession of the translator became a crucial element for the establishment and spread of companies, driving success in various economic areas. Since 2016, with the international expansion of companies, especially between Spain and Portugal, there has been a notable increase in commercial activities, investments, and lucrative operations. Trade exchanges between Spain, Brazil, Angola, and Mozambique also grew since 2013-2014, with Spain standing out as a relevant supplier for Brazil.<\/p>\n<p style=\"text-align: justify;\">Commercial and economic translation between Portuguese, Spanish and Galician is a valuable tool for translators who wish to build a solid career, facilitating communication in an immediate economic and cultural space and across borders. This translation goes beyond the equivalence of technical terms, requiring cultural understanding and adaptation to different business contexts.<\/p>\n<p style=\"text-align: justify;\">This subject proposes a commercial journey through three continents, focusing on Europe, America, and Africa, taking advantage of the global presence of Portuguese. It highlights the importance of translation in the vast exchange of goods between Spain and Portugal, pointing to the opportunities that this niche market offers translators. Classes will be taught in Portuguese, offering resources for quality work and understanding of commercial and business texts. Students will create texts and carry out activities to develop expertise and understanding of the linguistic conventions specific to the field.<\/p>","protected":false},"excerpt":{"rendered":"<p>Acceso \u00e1s gu\u00edas docentes en galego \u00a0Acceso \u00e1s\u00a0gu\u00edas docentes en castel\u00e1n \u00a0 \u00a0 Traduci\u00f3n especializada econ\u00f3mico-comercial: Portugu\u00e9s-Galego-Portugu\u00e9s \/ Portugu\u00e9s-Espa\u00f1ol-Portugu\u00e9s (Prof. Silvia Cap\u00f3n S\u00e1nchez) Nun contexto de crecente actividade econ\u00f3mica na Uni\u00f3n Europea, a profesi\u00f3n da persoa que traduce tornouse crucial para o establecemento e difusi\u00f3n de empresas, impulsando o \u00e9xito nas diversas \u00e1reas econ\u00f3micas. Desde&hellip;<\/p>","protected":false},"author":1,"featured_media":0,"parent":0,"menu_order":32,"comment_status":"closed","ping_status":"closed","template":"","meta":{"footnotes":""},"_links":{"self":[{"href":"https:\/\/paratraduccion.com\/limiares\/en\/wp-json\/wp\/v2\/pages\/66"}],"collection":[{"href":"https:\/\/paratraduccion.com\/limiares\/en\/wp-json\/wp\/v2\/pages"}],"about":[{"href":"https:\/\/paratraduccion.com\/limiares\/en\/wp-json\/wp\/v2\/types\/page"}],"author":[{"embeddable":true,"href":"https:\/\/paratraduccion.com\/limiares\/en\/wp-json\/wp\/v2\/users\/1"}],"replies":[{"embeddable":true,"href":"https:\/\/paratraduccion.com\/limiares\/en\/wp-json\/wp\/v2\/comments?post=66"}],"version-history":[{"count":8,"href":"https:\/\/paratraduccion.com\/limiares\/en\/wp-json\/wp\/v2\/pages\/66\/revisions"}],"predecessor-version":[{"id":125303,"href":"https:\/\/paratraduccion.com\/limiares\/en\/wp-json\/wp\/v2\/pages\/66\/revisions\/125303"}],"wp:attachment":[{"href":"https:\/\/paratraduccion.com\/limiares\/en\/wp-json\/wp\/v2\/media?parent=66"}],"curies":[{"name":"wp","href":"https:\/\/api.w.org\/{rel}","templated":true}]}}