{"id":67,"date":"2013-04-23T23:24:41","date_gmt":"2013-04-23T23:24:41","guid":{"rendered":"http:\/\/paratraduccion.com\/mestrado\/exportacion-importacion\/"},"modified":"2024-06-25T13:01:26","modified_gmt":"2024-06-25T13:01:26","slug":"exportacion-importacion","status":"publish","type":"page","link":"https:\/\/paratraduccion.com\/limiares\/en\/exportacion-importacion\/","title":{"rendered":"export-import"},"content":{"rendered":"<p style=\"font-size: 12.16px; margin-bottom: 0.0001pt; text-align: right;\"><a href=\"https:\/\/seix.uvigo.es\/docnet-nuevo\/guia_docent\/?centre=301&amp;ensenyament=V01M128V01&amp;consulta=assignatures&amp;idioma=cast&amp;idioma=gal\" target=\"_blank\" rel=\"noopener noreferrer\"><span style=\"font-family: tahoma, arial, helvetica, sans-serif; font-size: 12pt;\">Access to the course guides in Galician<\/span><\/a><\/p>\n<p style=\"text-align: right;\" class=\" translation-block\">\u00a0<span style=\"font-family: tahoma, arial, helvetica, sans-serif;font-size: 12pt\" data-mce-mark=\"1\"><a href=\"https:\/\/seix.uvigo.es\/docnet-nuevo\/guia_docent\/?centre=301&amp;ensenyament=V01M128V01&amp;consulta=assignatures&amp;idioma=gal&amp;idioma=cast\" target=\"_blank\" rel=\"noopener noreferrer\" role=\"link\">Access to the\u00a0<\/a><a href=\"https:\/\/seix.uvigo.es\/docnet-nuevo\/guia_docent\/?centre=301&amp;ensenyament=V01M128V01&amp;consulta=assignatures&amp;idioma=gal&amp;idioma=cast\" target=\"_blank\" rel=\"noopener noreferrer\" role=\"link\">course guides in Spanish<\/a><\/span><\/p>\n<p><span style=\"font-family: tahoma, arial, helvetica, sans-serif; font-size: 12pt;\" data-mce-mark=\"1\">\u00a0<\/span><\/p>\n<p style=\"text-align: justify;\"><strong><span style=\"color: #222222; font-family: Arial; font-size: 14px;\">\u00a0<\/span><\/strong><\/p>\n<p style=\"text-align: justify;\"><span style=\"font-family: tahoma, arial, helvetica, sans-serif; font-size: 12pt;\"><b>Export \/ Import Translation Strategies<\/b><\/span><\/p>\n<p style=\"text-align: justify;\"><span style=\"font-family: tahoma, arial, helvetica, sans-serif; font-size: 12pt;\">(Lecturer <a href=\"https:\/\/paratraduccion.com\/limiares\/en\/abreu-lopez-lorena\/\" target=\"_blank\" rel=\"noopener noreferrer\">Lorena Abreu L\u00f3pez<\/a>)<\/span><\/p>\n<p style=\"text-align: justify;\">This subject will train students on the complexities of foreign trade and the vital functions of the export\/import department. Key documents will be explored, highlighting the importance of accuracy and linguistic consistency to avoid misunderstandings in international transactions. Students will learn how to translate trade-specific terms, as well as how to adapt to the regulations and business practices of different countries.<\/p>\n<p style=\"text-align: justify;\">In addition, we will address cultural and legal particularities that influence the translation of texts related to international trade. Emphasis will be given to the need to understand the responsibilities of the export\/import department, including contract negotiation, customs management, and logistics. This subject will provide linguistic tools and expertise for translators to contribute to the success of global business operations.<\/p>","protected":false},"excerpt":{"rendered":"<p>Acceso \u00e1s gu\u00edas docentes en galego \u00a0Acceso \u00e1s\u00a0gu\u00edas docentes en castel\u00e1n \u00a0 \u00a0 Estratexias de traduci\u00f3n exportaci\u00f3n\/importaci\u00f3n (Prof.\u00aa Lorena Abreu L\u00f3pez) Nesta materia instruirase ao alumnado sobre as complexidades do comercio exterior e as funci\u00f3ns vitais do departamento de exportaci\u00f3n\/importaci\u00f3n. Exploraranse os documentos chave, destacando a importancia da precisi\u00f3n e a coherencia ling\u00fc\u00edstica para evitar&hellip;<\/p>","protected":false},"author":1,"featured_media":0,"parent":0,"menu_order":31,"comment_status":"closed","ping_status":"closed","template":"","meta":{"footnotes":""},"_links":{"self":[{"href":"https:\/\/paratraduccion.com\/limiares\/en\/wp-json\/wp\/v2\/pages\/67"}],"collection":[{"href":"https:\/\/paratraduccion.com\/limiares\/en\/wp-json\/wp\/v2\/pages"}],"about":[{"href":"https:\/\/paratraduccion.com\/limiares\/en\/wp-json\/wp\/v2\/types\/page"}],"author":[{"embeddable":true,"href":"https:\/\/paratraduccion.com\/limiares\/en\/wp-json\/wp\/v2\/users\/1"}],"replies":[{"embeddable":true,"href":"https:\/\/paratraduccion.com\/limiares\/en\/wp-json\/wp\/v2\/comments?post=67"}],"version-history":[{"count":7,"href":"https:\/\/paratraduccion.com\/limiares\/en\/wp-json\/wp\/v2\/pages\/67\/revisions"}],"predecessor-version":[{"id":125987,"href":"https:\/\/paratraduccion.com\/limiares\/en\/wp-json\/wp\/v2\/pages\/67\/revisions\/125987"}],"wp:attachment":[{"href":"https:\/\/paratraduccion.com\/limiares\/en\/wp-json\/wp\/v2\/media?parent=67"}],"curies":[{"name":"wp","href":"https:\/\/api.w.org\/{rel}","templated":true}]}}