{"id":118610,"date":"2021-06-30T11:52:13","date_gmt":"2021-06-30T11:52:13","guid":{"rendered":"http:\/\/paratraduccion.com\/limiares\/?page_id=118610"},"modified":"2023-10-30T19:13:07","modified_gmt":"2023-10-30T19:13:07","slug":"traballo-fin-de-mestrado","status":"publish","type":"page","link":"https:\/\/paratraduccion.com\/limiares\/es\/traballo-fin-de-mestrado\/","title":{"rendered":"Trabajo Fin de M\u00e1ster"},"content":{"rendered":"<p style=\"font-size: 12.16px; margin-bottom: 0.0001pt; text-align: right;\"><a href=\"https:\/\/seix.uvigo.es\/docnet-nuevo\/guia_docent\/?centre=301&amp;ensenyament=V01M128V01&amp;consulta=assignatures&amp;idioma=cast&amp;idioma=gal\" target=\"_blank\" rel=\"noopener noreferrer\"><span style=\"font-family: tahoma, arial, helvetica, sans-serif; font-size: 12pt;\">Acceso a las gu\u00edas docentes en gallego<\/span><\/a><\/p>\n<p style=\"text-align: right;\" class=\" translation-block\">\u00a0<span style=\"font-family: tahoma, arial, helvetica, sans-serif;font-size: 12pt\" data-mce-mark=\"1\"><a href=\"https:\/\/seix.uvigo.es\/docnet-nuevo\/guia_docent\/?centre=301&amp;ensenyament=V01M128V01&amp;consulta=assignatures&amp;idioma=gal&amp;idioma=cast\" target=\"_blank\" rel=\"noopener noreferrer\" role=\"link\">Acceso a las\u00a0<\/a><a href=\"https:\/\/seix.uvigo.es\/docnet-nuevo\/guia_docent\/?centre=301&amp;ensenyament=V01M128V01&amp;consulta=assignatures&amp;idioma=gal&amp;idioma=cast\" target=\"_blank\" rel=\"noopener noreferrer\" role=\"link\">gu\u00edas docentes en castellano<\/a><\/span><\/p>\n<p><span style=\"font-family: tahoma, arial, helvetica, sans-serif; font-size: 12pt;\" data-mce-mark=\"1\">\u00a0<\/span><\/p>\n<p style=\"text-align: justify;\"><strong><span style=\"color: #222222; font-family: Arial; font-size: 14px;\">\u00a0<\/span><\/strong><\/p>\n<p style=\"text-align: justify;\"><span style=\"font-size: 18pt;\"><strong><span style=\"color: #222222; font-family: Arial;\">Trabajo Fin de M\u00e1ster<\/span><\/strong><\/span><\/p>\n<p style=\"text-align: justify;\"><span style=\"color: #222222; font-family: Arial; font-size: 14px;\">(Profesor\/a tutor\/a correspondiente)<\/span><\/p>\n<p style=\"text-align: justify;\">El\u00a0<strong>Trabajo de Fin de M\u00e1ster<\/strong>\u00a0(TFM) forma parte del plan de estudios de cualquier t\u00edtulo oficial de m\u00e1ster. Este trabajo debe ser\u00a0<strong>personal y original<\/strong>\u00a0en cuanto a t\u00edtulo y contenidos, y cada estudiante deber\u00e1 realizarlo\u00a0<strong>de manera aut\u00f3noma<\/strong> bajo tutorizaci\u00f3n docente. En \u00e9l, debe demostrarse que se han adquirido las competencias y contenidos formativos asociados al t\u00edtulo.<\/p>\n<p>Desde el curso 2021-2022 la defensa del TFM se realizar\u00e1 ante el tribunal unipersonal formado por la persona tutora del TFM. M\u00e1s indicaciones en la <a href=\"https:\/\/paratraduccion.com\/limiares\/es\/tfm2023\/\">apartado TFM<\/a> de la web del MTCI.<\/p>","protected":false},"excerpt":{"rendered":"<p>Acceso \u00e1s gu\u00edas docentes en galego \u00a0Acceso \u00e1s\u00a0gu\u00edas docentes en castel\u00e1n \u00a0 \u00a0 Traballo Fin de Mestrado (Prof. titor\/a correspondente) O\u00a0Traballo de Fin de Mestrado\u00a0(TFM) forma parte do plan de estudos de calquera t\u00edtulo oficial de mestrado. Este traballo debe ser\u00a0persoal e orixinal\u00a0en canto a t\u00edtulo e contidos, e cada estudante deber\u00e1 realizalo\u00a0de xeito aut\u00f3nomo&hellip;<\/p>","protected":false},"author":1,"featured_media":0,"parent":0,"menu_order":0,"comment_status":"closed","ping_status":"closed","template":"","meta":{"footnotes":""},"_links":{"self":[{"href":"https:\/\/paratraduccion.com\/limiares\/es\/wp-json\/wp\/v2\/pages\/118610"}],"collection":[{"href":"https:\/\/paratraduccion.com\/limiares\/es\/wp-json\/wp\/v2\/pages"}],"about":[{"href":"https:\/\/paratraduccion.com\/limiares\/es\/wp-json\/wp\/v2\/types\/page"}],"author":[{"embeddable":true,"href":"https:\/\/paratraduccion.com\/limiares\/es\/wp-json\/wp\/v2\/users\/1"}],"replies":[{"embeddable":true,"href":"https:\/\/paratraduccion.com\/limiares\/es\/wp-json\/wp\/v2\/comments?post=118610"}],"version-history":[{"count":10,"href":"https:\/\/paratraduccion.com\/limiares\/es\/wp-json\/wp\/v2\/pages\/118610\/revisions"}],"predecessor-version":[{"id":125394,"href":"https:\/\/paratraduccion.com\/limiares\/es\/wp-json\/wp\/v2\/pages\/118610\/revisions\/125394"}],"wp:attachment":[{"href":"https:\/\/paratraduccion.com\/limiares\/es\/wp-json\/wp\/v2\/media?parent=118610"}],"curies":[{"name":"wp","href":"https:\/\/api.w.org\/{rel}","templated":true}]}}