{"id":12,"date":"2013-03-10T20:59:31","date_gmt":"2013-03-10T20:59:31","guid":{"rendered":"http:\/\/paratraduccion.com\/mestrado\/materias\/"},"modified":"2025-06-30T09:19:35","modified_gmt":"2025-06-30T09:19:35","slug":"materias","status":"publish","type":"page","link":"https:\/\/paratraduccion.com\/limiares\/es\/materias\/","title":{"rendered":"Materias"},"content":{"rendered":"<div data-elementor-type=\"wp-page\" data-elementor-id=\"12\" class=\"elementor elementor-12\" data-elementor-post-type=\"page\">\n\t\t\t\t\t\t<section class=\"elementor-section elementor-top-section elementor-element elementor-element-ce9a068 elementor-section-boxed elementor-section-height-default elementor-section-height-default\" data-id=\"ce9a068\" data-element_type=\"section\" data-settings=\"{&quot;jet_parallax_layout_list&quot;:[]}\">\n\t\t\t\t\t\t<div class=\"elementor-container elementor-column-gap-default\">\n\t\t\t\t\t<div class=\"elementor-column elementor-col-100 elementor-top-column elementor-element elementor-element-b861282\" data-id=\"b861282\" data-element_type=\"column\">\n\t\t\t<div class=\"elementor-widget-wrap elementor-element-populated\">\n\t\t\t\t\t\t<div class=\"elementor-element elementor-element-6a36f52 elementor-widget elementor-widget-heading\" data-id=\"6a36f52\" data-element_type=\"widget\" data-no-translation=\"\" data-widget_type=\"heading.default\">\n\t\t\t\t<div class=\"elementor-widget-container\">\n\t\t\t<style>.elementor-element-6a36f52{display:none !important}<\/style>\t\t<\/div>\n\t\t\t\t<\/div>\n\t\t\t\t<div class=\"elementor-element elementor-element-df031f5 elementor-widget elementor-widget-text-editor\" data-id=\"df031f5\" data-element_type=\"widget\" data-no-translation=\"\" data-widget_type=\"text-editor.default\">\n\t\t\t\t<div class=\"elementor-widget-container\">\n\t\t\t<style>.elementor-element-df031f5{display:none !important}<\/style>\t\t<\/div>\n\t\t\t\t<\/div>\n\t\t\t\t<div class=\"elementor-element elementor-element-3371074 elementor-widget__width-auto elementor-widget elementor-widget-jet-table\" data-id=\"3371074\" data-element_type=\"widget\" data-no-translation=\"\" data-widget_type=\"jet-table.default\">\n\t\t\t\t<div class=\"elementor-widget-container\">\n\t\t\t<style>.elementor-element-3371074{display:none !important}<\/style>\t\t<\/div>\n\t\t\t\t<\/div>\n\t\t\t\t\t<\/div>\n\t\t<\/div>\n\t\t\t\t\t<\/div>\n\t\t<\/section>\n\t\t\t\t<section class=\"elementor-section elementor-top-section elementor-element elementor-element-35fc6f1 elementor-section-boxed elementor-section-height-default elementor-section-height-default\" data-id=\"35fc6f1\" data-element_type=\"section\" data-settings=\"{&quot;jet_parallax_layout_list&quot;:[]}\">\n\t\t\t\t\t\t<div class=\"elementor-container elementor-column-gap-default\">\n\t\t\t\t\t<div class=\"elementor-column elementor-col-100 elementor-top-column elementor-element elementor-element-4eb119e\" data-id=\"4eb119e\" data-element_type=\"column\">\n\t\t\t<div class=\"elementor-widget-wrap elementor-element-populated\">\n\t\t\t\t\t\t<div class=\"elementor-element elementor-element-01742c6 elementor-widget elementor-widget-heading\" data-id=\"01742c6\" data-element_type=\"widget\" data-widget_type=\"heading.default\">\n\t\t\t\t<div class=\"elementor-widget-container\">\n\t\t\t<h2 class=\"elementor-heading-title elementor-size-default\">C\u00d3MO CURSAR LOS TRES M\u00d3DULOS DEL MTCI<\/h2>\t\t<\/div>\n\t\t\t\t<\/div>\n\t\t\t\t\t<\/div>\n\t\t<\/div>\n\t\t\t\t\t<\/div>\n\t\t<\/section>\n\t\t\t\t<section class=\"elementor-section elementor-top-section elementor-element elementor-element-5bbea62 elementor-section-boxed elementor-section-height-default elementor-section-height-default\" data-id=\"5bbea62\" data-element_type=\"section\" data-settings=\"{&quot;jet_parallax_layout_list&quot;:[]}\">\n\t\t\t\t\t\t<div class=\"elementor-container elementor-column-gap-default\">\n\t\t\t\t\t<div class=\"elementor-column elementor-col-33 elementor-top-column elementor-element elementor-element-f723b61\" data-id=\"f723b61\" data-element_type=\"column\">\n\t\t\t<div class=\"elementor-widget-wrap elementor-element-populated\">\n\t\t\t\t\t\t<div class=\"elementor-element elementor-element-5880827 elementor-align-center elementor-widget elementor-widget-button\" data-id=\"5880827\" data-element_type=\"widget\" data-widget_type=\"button.default\">\n\t\t\t\t<div class=\"elementor-widget-container\">\n\t\t\t\t\t<div class=\"elementor-button-wrapper\">\n\t\t\t<a class=\"elementor-button elementor-size-sm\" role=\"button\">\n\t\t\t\t\t\t<span class=\"elementor-button-content-wrapper\">\n\t\t\t\t\t\t\t\t\t<span class=\"elementor-button-text\">M\u00d3DULO A<\/span>\n\t\t\t\t\t<\/span>\n\t\t\t\t\t<\/a>\n\t\t<\/div>\n\t\t\t\t<\/div>\n\t\t\t\t<\/div>\n\t\t\t\t<div class=\"elementor-element elementor-element-0d860b4 elementor-widget elementor-widget-text-editor\" data-id=\"0d860b4\" data-element_type=\"widget\" data-widget_type=\"text-editor.default\">\n\t\t\t\t<div class=\"elementor-widget-container\">\n\t\t\t\t\t\t\t<p style=\"text-align: center;\" class=\" translation-block\">Cursar las <strong>4 materias obligatorias<\/strong><\/p><p style=\"text-align: center;\"><strong>24<\/strong> cr\u00e9ditos ECTS<\/p>\t\t\t\t\t\t<\/div>\n\t\t\t\t<\/div>\n\t\t\t\t\t<\/div>\n\t\t<\/div>\n\t\t\t\t<div class=\"elementor-column elementor-col-33 elementor-top-column elementor-element elementor-element-63307a5\" data-id=\"63307a5\" data-element_type=\"column\">\n\t\t\t<div class=\"elementor-widget-wrap elementor-element-populated\">\n\t\t\t\t\t\t<div class=\"elementor-element elementor-element-fb638c1 elementor-align-center elementor-widget elementor-widget-button\" data-id=\"fb638c1\" data-element_type=\"widget\" data-widget_type=\"button.default\">\n\t\t\t\t<div class=\"elementor-widget-container\">\n\t\t\t\t\t<div class=\"elementor-button-wrapper\">\n\t\t\t<a class=\"elementor-button elementor-size-sm\" role=\"button\">\n\t\t\t\t\t\t<span class=\"elementor-button-content-wrapper\">\n\t\t\t\t\t\t\t\t\t<span class=\"elementor-button-text\">M\u00d3DULOS B1 E B2<\/span>\n\t\t\t\t\t<\/span>\n\t\t\t\t\t<\/a>\n\t\t<\/div>\n\t\t\t\t<\/div>\n\t\t\t\t<\/div>\n\t\t\t\t<div class=\"elementor-element elementor-element-70411ce elementor-widget elementor-widget-text-editor\" data-id=\"70411ce\" data-element_type=\"widget\" data-widget_type=\"text-editor.default\">\n\t\t\t\t<div class=\"elementor-widget-container\">\n\t\t\t\t\t\t\t<p style=\"text-align: center;\" class=\" translation-block\">Elegir como m\u00ednimo <strong>5 materias<\/strong>\u00a0de cualquiera de los dos m\u00f3dulos<\/p><p style=\"text-align: center;\"><strong>30<\/strong> cr\u00e9ditos ECTS<\/p>\t\t\t\t\t\t<\/div>\n\t\t\t\t<\/div>\n\t\t\t\t\t<\/div>\n\t\t<\/div>\n\t\t\t\t<div class=\"elementor-column elementor-col-33 elementor-top-column elementor-element elementor-element-55caf01\" data-id=\"55caf01\" data-element_type=\"column\">\n\t\t\t<div class=\"elementor-widget-wrap elementor-element-populated\">\n\t\t\t\t\t\t<div class=\"elementor-element elementor-element-b1f3f26 elementor-align-center elementor-widget elementor-widget-button\" data-id=\"b1f3f26\" data-element_type=\"widget\" data-widget_type=\"button.default\">\n\t\t\t\t<div class=\"elementor-widget-container\">\n\t\t\t\t\t<div class=\"elementor-button-wrapper\">\n\t\t\t<a class=\"elementor-button elementor-size-sm\" role=\"button\">\n\t\t\t\t\t\t<span class=\"elementor-button-content-wrapper\">\n\t\t\t\t\t\t\t\t\t<span class=\"elementor-button-text\">M\u00d3DULO C<\/span>\n\t\t\t\t\t<\/span>\n\t\t\t\t\t<\/a>\n\t\t<\/div>\n\t\t\t\t<\/div>\n\t\t\t\t<\/div>\n\t\t\t\t<div class=\"elementor-element elementor-element-b51f200 elementor-widget elementor-widget-text-editor\" data-id=\"b51f200\" data-element_type=\"widget\" data-widget_type=\"text-editor.default\">\n\t\t\t\t<div class=\"elementor-widget-container\">\n\t\t\t\t\t\t\t<p style=\"text-align: center;\" class=\" translation-block\">Presentaci\u00f3n y defensa del <strong>TFM<\/strong><\/p><p style=\"text-align: center;\"><strong>6<\/strong> cr\u00e9ditos ECTS<\/p>\t\t\t\t\t\t<\/div>\n\t\t\t\t<\/div>\n\t\t\t\t\t<\/div>\n\t\t<\/div>\n\t\t\t\t\t<\/div>\n\t\t<\/section>\n\t\t\t\t<section class=\"elementor-section elementor-top-section elementor-element elementor-element-e41763c elementor-section-boxed elementor-section-height-default elementor-section-height-default\" data-id=\"e41763c\" data-element_type=\"section\" data-settings=\"{&quot;jet_parallax_layout_list&quot;:[]}\">\n\t\t\t\t\t\t<div class=\"elementor-container elementor-column-gap-default\">\n\t\t\t\t\t<div class=\"elementor-column elementor-col-100 elementor-top-column elementor-element elementor-element-1264a6c\" data-id=\"1264a6c\" data-element_type=\"column\">\n\t\t\t<div class=\"elementor-widget-wrap elementor-element-populated\">\n\t\t\t\t\t\t<div class=\"elementor-element elementor-element-07f885e elementor-widget elementor-widget-text-editor\" data-id=\"07f885e\" data-element_type=\"widget\" data-widget_type=\"text-editor.default\">\n\t\t\t\t<div class=\"elementor-widget-container\">\n\t\t\t\t\t\t\t<p style=\"text-align: center;\">M\u00d3DULO A<\/p><p style=\"text-align: center;\">Materias obligatorias<\/p><p style=\"text-align: center;\"><a href=\"https:\/\/paratraduccion.com\/limiares\/es\/emprendemento\/\" target=\"_blank\" rel=\"noopener\">Emprendimiento para la traducci\u00f3n y la interpretaci\u00f3n en las din\u00e1micas del mercado laboral<\/a><\/p><p style=\"text-align: center;\"><a href=\"https:\/\/paratraduccion.com\/limiares\/es\/aspectos-profesionais\/\" target=\"_blank\" rel=\"noopener\">Aspectos profesionales de la traducci\u00f3n y la interpretaci\u00f3n<\/a><\/p><p style=\"text-align: center;\"><a href=\"https:\/\/paratraduccion.com\/limiares\/es\/tecnoloxias-aplicadas-a-traduccion\/\" target=\"_blank\" rel=\"noopener noreferrer\">Tecnolog\u00edas aplicadas a la traducci\u00f3n<\/a><\/p><p style=\"text-align: center;\"><a href=\"https:\/\/paratraduccion.com\/limiares\/es\/metodoloxia\/\" target=\"_blank\" rel=\"noopener noreferrer\">Metodolog\u00eda de la investigaci\u00f3n<\/a><\/p>\t\t\t\t\t\t<\/div>\n\t\t\t\t<\/div>\n\t\t\t\t\t<\/div>\n\t\t<\/div>\n\t\t\t\t\t<\/div>\n\t\t<\/section>\n\t\t\t\t<section class=\"elementor-section elementor-top-section elementor-element elementor-element-9691680 elementor-section-boxed elementor-section-height-default elementor-section-height-default\" data-id=\"9691680\" data-element_type=\"section\" data-settings=\"{&quot;jet_parallax_layout_list&quot;:[]}\">\n\t\t\t\t\t\t<div class=\"elementor-container elementor-column-gap-default\">\n\t\t\t\t\t<div class=\"elementor-column elementor-col-100 elementor-top-column elementor-element elementor-element-18dd1c4\" data-id=\"18dd1c4\" data-element_type=\"column\">\n\t\t\t<div class=\"elementor-widget-wrap elementor-element-populated\">\n\t\t\t\t\t\t<div class=\"elementor-element elementor-element-89d9886 elementor-widget elementor-widget-text-editor\" data-id=\"89d9886\" data-element_type=\"widget\" data-widget_type=\"text-editor.default\">\n\t\t\t\t<div class=\"elementor-widget-container\">\n\t\t\t\t\t\t\t<p style=\"text-align: center;\">M\u00d3DULO B1<\/p><p style=\"text-align: center;\">Traducci\u00f3n para la comunicaci\u00f3n intercultural<\/p><p style=\"text-align: center;\"><a href=\"https:\/\/paratraduccion.com\/limiares\/es\/cine-e-traducion\/\" target=\"_blank\" rel=\"noopener noreferrer\">Cine y traducci\u00f3n<\/a><\/p><p style=\"text-align: center;\"><a href=\"https:\/\/paratraduccion.com\/limiares\/es\/publicidade\/\" target=\"_blank\" rel=\"noopener noreferrer\">Traducci\u00f3n publicitaria<\/a><\/p><p style=\"text-align: center;\"><a href=\"https:\/\/paratraduccion.com\/limiares\/es\/videoxogos\/\" target=\"_blank\" rel=\"noopener noreferrer\">Traducci\u00f3n de videojuegos<\/a><\/p><p style=\"text-align: center;\"><a href=\"https:\/\/paratraduccion.com\/limiares\/es\/patrimonio\/\" target=\"_blank\" rel=\"noopener noreferrer\">Traducci\u00f3n y patrimonio<\/a><\/p><p style=\"text-align: center;\"><a href=\"https:\/\/paratraduccion.com\/limiares\/es\/servizos-culturais\/\" target=\"_blank\" rel=\"noopener noreferrer\">Traducci\u00f3n y servicios culturales<\/a><\/p><p style=\"text-align: center;\"><a href=\"https:\/\/paratraduccion.com\/limiares\/es\/cooperacion\/\" target=\"_blank\" rel=\"noopener noreferrer\">Traducci\u00f3n y cooperaci\u00f3n transfronteriza<\/a><\/p><p style=\"text-align: center;\">\u00a0<\/p>\t\t\t\t\t\t<\/div>\n\t\t\t\t<\/div>\n\t\t\t\t\t<\/div>\n\t\t<\/div>\n\t\t\t\t\t<\/div>\n\t\t<\/section>\n\t\t\t\t<section class=\"elementor-section elementor-top-section elementor-element elementor-element-9ac65a1 elementor-section-boxed elementor-section-height-default elementor-section-height-default\" data-id=\"9ac65a1\" data-element_type=\"section\" data-settings=\"{&quot;jet_parallax_layout_list&quot;:[]}\">\n\t\t\t\t\t\t<div class=\"elementor-container elementor-column-gap-default\">\n\t\t\t\t\t<div class=\"elementor-column elementor-col-100 elementor-top-column elementor-element elementor-element-df1f702\" data-id=\"df1f702\" data-element_type=\"column\">\n\t\t\t<div class=\"elementor-widget-wrap elementor-element-populated\">\n\t\t\t\t\t\t<div class=\"elementor-element elementor-element-4044a1a elementor-widget elementor-widget-text-editor\" data-id=\"4044a1a\" data-element_type=\"widget\" data-widget_type=\"text-editor.default\">\n\t\t\t\t<div class=\"elementor-widget-container\">\n\t\t\t\t\t\t\t<p style=\"text-align: center;\">M\u00d3DULO B2<\/p><p style=\"text-align: center;\">Traducci\u00f3n para el comercio internacional<\/p><p style=\"text-align: center;\"><a href=\"https:\/\/paratraduccion.com\/limiares\/es\/dereito\/\" target=\"_blank\" rel=\"noopener noreferrer\">Derecho aplicado a la traducci\u00f3n<\/a><\/p><p style=\"text-align: center;\"><a href=\"https:\/\/paratraduccion.com\/limiares\/es\/economia-aplicada\/\" target=\"_blank\" rel=\"noopener noreferrer\">Econom\u00eda aplicada a la traducci\u00f3n<\/a><\/p><p style=\"text-align: center;\"><a href=\"https:\/\/paratraduccion.com\/limiares\/es\/exportacion-importacion\/\" target=\"_blank\" rel=\"noopener noreferrer\">Estrategias de traducci\u00f3n exportaci\u00f3n\/importaci\u00f3n<\/a><\/p><p style=\"text-align: center;\"><a href=\"https:\/\/paratraduccion.com\/limiares\/es\/xuridico-administrativa-ingles\/\" target=\"_blank\" rel=\"noopener noreferrer\">Traducci\u00f3n especializada jur\u00eddico-administrativa: Ingl\u00e9s-Gallego-Ingl\u00e9s \/ Ingl\u00e9s-Espa\u00f1ol-Ingl\u00e9s<\/a><\/p><p style=\"text-align: center;\"><a href=\"https:\/\/paratraduccion.com\/limiares\/es\/xuridico-administrativa-frances\/\" target=\"_blank\" rel=\"noopener noreferrer\">Traducci\u00f3n especializada jur\u00eddico-administrativa: Franc\u00e9s-Galego-Franc\u00e9s \/ Franc\u00e9s-Espa\u00f1ol-Franc\u00e9s<\/a><\/p><p style=\"text-align: center;\"><a href=\"https:\/\/paratraduccion.com\/limiares\/es\/xuridico-administrativa-portugues\/\" target=\"_blank\" rel=\"noopener noreferrer\">Traducci\u00f3n especializada jur\u00eddico-administrativa: Portugu\u00e9s-Galego-Portugu\u00e9s \/ Portugu\u00e9s-Espa\u00f1ol-Portugu\u00e9s<\/a><\/p><p style=\"text-align: center;\"><a href=\"https:\/\/paratraduccion.com\/limiares\/es\/xuridico-administrativa-aleman\/\" target=\"_blank\" rel=\"noopener noreferrer\">Traducci\u00f3n especializada jur\u00eddico-administrativa: Alem\u00e1n-Galego-Alem\u00e1n \/ Alem\u00e1n-Espa\u00f1ol-Alem\u00e1n<\/a><\/p><p style=\"text-align: center;\"><a href=\"https:\/\/paratraduccion.com\/limiares\/es\/economico-comercial-ingles\/\" target=\"_blank\" rel=\"noopener noreferrer\">Traducci\u00f3n especializada econ\u00f3mico-comercial: Ingl\u00e9s-Galego- Ingl\u00e9s \/ Ingl\u00e9s-Espa\u00f1ol-Ingl\u00e9s<\/a><\/p><p style=\"text-align: center;\"><a href=\"https:\/\/paratraduccion.com\/limiares\/es\/economico-comercial-frances\/\" target=\"_blank\" rel=\"noopener noreferrer\">Traducci\u00f3n especializada econ\u00f3mico-comercial: Franc\u00e9s-Galego- Franc\u00e9s \/ Franc\u00e9s-Espa\u00f1ol-Franc\u00e9s<\/a><\/p><p style=\"text-align: center;\"><a href=\"https:\/\/paratraduccion.com\/limiares\/es\/economico-comercial-portugues\/\" target=\"_blank\" rel=\"noopener noreferrer\">Traducci\u00f3n especializada econ\u00f3mico-comercial: Portugu\u00e9s-Galego- Portugu\u00e9s \/ Portugu\u00e9s-Espa\u00f1ol-Portugu\u00e9s<\/a><\/p><p style=\"text-align: center;\"><a href=\"https:\/\/paratraduccion.com\/limiares\/es\/economico-comercial-aleman\/\" target=\"_blank\" rel=\"noopener noreferrer\">Traducci\u00f3n especializada econ\u00f3mico-comercial: Alem\u00e1n-Galego- Alem\u00e1n \/ Alem\u00e1n-Espa\u00f1ol-Alem\u00e1n<\/a><\/p><p style=\"text-align: center;\"><a href=\"https:\/\/paratraduccion.com\/limiares\/es\/terminoloxia\/\" target=\"_blank\" rel=\"noopener noreferrer\">Terminolog\u00eda en traducci\u00f3n<\/a><\/p><p style=\"text-align: center;\"><a href=\"https:\/\/paratraduccion.com\/limiares\/es\/biomedicina\/\" target=\"_blank\" rel=\"noopener noreferrer\">Textos y discursos especializados: Traducci\u00f3n de textos en el \u00e1mbito de la biomedicina<\/a><\/p>\t\t\t\t\t\t<\/div>\n\t\t\t\t<\/div>\n\t\t\t\t<div class=\"elementor-element elementor-element-94665f0 elementor-widget elementor-widget-text-editor\" data-id=\"94665f0\" data-element_type=\"widget\" data-widget_type=\"text-editor.default\">\n\t\t\t\t<div class=\"elementor-widget-container\">\n\t\t\t\t\t\t\t<p style=\"text-align: center;\">M\u00d3DULO C<\/p><p style=\"text-align: center;\"><a href=\"https:\/\/paratraduccion.com\/limiares\/es\/traballo-fin-de-mestrado\/\" target=\"_blank\" rel=\"noopener\">Trabajo de Fin de M\u00e1ster (TFM)<\/a><\/p>\t\t\t\t\t\t<\/div>\n\t\t\t\t<\/div>\n\t\t\t\t\t<\/div>\n\t\t<\/div>\n\t\t\t\t\t<\/div>\n\t\t<\/section>\n\t\t\t\t<\/div>","protected":false},"excerpt":{"rendered":"<p>In the subjects of the English Friendly program, international students may request from the instructor materials and bibliographic references for the course, tutorials, tests, and evaluations in English Dans les mati\u00e8res du programme Fran\u00e7ais amical, les \u00e9tudiants internationaux peuvent demander \u00e0 l\u2019enseignant des supports de cours et des r\u00e9f\u00e9rences bibliographiques en fran\u00e7ais pour le suivi&hellip;<\/p>","protected":false},"author":1,"featured_media":0,"parent":0,"menu_order":41,"comment_status":"closed","ping_status":"closed","template":"","meta":{"footnotes":""},"_links":{"self":[{"href":"https:\/\/paratraduccion.com\/limiares\/es\/wp-json\/wp\/v2\/pages\/12"}],"collection":[{"href":"https:\/\/paratraduccion.com\/limiares\/es\/wp-json\/wp\/v2\/pages"}],"about":[{"href":"https:\/\/paratraduccion.com\/limiares\/es\/wp-json\/wp\/v2\/types\/page"}],"author":[{"embeddable":true,"href":"https:\/\/paratraduccion.com\/limiares\/es\/wp-json\/wp\/v2\/users\/1"}],"replies":[{"embeddable":true,"href":"https:\/\/paratraduccion.com\/limiares\/es\/wp-json\/wp\/v2\/comments?post=12"}],"version-history":[{"count":291,"href":"https:\/\/paratraduccion.com\/limiares\/es\/wp-json\/wp\/v2\/pages\/12\/revisions"}],"predecessor-version":[{"id":127762,"href":"https:\/\/paratraduccion.com\/limiares\/es\/wp-json\/wp\/v2\/pages\/12\/revisions\/127762"}],"wp:attachment":[{"href":"https:\/\/paratraduccion.com\/limiares\/es\/wp-json\/wp\/v2\/media?parent=12"}],"curies":[{"name":"wp","href":"https:\/\/api.w.org\/{rel}","templated":true}]}}