{"id":132,"date":"2014-01-13T13:42:46","date_gmt":"2014-01-13T13:42:46","guid":{"rendered":"http:\/\/paratraduccion.com\/mestrado\/traducion-e-tecnoloxia\/"},"modified":"2014-01-13T13:42:46","modified_gmt":"2014-01-13T13:42:46","slug":"traducion-e-tecnoloxia","status":"publish","type":"page","link":"https:\/\/paratraduccion.com\/limiares\/es\/traducion-e-tecnoloxia\/","title":{"rendered":"Traduci\u00f3n e tecnolox\u00eda."},"content":{"rendered":"<p>\u00a0<\/p>\n<hr \/>\n<p style=\"margin: 15px 0px; color: #92979e; font-family: DroidSansRegular; font-size: 14px; line-height: 20px; background-color: #f6f6f6;\">No marco dos relatorios organizados polo Mestrado en Traduci\u00f3n para a comunicaci\u00f3n internacional (MTCI) queremos convidarvos a visualizar o v\u00eddeo de Roc\u00edo Abelleira Zatara\u00edn, tradutora e\u00a0<em>Linguistic Lead.\u00a0<\/em><\/p>\n<p style=\"margin: 15px 0px; color: #92979e; font-family: DroidSansRegular; font-size: 14px; line-height: 20px; background-color: #f6f6f6;\">Presentaci\u00f3n: \u00d3scar Ferreiro V\u00e1zquez, profesor no departamento de Traduci\u00f3n e Ling\u00fc\u00edstica. Universidade de Vigo.<\/p>\n<p style=\"margin: 15px 0px; color: #92979e; font-family: DroidSansRegular; font-size: 14px; line-height: 20px; background-color: #f6f6f6;\">Relatora: Roc\u00edo Abelleira Zatara\u00edn, tradutora e qu\u00edmica.\u00a0<\/p>\n<p style=\"margin: 15px 0px; color: #92979e; font-family: DroidSansRegular; font-size: 14px; line-height: 20px; background-color: #f6f6f6;\">Lugar: Facultade de Filolox\u00eda e Traduci\u00f3n.<\/p>\n<p style=\"margin: 15px 0px; color: #92979e; font-family: DroidSansRegular; font-size: 14px; line-height: 20px; background-color: #f6f6f6;\">Data: 19 de novembro 2013<\/p>\n<p style=\"margin: 15px 0px; color: #92979e; font-family: DroidSansRegular; font-size: 14px; line-height: 20px; background-color: #f6f6f6;\">Acceso ao v\u00eddeo:\u00a0<a href=\"http:\/\/tinyurl.com\/tecnoloxia-traducion-MTCI\" target=\"_blank\"><strong style=\"color: #000000; font-family: Verdana, Geneva, Arial, Helvetica, sans-serif; font-size: 12.666666984558105px; line-height: normal;\">http:\/\/tinyurl.com\/tecnoloxia-traducion-MTCI<\/strong><\/a><\/p>","protected":false},"excerpt":{"rendered":"<p>\u00a0 No marco dos relatorios organizados polo Mestrado en Traduci\u00f3n para a comunicaci\u00f3n internacional (MTCI) queremos convidarvos a visualizar o v\u00eddeo de Roc\u00edo Abelleira Zatara\u00edn, tradutora e\u00a0Linguistic Lead.\u00a0 Presentaci\u00f3n: \u00d3scar Ferreiro V\u00e1zquez, profesor no departamento de Traduci\u00f3n e Ling\u00fc\u00edstica. Universidade de Vigo. Relatora: Roc\u00edo Abelleira Zatara\u00edn, tradutora e qu\u00edmica.\u00a0 Lugar: Facultade de Filolox\u00eda e Traduci\u00f3n.&hellip;<\/p>","protected":false},"author":1,"featured_media":0,"parent":0,"menu_order":8,"comment_status":"closed","ping_status":"closed","template":"","meta":{"footnotes":""},"_links":{"self":[{"href":"https:\/\/paratraduccion.com\/limiares\/es\/wp-json\/wp\/v2\/pages\/132"}],"collection":[{"href":"https:\/\/paratraduccion.com\/limiares\/es\/wp-json\/wp\/v2\/pages"}],"about":[{"href":"https:\/\/paratraduccion.com\/limiares\/es\/wp-json\/wp\/v2\/types\/page"}],"author":[{"embeddable":true,"href":"https:\/\/paratraduccion.com\/limiares\/es\/wp-json\/wp\/v2\/users\/1"}],"replies":[{"embeddable":true,"href":"https:\/\/paratraduccion.com\/limiares\/es\/wp-json\/wp\/v2\/comments?post=132"}],"version-history":[{"count":0,"href":"https:\/\/paratraduccion.com\/limiares\/es\/wp-json\/wp\/v2\/pages\/132\/revisions"}],"wp:attachment":[{"href":"https:\/\/paratraduccion.com\/limiares\/es\/wp-json\/wp\/v2\/media?parent=132"}],"curies":[{"name":"wp","href":"https:\/\/api.w.org\/{rel}","templated":true}]}}