{"id":25,"date":"2013-03-10T21:41:01","date_gmt":"2013-03-10T21:41:01","guid":{"rendered":"http:\/\/paratraduccion.com\/mestrado\/juani-barreiro\/"},"modified":"2017-05-10T08:59:05","modified_gmt":"2017-05-10T08:59:05","slug":"juani-barreiro","status":"publish","type":"page","link":"https:\/\/paratraduccion.com\/limiares\/es\/juani-barreiro\/","title":{"rendered":"Barreiro Cruz, Juani"},"content":{"rendered":"<p style=\"text-align: justify;\"><span style=\"font-family: tahoma, arial, helvetica, sans-serif; font-size: 12pt;\"><br \/>\n<img fetchpriority=\"high\" decoding=\"async\" class=\"size-full wp-image-504 alignleft\" src=\"http:\/\/paratraduccion.com\/limiares\/wp-content\/uploads\/2013\/03\/Foto_Juani_Barreiro.jpg\" alt=\"Foto Juani Barreiro\" width=\"243\" height=\"307\" \/>Juana M\u00aa Barreiro Cruz, licenciada en Traduci\u00f3n e Interpretaci\u00f3n pola Universidade de Vigo, \u00e9 comercial de exportaci\u00f3n no sector do peixe conxelado nunha empresa da provincia de Pontevedra na que leva traballando desde o ano 2009. \u00c9 membro activo da expansi\u00f3n internacional da empresa e leva abertos mercados diversos como Libia, Roman\u00eda ou Xap\u00f3n. Tam\u00e9n realiza labores de traduci\u00f3n e interpretaci\u00f3n de apoio \u00e1 Direci\u00f3n.<\/span><\/p>\n<p style=\"text-align: justify;\"><span style=\"font-family: tahoma, arial, helvetica, sans-serif; font-size: 12pt;\">Foi auxiliar de conversa en institutos brit\u00e1nicos de secundaria durante dous anos acad\u00e9micos e bolseira da C\u00e1mara de Comercio de Vigo na Oficina Econ\u00f3mica e Comercial da Embaixada de Espa\u00f1a en Bucarest. <\/span><\/p>\n<p style=\"text-align: justify;\"><span style=\"font-family: tahoma, arial, helvetica, sans-serif; font-size: 12pt;\">Viaxa con regularidade a Francia e pasou longas estad\u00edas en Alema\u00f1a, Inglaterra e Roman\u00eda, ademais de ter sido bolseira dun curso de ver\u00e1n na Universidade de Coimbra organizado polo Instituto Cam\u00f5es.<\/span><\/p>\n<p style=\"text-align: justify;\"><span style=\"font-family: tahoma, arial, helvetica, sans-serif; font-size: 12pt;\">\u00a0<\/span><\/p>\n<p style=\"text-align: justify;\"><span style=\"font-family: tahoma, arial, helvetica, sans-serif; font-size: 12pt;\">Contacto:\u00a0<span style=\"font-size: 11pt; line-height: 115%; font-family: Calibri, sans-serif;\"><a href=\"mailto:barreirocruz@hotmail.com\">barreirocruz@hotmail.com<\/a><\/span><\/span><\/p>","protected":false},"excerpt":{"rendered":"<p>Juana M\u00aa Barreiro Cruz, licenciada en Traduci\u00f3n e Interpretaci\u00f3n pola Universidade de Vigo, \u00e9 comercial de exportaci\u00f3n no sector do peixe conxelado nunha empresa da provincia de Pontevedra na que leva traballando desde o ano 2009. \u00c9 membro activo da expansi\u00f3n internacional da empresa e leva abertos mercados diversos como Libia, Roman\u00eda ou Xap\u00f3n. Tam\u00e9n&hellip;<\/p>","protected":false},"author":1,"featured_media":24,"parent":0,"menu_order":18,"comment_status":"closed","ping_status":"closed","template":"","meta":{"footnotes":""},"_links":{"self":[{"href":"https:\/\/paratraduccion.com\/limiares\/es\/wp-json\/wp\/v2\/pages\/25"}],"collection":[{"href":"https:\/\/paratraduccion.com\/limiares\/es\/wp-json\/wp\/v2\/pages"}],"about":[{"href":"https:\/\/paratraduccion.com\/limiares\/es\/wp-json\/wp\/v2\/types\/page"}],"author":[{"embeddable":true,"href":"https:\/\/paratraduccion.com\/limiares\/es\/wp-json\/wp\/v2\/users\/1"}],"replies":[{"embeddable":true,"href":"https:\/\/paratraduccion.com\/limiares\/es\/wp-json\/wp\/v2\/comments?post=25"}],"version-history":[{"count":2,"href":"https:\/\/paratraduccion.com\/limiares\/es\/wp-json\/wp\/v2\/pages\/25\/revisions"}],"predecessor-version":[{"id":866,"href":"https:\/\/paratraduccion.com\/limiares\/es\/wp-json\/wp\/v2\/pages\/25\/revisions\/866"}],"wp:featuredmedia":[{"embeddable":true,"href":"https:\/\/paratraduccion.com\/limiares\/es\/wp-json\/wp\/v2\/media\/24"}],"wp:attachment":[{"href":"https:\/\/paratraduccion.com\/limiares\/es\/wp-json\/wp\/v2\/media?parent=25"}],"curies":[{"name":"wp","href":"https:\/\/api.w.org\/{rel}","templated":true}]}}