{"id":66,"date":"2013-04-23T23:14:52","date_gmt":"2013-04-23T23:14:52","guid":{"rendered":"http:\/\/paratraduccion.com\/mestrado\/economico-comercial-portugues\/"},"modified":"2023-10-16T07:21:54","modified_gmt":"2023-10-16T07:21:54","slug":"economico-comercial-portugues","status":"publish","type":"page","link":"https:\/\/paratraduccion.com\/limiares\/es\/economico-comercial-portugues\/","title":{"rendered":"econ\u00f3mico-comercial portugu\u00e9s"},"content":{"rendered":"<p style=\"font-size: 12.16px; margin-bottom: 0.0001pt; text-align: right;\"><a href=\"https:\/\/seix.uvigo.es\/docnet-nuevo\/guia_docent\/?centre=301&amp;ensenyament=V01M128V01&amp;consulta=assignatures&amp;idioma=cast&amp;idioma=gal\" target=\"_blank\" rel=\"noopener noreferrer\"><span style=\"font-family: tahoma, arial, helvetica, sans-serif; font-size: 12pt;\">Acceso a las gu\u00edas docentes en gallego<\/span><\/a><\/p>\n<p style=\"text-align: right;\" class=\" translation-block\">\u00a0<span style=\"font-family: tahoma, arial, helvetica, sans-serif;font-size: 12pt\" data-mce-mark=\"1\"><a href=\"https:\/\/seix.uvigo.es\/docnet-nuevo\/guia_docent\/?centre=301&amp;ensenyament=V01M128V01&amp;consulta=assignatures&amp;idioma=gal&amp;idioma=cast\" target=\"_blank\" rel=\"noopener noreferrer\" role=\"link\">Acceso a las\u00a0<\/a><a href=\"https:\/\/seix.uvigo.es\/docnet-nuevo\/guia_docent\/?centre=301&amp;ensenyament=V01M128V01&amp;consulta=assignatures&amp;idioma=gal&amp;idioma=cast\" target=\"_blank\" rel=\"noopener noreferrer\" role=\"link\">gu\u00edas docentes en castellano<\/a><\/span><\/p>\n<p><span style=\"font-family: tahoma, arial, helvetica, sans-serif; font-size: 12pt;\" data-mce-mark=\"1\">\u00a0<\/span><\/p>\n<p style=\"text-align: justify;\"><strong><span style=\"color: #222222; font-family: Arial; font-size: 14px;\">\u00a0<\/span><\/strong><\/p>\n<p style=\"text-align: justify;\"><span style=\"font-family: tahoma, arial, helvetica, sans-serif; font-size: 12pt;\"><b>Traducci\u00f3n especializada econ\u00f3mico-comercial: Portugu\u00e9s-Galego- Portugu\u00e9s \/ Portugu\u00e9s-Espa\u00f1ol-Portugu\u00e9s<\/b><\/span><\/p>\n<p style=\"text-align: justify;\"><span style=\"font-family: tahoma, arial, helvetica, sans-serif; font-size: 12pt;\">(Prof. <a href=\"https:\/\/paratraduccion.com\/limiares\/es\/capon\/\" target=\"_blank\" rel=\"noopener noreferrer\">Silvia Cap\u00f3n S\u00e1nchez<\/a>)<\/span><\/p>\n<p style=\"text-align: justify;\">En un contexto de creciente actividad econ\u00f3mica en la Uni\u00f3n Europea, la profesi\u00f3n de la persona que traduce se convirti\u00f3 en un elemento crucial para el establecimiento y difusi\u00f3n de empresas, impulsando el \u00e9xito en las diversas \u00e1relas econ\u00f3micas. Desde 2016, con la expansi\u00f3n internacional de empresas, especialmente entre Espa\u00f1a y Portugal, hubo un aumento notable de actividades comerciales, inversiones y operaciones lucrativas. Los cambios comerciales entre Espa\u00f1a, Brasil, Angola y Mozambique tambi\u00e9n crecieron desde 2013-14, destacando Espa\u00f1a como un proveedor relevante para Brasil.<\/p>\n<p style=\"text-align: justify;\">La traducci\u00f3n comercial y econ\u00f3mica entre portugu\u00e9s, espa\u00f1ol y gallego resulta ser una herramienta valiosa para traductores que desean construir una carrera s\u00f3lida, facilitando la comunicaci\u00f3n en un espacio econ\u00f3mico y cultural inmediato y al otro lado de las fronteras. Esa traducci\u00f3n va m\u00e1s all\u00e1 de la equivalencia de t\u00e9rminos t\u00e9cnicos, exigiendo una comprensi\u00f3n cultural y una adaptaci\u00f3n a distintos contextos empresariales.<\/p>\n<p style=\"text-align: justify;\">Esta materia propone un viaje comercial por tres continentes, centr\u00e1ndose en Europa, Am\u00e9rica y \u00c1frica, aprovechando la presencia global del portugu\u00e9s. Destaca la importancia de la traducci\u00f3n en el vasto intercambio de mercanc\u00edas entre Espa\u00f1a y Portugal, apuntando hacia las oportunidades que ese nicho de mercado ofrece a los traductores. Las clases se impartir\u00e1n en portugu\u00e9s, ofreciendo recursos para trabajos de calidad y comprensi\u00f3n de los textos comerciales y empresariales. Los alumnos crear\u00e1n textos y realizar\u00e1n actividades para desarrollar una experiencia y comprender las convenciones ling\u00fc\u00edsticas espec\u00edficas de ese campo.<\/p>","protected":false},"excerpt":{"rendered":"<p>Acceso \u00e1s gu\u00edas docentes en galego \u00a0Acceso \u00e1s\u00a0gu\u00edas docentes en castel\u00e1n \u00a0 \u00a0 Traduci\u00f3n especializada econ\u00f3mico-comercial: Portugu\u00e9s-Galego-Portugu\u00e9s \/ Portugu\u00e9s-Espa\u00f1ol-Portugu\u00e9s (Prof. Silvia Cap\u00f3n S\u00e1nchez) Nun contexto de crecente actividade econ\u00f3mica na Uni\u00f3n Europea, a profesi\u00f3n da persoa que traduce tornouse crucial para o establecemento e difusi\u00f3n de empresas, impulsando o \u00e9xito nas diversas \u00e1reas econ\u00f3micas. Desde&hellip;<\/p>","protected":false},"author":1,"featured_media":0,"parent":0,"menu_order":32,"comment_status":"closed","ping_status":"closed","template":"","meta":{"footnotes":""},"_links":{"self":[{"href":"https:\/\/paratraduccion.com\/limiares\/es\/wp-json\/wp\/v2\/pages\/66"}],"collection":[{"href":"https:\/\/paratraduccion.com\/limiares\/es\/wp-json\/wp\/v2\/pages"}],"about":[{"href":"https:\/\/paratraduccion.com\/limiares\/es\/wp-json\/wp\/v2\/types\/page"}],"author":[{"embeddable":true,"href":"https:\/\/paratraduccion.com\/limiares\/es\/wp-json\/wp\/v2\/users\/1"}],"replies":[{"embeddable":true,"href":"https:\/\/paratraduccion.com\/limiares\/es\/wp-json\/wp\/v2\/comments?post=66"}],"version-history":[{"count":8,"href":"https:\/\/paratraduccion.com\/limiares\/es\/wp-json\/wp\/v2\/pages\/66\/revisions"}],"predecessor-version":[{"id":125303,"href":"https:\/\/paratraduccion.com\/limiares\/es\/wp-json\/wp\/v2\/pages\/66\/revisions\/125303"}],"wp:attachment":[{"href":"https:\/\/paratraduccion.com\/limiares\/es\/wp-json\/wp\/v2\/media?parent=66"}],"curies":[{"name":"wp","href":"https:\/\/api.w.org\/{rel}","templated":true}]}}