{"id":73,"date":"2013-04-23T23:43:19","date_gmt":"2013-04-23T23:43:19","guid":{"rendered":"http:\/\/paratraduccion.com\/mestrado\/economico-comercial-ingles\/"},"modified":"2026-01-13T12:19:44","modified_gmt":"2026-01-13T12:19:44","slug":"economico-comercial-ingles","status":"publish","type":"page","link":"https:\/\/paratraduccion.com\/limiares\/es\/economico-comercial-ingles\/","title":{"rendered":"econ\u00f3mico-comercial ingl\u00e9s"},"content":{"rendered":"<p style=\"font-size: 12.16px; margin-bottom: 0.0001pt; text-align: right;\"><a href=\"https:\/\/seix.uvigo.es\/docnet-nuevo\/guia_docent\/?centre=301&amp;ensenyament=V01M128V01&amp;consulta=assignatures&amp;idioma=cast&amp;idioma=gal\" target=\"_blank\" rel=\"noopener noreferrer\"><span style=\"font-family: tahoma, arial, helvetica, sans-serif; font-size: 12pt;\">Acceso a las gu\u00edas docentes en gallego<\/span><\/a><\/p>\n<p style=\"text-align: right;\" class=\" translation-block\">\u00a0<span style=\"font-family: tahoma, arial, helvetica, sans-serif;font-size: 12pt\" data-mce-mark=\"1\"><a href=\"https:\/\/seix.uvigo.es\/docnet-nuevo\/guia_docent\/?centre=301&amp;ensenyament=V01M128V01&amp;consulta=assignatures&amp;idioma=gal&amp;idioma=cast\" target=\"_blank\" rel=\"noopener noreferrer\" role=\"link\">Acceso a las\u00a0<\/a><a href=\"https:\/\/seix.uvigo.es\/docnet-nuevo\/guia_docent\/?centre=301&amp;ensenyament=V01M128V01&amp;consulta=assignatures&amp;idioma=gal&amp;idioma=cast\" target=\"_blank\" rel=\"noopener noreferrer\" role=\"link\">gu\u00edas docentes en castellano<\/a><\/span><\/p>\n<p>&nbsp;<\/p>\n<h3 style=\"text-align: justify;\"><span style=\"font-family: tahoma, arial, helvetica, sans-serif; font-size: 12pt;\">Traducci\u00f3n especializada econ\u00f3mico-comercial: Ingl\u00e9s-Gallego-Ingl\u00e9s \/ Ingl\u00e9s-Espa\u00f1ol-Ingl\u00e9s<\/span><\/h3>\n<p style=\"text-align: justify;\">La materia tiene el objetivo de afrontar y ampliar los conocimientos adquiridos durante los estudios previos, adem\u00e1s de familiarizar al alumnado con el lenguaje espec\u00edfico, estructuras, documentaci\u00f3n y tr\u00e1mites propios de las actividades econ\u00f3mico-comerciales, que se centrar\u00e1n en particular en los ordenamientos jur\u00eddicos brit\u00e1nico y espa\u00f1ol.<\/p>\n<p style=\"text-align: justify;\">En la introducci\u00f3n, se investigar\u00e1n los principales flujos comerciales del Estado espa\u00f1ol hacia los pa\u00edses angl\u00f3fonos. A continuaci\u00f3n, se trabajar\u00e1n desde el concepto de g\u00e9nero textual todos los aspectos m\u00e1s relevantes que competen a esta especializaci\u00f3n, desde las principales estructuras morfosint\u00e1cticas y fraseol\u00f3gicas hasta los tr\u00e1mites m\u00e1s habituales en exportaci\u00f3n e internacionalizaci\u00f3n, pasando por la prensa especializada y el sector editorial. Se tratar\u00e1 de perfeccionar las competencias traductoras, no solo para encarar con seguridad la traducci\u00f3n de textos especializados complejos, sino tambi\u00e9n el futuro profesional.<\/p>\n<p style=\"text-align: justify;\">Las pr\u00e1cticas ser\u00e1n fundamentalmente de traducci\u00f3n al gallego\/espa\u00f1ol, si bien se incluir\u00e1 alguna actividad de traducci\u00f3n inversa.<\/p>","protected":false},"excerpt":{"rendered":"<p>Acceso \u00e1s gu\u00edas docentes en galego \u00a0Acceso \u00e1s\u00a0gu\u00edas docentes en castel\u00e1n &nbsp; Traduci\u00f3n especializada econ\u00f3mico-comercial: Ingl\u00e9s-Galego-Ingl\u00e9s \/ Ingl\u00e9s-Espa\u00f1ol-Ingl\u00e9s A materia ten o obxectivo de afrontar e ampliar os co\u00f1ecementos adquiridos durante os estudos previos, ademais de familiarizar o alumnado coa linguaxe espec\u00edfica, estruturas, documentaci\u00f3n e tr\u00e1mites propios das actividades econ\u00f3mico-comerciais, que se centrar\u00e1n en particular&hellip;<\/p>","protected":false},"author":1,"featured_media":0,"parent":0,"menu_order":25,"comment_status":"closed","ping_status":"closed","template":"","meta":{"footnotes":""},"_links":{"self":[{"href":"https:\/\/paratraduccion.com\/limiares\/es\/wp-json\/wp\/v2\/pages\/73"}],"collection":[{"href":"https:\/\/paratraduccion.com\/limiares\/es\/wp-json\/wp\/v2\/pages"}],"about":[{"href":"https:\/\/paratraduccion.com\/limiares\/es\/wp-json\/wp\/v2\/types\/page"}],"author":[{"embeddable":true,"href":"https:\/\/paratraduccion.com\/limiares\/es\/wp-json\/wp\/v2\/users\/1"}],"replies":[{"embeddable":true,"href":"https:\/\/paratraduccion.com\/limiares\/es\/wp-json\/wp\/v2\/comments?post=73"}],"version-history":[{"count":14,"href":"https:\/\/paratraduccion.com\/limiares\/es\/wp-json\/wp\/v2\/pages\/73\/revisions"}],"predecessor-version":[{"id":128134,"href":"https:\/\/paratraduccion.com\/limiares\/es\/wp-json\/wp\/v2\/pages\/73\/revisions\/128134"}],"wp:attachment":[{"href":"https:\/\/paratraduccion.com\/limiares\/es\/wp-json\/wp\/v2\/media?parent=73"}],"curies":[{"name":"wp","href":"https:\/\/api.w.org\/{rel}","templated":true}]}}