{"id":88,"date":"2013-06-25T22:28:40","date_gmt":"2013-06-25T22:28:40","guid":{"rendered":"http:\/\/paratraduccion.com\/mestrado\/27-de-xuno-preinscricion-no-mestrado\/"},"modified":"2013-06-25T22:28:40","modified_gmt":"2013-06-25T22:28:40","slug":"27-de-xuno-preinscricion-no-mestrado","status":"publish","type":"page","link":"https:\/\/paratraduccion.com\/limiares\/es\/27-de-xuno-preinscricion-no-mestrado\/","title":{"rendered":"27 de xu\u00f1o: preinscrici\u00f3n no mestrado"},"content":{"rendered":"<p><span style=\"font-family: arial, helvetica, sans-serif; font-size: 12pt; color: #000000;\" data-mce-mark=\"1\">O vindeiro venres 28 de xu\u00f1o comeza o prazo de preinscrici\u00f3n no mestrado. O prazo prolongarase ata o xoves 4 de xullo e os tr\u00e1mites poderanse facer tanto na secretar\u00eda virtual da Uvigo (<span style=\"font-family: arial, helvetica, sans-serif; font-size: 12pt; color: #000000;\" data-mce-mark=\"1\"><a href=\"https:\/\/matricula.uvigo.es\"><span style=\"font-family: arial, helvetica, sans-serif; font-size: 12pt; color: #000000;\" data-mce-mark=\"1\">https:\/\/matricula.uvigo.es<\/span><\/a><\/span>) como en persoa na Facultade de Filolox\u00eda e traduci\u00f3n. Con esta preinscrici\u00f3n d\u00e1se comezo \u00f3 primeiro proceso de matriculaci\u00f3n no mestrado.<\/span><\/p>\n<p>  <!--more-->  <\/p>\n<p style=\"text-align: center;\"><span style=\"font-family: arial, helvetica, sans-serif; font-size: 12pt; color: #000000;\" data-mce-mark=\"1\">&nbsp;<\/span><span style=\"font-family: arial, helvetica, sans-serif; font-size: 12pt; color: #000000;\" data-mce-mark=\"1\">&nbsp;<img fetchpriority=\"high\" decoding=\"async\" class=\"size-full wp-image-87\" src=\"http:\/\/paratraduccion.com\/mestrado\/wp-content\/uploads\/2013\/06\/primeiro_prazo_matr\u00edcula.JPG\" width=\"403\" height=\"359\" alt=\"primeiro prazo matr\u00edcula\" srcset=\"https:\/\/paratraduccion.com\/limiares\/wp-content\/uploads\/2013\/06\/primeiro_prazo_matr\u00edcula.JPG 403w, https:\/\/paratraduccion.com\/limiares\/wp-content\/uploads\/2013\/06\/primeiro_prazo_matr\u00edcula-320x285.jpg 320w\" sizes=\"(max-width: 403px) 100vw, 403px\" \/><\/span><\/p>\n<p><span style=\"font-family: arial, helvetica, sans-serif; font-size: 12pt; color: #000000;\" data-mce-mark=\"1\">Para realizar a preinscrici\u00f3n,&nbsp;c\u00f3mpre entregar fotocopia ou copia escaneada de:&nbsp;<\/span><br style=\"color: #222222; font-family: Arial; font-size: 14px;\" \/><\/p>\n<ul style=\"line-height: 22px; color: #301313; font-size: 15px; font-family: Georgia, 'Times New Roman', Times, serif; margin-top: 1em; margin-bottom: 1em; margin-left: 0px; padding: 0px 0px 0.25em 2.5em;\">\n<li style=\"margin-left: 15px; text-align: justify;\"><span style=\"color: #000000; font-family: arial, helvetica, sans-serif; font-size: 12pt;\" data-mce-mark=\"1\">DNI.<\/span><\/li>\n<li style=\"margin-left: 15px; text-align: justify;\"><span style=\"color: #000000; font-family: arial, helvetica, sans-serif; font-size: 12pt;\" data-mce-mark=\"1\">Folla de preinscripci\u00f3n (<a href=\"https:\/\/matricula.uvigo.es\/\" target=\"_blank\" style=\"color: #133783; text-decoration: none;\"><\/a><span style=\"text-decoration: underline; color: #333399;\"><a href=\"https:\/\/matricula.uvigo.es\"><span style=\"color: #333399; text-decoration: underline;\" data-mce-mark=\"1\">https:\/\/matricula.uvigo.es<\/span><\/a><\/span>).<\/span><\/li>\n<li style=\"margin-left: 15px; text-align: justify;\"><span style=\"color: #000000; font-family: arial, helvetica, sans-serif; font-size: 12pt;\" data-mce-mark=\"1\">Fotocopia do t\u00edtulo universitario.&nbsp;<\/span><\/li>\n<li style=\"margin-left: 15px; text-align: justify;\"><span style=\"color: #000000; font-family: arial, helvetica, sans-serif; font-size: 12pt;\" data-mce-mark=\"1\">Certificaci\u00f3n acad\u00e9mica oficial.&nbsp;<\/span><\/li>\n<li style=\"margin-left: 15px; text-align: justify;\"><span style=\"color: #000000; font-family: arial, helvetica, sans-serif; font-size: 12pt;\" data-mce-mark=\"1\"><span style=\"color: #000000; font-family: arial, helvetica, sans-serif; font-size: 12pt;\" data-mce-mark=\"1\">Acreditaci\u00f3n da competencia ling\u00fc\u00edstica. Para o alumnado proveniente de licenciaturas ou graos en T&amp;I abonda coa certificaci\u00f3n acad\u00e9mica. Os demais solicitantes poden achegar certificaci\u00f3ns das Escolas Oficiais de Idiomas ou equivalente.&nbsp;<\/span><\/span><\/li>\n<li style=\"margin-left: 15px; text-align: justify;\"><span style=\"color: #000000; font-family: arial, helvetica, sans-serif; font-size: 12pt;\" data-mce-mark=\"1\"><span data-mce-mark=\"1\">Carta de solicitude, na que se debe indicar a motivaci\u00f3n para facer este mestrado.<\/span><\/span><\/li>\n<li style=\"margin-left: 15px; text-align: justify;\"><span style=\"color: #000000; font-family: arial, helvetica, sans-serif; font-size: 12pt;\"><span>Curriculum Vitae, con indicaci\u00f3n dos co\u00f1ecementos de idiomas e experiencia profesional en traduci\u00f3n, interpretaci\u00f3n e\/ou relaci\u00f3ns comerciais dos solicitantes (non \u00e9 un requisito de admisi\u00f3n, \u00e9 para co\u00f1ecervos mellor).&nbsp;<\/span><\/span><\/li>\n<\/ul>\n<p><span style=\"color: #000000; font-family: arial, helvetica, sans-serif; font-size: 12pt;\"><span style=\"color: #333333; line-height: 17px;\">Para m\u00e1is informaci\u00f3n:<\/span><br style=\"color: #333333; font-family: 'lucida grande', tahoma, verdana, arial, sans-serif; font-size: 13px; line-height: 17px;\" \/><a href=\"http:\/\/www.uvigo.es\/uvigo_gl\/administracion\/alumnado\/posgrao\/matricula2013\/index.html\" target=\"_blank\">http:\/\/www.uvigo.es\/uvigo_gl\/<\/a><wbr \/><a href=\"http:\/\/www.uvigo.es\/uvigo_gl\/administracion\/alumnado\/posgrao\/matricula2013\/index.html\" target=\"_blank\"><span class=\"word_break\" style=\"display: inline-block;\"><\/span>administracion\/alumnado\/<\/a><wbr \/><a href=\"http:\/\/www.uvigo.es\/uvigo_gl\/administracion\/alumnado\/posgrao\/matricula2013\/index.html\" target=\"_blank\"><span class=\"word_break\" style=\"display: inline-block;\"><\/span>posgrao\/matricula2013\/<\/a><wbr \/><a href=\"http:\/\/www.uvigo.es\/uvigo_gl\/administracion\/alumnado\/posgrao\/matricula2013\/index.html\" target=\"_blank\"><span class=\"word_break\" style=\"display: inline-block;\"><\/span>index.html<\/a><\/span><\/p>\n<p><span style=\"color: #000000; font-family: arial, helvetica, sans-serif; font-size: 12pt;\">&nbsp;<\/span><\/p>\n<p><a href=\"http:\/\/www.uvigo.es\/uvigo_gl\/administracion\/alumnado\/posgrao\/matricula2013\/index.html\" target=\"_blank\"><span style=\"color: #000000; font-family: arial, helvetica, sans-serif; font-size: 12pt;\">&nbsp;<\/span><\/a><\/p>","protected":false},"excerpt":{"rendered":"<p>O vindeiro venres 28 de xu\u00f1o comeza o prazo de preinscrici\u00f3n no mestrado. O prazo prolongarase ata o xoves 4 de xullo e os tr\u00e1mites poderanse facer tanto na secretar\u00eda virtual da Uvigo (https:\/\/matricula.uvigo.es) como en persoa na Facultade de Filolox\u00eda e traduci\u00f3n. Con esta preinscrici\u00f3n d\u00e1se comezo \u00f3 primeiro proceso de matriculaci\u00f3n no mestrado.<\/p>","protected":false},"author":1,"featured_media":87,"parent":0,"menu_order":6,"comment_status":"closed","ping_status":"closed","template":"","meta":{"footnotes":""},"_links":{"self":[{"href":"https:\/\/paratraduccion.com\/limiares\/es\/wp-json\/wp\/v2\/pages\/88"}],"collection":[{"href":"https:\/\/paratraduccion.com\/limiares\/es\/wp-json\/wp\/v2\/pages"}],"about":[{"href":"https:\/\/paratraduccion.com\/limiares\/es\/wp-json\/wp\/v2\/types\/page"}],"author":[{"embeddable":true,"href":"https:\/\/paratraduccion.com\/limiares\/es\/wp-json\/wp\/v2\/users\/1"}],"replies":[{"embeddable":true,"href":"https:\/\/paratraduccion.com\/limiares\/es\/wp-json\/wp\/v2\/comments?post=88"}],"version-history":[{"count":0,"href":"https:\/\/paratraduccion.com\/limiares\/es\/wp-json\/wp\/v2\/pages\/88\/revisions"}],"wp:featuredmedia":[{"embeddable":true,"href":"https:\/\/paratraduccion.com\/limiares\/es\/wp-json\/wp\/v2\/media\/87"}],"wp:attachment":[{"href":"https:\/\/paratraduccion.com\/limiares\/es\/wp-json\/wp\/v2\/media?parent=88"}],"curies":[{"name":"wp","href":"https:\/\/api.w.org\/{rel}","templated":true}]}}