{"id":115,"date":"2013-12-02T18:13:33","date_gmt":"2013-12-02T18:13:33","guid":{"rendered":"http:\/\/paratraduccion.com\/mestrado\/cursos\/"},"modified":"2013-12-02T18:13:33","modified_gmt":"2013-12-02T18:13:33","slug":"cursos","status":"publish","type":"page","link":"https:\/\/paratraduccion.com\/limiares\/fr\/cursos\/","title":{"rendered":"Cursos"},"content":{"rendered":"<p><span style=\"color: #37404e; font-family: 'lucida grande', tahoma, verdana, arial, sans-serif; font-size: 13px; line-height: 18px;\">CURSO DE INICIACI\u00d3N \u00c1 DOBRAXE.<\/span><br style=\"color: #37404e; font-family: 'lucida grande', tahoma, verdana, arial, sans-serif; font-size: 13px; line-height: 18px;\" \/><br style=\"color: #37404e; font-family: 'lucida grande', tahoma, verdana, arial, sans-serif; font-size: 13px; line-height: 18px;\" \/><span style=\"color: #37404e; font-family: 'lucida grande', tahoma, verdana, arial, sans-serif; font-size: 13px; line-height: 18px;\">LIGAZ\u00d3N DE MATR\u00cdCULA:&nbsp;<\/span><a href=\"https:\/\/bubela.uvigo.es\/curso\/2126\">https:\/\/bubela.uvigo.es\/curso\/2126<\/a><a href=\"https:\/\/bubela.uvigo.es\/curso\/2126\"><\/a><\/p>\n<p>[widgetkit id=4]<\/p>","protected":false},"excerpt":{"rendered":"<p>CURSO DE INICIACI\u00d3N \u00c1 DOBRAXE.LIGAZ\u00d3N DE MATR\u00cdCULA:&nbsp;https:\/\/bubela.uvigo.es\/curso\/2126 [widgetkit id=4]<\/p>","protected":false},"author":1,"featured_media":0,"parent":0,"menu_order":2,"comment_status":"closed","ping_status":"closed","template":"","meta":{"footnotes":""},"_links":{"self":[{"href":"https:\/\/paratraduccion.com\/limiares\/fr\/wp-json\/wp\/v2\/pages\/115"}],"collection":[{"href":"https:\/\/paratraduccion.com\/limiares\/fr\/wp-json\/wp\/v2\/pages"}],"about":[{"href":"https:\/\/paratraduccion.com\/limiares\/fr\/wp-json\/wp\/v2\/types\/page"}],"author":[{"embeddable":true,"href":"https:\/\/paratraduccion.com\/limiares\/fr\/wp-json\/wp\/v2\/users\/1"}],"replies":[{"embeddable":true,"href":"https:\/\/paratraduccion.com\/limiares\/fr\/wp-json\/wp\/v2\/comments?post=115"}],"version-history":[{"count":0,"href":"https:\/\/paratraduccion.com\/limiares\/fr\/wp-json\/wp\/v2\/pages\/115\/revisions"}],"wp:attachment":[{"href":"https:\/\/paratraduccion.com\/limiares\/fr\/wp-json\/wp\/v2\/media?parent=115"}],"curies":[{"name":"wp","href":"https:\/\/api.w.org\/{rel}","templated":true}]}}