{"id":118610,"date":"2021-06-30T11:52:13","date_gmt":"2021-06-30T11:52:13","guid":{"rendered":"http:\/\/paratraduccion.com\/limiares\/?page_id=118610"},"modified":"2023-10-30T19:13:07","modified_gmt":"2023-10-30T19:13:07","slug":"traballo-fin-de-mestrado","status":"publish","type":"page","link":"https:\/\/paratraduccion.com\/limiares\/fr\/traballo-fin-de-mestrado\/","title":{"rendered":"M\u00e9moire de Master"},"content":{"rendered":"<p style=\"font-size: 12.16px; margin-bottom: 0.0001pt; text-align: right;\"><a href=\"https:\/\/seix.uvigo.es\/docnet-nuevo\/guia_docent\/?centre=301&amp;ensenyament=V01M128V01&amp;consulta=assignatures&amp;idioma=cast&amp;idioma=gal\" target=\"_blank\" rel=\"noopener noreferrer\"><span style=\"font-family: tahoma, arial, helvetica, sans-serif; font-size: 12pt;\">Acc\u00e8s aux guides p\u00e9dagogiques en galicien<\/span><\/a><\/p>\n<p style=\"text-align: right;\" class=\" translation-block\">\u00a0<span style=\"font-family: tahoma, arial, helvetica, sans-serif;font-size: 12pt\" data-mce-mark=\"1\"><a href=\"https:\/\/seix.uvigo.es\/docnet-nuevo\/guia_docent\/?centre=301&amp;ensenyament=V01M128V01&amp;consulta=assignatures&amp;idioma=gal&amp;idioma=cast\" target=\"_blank\" rel=\"noopener noreferrer\" role=\"link\">Acc\u00e8s aux\u00a0<\/a><a href=\"https:\/\/seix.uvigo.es\/docnet-nuevo\/guia_docent\/?centre=301&amp;ensenyament=V01M128V01&amp;consulta=assignatures&amp;idioma=gal&amp;idioma=cast\" target=\"_blank\" rel=\"noopener noreferrer\" role=\"link\">guides p\u00e9dagogiques en castillan<\/a><\/span><\/p>\n<p><span style=\"font-family: tahoma, arial, helvetica, sans-serif; font-size: 12pt;\" data-mce-mark=\"1\">\u00a0<\/span><\/p>\n<p style=\"text-align: justify;\"><strong><span style=\"color: #222222; font-family: Arial; font-size: 14px;\">\u00a0<\/span><\/strong><\/p>\n<p style=\"text-align: justify;\"><span style=\"font-size: 18pt;\"><strong><span style=\"color: #222222; font-family: Arial;\">M\u00e9moire de Master<\/span><\/strong><\/span><\/p>\n<p style=\"text-align: justify;\"><span style=\"color: #222222; font-family: Arial; font-size: 14px;\">(Enseignant d\u00e9sign\u00e9 ou enseignante\nd\u00e9sign\u00e9e pour la direction du m\u00e9moire)<\/span><\/p>\n<p style=\"text-align: justify;\">Le\u00a0<strong>M\u00e9moire de Fin de Master<\/strong>\u00a0(TFM) couronne\nle programme d'\u00e9tudes de tout dipl\u00f4me\nofficiel de master. Le m\u00e9moire doit \u00eatre\u00a0<strong>personnel et original<\/strong>\u00a0quant \u00e0 son intitul\u00e9 et son contenu, et chaque \u00e9tudiant doit le r\u00e9aliser\u00a0<strong>de mani\u00e8re autonome<\/strong> sous la direction d'un enseignant. Ce m\u00e9moire doit d\u00e9montrer que les comp\u00e9tences et les contenus de la formation associ\u00e9e au dipl\u00f4me sont acquis.<\/p>\n<p>Depuis l'ann\u00e9e universitaire 2021-2022,\nle m\u00e9moire fait l\u2019objet d\u2019une soutenance\norale devant un jury compos\u00e9 du seul\ndirecteur ou de la seule directrice du\nprojet. Plus d'informations sur la <a href=\"https:\/\/paratraduccion.com\/limiares\/fr\/tfm2023\/\">page TFM<\/a> du site web du MTCI.<\/p>","protected":false},"excerpt":{"rendered":"<p>Acceso \u00e1s gu\u00edas docentes en galego \u00a0Acceso \u00e1s\u00a0gu\u00edas docentes en castel\u00e1n \u00a0 \u00a0 Traballo Fin de Mestrado (Prof. titor\/a correspondente) O\u00a0Traballo de Fin de Mestrado\u00a0(TFM) forma parte do plan de estudos de calquera t\u00edtulo oficial de mestrado. Este traballo debe ser\u00a0persoal e orixinal\u00a0en canto a t\u00edtulo e contidos, e cada estudante deber\u00e1 realizalo\u00a0de xeito aut\u00f3nomo&hellip;<\/p>","protected":false},"author":1,"featured_media":0,"parent":0,"menu_order":0,"comment_status":"closed","ping_status":"closed","template":"","meta":{"footnotes":""},"_links":{"self":[{"href":"https:\/\/paratraduccion.com\/limiares\/fr\/wp-json\/wp\/v2\/pages\/118610"}],"collection":[{"href":"https:\/\/paratraduccion.com\/limiares\/fr\/wp-json\/wp\/v2\/pages"}],"about":[{"href":"https:\/\/paratraduccion.com\/limiares\/fr\/wp-json\/wp\/v2\/types\/page"}],"author":[{"embeddable":true,"href":"https:\/\/paratraduccion.com\/limiares\/fr\/wp-json\/wp\/v2\/users\/1"}],"replies":[{"embeddable":true,"href":"https:\/\/paratraduccion.com\/limiares\/fr\/wp-json\/wp\/v2\/comments?post=118610"}],"version-history":[{"count":10,"href":"https:\/\/paratraduccion.com\/limiares\/fr\/wp-json\/wp\/v2\/pages\/118610\/revisions"}],"predecessor-version":[{"id":125394,"href":"https:\/\/paratraduccion.com\/limiares\/fr\/wp-json\/wp\/v2\/pages\/118610\/revisions\/125394"}],"wp:attachment":[{"href":"https:\/\/paratraduccion.com\/limiares\/fr\/wp-json\/wp\/v2\/media?parent=118610"}],"curies":[{"name":"wp","href":"https:\/\/api.w.org\/{rel}","templated":true}]}}