{"id":12,"date":"2013-03-10T20:59:31","date_gmt":"2013-03-10T20:59:31","guid":{"rendered":"http:\/\/paratraduccion.com\/mestrado\/materias\/"},"modified":"2025-06-30T09:19:35","modified_gmt":"2025-06-30T09:19:35","slug":"materias","status":"publish","type":"page","link":"https:\/\/paratraduccion.com\/limiares\/fr\/materias\/","title":{"rendered":"UE"},"content":{"rendered":"<div data-elementor-type=\"wp-page\" data-elementor-id=\"12\" class=\"elementor elementor-12\" data-elementor-post-type=\"page\">\n\t\t\t\t\t\t<section class=\"elementor-section elementor-top-section elementor-element elementor-element-ce9a068 elementor-section-boxed elementor-section-height-default elementor-section-height-default\" data-id=\"ce9a068\" data-element_type=\"section\" data-settings=\"{&quot;jet_parallax_layout_list&quot;:[]}\">\n\t\t\t\t\t\t<div class=\"elementor-container elementor-column-gap-default\">\n\t\t\t\t\t<div class=\"elementor-column elementor-col-100 elementor-top-column elementor-element elementor-element-b861282\" data-id=\"b861282\" data-element_type=\"column\">\n\t\t\t<div class=\"elementor-widget-wrap elementor-element-populated\">\n\t\t\t\t\t\t<div class=\"elementor-element elementor-element-6a36f52 elementor-widget elementor-widget-heading\" data-id=\"6a36f52\" data-element_type=\"widget\" data-no-translation=\"\" data-widget_type=\"heading.default\">\n\t\t\t\t<div class=\"elementor-widget-container\">\n\t\t\t<style>.elementor-element-6a36f52{display:none !important}<\/style>\t\t<\/div>\n\t\t\t\t<\/div>\n\t\t\t\t<div class=\"elementor-element elementor-element-df031f5 elementor-widget elementor-widget-text-editor\" data-id=\"df031f5\" data-element_type=\"widget\" data-no-translation=\"\" data-widget_type=\"text-editor.default\">\n\t\t\t\t<div class=\"elementor-widget-container\">\n\t\t\t<style>.elementor-element-df031f5{display:none !important}<\/style>\t\t<\/div>\n\t\t\t\t<\/div>\n\t\t\t\t<div class=\"elementor-element elementor-element-3371074 elementor-widget__width-auto elementor-widget elementor-widget-jet-table\" data-id=\"3371074\" data-element_type=\"widget\" data-no-translation=\"\" data-widget_type=\"jet-table.default\">\n\t\t\t\t<div class=\"elementor-widget-container\">\n\t\t\t<style>.elementor-element-3371074{display:none !important}<\/style>\t\t<\/div>\n\t\t\t\t<\/div>\n\t\t\t\t\t<\/div>\n\t\t<\/div>\n\t\t\t\t\t<\/div>\n\t\t<\/section>\n\t\t\t\t<section class=\"elementor-section elementor-top-section elementor-element elementor-element-f7de1f9 elementor-section-boxed elementor-section-height-default elementor-section-height-default\" data-id=\"f7de1f9\" data-element_type=\"section\" data-settings=\"{&quot;jet_parallax_layout_list&quot;:[]}\" data-no-translation=\"\">\n\t\t\t\t\t\t<div class=\"elementor-container elementor-column-gap-default\">\n\t\t\t\t\t<div class=\"elementor-column elementor-col-100 elementor-top-column elementor-element elementor-element-b465592\" data-id=\"b465592\" data-element_type=\"column\">\n\t\t\t<div class=\"elementor-widget-wrap elementor-element-populated\">\n\t\t\t\t\t\t<div class=\"elementor-element elementor-element-c6fdf30 elementor-widget elementor-widget-heading\" data-id=\"c6fdf30\" data-element_type=\"widget\" data-no-translation=\"\" data-widget_type=\"heading.default\">\n\t\t\t\t<div class=\"elementor-widget-container\">\n\t\t\t<h2 class=\"elementor-heading-title elementor-size-default\">Mati\u00e8res MTCI fran\u00e7ais amical\n<\/h2>\t\t<\/div>\n\t\t\t\t<\/div>\n\t\t\t\t<div class=\"elementor-element elementor-element-baf3e34 elementor-widget elementor-widget-text-editor\" data-id=\"baf3e34\" data-element_type=\"widget\" data-no-translation=\"\" data-widget_type=\"text-editor.default\">\n\t\t\t\t<div class=\"elementor-widget-container\">\n\t\t\t\t\t\t\t<p data-start=\"118\" data-end=\"372\">Dans les mati\u00e8res du programme <em data-start=\"149\" data-end=\"167\">Fran\u00e7ais amical<\/em>, les \u00e9tudiants internationaux peuvent demander \u00e0 l\u2019enseignant des supports de cours et des r\u00e9f\u00e9rences bibliographiques en fran\u00e7ais pour le suivi de la mati\u00e8re, les tutorats, les examens et les \u00e9valuations.<\/p>\t\t\t\t\t\t<\/div>\n\t\t\t\t<\/div>\n\t\t\t\t<div class=\"elementor-element elementor-element-a6447d7 elementor-widget__width-auto elementor-widget elementor-widget-jet-table\" data-id=\"a6447d7\" data-element_type=\"widget\" data-no-translation=\"\" data-widget_type=\"jet-table.default\">\n\t\t\t\t<div class=\"elementor-widget-container\">\n\t\t\t<div class=\"elementor-jet-table jet-elements\">\n\t\t<div class=\"jet-table-wrapper jet-table-responsive-mobile\">\n\t\t\t<table class=\"jet-table jet-table--fa5-compat\">\n\t\t\t\t<thead class=\"jet-table__head\"><tr class=\"jet-table__head-row\"><th class=\"jet-table__cell elementor-repeater-item-e0fbc57 jet-table__head-cell\" scope=\"col\"><div class=\"jet-table__cell-inner\"><div class=\"jet-table__cell-content\"><span class=\"jet-elements-icon jet-table__cell-icon jet-table__cell-icon--after\"><i aria-hidden=\"true\" class=\"far fa-calendar-alt\"><\/i><\/span><div class=\"jet-table__cell-text\">Semestre<\/div><\/div><\/div><\/th><th class=\"jet-table__cell elementor-repeater-item-0f7aef1 jet-table__head-cell\" scope=\"col\"><div class=\"jet-table__cell-inner\"><div class=\"jet-table__cell-content\"><span class=\"jet-elements-icon jet-table__cell-icon jet-table__cell-icon--after\"><i aria-hidden=\"true\" class=\"far fa-list-alt\"><\/i><\/span><div class=\"jet-table__cell-text\">Code de la mati\u00e8re<\/div><\/div><\/div><\/th><th class=\"jet-table__cell elementor-repeater-item-8f6483d jet-table__head-cell\" scope=\"col\"><div class=\"jet-table__cell-inner\"><div class=\"jet-table__cell-content\"><span class=\"jet-elements-icon jet-table__cell-icon jet-table__cell-icon--after\"><i aria-hidden=\"true\" class=\"far fa-id-card\"><\/i><\/span><div class=\"jet-table__cell-text\">Nom de la mati\u00e8re<\/div><\/div><\/div><\/th><\/tr><\/thead>\n\t\t\t\t\t\t\t\t<tbody class=\"jet-table__body\"><tr class=\"jet-table__body-row elementor-repeater-item-dc3d914\"><td class=\"jet-table__cell elementor-repeater-item-e515a76 jet-table__body-cell\"><div class=\"jet-table__cell-inner\"><div class=\"jet-table__cell-content\"><div class=\"jet-table__cell-text\">Premier <\/div><\/div><\/div><\/td><td class=\"jet-table__cell elementor-repeater-item-3e221a0 jet-table__body-cell\"><div class=\"jet-table__cell-inner\"><div class=\"jet-table__cell-content\"><div class=\"jet-table__cell-text\">V01M128V11105<\/div><\/div><\/div><\/td><td class=\"jet-table__cell elementor-repeater-item-afcefae jet-table__body-cell\"><a class=\"jet-table__cell-inner jet-table__cell-link\" href=\"https:\/\/paratraduccion.com\/limiares\/fr\/metodoloxia\/\" target=\"_blank\"><div class=\"jet-table__cell-content\"><div class=\"jet-table__cell-text\">M\u00e9thodologie de la recherche<\/div><\/div><\/a><\/td><\/tr><tr class=\"jet-table__body-row elementor-repeater-item-561ccd4\"><td class=\"jet-table__cell elementor-repeater-item-1aaefe0 jet-table__body-cell\"><div class=\"jet-table__cell-inner\"><div class=\"jet-table__cell-content\"><div class=\"jet-table__cell-text\">Premier <\/div><\/div><\/div><\/td><td class=\"jet-table__cell elementor-repeater-item-e89745e jet-table__body-cell\"><div class=\"jet-table__cell-inner\"><div class=\"jet-table__cell-content\"><div class=\"jet-table__cell-text\">V01M128V11108<\/div><\/div><\/div><\/td><td class=\"jet-table__cell elementor-repeater-item-fec3d64 jet-table__body-cell\"><a class=\"jet-table__cell-inner jet-table__cell-link\" href=\"https:\/\/paratraduccion.com\/limiares\/fr\/tecnoloxias-aplicadas-a-traduccion\/\" target=\"_blank\"><div class=\"jet-table__cell-content\"><div class=\"jet-table__cell-text\">Technologies appliqu\u00e9es \u00e0 la traduction<\/div><\/div><\/a><\/td><\/tr><tr class=\"jet-table__body-row elementor-repeater-item-ad47d57\"><td class=\"jet-table__cell elementor-repeater-item-861034d jet-table__body-cell\"><div class=\"jet-table__cell-inner\"><div class=\"jet-table__cell-content\"><div class=\"jet-table__cell-text\">Deuxi\u00e8me <\/div><\/div><\/div><\/td><td class=\"jet-table__cell elementor-repeater-item-6fd8018 jet-table__body-cell\"><div class=\"jet-table__cell-inner\"><div class=\"jet-table__cell-content\"><div class=\"jet-table__cell-text\">V01M128V11223<\/div><\/div><\/div><\/td><td class=\"jet-table__cell elementor-repeater-item-0d6041c jet-table__body-cell\"><a class=\"jet-table__cell-inner jet-table__cell-link\" href=\"https:\/\/paratraduccion.com\/limiares\/fr\/patrimonio\/\" target=\"_blank\"><div class=\"jet-table__cell-content\"><div class=\"jet-table__cell-text\">Traduire le Patrimoine<\/div><\/div><\/a><\/td><\/tr><tr class=\"jet-table__body-row elementor-repeater-item-c142a39\"><td class=\"jet-table__cell elementor-repeater-item-391cc71 jet-table__body-cell\"><div class=\"jet-table__cell-inner\"><div class=\"jet-table__cell-content\"><div class=\"jet-table__cell-text\">Deuxi\u00e8me <\/div><\/div><\/div><\/td><td class=\"jet-table__cell elementor-repeater-item-68020b2 jet-table__body-cell\"><div class=\"jet-table__cell-inner\"><div class=\"jet-table__cell-content\"><div class=\"jet-table__cell-text\">V01M128V11234<\/div><\/div><\/div><\/td><td class=\"jet-table__cell elementor-repeater-item-bb889fd jet-table__body-cell\"><a class=\"jet-table__cell-inner jet-table__cell-link\" href=\"https:\/\/paratraduccion.com\/limiares\/fr\/economico-comercial-frances\/\" target=\"_blank\"><div class=\"jet-table__cell-content\"><div class=\"jet-table__cell-text\">Traduction sp\u00e9cialis\u00e9e \u00e9conomico-commerciale Fran\u00e7ais-Galicien-Fran\u00e7ais \/ Fran\u00e7ais-Espagnol-Fran\u00e7ais<\/div><\/div><\/a><\/td><\/tr><tr class=\"jet-table__body-row elementor-repeater-item-8cd7c5d\"><td class=\"jet-table__cell elementor-repeater-item-e335db6 jet-table__body-cell\"><div class=\"jet-table__cell-inner\"><div class=\"jet-table__cell-content\"><div class=\"jet-table__cell-text\">Deuxi\u00e8me <\/div><\/div><\/div><\/td><td class=\"jet-table__cell elementor-repeater-item-f9e3102 jet-table__body-cell\"><div class=\"jet-table__cell-inner\"><div class=\"jet-table__cell-content\"><div class=\"jet-table__cell-text\">V01M128V11224<\/div><\/div><\/div><\/td><td class=\"jet-table__cell elementor-repeater-item-0bad6cc jet-table__body-cell\"><a class=\"jet-table__cell-inner jet-table__cell-link\" href=\"https:\/\/paratraduccion.com\/limiares\/fr\/servizos-culturais\/\" target=\"_blank\"><div class=\"jet-table__cell-content\"><div class=\"jet-table__cell-text\">Traduction services culturels<\/div><\/div><\/a><\/td><\/tr><\/tbody>\n\t\t\t<\/table>\n\t\t<\/div>\n\n\t\t<\/div>\t\t<\/div>\n\t\t\t\t<\/div>\n\t\t\t\t\t<\/div>\n\t\t<\/div>\n\t\t\t\t\t<\/div>\n\t\t<\/section>\n\t\t\t\t<section class=\"elementor-section elementor-top-section elementor-element elementor-element-35fc6f1 elementor-section-boxed elementor-section-height-default elementor-section-height-default\" data-id=\"35fc6f1\" data-element_type=\"section\" data-settings=\"{&quot;jet_parallax_layout_list&quot;:[]}\">\n\t\t\t\t\t\t<div class=\"elementor-container elementor-column-gap-default\">\n\t\t\t\t\t<div class=\"elementor-column elementor-col-100 elementor-top-column elementor-element elementor-element-4eb119e\" data-id=\"4eb119e\" data-element_type=\"column\">\n\t\t\t<div class=\"elementor-widget-wrap elementor-element-populated\">\n\t\t\t\t\t\t<div class=\"elementor-element elementor-element-01742c6 elementor-widget elementor-widget-heading\" data-id=\"01742c6\" data-element_type=\"widget\" data-widget_type=\"heading.default\">\n\t\t\t\t<div class=\"elementor-widget-container\">\n\t\t\t<h2 class=\"elementor-heading-title elementor-size-default\">COMMENT SUIVRE LES TROIS PARCOURS DU MTCI<\/h2>\t\t<\/div>\n\t\t\t\t<\/div>\n\t\t\t\t\t<\/div>\n\t\t<\/div>\n\t\t\t\t\t<\/div>\n\t\t<\/section>\n\t\t\t\t<section class=\"elementor-section elementor-top-section elementor-element elementor-element-5bbea62 elementor-section-boxed elementor-section-height-default elementor-section-height-default\" data-id=\"5bbea62\" data-element_type=\"section\" data-settings=\"{&quot;jet_parallax_layout_list&quot;:[]}\">\n\t\t\t\t\t\t<div class=\"elementor-container elementor-column-gap-default\">\n\t\t\t\t\t<div class=\"elementor-column elementor-col-33 elementor-top-column elementor-element elementor-element-f723b61\" data-id=\"f723b61\" data-element_type=\"column\">\n\t\t\t<div class=\"elementor-widget-wrap elementor-element-populated\">\n\t\t\t\t\t\t<div class=\"elementor-element elementor-element-5880827 elementor-align-center elementor-widget elementor-widget-button\" data-id=\"5880827\" data-element_type=\"widget\" data-widget_type=\"button.default\">\n\t\t\t\t<div class=\"elementor-widget-container\">\n\t\t\t\t\t<div class=\"elementor-button-wrapper\">\n\t\t\t<a class=\"elementor-button elementor-size-sm\" role=\"button\">\n\t\t\t\t\t\t<span class=\"elementor-button-content-wrapper\">\n\t\t\t\t\t\t\t\t\t<span class=\"elementor-button-text\">PARCOURS A<\/span>\n\t\t\t\t\t<\/span>\n\t\t\t\t\t<\/a>\n\t\t<\/div>\n\t\t\t\t<\/div>\n\t\t\t\t<\/div>\n\t\t\t\t<div class=\"elementor-element elementor-element-0d860b4 elementor-widget elementor-widget-text-editor\" data-id=\"0d860b4\" data-element_type=\"widget\" data-widget_type=\"text-editor.default\">\n\t\t\t\t<div class=\"elementor-widget-container\">\n\t\t\t\t\t\t\t<p style=\"text-align: center;\" class=\" translation-block\">Suivre les <strong>4 UE obligatoires<\/strong><\/p><p style=\"text-align: center;\"><strong>24<\/strong> cr\u00e9dits ECTS<\/p>\t\t\t\t\t\t<\/div>\n\t\t\t\t<\/div>\n\t\t\t\t\t<\/div>\n\t\t<\/div>\n\t\t\t\t<div class=\"elementor-column elementor-col-33 elementor-top-column elementor-element elementor-element-63307a5\" data-id=\"63307a5\" data-element_type=\"column\">\n\t\t\t<div class=\"elementor-widget-wrap elementor-element-populated\">\n\t\t\t\t\t\t<div class=\"elementor-element elementor-element-fb638c1 elementor-align-center elementor-widget elementor-widget-button\" data-id=\"fb638c1\" data-element_type=\"widget\" data-widget_type=\"button.default\">\n\t\t\t\t<div class=\"elementor-widget-container\">\n\t\t\t\t\t<div class=\"elementor-button-wrapper\">\n\t\t\t<a class=\"elementor-button elementor-size-sm\" role=\"button\">\n\t\t\t\t\t\t<span class=\"elementor-button-content-wrapper\">\n\t\t\t\t\t\t\t\t\t<span class=\"elementor-button-text\">PARCOURS B1 ET B2<\/span>\n\t\t\t\t\t<\/span>\n\t\t\t\t\t<\/a>\n\t\t<\/div>\n\t\t\t\t<\/div>\n\t\t\t\t<\/div>\n\t\t\t\t<div class=\"elementor-element elementor-element-70411ce elementor-widget elementor-widget-text-editor\" data-id=\"70411ce\" data-element_type=\"widget\" data-widget_type=\"text-editor.default\">\n\t\t\t\t<div class=\"elementor-widget-container\">\n\t\t\t\t\t\t\t<p style=\"text-align: center;\" class=\" translation-block\">Choisir au minimum <strong>5 UE<\/strong> de l'un ou l'autre des deux parcours<\/p><p style=\"text-align: center;\"><strong>30<\/strong> cr\u00e9dits ECTS<\/p>\t\t\t\t\t\t<\/div>\n\t\t\t\t<\/div>\n\t\t\t\t\t<\/div>\n\t\t<\/div>\n\t\t\t\t<div class=\"elementor-column elementor-col-33 elementor-top-column elementor-element elementor-element-55caf01\" data-id=\"55caf01\" data-element_type=\"column\">\n\t\t\t<div class=\"elementor-widget-wrap elementor-element-populated\">\n\t\t\t\t\t\t<div class=\"elementor-element elementor-element-b1f3f26 elementor-align-center elementor-widget elementor-widget-button\" data-id=\"b1f3f26\" data-element_type=\"widget\" data-widget_type=\"button.default\">\n\t\t\t\t<div class=\"elementor-widget-container\">\n\t\t\t\t\t<div class=\"elementor-button-wrapper\">\n\t\t\t<a class=\"elementor-button elementor-size-sm\" role=\"button\">\n\t\t\t\t\t\t<span class=\"elementor-button-content-wrapper\">\n\t\t\t\t\t\t\t\t\t<span class=\"elementor-button-text\">PARCOURS C<\/span>\n\t\t\t\t\t<\/span>\n\t\t\t\t\t<\/a>\n\t\t<\/div>\n\t\t\t\t<\/div>\n\t\t\t\t<\/div>\n\t\t\t\t<div class=\"elementor-element elementor-element-b51f200 elementor-widget elementor-widget-text-editor\" data-id=\"b51f200\" data-element_type=\"widget\" data-widget_type=\"text-editor.default\">\n\t\t\t\t<div class=\"elementor-widget-container\">\n\t\t\t\t\t\t\t<p style=\"text-align: center;\" class=\" translation-block\">Pr\u00e9sentation et soutenance du <strong>TFM<\/strong><\/p><p style=\"text-align: center;\"><strong>6<\/strong> cr\u00e9dits ECTS<\/p>\t\t\t\t\t\t<\/div>\n\t\t\t\t<\/div>\n\t\t\t\t\t<\/div>\n\t\t<\/div>\n\t\t\t\t\t<\/div>\n\t\t<\/section>\n\t\t\t\t<section class=\"elementor-section elementor-top-section elementor-element elementor-element-e41763c elementor-section-boxed elementor-section-height-default elementor-section-height-default\" data-id=\"e41763c\" data-element_type=\"section\" data-settings=\"{&quot;jet_parallax_layout_list&quot;:[]}\">\n\t\t\t\t\t\t<div class=\"elementor-container elementor-column-gap-default\">\n\t\t\t\t\t<div class=\"elementor-column elementor-col-100 elementor-top-column elementor-element elementor-element-1264a6c\" data-id=\"1264a6c\" data-element_type=\"column\">\n\t\t\t<div class=\"elementor-widget-wrap elementor-element-populated\">\n\t\t\t\t\t\t<div class=\"elementor-element elementor-element-07f885e elementor-widget elementor-widget-text-editor\" data-id=\"07f885e\" data-element_type=\"widget\" data-widget_type=\"text-editor.default\">\n\t\t\t\t<div class=\"elementor-widget-container\">\n\t\t\t\t\t\t\t<p style=\"text-align: center;\">PARCOURS A<\/p><p style=\"text-align: center;\">UE obligatoires<\/p><p style=\"text-align: center;\"><a href=\"https:\/\/paratraduccion.com\/limiares\/fr\/emprendemento\/\" target=\"_blank\" rel=\"noopener\">Entrepreneuriat pour la traduction et l'interpr\u00e9tation dans les dynamiques du march\u00e9 du travail<\/a><\/p><p style=\"text-align: center;\"><a href=\"https:\/\/paratraduccion.com\/limiares\/fr\/aspectos-profesionais\/\" target=\"_blank\" rel=\"noopener\">Aspects professionnels de la traduction et de l'interpr\u00e9tation<\/a><\/p><p style=\"text-align: center;\"><a href=\"https:\/\/paratraduccion.com\/limiares\/fr\/tecnoloxias-aplicadas-a-traduccion\/\" target=\"_blank\" rel=\"noopener noreferrer\">Technologies appliqu\u00e9es \u00e0 la traduction<\/a><\/p><p style=\"text-align: center;\"><a href=\"https:\/\/paratraduccion.com\/limiares\/fr\/metodoloxia\/\" target=\"_blank\" rel=\"noopener noreferrer\">M\u00e9thodes de recherche<\/a><\/p>\t\t\t\t\t\t<\/div>\n\t\t\t\t<\/div>\n\t\t\t\t\t<\/div>\n\t\t<\/div>\n\t\t\t\t\t<\/div>\n\t\t<\/section>\n\t\t\t\t<section class=\"elementor-section elementor-top-section elementor-element elementor-element-9691680 elementor-section-boxed elementor-section-height-default elementor-section-height-default\" data-id=\"9691680\" data-element_type=\"section\" data-settings=\"{&quot;jet_parallax_layout_list&quot;:[]}\">\n\t\t\t\t\t\t<div class=\"elementor-container elementor-column-gap-default\">\n\t\t\t\t\t<div class=\"elementor-column elementor-col-100 elementor-top-column elementor-element elementor-element-18dd1c4\" data-id=\"18dd1c4\" data-element_type=\"column\">\n\t\t\t<div class=\"elementor-widget-wrap elementor-element-populated\">\n\t\t\t\t\t\t<div class=\"elementor-element elementor-element-89d9886 elementor-widget elementor-widget-text-editor\" data-id=\"89d9886\" data-element_type=\"widget\" data-widget_type=\"text-editor.default\">\n\t\t\t\t<div class=\"elementor-widget-container\">\n\t\t\t\t\t\t\t<p style=\"text-align: center;\">PARCOURS B1<\/p><p style=\"text-align: center;\">Traduction pour la communication interculturelle<\/p><p style=\"text-align: center;\"><a href=\"https:\/\/paratraduccion.com\/limiares\/fr\/cine-e-traducion\/\" target=\"_blank\" rel=\"noopener noreferrer\">Cin\u00e9ma et traduction<\/a><\/p><p style=\"text-align: center;\"><a href=\"https:\/\/paratraduccion.com\/limiares\/fr\/publicidade\/\" target=\"_blank\" rel=\"noopener noreferrer\">Traduction publicitaire<\/a><\/p><p style=\"text-align: center;\"><a href=\"https:\/\/paratraduccion.com\/limiares\/fr\/videoxogos\/\" target=\"_blank\" rel=\"noopener noreferrer\">Traduction de jeux vid\u00e9o<\/a><\/p><p style=\"text-align: center;\"><a href=\"https:\/\/paratraduccion.com\/limiares\/fr\/patrimonio\/\" target=\"_blank\" rel=\"noopener noreferrer\">Traduction et patrimoine<\/a><\/p><p style=\"text-align: center;\"><a href=\"https:\/\/paratraduccion.com\/limiares\/fr\/servizos-culturais\/\" target=\"_blank\" rel=\"noopener noreferrer\">Traduction et services culturels<\/a><\/p><p style=\"text-align: center;\"><a href=\"https:\/\/paratraduccion.com\/limiares\/fr\/cooperacion\/\" target=\"_blank\" rel=\"noopener noreferrer\">Traduction et coop\u00e9ration transfrontali\u00e8re<\/a><\/p><p style=\"text-align: center;\">\u00a0<\/p>\t\t\t\t\t\t<\/div>\n\t\t\t\t<\/div>\n\t\t\t\t\t<\/div>\n\t\t<\/div>\n\t\t\t\t\t<\/div>\n\t\t<\/section>\n\t\t\t\t<section class=\"elementor-section elementor-top-section elementor-element elementor-element-9ac65a1 elementor-section-boxed elementor-section-height-default elementor-section-height-default\" data-id=\"9ac65a1\" data-element_type=\"section\" data-settings=\"{&quot;jet_parallax_layout_list&quot;:[]}\">\n\t\t\t\t\t\t<div class=\"elementor-container elementor-column-gap-default\">\n\t\t\t\t\t<div class=\"elementor-column elementor-col-100 elementor-top-column elementor-element elementor-element-df1f702\" data-id=\"df1f702\" data-element_type=\"column\">\n\t\t\t<div class=\"elementor-widget-wrap elementor-element-populated\">\n\t\t\t\t\t\t<div class=\"elementor-element elementor-element-4044a1a elementor-widget elementor-widget-text-editor\" data-id=\"4044a1a\" data-element_type=\"widget\" data-widget_type=\"text-editor.default\">\n\t\t\t\t<div class=\"elementor-widget-container\">\n\t\t\t\t\t\t\t<p style=\"text-align: center;\">PARCOURS B2<\/p><p style=\"text-align: center;\">Traduction pour le commerce international<\/p><p style=\"text-align: center;\"><a href=\"https:\/\/paratraduccion.com\/limiares\/fr\/dereito\/\" target=\"_blank\" rel=\"noopener noreferrer\">Droit appliqu\u00e9 \u00e0 la traduction<\/a><\/p><p style=\"text-align: center;\"><a href=\"https:\/\/paratraduccion.com\/limiares\/fr\/economia-aplicada\/\" target=\"_blank\" rel=\"noopener noreferrer\">\u00c9conomie appliqu\u00e9e \u00e0 la traduction<\/a><\/p><p style=\"text-align: center;\"><a href=\"https:\/\/paratraduccion.com\/limiares\/fr\/exportacion-importacion\/\" target=\"_blank\" rel=\"noopener noreferrer\">Strat\u00e9gies de traduction pour l'import-export<\/a><\/p><p style=\"text-align: center;\"><a href=\"https:\/\/paratraduccion.com\/limiares\/fr\/xuridico-administrativa-ingles\/\" target=\"_blank\" rel=\"noopener noreferrer\">Traduction juridique et administrative sp\u00e9cialis\u00e9e : Anglais - Galicien - Anglais \/ Anglais - Espagnol - Anglais<\/a><\/p><p style=\"text-align: center;\"><a href=\"https:\/\/paratraduccion.com\/limiares\/fr\/xuridico-administrativa-frances\/\" target=\"_blank\" rel=\"noopener noreferrer\">Traduction juridique et administrative sp\u00e9cialis\u00e9e : Fran\u00e7ais - Galicien - Fran\u00e7ais \/ Fran\u00e7ais - Espagnol - Fran\u00e7ais<\/a><\/p><p style=\"text-align: center;\"><a href=\"https:\/\/paratraduccion.com\/limiares\/fr\/xuridico-administrativa-portugues\/\" target=\"_blank\" rel=\"noopener noreferrer\">Traduction juridique et administrative sp\u00e9cialis\u00e9e : Portugais - Galicien - Portugais \/ Portugais - Espagnol - Portugais<\/a><\/p><p style=\"text-align: center;\"><a href=\"https:\/\/paratraduccion.com\/limiares\/fr\/xuridico-administrativa-aleman\/\" target=\"_blank\" rel=\"noopener noreferrer\">Traduction juridique et administrative sp\u00e9cialis\u00e9e : Allemand - Galicien - Allemand \/ Allemand - Espagnol - Allemand<\/a><\/p><p style=\"text-align: center;\"><a href=\"https:\/\/paratraduccion.com\/limiares\/fr\/economico-comercial-ingles\/\" target=\"_blank\" rel=\"noopener noreferrer\">Traduction \u00e9conomique et commerciale sp\u00e9cialis\u00e9e : Anglais - Galicien - Anglais \/ Anglais - Espagnol - Anglais<\/a><\/p><p style=\"text-align: center;\"><a href=\"https:\/\/paratraduccion.com\/limiares\/fr\/economico-comercial-frances\/\" target=\"_blank\" rel=\"noopener noreferrer\">Traduction \u00e9conomique et commerciale sp\u00e9cialis\u00e9e : Fran\u00e7ais - Galicien - Fran\u00e7ais \/ Fran\u00e7ais - Espagnol - Fran\u00e7ais<\/a><\/p><p style=\"text-align: center;\"><a href=\"https:\/\/paratraduccion.com\/limiares\/fr\/economico-comercial-portugues\/\" target=\"_blank\" rel=\"noopener noreferrer\">Traduction \u00e9conomique et commerciale sp\u00e9cialis\u00e9e : Portugais - Galicien - Portugais \/ Portugais - Espagnol - Portugais<\/a><\/p><p style=\"text-align: center;\"><a href=\"https:\/\/paratraduccion.com\/limiares\/fr\/economico-comercial-aleman\/\" target=\"_blank\" rel=\"noopener noreferrer\">Traduction \u00e9conomique et commerciale sp\u00e9cialis\u00e9e : Allemand - Galicien - Allemand \/ Allemand - Espagnol - Allemand<\/a><\/p><p style=\"text-align: center;\"><a href=\"https:\/\/paratraduccion.com\/limiares\/fr\/terminoloxia\/\" target=\"_blank\" rel=\"noopener noreferrer\">Terminologie en traduction<\/a><\/p><p style=\"text-align: center;\"><a href=\"https:\/\/paratraduccion.com\/limiares\/fr\/biomedicina\/\" target=\"_blank\" rel=\"noopener noreferrer\">Textes et discours sp\u00e9cialis\u00e9s : Traduction dans le domaine de la biom\u00e9decine<\/a><\/p>\t\t\t\t\t\t<\/div>\n\t\t\t\t<\/div>\n\t\t\t\t<div class=\"elementor-element elementor-element-94665f0 elementor-widget elementor-widget-text-editor\" data-id=\"94665f0\" data-element_type=\"widget\" data-widget_type=\"text-editor.default\">\n\t\t\t\t<div class=\"elementor-widget-container\">\n\t\t\t\t\t\t\t<p style=\"text-align: center;\">PARCOURS C<\/p><p style=\"text-align: center;\"><a href=\"https:\/\/paratraduccion.com\/limiares\/fr\/traballo-fin-de-mestrado\/\" target=\"_blank\" rel=\"noopener\">Travail de Fin de Master (TFM)<\/a><\/p>\t\t\t\t\t\t<\/div>\n\t\t\t\t<\/div>\n\t\t\t\t\t<\/div>\n\t\t<\/div>\n\t\t\t\t\t<\/div>\n\t\t<\/section>\n\t\t\t\t<\/div>","protected":false},"excerpt":{"rendered":"<p>In the subjects of the English Friendly program, international students may request from the instructor materials and bibliographic references for the course, tutorials, tests, and evaluations in English Dans les mati\u00e8res du programme Fran\u00e7ais amical, les \u00e9tudiants internationaux peuvent demander \u00e0 l\u2019enseignant des supports de cours et des r\u00e9f\u00e9rences bibliographiques en fran\u00e7ais pour le suivi&hellip;<\/p>","protected":false},"author":1,"featured_media":0,"parent":0,"menu_order":41,"comment_status":"closed","ping_status":"closed","template":"","meta":{"footnotes":""},"_links":{"self":[{"href":"https:\/\/paratraduccion.com\/limiares\/fr\/wp-json\/wp\/v2\/pages\/12"}],"collection":[{"href":"https:\/\/paratraduccion.com\/limiares\/fr\/wp-json\/wp\/v2\/pages"}],"about":[{"href":"https:\/\/paratraduccion.com\/limiares\/fr\/wp-json\/wp\/v2\/types\/page"}],"author":[{"embeddable":true,"href":"https:\/\/paratraduccion.com\/limiares\/fr\/wp-json\/wp\/v2\/users\/1"}],"replies":[{"embeddable":true,"href":"https:\/\/paratraduccion.com\/limiares\/fr\/wp-json\/wp\/v2\/comments?post=12"}],"version-history":[{"count":291,"href":"https:\/\/paratraduccion.com\/limiares\/fr\/wp-json\/wp\/v2\/pages\/12\/revisions"}],"predecessor-version":[{"id":127762,"href":"https:\/\/paratraduccion.com\/limiares\/fr\/wp-json\/wp\/v2\/pages\/12\/revisions\/127762"}],"wp:attachment":[{"href":"https:\/\/paratraduccion.com\/limiares\/fr\/wp-json\/wp\/v2\/media?parent=12"}],"curies":[{"name":"wp","href":"https:\/\/api.w.org\/{rel}","templated":true}]}}