{"id":37,"date":"2013-03-10T21:41:01","date_gmt":"2013-03-10T21:41:01","guid":{"rendered":"http:\/\/paratraduccion.com\/mestrado\/sara-menor\/"},"modified":"2018-01-08T11:31:30","modified_gmt":"2018-01-08T11:31:30","slug":"sara-menor","status":"publish","type":"page","link":"https:\/\/paratraduccion.com\/limiares\/fr\/sara-menor\/","title":{"rendered":"Menor Conde, Sara"},"content":{"rendered":"<p style=\"text-align: justify;\"><span style=\"font-family: tahoma, arial, helvetica, sans-serif; font-size: 12pt;\"><br \/>\n<img fetchpriority=\"high\" decoding=\"async\" class=\"size-medium wp-image-516 alignleft\" src=\"http:\/\/paratraduccion.com\/limiares\/wp-content\/uploads\/2013\/03\/Foto_Sara_Menor_2-320x302.jpg\" alt=\"Foto Sara Menor\" width=\"320\" height=\"302\" srcset=\"https:\/\/paratraduccion.com\/limiares\/wp-content\/uploads\/2013\/03\/Foto_Sara_Menor_2-320x302.jpg 320w, https:\/\/paratraduccion.com\/limiares\/wp-content\/uploads\/2013\/03\/Foto_Sara_Menor_2.jpg 368w\" sizes=\"(max-width: 320px) 100vw, 320px\" \/><\/span><\/p>\n<p style=\"text-align: justify;\">Sara Menor Conde \u00e9 Licenciada en Dereito pola Universidade de Vigo. Profesora Asociada de Dereito Mercantil desa mesma Universidade de Vigo dende octubre de 2001, e ponente en numerosos masters e cursos de especializaci\u00f3n.<\/p>\n<p style=\"text-align: justify;\">Adem\u00e1is \u00e9 avogada, adscrita o Ilustre Colexio de Avogados de Ourense, e autora de numerosos informes t\u00e9cnicos especializados e diversos artigos doctrinais tales como:<\/p>\n<ul>\n<li style=\"text-align: justify;\">\u201cUna aproximaci\u00f3n al concepto actual de Derecho Mar\u00edtimo\u201d, publicado no quinto n\u00famero do <em>Anuario de la Facultad de Derecho de Ourense<\/em>, ISSN: 1695-3452.<\/li>\n<li style=\"text-align: justify;\">\u201cLa promoci\u00f3n de destinos tur\u00edsticos como elemento de desarrollo econ\u00f3mico: el uso de signos geoturisticos\u201d, publicado no sexto n\u00famero do <em>Anuario de la Facultad de Derecho de Ourense<\/em>, ISSN: 1695-3452.<\/li>\n<li style=\"text-align: justify;\">\u201cAlgunas consideraciones del r\u00e9gimen jur\u00eddico aplicable a los traductores. A prop\u00f3sito de la vigente Ley de Propiedad Intelectual Espa\u00f1ola\u201d, publicado en <em>Traducci\u00f3n para la Comunicaci\u00f3n internacional<\/em>, Editorial Comares, ISBN: 978-84-9045-104-5.<\/li>\n<li style=\"text-align: justify;\">\u201cMapa de recursos existentes de Ayuda a la Dependencia de la Provincia de Ourense\u201d, publicado, xunto a V\u00e1zquez Abad Jes\u00fas, Rodr\u00edguez Comesa\u00f1a Lorenzo y Rodr\u00edguez L\u00f3pez Nuria, en <em>Ourense 2009-2017: Creaci\u00f3n de Empleo en el \u00e1mbito de la Atenci\u00f3n a Personas en situaci\u00f3n de Dependencia<\/em>. Edita Diputaci\u00f3n Provincial de Ourense, ISBN: 978-84-692-1911-9.<\/li>\n<\/ul>\n<p style=\"text-align: justify;\"><span style=\"font-family: tahoma, arial, helvetica, sans-serif; font-size: 12pt;\"><strong>Contacto:<\/strong>\u00a0<span style=\"font-size: 11pt; line-height: 115%; font-family: Calibri, sans-serif;\"><a href=\"mailto:saramc@uvigo.es\" target=\"_blank\" rel=\"noopener noreferrer\">saramc@uvigo.es<\/a><\/span><\/span><\/p>","protected":false},"excerpt":{"rendered":"<p>Sara Menor Conde \u00e9 Licenciada en Dereito pola Universidade de Vigo. Profesora Asociada de Dereito Mercantil desa mesma Universidade de Vigo dende octubre de 2001, e ponente en numerosos masters e cursos de especializaci\u00f3n. Adem\u00e1is \u00e9 avogada, adscrita o Ilustre Colexio de Avogados de Ourense, e autora de numerosos informes t\u00e9cnicos especializados e diversos artigos&hellip;<\/p>","protected":false},"author":1,"featured_media":36,"parent":0,"menu_order":12,"comment_status":"closed","ping_status":"closed","template":"","meta":{"footnotes":""},"_links":{"self":[{"href":"https:\/\/paratraduccion.com\/limiares\/fr\/wp-json\/wp\/v2\/pages\/37"}],"collection":[{"href":"https:\/\/paratraduccion.com\/limiares\/fr\/wp-json\/wp\/v2\/pages"}],"about":[{"href":"https:\/\/paratraduccion.com\/limiares\/fr\/wp-json\/wp\/v2\/types\/page"}],"author":[{"embeddable":true,"href":"https:\/\/paratraduccion.com\/limiares\/fr\/wp-json\/wp\/v2\/users\/1"}],"replies":[{"embeddable":true,"href":"https:\/\/paratraduccion.com\/limiares\/fr\/wp-json\/wp\/v2\/comments?post=37"}],"version-history":[{"count":4,"href":"https:\/\/paratraduccion.com\/limiares\/fr\/wp-json\/wp\/v2\/pages\/37\/revisions"}],"predecessor-version":[{"id":2041,"href":"https:\/\/paratraduccion.com\/limiares\/fr\/wp-json\/wp\/v2\/pages\/37\/revisions\/2041"}],"wp:featuredmedia":[{"embeddable":true,"href":"https:\/\/paratraduccion.com\/limiares\/fr\/wp-json\/wp\/v2\/media\/36"}],"wp:attachment":[{"href":"https:\/\/paratraduccion.com\/limiares\/fr\/wp-json\/wp\/v2\/media?parent=37"}],"curies":[{"name":"wp","href":"https:\/\/api.w.org\/{rel}","templated":true}]}}