{"id":118610,"date":"2021-06-30T11:52:13","date_gmt":"2021-06-30T11:52:13","guid":{"rendered":"http:\/\/paratraduccion.com\/limiares\/?page_id=118610"},"modified":"2023-10-30T19:13:07","modified_gmt":"2023-10-30T19:13:07","slug":"traballo-fin-de-mestrado","status":"publish","type":"page","link":"https:\/\/paratraduccion.com\/limiares\/pt\/traballo-fin-de-mestrado\/","title":{"rendered":"Trabalho de Fim de Mestrado"},"content":{"rendered":"<p style=\"font-size: 12.16px; margin-bottom: 0.0001pt; text-align: right;\"><a href=\"https:\/\/seix.uvigo.es\/docnet-nuevo\/guia_docent\/?centre=301&amp;ensenyament=V01M128V01&amp;consulta=assignatures&amp;idioma=cast&amp;idioma=gal\" target=\"_blank\" rel=\"noopener noreferrer\"><span style=\"font-family: tahoma, arial, helvetica, sans-serif; font-size: 12pt;\">Acesso \u00e0s guias docentes em galego<\/span><\/a><\/p>\n<p style=\"text-align: right;\" class=\" translation-block\"><span style=\"font-family: tahoma, arial, helvetica, sans-serif;font-size: 12pt\" data-mce-mark=\"1\"><a href=\"https:\/\/seix.uvigo.es\/docnet-nuevo\/guia_docent\/?centre=301&amp;ensenyament=V01M128V01&amp;consulta=assignatures&amp;idioma=gal&amp;idioma=cast\" target=\"_blank\" rel=\"noopener noreferrer\" role=\"link\">Acesso \u00e0s\u00a0<\/a><a href=\"https:\/\/seix.uvigo.es\/docnet-nuevo\/guia_docent\/?centre=301&amp;ensenyament=V01M128V01&amp;consulta=assignatures&amp;idioma=gal&amp;idioma=cast\" target=\"_blank\" rel=\"noopener noreferrer\" role=\"link\">guias docentes em espanhol<\/a><\/span><\/a><\/span><\/p>\n<p><span style=\"font-family: tahoma, arial, helvetica, sans-serif; font-size: 12pt;\" data-mce-mark=\"1\">\u00a0<\/span><\/p>\n<p style=\"text-align: justify;\"><strong><span style=\"color: #222222; font-family: Arial; font-size: 14px;\">\u00a0<\/span><\/strong><\/p>\n<p style=\"text-align: justify;\"><span style=\"font-size: 18pt;\"><strong><span style=\"color: #222222; font-family: Arial;\">Trabalho de Fim de Mestrado<\/span><\/strong><\/span><\/p>\n<p style=\"text-align: justify;\"><span style=\"color: #222222; font-family: Arial; font-size: 14px;\">(Prof. tutor\/a correspondente)<\/span><\/p>\n<p style=\"text-align: justify;\">O\u00a0<strong>Trabalho de Fim de Mestrado<\/strong>\u00a0(TFM) forma parte do plano de ensino de qualquer diploma oficial de mestrado. Este trabalho deve ser\u00a0<strong>Individual e original<\/strong>\u00a0enquanto a t\u00edtulo e conte\u00fado, e cada estudante dever\u00e1 realizar\u00a0<strong>de maneira aut\u00f4noma<\/strong> perante a tutoria de um docente. Nele, se deve demostrar que foram adquiridas as compet\u00eancias e os conte\u00fados formativos associados ao curso.<\/p>\n<p>Desde o ano letivo 2021-2022 a defesa do TFM se realizar\u00e1 diante de um jurado individual formado pelo tutor do TFM. Mais instru\u00e7\u00f5es na <a href=\"https:\/\/paratraduccion.com\/limiares\/pt\/tfm2023\/\">p\u00e1gina TFM<\/a> da p\u00e1gina web do MTCI.<\/p>","protected":false},"excerpt":{"rendered":"<p>Acceso \u00e1s gu\u00edas docentes en galego \u00a0Acceso \u00e1s\u00a0gu\u00edas docentes en castel\u00e1n \u00a0 \u00a0 Traballo Fin de Mestrado (Prof. titor\/a correspondente) O\u00a0Traballo de Fin de Mestrado\u00a0(TFM) forma parte do plan de estudos de calquera t\u00edtulo oficial de mestrado. Este traballo debe ser\u00a0persoal e orixinal\u00a0en canto a t\u00edtulo e contidos, e cada estudante deber\u00e1 realizalo\u00a0de xeito aut\u00f3nomo&hellip;<\/p>","protected":false},"author":1,"featured_media":0,"parent":0,"menu_order":0,"comment_status":"closed","ping_status":"closed","template":"","meta":{"footnotes":""},"_links":{"self":[{"href":"https:\/\/paratraduccion.com\/limiares\/pt\/wp-json\/wp\/v2\/pages\/118610"}],"collection":[{"href":"https:\/\/paratraduccion.com\/limiares\/pt\/wp-json\/wp\/v2\/pages"}],"about":[{"href":"https:\/\/paratraduccion.com\/limiares\/pt\/wp-json\/wp\/v2\/types\/page"}],"author":[{"embeddable":true,"href":"https:\/\/paratraduccion.com\/limiares\/pt\/wp-json\/wp\/v2\/users\/1"}],"replies":[{"embeddable":true,"href":"https:\/\/paratraduccion.com\/limiares\/pt\/wp-json\/wp\/v2\/comments?post=118610"}],"version-history":[{"count":10,"href":"https:\/\/paratraduccion.com\/limiares\/pt\/wp-json\/wp\/v2\/pages\/118610\/revisions"}],"predecessor-version":[{"id":125394,"href":"https:\/\/paratraduccion.com\/limiares\/pt\/wp-json\/wp\/v2\/pages\/118610\/revisions\/125394"}],"wp:attachment":[{"href":"https:\/\/paratraduccion.com\/limiares\/pt\/wp-json\/wp\/v2\/media?parent=118610"}],"curies":[{"name":"wp","href":"https:\/\/api.w.org\/{rel}","templated":true}]}}