{"id":123106,"date":"2022-08-22T11:02:20","date_gmt":"2022-08-22T11:02:20","guid":{"rendered":"https:\/\/paratraduccion.com\/limiares\/?page_id=123106"},"modified":"2023-10-05T12:13:27","modified_gmt":"2023-10-05T12:13:27","slug":"cronograma2023-2024","status":"publish","type":"page","link":"https:\/\/paratraduccion.com\/limiares\/pt\/cronograma2023-2024\/","title":{"rendered":"PROGRAMA\u00c7\u00c3O 2023-2024"},"content":{"rendered":"<div data-elementor-type=\"wp-page\" data-elementor-id=\"123106\" class=\"elementor elementor-123106\" data-elementor-post-type=\"page\">\n\t\t\t\t\t\t<section class=\"elementor-section elementor-top-section elementor-element elementor-element-9e205cf elementor-section-boxed elementor-section-height-default elementor-section-height-default\" data-id=\"9e205cf\" data-element_type=\"section\" data-settings=\"{&quot;jet_parallax_layout_list&quot;:[]}\">\n\t\t\t\t\t\t<div class=\"elementor-container elementor-column-gap-default\">\n\t\t\t\t\t<div class=\"elementor-column elementor-col-100 elementor-top-column elementor-element elementor-element-3923c40\" data-id=\"3923c40\" data-element_type=\"column\">\n\t\t\t<div class=\"elementor-widget-wrap elementor-element-populated\">\n\t\t\t\t\t\t<div class=\"elementor-element elementor-element-c8cd65d elementor-hidden-tablet elementor-hidden-mobile elementor-widget elementor-widget-spacer\" data-id=\"c8cd65d\" data-element_type=\"widget\" data-widget_type=\"spacer.default\">\n\t\t\t\t<div class=\"elementor-widget-container\">\n\t\t\t\t\t<div class=\"elementor-spacer\">\n\t\t\t<div class=\"elementor-spacer-inner\"><\/div>\n\t\t<\/div>\n\t\t\t\t<\/div>\n\t\t\t\t<\/div>\n\t\t\t\t<div class=\"elementor-element elementor-element-3f29740 elementor-hidden-desktop elementor-widget elementor-widget-spacer\" data-id=\"3f29740\" data-element_type=\"widget\" data-widget_type=\"spacer.default\">\n\t\t\t\t<div class=\"elementor-widget-container\">\n\t\t\t\t\t<div class=\"elementor-spacer\">\n\t\t\t<div class=\"elementor-spacer-inner\"><\/div>\n\t\t<\/div>\n\t\t\t\t<\/div>\n\t\t\t\t<\/div>\n\t\t\t\t\t<\/div>\n\t\t<\/div>\n\t\t\t\t\t<\/div>\n\t\t<\/section>\n\t\t\t\t<section class=\"elementor-section elementor-top-section elementor-element elementor-element-c95a24e elementor-section-boxed elementor-section-height-default elementor-section-height-default\" data-id=\"c95a24e\" data-element_type=\"section\" data-settings=\"{&quot;jet_parallax_layout_list&quot;:[]}\">\n\t\t\t\t\t\t<div class=\"elementor-container elementor-column-gap-default\">\n\t\t\t\t\t<div class=\"elementor-column elementor-col-100 elementor-top-column elementor-element elementor-element-576ba1a\" data-id=\"576ba1a\" data-element_type=\"column\">\n\t\t\t<div class=\"elementor-widget-wrap\">\n\t\t\t\t\t\t\t<\/div>\n\t\t<\/div>\n\t\t\t\t\t<\/div>\n\t\t<\/section>\n\t\t\t\t<\/div>","protected":false},"excerpt":{"rendered":"<p>CRONOGRAMA 2023-2024 Cada materia ten unha duraci\u00f3n dun mes, con\u00a0tres d\u00edas de\u00a0sesi\u00f3ns presenciais repartidas en semanas alternas en horario de 16.00 h a 20.00 h\u00a0(12 horas en total)\u00a0cunha pausa de 10 minutos.\u00a0 Cada materia ser\u00e1 impartida polo profesorado en sesi\u00f3n presencial na s\u00faa aula f\u00edsica correspondente da Facultade de Filolox\u00eda e Traduci\u00f3n (FFT) da Universidade&hellip;<\/p>","protected":false},"author":1,"featured_media":0,"parent":0,"menu_order":0,"comment_status":"closed","ping_status":"closed","template":"","meta":{"footnotes":""},"_links":{"self":[{"href":"https:\/\/paratraduccion.com\/limiares\/pt\/wp-json\/wp\/v2\/pages\/123106"}],"collection":[{"href":"https:\/\/paratraduccion.com\/limiares\/pt\/wp-json\/wp\/v2\/pages"}],"about":[{"href":"https:\/\/paratraduccion.com\/limiares\/pt\/wp-json\/wp\/v2\/types\/page"}],"author":[{"embeddable":true,"href":"https:\/\/paratraduccion.com\/limiares\/pt\/wp-json\/wp\/v2\/users\/1"}],"replies":[{"embeddable":true,"href":"https:\/\/paratraduccion.com\/limiares\/pt\/wp-json\/wp\/v2\/comments?post=123106"}],"version-history":[{"count":97,"href":"https:\/\/paratraduccion.com\/limiares\/pt\/wp-json\/wp\/v2\/pages\/123106\/revisions"}],"predecessor-version":[{"id":125732,"href":"https:\/\/paratraduccion.com\/limiares\/pt\/wp-json\/wp\/v2\/pages\/123106\/revisions\/125732"}],"wp:attachment":[{"href":"https:\/\/paratraduccion.com\/limiares\/pt\/wp-json\/wp\/v2\/media?parent=123106"}],"curies":[{"name":"wp","href":"https:\/\/api.w.org\/{rel}","templated":true}]}}