{"id":11807,"date":"2023-10-29T20:40:05","date_gmt":"2023-10-29T20:40:05","guid":{"rendered":"https:\/\/paratraduccion.com\/paratradit\/?page_id=11807"},"modified":"2025-08-10T09:14:03","modified_gmt":"2025-08-10T09:14:03","slug":"bienvenida-2","status":"publish","type":"page","link":"https:\/\/paratraduccion.com\/paratradit\/en\/","title":{"rendered":"Welcome"},"content":{"rendered":"<div data-elementor-type=\"wp-page\" data-elementor-id=\"11807\" class=\"elementor elementor-11807\" data-elementor-post-type=\"page\">\n\t\t\t\t\t\t\t\t\t<section class=\"elementor-section elementor-top-section elementor-element elementor-element-e880d23 elementor-section-boxed elementor-section-height-default elementor-section-height-default\" data-id=\"e880d23\" data-element_type=\"section\" data-settings=\"{&quot;_ha_eqh_enable&quot;:false}\">\n\t\t\t\t\t\t<div class=\"elementor-container elementor-column-gap-default\">\n\t\t\t\t\t<div class=\"elementor-column elementor-col-33 elementor-top-column elementor-element elementor-element-5c9423ff\" data-id=\"5c9423ff\" data-element_type=\"column\">\n\t\t\t<div class=\"elementor-widget-wrap elementor-element-populated\">\n\t\t\t\t\t\t\t\t<div class=\"elementor-element elementor-element-a884143 elementor-align-center ha-advanced-tooltip-enable ha-advanced-tooltip-top elementor-invisible elementor-widget elementor-widget-the7_button_widget\" data-id=\"a884143\" data-element_type=\"widget\" data-settings=\"{&quot;ha_advanced_tooltip_content&quot;:&quot;Descargar&quot;,&quot;ha_advanced_tooltip_animation&quot;:&quot;ha_zoomIn&quot;,&quot;sticky&quot;:&quot;top&quot;,&quot;_animation&quot;:&quot;zoomIn&quot;,&quot;ha_advanced_tooltip_enable&quot;:&quot;enable&quot;,&quot;ha_advanced_tooltip_position&quot;:&quot;top&quot;,&quot;ha_advanced_tooltip_duration&quot;:1000,&quot;ha_advanced_tooltip_trigger&quot;:&quot;hover&quot;,&quot;sticky_on&quot;:[&quot;desktop&quot;,&quot;tablet&quot;,&quot;mobile&quot;],&quot;sticky_offset&quot;:0,&quot;sticky_effects_offset&quot;:0}\" data-widget_type=\"the7_button_widget.default\">\n\t\t\t\t<div class=\"elementor-widget-container\">\n\t\t\t<div class=\"elementor-button-wrapper\"><a href=\"Access to the final schedule\" target=\"_blank\" class=\"box-button elementor-button elementor-size-lg\">Acceso al programa definitivo<i aria-hidden=\"true\" class=\"elementor-button-icon hm hm-scheduled-section\"><\/i><\/a><\/div>\t\t<\/div>\n\t\t\t\t<\/div>\n\t\t\t\t<div class=\"elementor-element elementor-element-dafef67 elementor-widget elementor-widget-spacer\" data-id=\"dafef67\" data-element_type=\"widget\" data-widget_type=\"spacer.default\">\n\t\t\t\t<div class=\"elementor-widget-container\">\n\t\t\t\t\t<div class=\"elementor-spacer\">\n\t\t\t<div class=\"elementor-spacer-inner\"><\/div>\n\t\t<\/div>\n\t\t\t\t<\/div>\n\t\t\t\t<\/div>\n\t\t\t\t\t<\/div>\n\t\t<\/div>\n\t\t\t\t<div class=\"elementor-column elementor-col-33 elementor-top-column elementor-element elementor-element-7dec429\" data-id=\"7dec429\" data-element_type=\"column\">\n\t\t\t<div class=\"elementor-widget-wrap elementor-element-populated\">\n\t\t\t\t\t\t\t\t<div class=\"elementor-element elementor-element-85ef82d elementor-align-center ha-advanced-tooltip-enable ha-advanced-tooltip-top elementor-invisible elementor-widget elementor-widget-the7_button_widget\" data-id=\"85ef82d\" data-element_type=\"widget\" data-settings=\"{&quot;ha_advanced_tooltip_content&quot;:&quot;Descargar&quot;,&quot;ha_advanced_tooltip_animation&quot;:&quot;ha_zoomIn&quot;,&quot;sticky&quot;:&quot;top&quot;,&quot;_animation&quot;:&quot;zoomIn&quot;,&quot;ha_advanced_tooltip_enable&quot;:&quot;enable&quot;,&quot;ha_advanced_tooltip_position&quot;:&quot;top&quot;,&quot;ha_advanced_tooltip_duration&quot;:1000,&quot;ha_advanced_tooltip_trigger&quot;:&quot;hover&quot;,&quot;sticky_on&quot;:[&quot;desktop&quot;,&quot;tablet&quot;,&quot;mobile&quot;],&quot;sticky_offset&quot;:0,&quot;sticky_effects_offset&quot;:0}\" data-widget_type=\"the7_button_widget.default\">\n\t\t\t\t<div class=\"elementor-widget-container\">\n\t\t\t<div class=\"elementor-button-wrapper\"><a href=\"https:\/\/paratraduccion.com\/paratradit\/wp-content\/uploads\/2024\/03\/UVigo_Acceso_Campus_Remoto_ES-EN.pdf\" target=\"_blank\" class=\"box-button elementor-button elementor-size-lg\">Access guide to Online Campus (ES\/EN)<i aria-hidden=\"true\" class=\"elementor-button-icon hm hm-mouse\"><\/i><\/a><\/div>\t\t<\/div>\n\t\t\t\t<\/div>\n\t\t\t\t\t<\/div>\n\t\t<\/div>\n\t\t\t\t<div class=\"elementor-column elementor-col-33 elementor-top-column elementor-element elementor-element-9bf56cd\" data-id=\"9bf56cd\" data-element_type=\"column\">\n\t\t\t<div class=\"elementor-widget-wrap elementor-element-populated\">\n\t\t\t\t\t\t\t\t<div class=\"elementor-element elementor-element-72d023d elementor-align-center ha-advanced-tooltip-enable ha-advanced-tooltip-top elementor-invisible elementor-widget elementor-widget-the7_button_widget\" data-id=\"72d023d\" data-element_type=\"widget\" data-settings=\"{&quot;ha_advanced_tooltip_content&quot;:&quot;Descargar&quot;,&quot;ha_advanced_tooltip_animation&quot;:&quot;ha_zoomIn&quot;,&quot;sticky&quot;:&quot;top&quot;,&quot;_animation&quot;:&quot;zoomIn&quot;,&quot;ha_advanced_tooltip_enable&quot;:&quot;enable&quot;,&quot;ha_advanced_tooltip_position&quot;:&quot;top&quot;,&quot;ha_advanced_tooltip_duration&quot;:1000,&quot;ha_advanced_tooltip_trigger&quot;:&quot;hover&quot;,&quot;sticky_on&quot;:[&quot;desktop&quot;,&quot;tablet&quot;,&quot;mobile&quot;],&quot;sticky_offset&quot;:0,&quot;sticky_effects_offset&quot;:0}\" data-widget_type=\"the7_button_widget.default\">\n\t\t\t\t<div class=\"elementor-widget-container\">\n\t\t\t<div class=\"elementor-button-wrapper\"><a href=\"https:\/\/paratraduccion.com\/paratradit\/wp-content\/uploads\/2024\/03\/Libro_de_resumenes_ParatradIT_VF-1-1.pdf\" target=\"_blank\" class=\"box-button elementor-button elementor-size-lg\">Access to the abstract book<i aria-hidden=\"true\" class=\"elementor-button-icon fas fa-bookmark\"><\/i><\/a><\/div>\t\t<\/div>\n\t\t\t\t<\/div>\n\t\t\t\t\t<\/div>\n\t\t<\/div>\n\t\t\t\t\t\t\t<\/div>\n\t\t<\/section>\n\t\t\t\t<section class=\"elementor-section elementor-top-section elementor-element elementor-element-0aa1bfb elementor-section-boxed elementor-section-height-default elementor-section-height-default\" data-id=\"0aa1bfb\" data-element_type=\"section\" data-settings=\"{&quot;_ha_eqh_enable&quot;:false}\">\n\t\t\t\t\t\t<div class=\"elementor-container elementor-column-gap-default\">\n\t\t\t\t\t<div class=\"elementor-column elementor-col-33 elementor-top-column elementor-element elementor-element-a83c8ba\" data-id=\"a83c8ba\" data-element_type=\"column\">\n\t\t\t<div class=\"elementor-widget-wrap elementor-element-populated\">\n\t\t\t\t\t\t\t\t<div class=\"elementor-element elementor-element-956efed elementor-widget elementor-widget-spacer\" data-id=\"956efed\" data-element_type=\"widget\" data-widget_type=\"spacer.default\">\n\t\t\t\t<div class=\"elementor-widget-container\">\n\t\t\t\t\t<div class=\"elementor-spacer\">\n\t\t\t<div class=\"elementor-spacer-inner\"><\/div>\n\t\t<\/div>\n\t\t\t\t<\/div>\n\t\t\t\t<\/div>\n\t\t\t\t\t<\/div>\n\t\t<\/div>\n\t\t\t\t<div class=\"elementor-column elementor-col-33 elementor-top-column elementor-element elementor-element-47fdd50\" data-id=\"47fdd50\" data-element_type=\"column\">\n\t\t\t<div class=\"elementor-widget-wrap elementor-element-populated\">\n\t\t\t\t\t\t\t\t<div class=\"elementor-element elementor-element-27ea99e elementor-align-center ha-advanced-tooltip-enable ha-advanced-tooltip-top elementor-invisible elementor-widget elementor-widget-the7_button_widget\" data-id=\"27ea99e\" data-element_type=\"widget\" data-settings=\"{&quot;ha_advanced_tooltip_content&quot;:&quot;Descargar&quot;,&quot;ha_advanced_tooltip_animation&quot;:&quot;ha_zoomIn&quot;,&quot;sticky&quot;:&quot;top&quot;,&quot;_animation&quot;:&quot;zoomIn&quot;,&quot;ha_advanced_tooltip_enable&quot;:&quot;enable&quot;,&quot;ha_advanced_tooltip_position&quot;:&quot;top&quot;,&quot;ha_advanced_tooltip_duration&quot;:1000,&quot;ha_advanced_tooltip_trigger&quot;:&quot;hover&quot;,&quot;sticky_on&quot;:[&quot;desktop&quot;,&quot;tablet&quot;,&quot;mobile&quot;],&quot;sticky_offset&quot;:0,&quot;sticky_effects_offset&quot;:0}\" data-widget_type=\"the7_button_widget.default\">\n\t\t\t\t<div class=\"elementor-widget-container\">\n\t\t\t<div class=\"elementor-button-wrapper\"><a href=\"https:\/\/paratraduccion.com\/paratradit\/wp-content\/uploads\/2024\/02\/plano-de-la-FFT_Paratradit-1.pdf\" target=\"_blank\" class=\"box-button elementor-button elementor-size-lg\">Access to the Faculty Map<i aria-hidden=\"true\" class=\"elementor-button-icon fas fa-map-marked-alt\"><\/i><\/a><\/div>\t\t<\/div>\n\t\t\t\t<\/div>\n\t\t\t\t\t<\/div>\n\t\t<\/div>\n\t\t\t\t<div class=\"elementor-column elementor-col-33 elementor-top-column elementor-element elementor-element-d88f657\" data-id=\"d88f657\" data-element_type=\"column\">\n\t\t\t<div class=\"elementor-widget-wrap\">\n\t\t\t\t\t\t\t\t\t<\/div>\n\t\t<\/div>\n\t\t\t\t\t\t\t<\/div>\n\t\t<\/section>\n\t\t\t\t<section class=\"elementor-section elementor-top-section elementor-element elementor-element-473612c elementor-section-boxed elementor-section-height-default elementor-section-height-default\" data-id=\"473612c\" data-element_type=\"section\" data-settings=\"{&quot;_ha_eqh_enable&quot;:false}\">\n\t\t\t\t\t\t<div class=\"elementor-container elementor-column-gap-default\">\n\t\t\t\t\t<div class=\"elementor-column elementor-col-100 elementor-top-column elementor-element elementor-element-d721671\" data-id=\"d721671\" data-element_type=\"column\">\n\t\t\t<div class=\"elementor-widget-wrap elementor-element-populated\">\n\t\t\t\t\t\t\t\t<div class=\"elementor-element elementor-element-67f40de elementor-align-center ha-advanced-tooltip-enable ha-advanced-tooltip-top elementor-invisible elementor-widget elementor-widget-the7_button_widget\" data-id=\"67f40de\" data-element_type=\"widget\" data-settings=\"{&quot;ha_advanced_tooltip_content&quot;:&quot;Descargar&quot;,&quot;ha_advanced_tooltip_animation&quot;:&quot;ha_zoomIn&quot;,&quot;sticky&quot;:&quot;top&quot;,&quot;_animation&quot;:&quot;zoomIn&quot;,&quot;ha_advanced_tooltip_enable&quot;:&quot;enable&quot;,&quot;ha_advanced_tooltip_position&quot;:&quot;top&quot;,&quot;ha_advanced_tooltip_duration&quot;:1000,&quot;ha_advanced_tooltip_trigger&quot;:&quot;hover&quot;,&quot;sticky_on&quot;:[&quot;desktop&quot;,&quot;tablet&quot;,&quot;mobile&quot;],&quot;sticky_offset&quot;:0,&quot;sticky_effects_offset&quot;:0}\" data-no-translation=\"\" data-widget_type=\"the7_button_widget.default\">\n\t\t\t\t<div class=\"elementor-widget-container\">\n\t\t\t<style>.elementor-element-67f40de{display:none !important}<\/style>\t\t<\/div>\n\t\t\t\t<\/div>\n\t\t\t\t<div class=\"elementor-element elementor-element-ab081e3 elementor-align-center ha-advanced-tooltip-enable ha-advanced-tooltip-top elementor-invisible elementor-widget elementor-widget-the7_button_widget\" data-id=\"ab081e3\" data-element_type=\"widget\" data-settings=\"{&quot;ha_advanced_tooltip_content&quot;:&quot;Descargar&quot;,&quot;ha_advanced_tooltip_animation&quot;:&quot;ha_zoomIn&quot;,&quot;sticky&quot;:&quot;top&quot;,&quot;_animation&quot;:&quot;zoomIn&quot;,&quot;ha_advanced_tooltip_enable&quot;:&quot;enable&quot;,&quot;ha_advanced_tooltip_position&quot;:&quot;top&quot;,&quot;ha_advanced_tooltip_duration&quot;:1000,&quot;ha_advanced_tooltip_trigger&quot;:&quot;hover&quot;,&quot;sticky_on&quot;:[&quot;desktop&quot;,&quot;tablet&quot;,&quot;mobile&quot;],&quot;sticky_offset&quot;:0,&quot;sticky_effects_offset&quot;:0}\" data-no-translation=\"\" data-widget_type=\"the7_button_widget.default\">\n\t\t\t\t<div class=\"elementor-widget-container\">\n\t\t\t<style>.elementor-element-ab081e3{display:none !important}<\/style>\t\t<\/div>\n\t\t\t\t<\/div>\n\t\t\t\t<div class=\"elementor-element elementor-element-21fdc9d elementor-align-center ha-advanced-tooltip-enable ha-advanced-tooltip-top elementor-invisible elementor-widget elementor-widget-the7_button_widget\" data-id=\"21fdc9d\" data-element_type=\"widget\" data-settings=\"{&quot;ha_advanced_tooltip_content&quot;:&quot;Download&quot;,&quot;ha_advanced_tooltip_animation&quot;:&quot;ha_zoomIn&quot;,&quot;sticky&quot;:&quot;top&quot;,&quot;_animation&quot;:&quot;zoomIn&quot;,&quot;ha_advanced_tooltip_enable&quot;:&quot;enable&quot;,&quot;ha_advanced_tooltip_position&quot;:&quot;top&quot;,&quot;ha_advanced_tooltip_duration&quot;:1000,&quot;ha_advanced_tooltip_trigger&quot;:&quot;hover&quot;,&quot;sticky_on&quot;:[&quot;desktop&quot;,&quot;tablet&quot;,&quot;mobile&quot;],&quot;sticky_offset&quot;:0,&quot;sticky_effects_offset&quot;:0}\" data-no-translation=\"\" data-widget_type=\"the7_button_widget.default\">\n\t\t\t\t<div class=\"elementor-widget-container\">\n\t\t\t<div class=\"elementor-button-wrapper\"><a href=\"https:\/\/paratraduccion.com\/paratradit\/wp-content\/uploads\/2023\/10\/EN_Guia-rapida.FINAL_.pdf\" target=\"_blank\" class=\"box-button elementor-button elementor-size-lg\">Quick guide for a successful registration<i aria-hidden=\"true\" class=\"elementor-button-icon far fa-edit\"><\/i><\/a><\/div>\t\t<\/div>\n\t\t\t\t<\/div>\n\t\t\t\t<div class=\"elementor-element elementor-element-cd82dc8 elementor-align-center ha-advanced-tooltip-enable ha-advanced-tooltip-top elementor-invisible elementor-widget elementor-widget-the7_button_widget\" data-id=\"cd82dc8\" data-element_type=\"widget\" data-settings=\"{&quot;ha_advanced_tooltip_content&quot;:&quot;Descarga&quot;,&quot;ha_advanced_tooltip_animation&quot;:&quot;ha_zoomIn&quot;,&quot;sticky&quot;:&quot;top&quot;,&quot;_animation&quot;:&quot;zoomIn&quot;,&quot;ha_advanced_tooltip_enable&quot;:&quot;enable&quot;,&quot;ha_advanced_tooltip_position&quot;:&quot;top&quot;,&quot;ha_advanced_tooltip_duration&quot;:1000,&quot;ha_advanced_tooltip_trigger&quot;:&quot;hover&quot;,&quot;sticky_on&quot;:[&quot;desktop&quot;,&quot;tablet&quot;,&quot;mobile&quot;],&quot;sticky_offset&quot;:0,&quot;sticky_effects_offset&quot;:0}\" data-no-translation=\"\" data-widget_type=\"the7_button_widget.default\">\n\t\t\t\t<div class=\"elementor-widget-container\">\n\t\t\t<style>.elementor-element-cd82dc8{display:none !important}<\/style>\t\t<\/div>\n\t\t\t\t<\/div>\n\t\t\t\t<div class=\"elementor-element elementor-element-aca31c8 elementor-align-center ha-advanced-tooltip-enable ha-advanced-tooltip-top elementor-invisible elementor-widget elementor-widget-the7_button_widget\" data-id=\"aca31c8\" data-element_type=\"widget\" data-settings=\"{&quot;ha_advanced_tooltip_content&quot;:&quot;d\\u00e9charge&quot;,&quot;ha_advanced_tooltip_animation&quot;:&quot;ha_zoomIn&quot;,&quot;sticky&quot;:&quot;top&quot;,&quot;_animation&quot;:&quot;zoomIn&quot;,&quot;ha_advanced_tooltip_enable&quot;:&quot;enable&quot;,&quot;ha_advanced_tooltip_position&quot;:&quot;top&quot;,&quot;ha_advanced_tooltip_duration&quot;:1000,&quot;ha_advanced_tooltip_trigger&quot;:&quot;hover&quot;,&quot;sticky_on&quot;:[&quot;desktop&quot;,&quot;tablet&quot;,&quot;mobile&quot;],&quot;sticky_offset&quot;:0,&quot;sticky_effects_offset&quot;:0}\" data-no-translation=\"\" data-widget_type=\"the7_button_widget.default\">\n\t\t\t\t<div class=\"elementor-widget-container\">\n\t\t\t<style>.elementor-element-aca31c8{display:none !important}<\/style>\t\t<\/div>\n\t\t\t\t<\/div>\n\t\t\t\t<div class=\"elementor-element elementor-element-87940fc elementor-widget elementor-widget-spacer\" data-id=\"87940fc\" data-element_type=\"widget\" data-widget_type=\"spacer.default\">\n\t\t\t\t<div class=\"elementor-widget-container\">\n\t\t\t\t\t<div class=\"elementor-spacer\">\n\t\t\t<div class=\"elementor-spacer-inner\"><\/div>\n\t\t<\/div>\n\t\t\t\t<\/div>\n\t\t\t\t<\/div>\n\t\t\t\t\t<\/div>\n\t\t<\/div>\n\t\t\t\t\t\t\t<\/div>\n\t\t<\/section>\n\t\t\t\t<section class=\"elementor-section elementor-top-section elementor-element elementor-element-75bd501 elementor-section-boxed elementor-section-height-default elementor-section-height-default\" data-id=\"75bd501\" data-element_type=\"section\" data-settings=\"{&quot;_ha_eqh_enable&quot;:false}\">\n\t\t\t\t\t\t<div class=\"elementor-container elementor-column-gap-default\">\n\t\t\t\t\t<div class=\"elementor-column elementor-col-100 elementor-top-column elementor-element elementor-element-32c8d8d\" data-id=\"32c8d8d\" data-element_type=\"column\">\n\t\t\t<div class=\"elementor-widget-wrap elementor-element-populated\">\n\t\t\t\t\t\t\t\t<div class=\"elementor-element elementor-element-5436ad5 elementor-widget elementor-widget-spacer\" data-id=\"5436ad5\" data-element_type=\"widget\" data-widget_type=\"spacer.default\">\n\t\t\t\t<div class=\"elementor-widget-container\">\n\t\t\t\t\t<div class=\"elementor-spacer\">\n\t\t\t<div class=\"elementor-spacer-inner\"><\/div>\n\t\t<\/div>\n\t\t\t\t<\/div>\n\t\t\t\t<\/div>\n\t\t\t\t<div class=\"elementor-element elementor-element-bc98c88 elementor-widget elementor-widget-the7-heading\" data-id=\"bc98c88\" data-element_type=\"widget\" data-widget_type=\"the7-heading.default\">\n\t\t\t\t<div class=\"elementor-widget-container\">\n\t\t\t<h2 class=\"the7-heading-title elementor-size-medium\"><h2 style=\"text-align: center;\" class=\" translation-block\"><span style=\"font-family: georgia\"><span style=\"font-weight: 400\">We welcome you to \n<\/span><b><span style=\"color: #ff0000\">Para<span style=\"color: #000000\">t<\/span><\/span>radIT-2024_UVigo_T<\/b><span style=\"color: #808080\"><b>&amp;<\/b><\/span><span style=\"color: #ff0000\"><b>P<\/b><\/span><\/span><\/h2><\/h2>\t\t<\/div>\n\t\t\t\t<\/div>\n\t\t\t\t<div class=\"elementor-element elementor-element-8e464a8 elementor-widget elementor-widget-text-editor\" data-id=\"8e464a8\" data-element_type=\"widget\" data-widget_type=\"text-editor.default\">\n\t\t\t\t<div class=\"elementor-widget-container\">\n\t\t\t\t\t\t\t<h4 style=\"text-align: center;\" class=\" translation-block\"><span style=\"font-family: georgia, palatino\"><em>1st International Congress on <strong><span style=\"color: #ff0000\">Para<\/span>trad<\/strong>uction, <strong>I<\/strong>nterlinguas and Transmedia<\/em><\/span><\/h4><h3 style=\"text-align: center;\" class=\" translation-block\"><span style=\"color: #ff6600;font-family: verdana, geneva\"><b>Congress held in face-to-face and<\/b><\/span><span style=\"color: #ff6600;font-family: verdana, geneva\"><b> <\/b><\/span><span style=\"color: #ff6600;font-family: verdana, geneva\"><b>online formats<\/b><\/span><b><\/b><\/h3><p class=\" translation-block\"><span style=\"font-family: georgia, palatino;color: #333333;font-size: 16px\"><span style=\"font-weight: 400\">The 1st edition of the<\/span><i><span style=\"font-weight: 400\"> International Congress on <\/span><\/i><span style=\"color: #ff0000\"><b><i>Para<\/i><\/b><\/span><b><i>trad<\/i><\/b><i><span style=\"font-weight: 400\">uction, <\/span><\/i><b><i>I<\/i><\/b><i><span style=\"font-weight: 400\">nterlinguas and <\/span><\/i><b><i>T<\/i><\/b><i><span style=\"font-weight: 400\">ransmedia (<\/span><\/i><span style=\"color: #ff0000\"><strong><i>Para<\/i><\/strong><\/span><i><span style=\"font-weight: 400\"><strong>tradIT<\/strong>), <\/span><\/i><span style=\"font-weight: 400\">to be held in 2024 at the Faculty of Philology and Translation of the University of Vigo, aims to be the first scientific event in a series that, over the years, will study the prevailing social, cultural, political and, above all, technological circumstances for translating between languages (<\/span><i><span style=\"font-weight: 400\">interlinguas<\/span><\/i><span style=\"font-weight: 400\">) in the era of transmedia narratives on and off screen.<\/span><\/span><\/p><p class=\" translation-block\"><span style=\"font-family: georgia, palatino;color: #333333;font-size: 16px\"><span style=\"font-weight: 400\">Organized by the<\/span><span style=\"color: #00ccff\"><a style=\"color: #00ccff\" href=\"http:\/\/paratraduccion.com\/doctorado\/grupo-de-investigacion-tp\/\" target=\"_blank\" rel=\"noopener\"> <span style=\"font-weight: 400\">Research Group TI4 Translation <\/span><span style=\"font-weight: 400\">&amp;<\/span> <span style=\"font-weight: 400\">Para<\/span><span style=\"font-weight: 400\">translation (T<\/span><span style=\"font-weight: 400\">&amp;<\/span><span style=\"font-weight: 400\">P<\/span><\/a><\/span><span style=\"font-weight: 400\"><span style=\"color: #00ccff\">)<\/span> of the University of Vigo in collaboration with the University of C\u00f3rdoba, it will be held <strong><span style=\"color: #ff6600\">both in <\/span><\/strong><\/span><strong><span style=\"color: #ff6600\">face-to-face and online formats<\/span><\/strong> <b><span style=\"color: #339966\">from 20 to 22 March 2024<\/span><\/b><span style=\"font-weight: 400\">. The languages of the congress are five: Spanish, Galician, French, English and Portuguese. We invite you to take part in the sessions that will take place during the three days of the Congress.<\/span><\/span><\/p>\t\t\t\t\t\t<\/div>\n\t\t\t\t<\/div>\n\t\t\t\t<div class=\"elementor-element elementor-element-60c9753 elementor-widget elementor-widget-spacer\" data-id=\"60c9753\" data-element_type=\"widget\" data-widget_type=\"spacer.default\">\n\t\t\t\t<div class=\"elementor-widget-container\">\n\t\t\t\t\t<div class=\"elementor-spacer\">\n\t\t\t<div class=\"elementor-spacer-inner\"><\/div>\n\t\t<\/div>\n\t\t\t\t<\/div>\n\t\t\t\t<\/div>\n\t\t\t\t<div class=\"elementor-element elementor-element-98fe4e2 elementor-cta--skin-cover elementor-animated-content elementor-bg-transform elementor-bg-transform-zoom-in elementor-widget elementor-widget-call-to-action\" data-id=\"98fe4e2\" data-element_type=\"widget\" data-widget_type=\"call-to-action.default\">\n\t\t\t\t<div class=\"elementor-widget-container\">\n\t\t\t\t\t<div class=\"elementor-cta\">\n\t\t\t\t\t<div class=\"elementor-cta__bg-wrapper\">\n\t\t\t\t<div class=\"elementor-cta__bg elementor-bg\" style=\"background-image: url(https:\/\/paratraduccion.com\/paratradit\/wp-content\/uploads\/2023\/09\/paratradit_image_header-1024x384.jpg);\" role=\"img\" aria-label=\"paratradit_image_header\"><\/div>\n\t\t\t\t<div class=\"elementor-cta__bg-overlay\"><\/div>\n\t\t\t<\/div>\n\t\t\t\t\t\t\t<div class=\"elementor-cta__content\">\n\t\t\t\t\n\t\t\t\t\t\t\t\t\t<h2 class=\"elementor-cta__title elementor-cta__content-item elementor-content-item elementor-animated-item--grow\">\n\t\t\t\t\t\tPaper publication\t\t\t\t\t<\/h2>\n\t\t\t\t\n\t\t\t\t\t\t\t\t\t<div class=\"elementor-cta__description elementor-cta__content-item elementor-content-item elementor-animated-item--grow\">\n\t\t\t\t\t\t*Any communication assessed positively by blind peers from the Scientific Committee will be published, either as a book chapter or a journal article, by a Spanish or foreign publisher indexed in SPI (Ranking: Scholarly Publishers Indicators) with Quartile Q1.\t\t\t\t\t<\/div>\n\t\t\t\t\n\t\t\t\t\t\t\t<\/div>\n\t\t\t\t\t\t<\/div>\n\t\t\t\t<\/div>\n\t\t\t\t<\/div>\n\t\t\t\t\t<\/div>\n\t\t<\/div>\n\t\t\t\t\t\t\t<\/div>\n\t\t<\/section>\n\t\t\t\t\t\t\t<\/div>","protected":false},"excerpt":{"rendered":"<p>Acceso al programa definitivo Gu\u00eda para conectarse al Campus Remoto (ES\/EN) Acceso al libro de res\u00famenes Acceso al Plano de la Facultad Gu\u00eda r\u00e1pida para inscribirse correctamente Os damos la bienvenida a ParatradIT-2024_UVigo_T&amp;P I Congreso Internacional de Paratraducci\u00f3n, Interlinguas y Transmedia Congreso realizado en modalidad presencial y\u00a0en red\u00a0 La I edici\u00f3n del Congreso Internacional de&hellip;<\/p>","protected":false},"author":2,"featured_media":0,"parent":0,"menu_order":0,"comment_status":"closed","ping_status":"closed","template":"","meta":{"footnotes":""},"class_list":["post-11807","page","type-page","status-publish","hentry"],"_links":{"self":[{"href":"https:\/\/paratraduccion.com\/paratradit\/en\/wp-json\/wp\/v2\/pages\/11807","targetHints":{"allow":["GET"]}}],"collection":[{"href":"https:\/\/paratraduccion.com\/paratradit\/en\/wp-json\/wp\/v2\/pages"}],"about":[{"href":"https:\/\/paratraduccion.com\/paratradit\/en\/wp-json\/wp\/v2\/types\/page"}],"author":[{"embeddable":true,"href":"https:\/\/paratraduccion.com\/paratradit\/en\/wp-json\/wp\/v2\/users\/2"}],"replies":[{"embeddable":true,"href":"https:\/\/paratraduccion.com\/paratradit\/en\/wp-json\/wp\/v2\/comments?post=11807"}],"version-history":[{"count":90,"href":"https:\/\/paratraduccion.com\/paratradit\/en\/wp-json\/wp\/v2\/pages\/11807\/revisions"}],"predecessor-version":[{"id":12500,"href":"https:\/\/paratraduccion.com\/paratradit\/en\/wp-json\/wp\/v2\/pages\/11807\/revisions\/12500"}],"wp:attachment":[{"href":"https:\/\/paratraduccion.com\/paratradit\/en\/wp-json\/wp\/v2\/media?parent=11807"}],"curies":[{"name":"wp","href":"https:\/\/api.w.org\/{rel}","templated":true}]}}