{"id":12311,"date":"2024-02-20T12:18:41","date_gmt":"2024-02-20T12:18:41","guid":{"rendered":"https:\/\/paratraduccion.com\/paratradit\/?page_id=12311"},"modified":"2024-02-20T17:43:39","modified_gmt":"2024-02-20T17:43:39","slug":"como-llegar","status":"publish","type":"page","link":"https:\/\/paratraduccion.com\/paratradit\/gl\/como-llegar\/","title":{"rendered":"Como chegar"},"content":{"rendered":"<div data-elementor-type=\"wp-page\" data-elementor-id=\"12311\" class=\"elementor elementor-12311\" data-elementor-post-type=\"page\">\n\t\t\t\t\t\t\t\t\t<section class=\"elementor-section elementor-top-section elementor-element elementor-element-3de120c elementor-section-boxed elementor-section-height-default elementor-section-height-default\" data-id=\"3de120c\" data-element_type=\"section\" data-settings=\"{&quot;_ha_eqh_enable&quot;:false}\">\n\t\t\t\t\t\t<div class=\"elementor-container elementor-column-gap-default\">\n\t\t\t\t\t<div class=\"elementor-column elementor-col-100 elementor-top-column elementor-element elementor-element-f3ec7af\" data-id=\"f3ec7af\" data-element_type=\"column\">\n\t\t\t<div class=\"elementor-widget-wrap elementor-element-populated\">\n\t\t\t\t\t\t\t\t<div class=\"elementor-element elementor-element-b47082e elementor-widget elementor-widget-heading\" data-id=\"b47082e\" data-element_type=\"widget\" data-widget_type=\"heading.default\">\n\t\t\t\t<div class=\"elementor-widget-container\">\n\t\t\t<h2 class=\"elementor-heading-title elementor-size-default\">Como chegar <\/h2>\t\t<\/div>\n\t\t\t\t<\/div>\n\t\t\t\t<div class=\"elementor-element elementor-element-bfa6de0 elementor-widget elementor-widget-spacer\" data-id=\"bfa6de0\" data-element_type=\"widget\" data-widget_type=\"spacer.default\">\n\t\t\t\t<div class=\"elementor-widget-container\">\n\t\t\t\t\t<div class=\"elementor-spacer\">\n\t\t\t<div class=\"elementor-spacer-inner\"><\/div>\n\t\t<\/div>\n\t\t\t\t<\/div>\n\t\t\t\t<\/div>\n\t\t\t\t\t<\/div>\n\t\t<\/div>\n\t\t\t\t\t\t\t<\/div>\n\t\t<\/section>\n\t\t\t\t<section class=\"elementor-section elementor-top-section elementor-element elementor-element-3eb7feb elementor-section-boxed elementor-section-height-default elementor-section-height-default\" data-id=\"3eb7feb\" data-element_type=\"section\" data-settings=\"{&quot;_ha_eqh_enable&quot;:false}\">\n\t\t\t\t\t\t<div class=\"elementor-container elementor-column-gap-default\">\n\t\t\t\t\t<div class=\"elementor-column elementor-col-100 elementor-top-column elementor-element elementor-element-96ea09b\" data-id=\"96ea09b\" data-element_type=\"column\">\n\t\t\t<div class=\"elementor-widget-wrap elementor-element-populated\">\n\t\t\t\t\t\t\t\t<div class=\"elementor-element elementor-element-e297843 elementor-widget elementor-widget-google_maps\" data-id=\"e297843\" data-element_type=\"widget\" data-widget_type=\"google_maps.default\">\n\t\t\t\t<div class=\"elementor-widget-container\">\n\t\t\t\t\t<div class=\"elementor-custom-embed\">\n\t\t\t<iframe loading=\"lazy\"\n\t\t\t\t\tsrc=\"https:\/\/maps.google.com\/maps?q=facultade%20de%20filolox%C3%ADa%20e%20traduci%C3%B3n&#038;t=m&#038;z=12&#038;output=embed&#038;iwloc=near\"\n\t\t\t\t\ttitle=\"facultade de filolox\u00eda e traduci\u00f3n\"\n\t\t\t\t\taria-label=\"facultade de filolox\u00eda e traduci\u00f3n\"\n\t\t\t><\/iframe>\n\t\t<\/div>\n\t\t\t\t<\/div>\n\t\t\t\t<\/div>\n\t\t\t\t<div class=\"elementor-element elementor-element-ecf2702 elementor-widget elementor-widget-spacer\" data-id=\"ecf2702\" data-element_type=\"widget\" data-widget_type=\"spacer.default\">\n\t\t\t\t<div class=\"elementor-widget-container\">\n\t\t\t\t\t<div class=\"elementor-spacer\">\n\t\t\t<div class=\"elementor-spacer-inner\"><\/div>\n\t\t<\/div>\n\t\t\t\t<\/div>\n\t\t\t\t<\/div>\n\t\t\t\t\t<\/div>\n\t\t<\/div>\n\t\t\t\t\t\t\t<\/div>\n\t\t<\/section>\n\t\t\t\t<section class=\"elementor-section elementor-top-section elementor-element elementor-element-4de4b81 elementor-section-boxed elementor-section-height-default elementor-section-height-default\" data-id=\"4de4b81\" data-element_type=\"section\" data-settings=\"{&quot;_ha_eqh_enable&quot;:false}\">\n\t\t\t\t\t\t<div class=\"elementor-container elementor-column-gap-default\">\n\t\t\t\t\t<div class=\"elementor-column elementor-col-50 elementor-top-column elementor-element elementor-element-b36dfd7\" data-id=\"b36dfd7\" data-element_type=\"column\">\n\t\t\t<div class=\"elementor-widget-wrap elementor-element-populated\">\n\t\t\t\t\t\t\t\t<div class=\"elementor-element elementor-element-32b4d24 elementor-view-default elementor-widget elementor-widget-icon\" data-id=\"32b4d24\" data-element_type=\"widget\" data-widget_type=\"icon.default\">\n\t\t\t\t<div class=\"elementor-widget-container\">\n\t\t\t\t\t<div class=\"elementor-icon-wrapper\">\n\t\t\t<div class=\"elementor-icon\">\n\t\t\t<i aria-hidden=\"true\" class=\"fas fa-plane\"><\/i>\t\t\t<\/div>\n\t\t<\/div>\n\t\t\t\t<\/div>\n\t\t\t\t<\/div>\n\t\t\t\t<div class=\"elementor-element elementor-element-1c96eb3 elementor-widget__width-initial elementor-widget elementor-widget-text-editor\" data-id=\"1c96eb3\" data-element_type=\"widget\" data-widget_type=\"text-editor.default\">\n\t\t\t\t<div class=\"elementor-widget-container\">\n\t\t\t\t\t\t\t<p style=\"text-align: center;\"><span style=\"font-family: georgia, palatino; color: #333333;\"><b>Aeroporto de Vigo <\/b>(aprox. 15 Km da cidade)<\/span><\/p><p style=\"text-align: left;\" class=\" translation-block\"><span style=\"font-family: georgia, palatino;color: #333333\">Para unha informaci\u00f3n actualizada e ao d\u00eda: <a style=\"color: #333333\" href=\"https:\/\/www.aena.es\/es\/pasajeros\/pasajeros.html\" target=\"_self\">https:\/\/www.aena.es\/es\/pasajeros\/pasajeros.html<\/a><\/span><\/p><ul><li><span style=\"font-family: georgia, palatino; color: #333333;\">Informaci\u00f3n xeral do Aeroporto de Vigo<\/span><\/li><li><span style=\"font-family: georgia, palatino; color: #333333;\">Destinos do Aeroporto de Vigo<\/span><\/li><\/ul><p><span style=\"font-family: georgia, palatino; color: #333333;\"><b>Outros aeroportos pr\u00f3ximos<\/b><\/span><\/p><ul><li><span style=\"font-family: georgia, palatino; color: #333333;\">Aeroporto de Lavacolla en Santiago de Compostela (aprox. 100 km.)<\/span><\/li><li><span style=\"font-family: georgia, palatino; color: #333333;\">Aeroporto da Coru\u00f1a (LCG) (aprox. 150 km.)<\/span><\/li><li><span style=\"font-family: georgia, palatino; color: #333333;\">Aeroporto Internacional de S\u00e2 Carneiro en Porto \u2013 Portugal (aprox. 150 Km.)<\/span><\/li><\/ul>\t\t\t\t\t\t<\/div>\n\t\t\t\t<\/div>\n\t\t\t\t\t<\/div>\n\t\t<\/div>\n\t\t\t\t<div class=\"elementor-column elementor-col-50 elementor-top-column elementor-element elementor-element-c64ff7f\" data-id=\"c64ff7f\" data-element_type=\"column\">\n\t\t\t<div class=\"elementor-widget-wrap elementor-element-populated\">\n\t\t\t\t\t\t\t\t<div class=\"elementor-element elementor-element-1dec2f8 elementor-view-default elementor-widget elementor-widget-icon\" data-id=\"1dec2f8\" data-element_type=\"widget\" data-widget_type=\"icon.default\">\n\t\t\t\t<div class=\"elementor-widget-container\">\n\t\t\t\t\t<div class=\"elementor-icon-wrapper\">\n\t\t\t<div class=\"elementor-icon\">\n\t\t\t<i aria-hidden=\"true\" class=\"fas fa-car-side\"><\/i>\t\t\t<\/div>\n\t\t<\/div>\n\t\t\t\t<\/div>\n\t\t\t\t<\/div>\n\t\t\t\t<div class=\"elementor-element elementor-element-15761bf elementor-widget__width-initial elementor-widget elementor-widget-text-editor\" data-id=\"15761bf\" data-element_type=\"widget\" data-widget_type=\"text-editor.default\">\n\t\t\t\t<div class=\"elementor-widget-container\">\n\t\t\t\t\t\t\t<p style=\"text-align: left;\"><span style=\"font-family: georgia, palatino; color: #333333;\"><strong>Por estrada<\/strong>\u00a0existen tres grandes v\u00edas que conectan a cidade:<\/span><\/p><p style=\"text-align: left;\"><span style=\"font-family: georgia, palatino; color: #333333;\">1. A Autov\u00eda das R\u00edas Baixas (A-52) conecta a cidade con el centro de Espan\u0303a.<\/span><\/p><p style=\"text-align: left;\"><span style=\"font-family: georgia, palatino; color: #333333;\">2. A Autov\u00eda do Atl\u00e1ntico (A-55) une Vigo coa autopista do Norte de Portugal (A-3).<\/span><\/p><p style=\"text-align: left;\"><span style=\"font-family: georgia, palatino; color: #333333;\">3. A Autoestrada do Atl\u00e1ntico (AP-9) comunica a cidade co norte de Galicia.<\/span><\/p>\t\t\t\t\t\t<\/div>\n\t\t\t\t<\/div>\n\t\t\t\t\t<\/div>\n\t\t<\/div>\n\t\t\t\t\t\t\t<\/div>\n\t\t<\/section>\n\t\t\t\t<section class=\"elementor-section elementor-top-section elementor-element elementor-element-dc2f7a8 elementor-section-boxed elementor-section-height-default elementor-section-height-default\" data-id=\"dc2f7a8\" data-element_type=\"section\" data-settings=\"{&quot;_ha_eqh_enable&quot;:false}\">\n\t\t\t\t\t\t<div class=\"elementor-container elementor-column-gap-default\">\n\t\t\t\t\t<div class=\"elementor-column elementor-col-50 elementor-top-column elementor-element elementor-element-2bedba3\" data-id=\"2bedba3\" data-element_type=\"column\">\n\t\t\t<div class=\"elementor-widget-wrap elementor-element-populated\">\n\t\t\t\t\t\t\t\t<div class=\"elementor-element elementor-element-a83db56 elementor-view-default elementor-widget elementor-widget-icon\" data-id=\"a83db56\" data-element_type=\"widget\" data-widget_type=\"icon.default\">\n\t\t\t\t<div class=\"elementor-widget-container\">\n\t\t\t\t\t<div class=\"elementor-icon-wrapper\">\n\t\t\t<div class=\"elementor-icon\">\n\t\t\t<i aria-hidden=\"true\" class=\"fas fa-bus-alt\"><\/i>\t\t\t<\/div>\n\t\t<\/div>\n\t\t\t\t<\/div>\n\t\t\t\t<\/div>\n\t\t\t\t<div class=\"elementor-element elementor-element-6ab4e1d elementor-widget__width-initial elementor-widget elementor-widget-text-editor\" data-id=\"6ab4e1d\" data-element_type=\"widget\" data-widget_type=\"text-editor.default\">\n\t\t\t\t<div class=\"elementor-widget-container\">\n\t\t\t\t\t\t\t<p style=\"text-align: center;\"><span style=\"font-family: georgia, palatino; color: #333333;\"><b>E<\/b><b>staci\u00f3n de Autobuses de Vigo<\/b>: <\/span><\/p><p><span style=\"font-family: georgia, palatino; color: #333333;\">Praza Estaci\u00f3n 1, anexa ao complexo comercial e ferroviario de Vialia.<\/span><\/p><p><span style=\"font-family: georgia, palatino; color: #333333;\">Para informaci\u00f3n acerca dos destinos e procedencias dos autobuses que chegan \u00e1 cidade: web oficial da Estaci\u00f3n de Autobuses de Vigo (www.vigobus.com).<\/span><\/p><p style=\"text-align: center;\"><span style=\"font-family: georgia, palatino; color: #333333;\"><b>Bus Urbano: <\/b><b>Vitrasa<span style=\"color: #ff0000;\">*<\/span><\/b><\/span><\/p><ul><li><span style=\"font-family: georgia, palatino; color: #333333;\">Web con rutas e horarios:\u00a0<u><a style=\"color: #333333;\" href=\"http:\/\/www.vitrasa.es\/\">www.vitrasa.es<\/a><\/u><\/span><\/li><li><span style=\"font-family: georgia, palatino; color: #333333;\">Tel\u00e9fono de atenci\u00f3n ao viaxeiro:\u00a0<b>(+34) 986 20 74 74<\/b><\/span><\/li><\/ul>\t\t\t\t\t\t<\/div>\n\t\t\t\t<\/div>\n\t\t\t\t\t<\/div>\n\t\t<\/div>\n\t\t\t\t<div class=\"elementor-column elementor-col-50 elementor-top-column elementor-element elementor-element-5d20df6\" data-id=\"5d20df6\" data-element_type=\"column\">\n\t\t\t<div class=\"elementor-widget-wrap elementor-element-populated\">\n\t\t\t\t\t\t\t\t<div class=\"elementor-element elementor-element-351f0ea elementor-widget elementor-widget-spacer\" data-id=\"351f0ea\" data-element_type=\"widget\" data-widget_type=\"spacer.default\">\n\t\t\t\t<div class=\"elementor-widget-container\">\n\t\t\t\t\t<div class=\"elementor-spacer\">\n\t\t\t<div class=\"elementor-spacer-inner\"><\/div>\n\t\t<\/div>\n\t\t\t\t<\/div>\n\t\t\t\t<\/div>\n\t\t\t\t<div class=\"elementor-element elementor-element-9d61445 elementor-widget elementor-widget-text-editor\" data-id=\"9d61445\" data-element_type=\"widget\" data-widget_type=\"text-editor.default\">\n\t\t\t\t<div class=\"elementor-widget-container\">\n\t\t\t\t\t\t\t<p><span style=\"font-family: georgia, palatino; color: #333333;\"><u>Li\u00f1as<\/u>:<\/span><\/p><p><span style=\"font-family: georgia, palatino; color: #333333;\">LA Aeroporto \u2013 Universidade<\/span><\/p><p><span style=\"font-family: georgia, palatino; color: #333333;\">L15C Universidade \u2013 Samil\/Navia<\/span><\/p><p><span style=\"font-family: georgia, palatino; color: #333333;\">U1 Lanzadeira Pza. Am\u00e9rica \u2013 Universidade<\/span><\/p><p><span style=\"font-family: georgia, palatino; color: #333333;\">U2 Lanzadera Pza. de Espa\u00f1a \u2013 Universidade<\/span><\/p><p><span style=\"font-family: georgia, palatino; color: #333333;\">\u00a0<\/span><\/p><p style=\"text-align: right;\"><span style=\"font-family: georgia, palatino; color: #ff0000;\">*Actualmente, Vitrasa at\u00f3pase en situaci\u00f3n de folga e, como consecuencia, ofrece uns servizos m\u00ednimos. Remitirse \u00e1 s\u00faa p\u00e1xina web para co\u00f1ecer os horarios detallados.\u00a0\u00a0<\/span><\/p>\t\t\t\t\t\t<\/div>\n\t\t\t\t<\/div>\n\t\t\t\t\t<\/div>\n\t\t<\/div>\n\t\t\t\t\t\t\t<\/div>\n\t\t<\/section>\n\t\t\t\t<section class=\"elementor-section elementor-top-section elementor-element elementor-element-f225707 elementor-section-boxed elementor-section-height-default elementor-section-height-default\" data-id=\"f225707\" data-element_type=\"section\" data-settings=\"{&quot;_ha_eqh_enable&quot;:false}\">\n\t\t\t\t\t\t<div class=\"elementor-container elementor-column-gap-default\">\n\t\t\t\t\t<div class=\"elementor-column elementor-col-100 elementor-top-column elementor-element elementor-element-0f961b0\" data-id=\"0f961b0\" data-element_type=\"column\">\n\t\t\t<div class=\"elementor-widget-wrap elementor-element-populated\">\n\t\t\t\t\t\t\t\t<section class=\"elementor-section elementor-inner-section elementor-element elementor-element-790e673 elementor-section-boxed elementor-section-height-default elementor-section-height-default\" data-id=\"790e673\" data-element_type=\"section\" data-settings=\"{&quot;_ha_eqh_enable&quot;:false}\">\n\t\t\t\t\t\t<div class=\"elementor-container elementor-column-gap-default\">\n\t\t\t\t\t<div class=\"elementor-column elementor-col-50 elementor-inner-column elementor-element elementor-element-3bd583e\" data-id=\"3bd583e\" data-element_type=\"column\">\n\t\t\t<div class=\"elementor-widget-wrap elementor-element-populated\">\n\t\t\t\t\t\t\t\t<div class=\"elementor-element elementor-element-0db3aaa elementor-view-default elementor-widget elementor-widget-icon\" data-id=\"0db3aaa\" data-element_type=\"widget\" data-widget_type=\"icon.default\">\n\t\t\t\t<div class=\"elementor-widget-container\">\n\t\t\t\t\t<div class=\"elementor-icon-wrapper\">\n\t\t\t<div class=\"elementor-icon\">\n\t\t\t<i aria-hidden=\"true\" class=\"fas fa-train\"><\/i>\t\t\t<\/div>\n\t\t<\/div>\n\t\t\t\t<\/div>\n\t\t\t\t<\/div>\n\t\t\t\t<div class=\"elementor-element elementor-element-aa59c8b elementor-widget__width-initial elementor-widget elementor-widget-text-editor\" data-id=\"aa59c8b\" data-element_type=\"widget\" data-widget_type=\"text-editor.default\">\n\t\t\t\t<div class=\"elementor-widget-container\">\n\t\t\t\t\t\t\t<p style=\"text-align: center;\"><span style=\"font-family: georgia, palatino; color: #333333;\"><b>E<\/b><b>staci\u00f3n de Trens de Vigo<\/b>: <\/span><\/p><p style=\"text-align: left;\"><span style=\"font-family: georgia, palatino; color: #333333;\">Praza da Estaci\u00f3n, s\/n.<\/span><\/p><p style=\"text-align: left;\"><span style=\"font-family: georgia, palatino; color: #333333;\">Para informaci\u00f3n acerca dos destinos e procedencias: Web de\u00a0<b>Renfe<\/b>\u00a0(<u><a style=\"color: #333333;\" href=\"http:\/\/www.renfe.com\/\">www.renfe.com<\/a><\/u>).<\/span><\/p>\t\t\t\t\t\t<\/div>\n\t\t\t\t<\/div>\n\t\t\t\t\t<\/div>\n\t\t<\/div>\n\t\t\t\t<div class=\"elementor-column elementor-col-50 elementor-inner-column elementor-element elementor-element-edbff7c\" data-id=\"edbff7c\" data-element_type=\"column\">\n\t\t\t<div class=\"elementor-widget-wrap elementor-element-populated\">\n\t\t\t\t\t\t\t\t<div class=\"elementor-element elementor-element-fb3c52f elementor-view-default elementor-widget elementor-widget-icon\" data-id=\"fb3c52f\" data-element_type=\"widget\" data-widget_type=\"icon.default\">\n\t\t\t\t<div class=\"elementor-widget-container\">\n\t\t\t\t\t<div class=\"elementor-icon-wrapper\">\n\t\t\t<div class=\"elementor-icon\">\n\t\t\t<i aria-hidden=\"true\" class=\"fas fa-taxi\"><\/i>\t\t\t<\/div>\n\t\t<\/div>\n\t\t\t\t<\/div>\n\t\t\t\t<\/div>\n\t\t\t\t<div class=\"elementor-element elementor-element-5005db8 elementor-widget__width-initial elementor-widget elementor-widget-text-editor\" data-id=\"5005db8\" data-element_type=\"widget\" data-widget_type=\"text-editor.default\">\n\t\t\t\t<div class=\"elementor-widget-container\">\n\t\t\t\t\t\t\t<p style=\"text-align: center;\"><span style=\"font-family: georgia, palatino; color: #333333;\"><b>Taxi<\/b><\/span><\/p><p style=\"text-align: center;\"><span style=\"font-family: georgia, palatino; color: #333333;\">Tel. Central de Taxis:\u00a0<b>(+34) 986 47 00 00<\/b><\/span><\/p>\t\t\t\t\t\t<\/div>\n\t\t\t\t<\/div>\n\t\t\t\t\t<\/div>\n\t\t<\/div>\n\t\t\t\t\t\t\t<\/div>\n\t\t<\/section>\n\t\t\t\t<div class=\"elementor-element elementor-element-270a1f6 elementor-widget elementor-widget-spacer\" data-id=\"270a1f6\" data-element_type=\"widget\" data-widget_type=\"spacer.default\">\n\t\t\t\t<div class=\"elementor-widget-container\">\n\t\t\t\t\t<div class=\"elementor-spacer\">\n\t\t\t<div class=\"elementor-spacer-inner\"><\/div>\n\t\t<\/div>\n\t\t\t\t<\/div>\n\t\t\t\t<\/div>\n\t\t\t\t<div class=\"elementor-element elementor-element-2b4e219 elementor-widget elementor-widget-ha-pdf-view happy-addon ha-pdf-view\" data-id=\"2b4e219\" data-element_type=\"widget\" data-widget_type=\"ha-pdf-view.default\">\n\t\t\t\t<div class=\"elementor-widget-container\">\n\t\t\t        <div class=\"pdf_viewer_container\">\n            <div class=\"pdf_viewer_options viewer-2b4e219\" data-pdf-settings=\"{&quot;unique_id&quot;:&quot;viewer-2b4e219&quot;,&quot;pdf_url&quot;:&quot;https:\\\/\\\/paratraduccion.com\\\/paratradit\\\/wp-content\\\/uploads\\\/2024\\\/02\\\/plano-de-la-FFT_Paratradit-1.pdf&quot;,&quot;file_type&quot;:&quot;url&quot;,&quot;page_number&quot;:&quot;1&quot;,&quot;width&quot;:&quot;100%&quot;,&quot;height&quot;:&quot;650px&quot;}\">\n\t\t\t\t<span class=\"ha-title-flex\">\n\t\t\t\t\t<span class=\"pdf-icon\">\n\t\t\t\t\t\t\t\t\t\t\t<\/span>\n\t\t\t\t\t<h2 class=\"ha-pdf-title\">Plano da Facultade<\/h2>\t\t\t\t<\/span>\n\t\t\t\t                <div class=\"pdf-button\">\n                                <\/div>\n            <\/div>\n            \n\t\t\t<div>\n\t\t\t\t<div id=\"viewer-2b4e219\"><\/div>\n\t\t\t<\/div>\n\t\t\t\n        <\/div>\n        \t\t<\/div>\n\t\t\t\t<\/div>\n\t\t\t\t\t<\/div>\n\t\t<\/div>\n\t\t\t\t\t\t\t<\/div>\n\t\t<\/section>\n\t\t\t\t\t\t\t<\/div>","protected":false},"excerpt":{"rendered":"<p>C\u00f3mo llegar Aeropuerto de Vigo (aprox. 15 Km de la ciudad) Para una informaci\u00f3n actualizada y al d\u00eda: https:\/\/www.aena.es\/es\/pasajeros\/pasajeros.html Informaci\u00f3n general del aeropuerto de Vigo Destinos del Aeropuerto de Vigo Otros aeropuertos cercanos Aeropuerto de Lavacolla en Santiago de Compostela (aprox. 100 km.) Aeropuerto de A Coru\u00f1a (LCG) (aprox. 150 km.) Aeropuerto Internacional de S\u00e2&hellip;<\/p>","protected":false},"author":251,"featured_media":0,"parent":0,"menu_order":0,"comment_status":"closed","ping_status":"closed","template":"","meta":{"footnotes":""},"class_list":["post-12311","page","type-page","status-publish","hentry"],"_links":{"self":[{"href":"https:\/\/paratraduccion.com\/paratradit\/gl\/wp-json\/wp\/v2\/pages\/12311","targetHints":{"allow":["GET"]}}],"collection":[{"href":"https:\/\/paratraduccion.com\/paratradit\/gl\/wp-json\/wp\/v2\/pages"}],"about":[{"href":"https:\/\/paratraduccion.com\/paratradit\/gl\/wp-json\/wp\/v2\/types\/page"}],"author":[{"embeddable":true,"href":"https:\/\/paratraduccion.com\/paratradit\/gl\/wp-json\/wp\/v2\/users\/251"}],"replies":[{"embeddable":true,"href":"https:\/\/paratraduccion.com\/paratradit\/gl\/wp-json\/wp\/v2\/comments?post=12311"}],"version-history":[{"count":21,"href":"https:\/\/paratraduccion.com\/paratradit\/gl\/wp-json\/wp\/v2\/pages\/12311\/revisions"}],"predecessor-version":[{"id":12339,"href":"https:\/\/paratraduccion.com\/paratradit\/gl\/wp-json\/wp\/v2\/pages\/12311\/revisions\/12339"}],"wp:attachment":[{"href":"https:\/\/paratraduccion.com\/paratradit\/gl\/wp-json\/wp\/v2\/media?parent=12311"}],"curies":[{"name":"wp","href":"https:\/\/api.w.org\/{rel}","templated":true}]}}