{"id":10476,"date":"2023-10-03T16:47:14","date_gmt":"2023-10-03T16:47:14","guid":{"rendered":"https:\/\/paratraduccion.com\/paratradit\/?page_id=10476"},"modified":"2023-10-29T21:54:50","modified_gmt":"2023-10-29T21:54:50","slug":"datos-bancarios","status":"publish","type":"page","link":"https:\/\/paratraduccion.com\/paratradit\/pt\/dados-bancarios\/","title":{"rendered":"Dados banc\u00e1rios"},"content":{"rendered":"<div data-elementor-type=\"wp-page\" data-elementor-id=\"10476\" class=\"elementor elementor-10476\" data-elementor-post-type=\"page\">\n\t\t\t\t\t\t\t\t\t<section class=\"elementor-section elementor-top-section elementor-element elementor-element-51ae1daa elementor-section-boxed elementor-section-height-default elementor-section-height-default\" data-id=\"51ae1daa\" data-element_type=\"section\" data-settings=\"{&quot;_ha_eqh_enable&quot;:false}\">\n\t\t\t\t\t\t<div class=\"elementor-container elementor-column-gap-default\">\n\t\t\t\t\t<div class=\"elementor-column elementor-col-100 elementor-top-column elementor-element elementor-element-370fccd4\" data-id=\"370fccd4\" data-element_type=\"column\">\n\t\t\t<div class=\"elementor-widget-wrap elementor-element-populated\">\n\t\t\t\t\t\t\t\t<div class=\"elementor-element elementor-element-346c646 uael-heading-align-center elementor-widget elementor-widget-uael-advanced-heading\" data-id=\"346c646\" data-element_type=\"widget\" data-widget_type=\"uael-advanced-heading.default\">\n\t\t\t\t<div class=\"elementor-widget-container\">\n\t\t\t\n\t\t<div class=\"uael-module-content uael-heading-wrapper\">\n\t\t\t\t\t\t<div class=\"uael-module-content uael-separator-parent\">\n\t\t\t\t\t\t\t\t<div class=\"uael-separator-wrap\">\n\t\t\t\t\t<div class=\"uael-separator-line uael-side-left\">\n\t\t\t\t\t\t<span><\/span>\n\t\t\t\t\t<\/div>\n\t\t\t\t\t<div class=\"uael-divider-content\">\n\t\t\t\t\t\t\t\t\t<div class=\"uael-module-content uael-imgicon-wrap elementor-animation-\">\t\t\t\t\t\t\t\t\t\t\t\t\t\t\t<div class=\"uael-icon-wrap\">\n\t\t\t\t\t\t\t\t<span class=\"uael-icon\">\n\t\t\t\t\t\t\t\t\t<i aria-hidden=\"true\" class=\"hm hm-money\"><\/i>\n\t\t\t\t\t\t\t\t<\/span>\n\t\t\t\t\t\t\t<\/div>\n\t\t\t\t\t\t\t\n\t\t\t\t\t\t\t\t\t\t\t<\/div>\n\t\t\t\t\t\t\t\t\t\n\t\t\t\t\t<\/div>\n\t\t\t\t\t<div class=\"uael-separator-line uael-side-right\">\n\t\t\t\t\t\t<span><\/span>\n\t\t\t\t\t<\/div>\n\t\t\t\t<\/div>\n\t\t\t\t\t\t\t\t\t\t<\/div>\n\t\t\t\t\t\t\n\t\t\t<h1 class=\"uael-heading\">\n\t\t\t\t\t\t\t\t\t<a href=\"#\" >\n\t\t\t\t\t\t\t\t\t\t<span class=\"uael-heading-text elementor-inline-editing uael-size--xxl\" data-elementor-setting-key=\"heading_title\" data-elementor-inline-editing-toolbar=\"basic\">Dados banc\u00e1rios<\/span>\n\t\t\t\t\t\t\t\t\t<\/a>\n\t\t\t\t\t\t\t<\/h1>\n\n\t\t\t\n\t\t\t\n\t\t\t\n\t\t\t\t\t\t<\/div>\n\t\t\t\t<\/div>\n\t\t\t\t<\/div>\n\t\t\t\t<div class=\"elementor-element elementor-element-cecdfba elementor-widget elementor-widget-spacer\" data-id=\"cecdfba\" data-element_type=\"widget\" data-widget_type=\"spacer.default\">\n\t\t\t\t<div class=\"elementor-widget-container\">\n\t\t\t\t\t<div class=\"elementor-spacer\">\n\t\t\t<div class=\"elementor-spacer-inner\"><\/div>\n\t\t<\/div>\n\t\t\t\t<\/div>\n\t\t\t\t<\/div>\n\t\t\t\t<div class=\"elementor-element elementor-element-7099dbe4 elementor-widget elementor-widget-text-editor\" data-id=\"7099dbe4\" data-element_type=\"widget\" data-widget_type=\"text-editor.default\">\n\t\t\t\t<div class=\"elementor-widget-container\">\n\t\t\t\t\t\t\t<p class=\" translation-block\"><span style=\"font-family: georgia, palatino\">O pagamento das taxas de inscri\u00e7\u00e3o no congresso <span style=\"color: #ff0000\">Para<\/span>tradIT-2024_UVigo-T<span style=\"color: #ff0000\">&amp;<\/span><span style=\"color: #999999\">P<\/span>. I Congresso Internacional de <strong>Paratrad<\/strong>u\u00e7\u00e3o <strong>I<\/strong>nterl\u00ednguas e <strong>T<\/strong>ransm\u00eddia poder\u00e1 ser realizado <strong>a partir do m\u00eas de novembro de 2023.<\/strong><\/span><\/p><table style=\"height: 119px;\" width=\"881\"><tbody><tr><td width=\"515\"><span style=\"font-family: georgia, palatino;\"><strong>N.\u00ba da conta:<\/strong><\/span><\/td><td width=\"515\"><span style=\"font-family: georgia, palatino;\">ES14 2080 0501 12 3110000112 <\/span><\/td><\/tr><tr><td width=\"515\"><span style=\"font-family: georgia, palatino;\"><strong>Banco:<\/strong><\/span><\/td><td width=\"515\"><span style=\"font-family: georgia, palatino;\">ABANCA<\/span><\/td><\/tr><tr><td width=\"515\"><span style=\"font-family: georgia, palatino;\"><strong>Conceito:<\/strong><\/span><\/td><td width=\"515\"><span style=\"font-family: georgia, palatino;\">INV00222 + nome e sobrenomes (<strong><span style=\"color: #ff0000;\">importante<\/span><\/strong>: voc\u00ea deve acrescentar o seu nome e sobrenomes depois do c\u00f3digo INV00222)<\/span><\/td><\/tr><tr><td width=\"515\"><p><span style=\"font-family: georgia, palatino;\"><strong>*<\/strong><strong>C\u00f3digo BIC: <\/strong><\/span><\/p><p style=\"text-align: left;\"><span style=\"color: #ff0000; font-family: georgia, palatino;\"><strong>*somente para pagamentos realizados do exterior<\/strong><\/span><\/p><\/td><td width=\"515\"><span style=\"font-family: georgia, palatino;\">CAGLESMMXXX<\/span><\/td><\/tr><\/tbody><\/table>\t\t\t\t\t\t<\/div>\n\t\t\t\t<\/div>\n\t\t\t\t\t<\/div>\n\t\t<\/div>\n\t\t\t\t\t\t\t<\/div>\n\t\t<\/section>\n\t\t\t\t\t\t\t<\/div>","protected":false},"excerpt":{"rendered":"<p>Datos bancarios El pago de las cuotas de inscripci\u00f3n al congreso ParatradIT-2024_UVigo-T&amp;P. I Congreso Internacional de Paratraducci\u00f3n Interlinguas y Transmedia se podr\u00e1 realizar a partir del mes de noviembre de 2023. N.\u00ba de cuenta: ES14 2080 0501 12 3110000112 Oficina: ABANCA Concepto: INV00222 + nombre y apellidos (importante: hay que a\u00f1adir el nombre y los&hellip;<\/p>","protected":false},"author":251,"featured_media":0,"parent":0,"menu_order":0,"comment_status":"closed","ping_status":"closed","template":"","meta":{"footnotes":""},"class_list":["post-10476","page","type-page","status-publish","hentry"],"_links":{"self":[{"href":"https:\/\/paratraduccion.com\/paratradit\/pt\/wp-json\/wp\/v2\/pages\/10476","targetHints":{"allow":["GET"]}}],"collection":[{"href":"https:\/\/paratraduccion.com\/paratradit\/pt\/wp-json\/wp\/v2\/pages"}],"about":[{"href":"https:\/\/paratraduccion.com\/paratradit\/pt\/wp-json\/wp\/v2\/types\/page"}],"author":[{"embeddable":true,"href":"https:\/\/paratraduccion.com\/paratradit\/pt\/wp-json\/wp\/v2\/users\/251"}],"replies":[{"embeddable":true,"href":"https:\/\/paratraduccion.com\/paratradit\/pt\/wp-json\/wp\/v2\/comments?post=10476"}],"version-history":[{"count":39,"href":"https:\/\/paratraduccion.com\/paratradit\/pt\/wp-json\/wp\/v2\/pages\/10476\/revisions"}],"predecessor-version":[{"id":11893,"href":"https:\/\/paratraduccion.com\/paratradit\/pt\/wp-json\/wp\/v2\/pages\/10476\/revisions\/11893"}],"wp:attachment":[{"href":"https:\/\/paratraduccion.com\/paratradit\/pt\/wp-json\/wp\/v2\/media?parent=10476"}],"curies":[{"name":"wp","href":"https:\/\/api.w.org\/{rel}","templated":true}]}}