{"id":6224,"date":"2021-04-30T04:56:07","date_gmt":"2021-04-30T04:56:07","guid":{"rendered":"http:\/\/paratraduccion.com\/techling2021\/?page_id=6224"},"modified":"2023-10-18T08:12:01","modified_gmt":"2023-10-18T08:12:01","slug":"master-en-traduccion-para-la-comunicacion-internacional","status":"publish","type":"page","link":"https:\/\/paratraduccion.com\/paratradit\/pt\/mestrado-traducao-comunicacao-internacional\/","title":{"rendered":"Mestrado em Tradu\u00e7\u00e3o para a Comunica\u00e7\u00e3o Internacional (MTCI)"},"content":{"rendered":"<div data-elementor-type=\"wp-page\" data-elementor-id=\"6224\" class=\"elementor elementor-6224\" data-elementor-post-type=\"page\">\n\t\t\t\t\t\t\t\t\t<section class=\"elementor-section elementor-top-section elementor-element elementor-element-39e50ba elementor-section-boxed elementor-section-height-default elementor-section-height-default\" data-id=\"39e50ba\" data-element_type=\"section\" data-settings=\"{&quot;_ha_eqh_enable&quot;:false}\">\n\t\t\t\t\t\t<div class=\"elementor-container elementor-column-gap-default\">\n\t\t\t\t\t<div class=\"elementor-column elementor-col-50 elementor-top-column elementor-element elementor-element-30cd719\" data-id=\"30cd719\" data-element_type=\"column\">\n\t\t\t<div class=\"elementor-widget-wrap elementor-element-populated\">\n\t\t\t\t\t\t\t\t<div class=\"elementor-element elementor-element-8ef6003 elementor-widget elementor-widget-heading\" data-id=\"8ef6003\" data-element_type=\"widget\" data-widget_type=\"heading.default\">\n\t\t\t\t<div class=\"elementor-widget-container\">\n\t\t\t<h2 class=\"elementor-heading-title elementor-size-default\">Mestrado em Tradu\u00e7\u00e3o para a Comunica\u00e7\u00e3o Internacional (MTCI)\n<\/h2>\t\t<\/div>\n\t\t\t\t<\/div>\n\t\t\t\t<div class=\"elementor-element elementor-element-fd814ac elementor-widget elementor-widget-text-editor\" data-id=\"fd814ac\" data-element_type=\"widget\" data-widget_type=\"text-editor.default\">\n\t\t\t\t<div class=\"elementor-widget-container\">\n\t\t\t\t\t\t\t<p><span style=\"font-family: georgia, palatino; color: #999999; font-size: 26px;\">Mestrado Universit\u00e1rio com Excel\u00eancia do governo da Galiza<\/span><\/p>\t\t\t\t\t\t<\/div>\n\t\t\t\t<\/div>\n\t\t\t\t\t<\/div>\n\t\t<\/div>\n\t\t\t\t<div class=\"elementor-column elementor-col-50 elementor-top-column elementor-element elementor-element-5f8209e\" data-id=\"5f8209e\" data-element_type=\"column\">\n\t\t\t<div class=\"elementor-widget-wrap elementor-element-populated\">\n\t\t\t\t\t\t\t\t<div class=\"elementor-element elementor-element-3f2572d elementor-widget elementor-widget-image\" data-id=\"3f2572d\" data-element_type=\"widget\" data-widget_type=\"image.default\">\n\t\t\t\t<div class=\"elementor-widget-container\">\n\t\t\t\t\t\t\t\t\t\t\t\t\t\t\t<img loading=\"lazy\" decoding=\"async\" width=\"201\" height=\"201\" src=\"https:\/\/paratraduccion.com\/paratradit\/wp-content\/uploads\/2021\/07\/logo.png\" class=\"attachment-large size-large wp-image-9977\" alt=\"\" srcset=\"https:\/\/paratraduccion.com\/paratradit\/wp-content\/uploads\/2021\/07\/logo.png 201w, https:\/\/paratraduccion.com\/paratradit\/wp-content\/uploads\/2021\/07\/logo-150x150.png 150w\" sizes=\"auto, (max-width: 201px) 100vw, 201px\" \/>\t\t\t\t\t\t\t\t\t\t\t\t\t\t\t<\/div>\n\t\t\t\t<\/div>\n\t\t\t\t\t<\/div>\n\t\t<\/div>\n\t\t\t\t\t\t\t<\/div>\n\t\t<\/section>\n\t\t\t\t<section class=\"elementor-section elementor-top-section elementor-element elementor-element-e992585 elementor-section-boxed elementor-section-height-default elementor-section-height-default\" data-id=\"e992585\" data-element_type=\"section\" data-settings=\"{&quot;_ha_eqh_enable&quot;:false}\">\n\t\t\t\t\t\t<div class=\"elementor-container elementor-column-gap-default\">\n\t\t\t\t\t<div class=\"elementor-column elementor-col-50 elementor-top-column elementor-element elementor-element-edaffc7\" data-id=\"edaffc7\" data-element_type=\"column\">\n\t\t\t<div class=\"elementor-widget-wrap elementor-element-populated\">\n\t\t\t\t\t\t\t\t<div class=\"elementor-element elementor-element-6af2fde elementor-widget__width-initial elementor-widget elementor-widget-text-editor\" data-id=\"6af2fde\" data-element_type=\"widget\" data-widget_type=\"text-editor.default\">\n\t\t\t\t<div class=\"elementor-widget-container\">\n\t\t\t\t\t\t\t<p class=\" translation-block\"><span style=\"font-family: georgia, palatino;font-size: 12pt\"><span style=\"color: #333333\"><span style=\"font-weight: 400\">O Mestrado em Tradu\u00e7\u00e3o para a Comunica\u00e7\u00e3o Internacional (MTCI) da Universidade de Vigo deu os seus primeiros passos no ano acad\u00eamico 2013-2014. Esta forma\u00e7\u00e3o especializada de p\u00f3s-gradua\u00e7\u00e3o, na modalidade semipresencial, visa oferecer ao alunado habilidades hol\u00edsticas para enfrentar com responsabilidade e seguran\u00e7a os <\/span> <span style=\"color: #d91616\"><strong>limiares<\/strong><\/span> <span style=\"color: #333333\">do seu futuro profissional.<\/span><\/span><\/span><\/p>\t\t\t\t\t\t<\/div>\n\t\t\t\t<\/div>\n\t\t\t\t\t<\/div>\n\t\t<\/div>\n\t\t\t\t<div class=\"elementor-column elementor-col-50 elementor-top-column elementor-element elementor-element-4b76a73\" data-id=\"4b76a73\" data-element_type=\"column\">\n\t\t\t<div class=\"elementor-widget-wrap elementor-element-populated\">\n\t\t\t\t\t\t\t\t<div class=\"elementor-element elementor-element-46d80ff elementor-align-center elementor-widget elementor-widget-the7_button_widget\" data-id=\"46d80ff\" data-element_type=\"widget\" data-widget_type=\"the7_button_widget.default\">\n\t\t\t\t<div class=\"elementor-widget-container\">\n\t\t\t<div class=\"elementor-button-wrapper\"><a href=\"https:\/\/paratraduccion.com\/limiares\/\" target=\"_blank\" class=\"box-button elementor-button elementor-size-md\">Visite o site do MTCI<\/a><\/div>\t\t<\/div>\n\t\t\t\t<\/div>\n\t\t\t\t\t<\/div>\n\t\t<\/div>\n\t\t\t\t\t\t\t<\/div>\n\t\t<\/section>\n\t\t\t\t<section class=\"elementor-section elementor-top-section elementor-element elementor-element-73bf852 elementor-section-boxed elementor-section-height-default elementor-section-height-default\" data-id=\"73bf852\" data-element_type=\"section\" data-settings=\"{&quot;_ha_eqh_enable&quot;:false}\">\n\t\t\t\t\t\t<div class=\"elementor-container elementor-column-gap-default\">\n\t\t\t\t\t<div class=\"elementor-column elementor-col-100 elementor-top-column elementor-element elementor-element-8283821\" data-id=\"8283821\" data-element_type=\"column\">\n\t\t\t<div class=\"elementor-widget-wrap elementor-element-populated\">\n\t\t\t\t\t\t\t\t<div class=\"elementor-element elementor-element-6da116e elementor-widget-divider--view-line_icon elementor-view-default elementor-widget-divider--element-align-center elementor-widget elementor-widget-divider\" data-id=\"6da116e\" data-element_type=\"widget\" data-widget_type=\"divider.default\">\n\t\t\t\t<div class=\"elementor-widget-container\">\n\t\t\t\t\t<div class=\"elementor-divider\">\n\t\t\t<span class=\"elementor-divider-separator\">\n\t\t\t\t\t\t\t<div class=\"elementor-icon elementor-divider__element\">\n\t\t\t\t\t<i aria-hidden=\"true\" class=\"hm hm-post-grid\"><\/i><\/div>\n\t\t\t\t\t\t<\/span>\n\t\t<\/div>\n\t\t\t\t<\/div>\n\t\t\t\t<\/div>\n\t\t\t\t\t<\/div>\n\t\t<\/div>\n\t\t\t\t\t\t\t<\/div>\n\t\t<\/section>\n\t\t\t\t<section class=\"elementor-section elementor-top-section elementor-element elementor-element-660162c elementor-section-boxed elementor-section-height-default elementor-section-height-default\" data-id=\"660162c\" data-element_type=\"section\" data-settings=\"{&quot;_ha_eqh_enable&quot;:false}\">\n\t\t\t\t\t\t<div class=\"elementor-container elementor-column-gap-default\">\n\t\t\t\t\t<div class=\"elementor-column elementor-col-33 elementor-top-column elementor-element elementor-element-407fb2a\" data-id=\"407fb2a\" data-element_type=\"column\">\n\t\t\t<div class=\"elementor-widget-wrap elementor-element-populated\">\n\t\t\t\t\t\t\t\t<div class=\"elementor-element elementor-element-af68d90 elementor-widget elementor-widget-the7-accordion\" data-id=\"af68d90\" data-element_type=\"widget\" data-widget_type=\"the7-accordion.default\">\n\t\t\t\t<div class=\"elementor-widget-container\">\n\t\t\t\t\t<div class=\"elementor-accordion the7-adv-accordion animate-on-loading\" data-accordion-type=\"accordion\" role=\"tablist\">\n\t\t\t\t\t\t\t<div class=\"elementor-accordion-item\">\n\t\t\t\t\t<h4 id=\"elementor-tab-title-1831\" class=\"elementor-tab-title the7-accordion-header active-default\" data-tab=\"1\" role=\"tab\" aria-controls=\"elementor-tab-content-1831\">\n\n\t\t\t\t\t\t\t\t\t\t\t\t\t<span class=\"elementor-accordion-icon elementor-accordion-icon-left\" aria-hidden=\"true\">\n\t\t\t\t\t\t\t\t\t\t\t\t\t\t\t<span class=\"elementor-accordion-icon-closed\"><i class=\"fas fa-caret-down\"><\/i><\/span>\n\t\t\t\t\t\t\t\t\t\t\t\t\t\t\t\t\t<span class=\"elementor-accordion-icon-opened\"><i class=\"fas fa-caret-up\"><\/i><\/span>\n\t\t\t\t\t\t\t\t\t\t\t\t\t\t\t\t\t\t\t\t\t\t<\/span>\n\t\t\t\t\t\t\t\t\t\t\t\t\t\t\t\t\t\t<a class=\"elementor-accordion-title\" href=\"\">M\u00d3DULO A <\/a>\n\t\t\t\t\t<\/h4>\n\t\t\t\t\t<div id=\"elementor-tab-content-1831\" class=\"elementor-tab-content elementor-clearfix active-default\" data-tab=\"1\" role=\"tabpanel\" aria-labelledby=\"elementor-tab-title-1831\"><p><span style=\"font-family: georgia, palatino; color: #333333;\">\u00c9 obrigat\u00f3rio porque oferece as metodologias b\u00e1sicas para o desenvolvimento das mat\u00e9rias que constam nos m\u00f3dulos seguintes.<\/span><\/p><\/div>\n\t\t\t\t<\/div>\n\t\t\t\t\t<\/div>\n\t\t\t\t<\/div>\n\t\t\t\t<\/div>\n\t\t\t\t\t<\/div>\n\t\t<\/div>\n\t\t\t\t<div class=\"elementor-column elementor-col-33 elementor-top-column elementor-element elementor-element-e45afc7\" data-id=\"e45afc7\" data-element_type=\"column\">\n\t\t\t<div class=\"elementor-widget-wrap elementor-element-populated\">\n\t\t\t\t\t\t\t\t<div class=\"elementor-element elementor-element-29d87cd elementor-widget elementor-widget-the7-accordion\" data-id=\"29d87cd\" data-element_type=\"widget\" data-widget_type=\"the7-accordion.default\">\n\t\t\t\t<div class=\"elementor-widget-container\">\n\t\t\t\t\t<div class=\"elementor-accordion the7-adv-accordion animate-on-loading\" data-accordion-type=\"accordion\" role=\"tablist\">\n\t\t\t\t\t\t\t<div class=\"elementor-accordion-item\">\n\t\t\t\t\t<h4 id=\"elementor-tab-title-4381\" class=\"elementor-tab-title the7-accordion-header active-default\" data-tab=\"1\" role=\"tab\" aria-controls=\"elementor-tab-content-4381\">\n\n\t\t\t\t\t\t\t\t\t\t\t\t\t<span class=\"elementor-accordion-icon elementor-accordion-icon-left\" aria-hidden=\"true\">\n\t\t\t\t\t\t\t\t\t\t\t\t\t\t\t<span class=\"elementor-accordion-icon-closed\"><i class=\"fas fa-caret-down\"><\/i><\/span>\n\t\t\t\t\t\t\t\t\t\t\t\t\t\t\t\t\t<span class=\"elementor-accordion-icon-opened\"><i class=\"fas fa-caret-up\"><\/i><\/span>\n\t\t\t\t\t\t\t\t\t\t\t\t\t\t\t\t\t\t\t\t\t\t<\/span>\n\t\t\t\t\t\t\t\t\t\t\t\t\t\t\t\t\t\t<a class=\"elementor-accordion-title\" href=\"\">M\u00d3DULO B1<\/a>\n\t\t\t\t\t<\/h4>\n\t\t\t\t\t<div id=\"elementor-tab-content-4381\" class=\"elementor-tab-content elementor-clearfix active-default\" data-tab=\"1\" role=\"tabpanel\" aria-labelledby=\"elementor-tab-title-4381\"><p style=\"text-align: left;\"><span style=\"font-weight: 400; font-family: georgia, palatino; font-size: 16px; color: #333333;\">\u00abTradu\u00e7\u00e3o para a comunica\u00e7\u00e3o internacional\u00bb<\/span><\/p><p><span style=\"font-family: georgia, palatino; font-size: 16px; color: #333333;\">\u00c9 opcional.<\/span><\/p><\/div>\n\t\t\t\t<\/div>\n\t\t\t\t\t<\/div>\n\t\t\t\t<\/div>\n\t\t\t\t<\/div>\n\t\t\t\t\t<\/div>\n\t\t<\/div>\n\t\t\t\t<div class=\"elementor-column elementor-col-33 elementor-top-column elementor-element elementor-element-381e9bc\" data-id=\"381e9bc\" data-element_type=\"column\">\n\t\t\t<div class=\"elementor-widget-wrap elementor-element-populated\">\n\t\t\t\t\t\t\t\t<div class=\"elementor-element elementor-element-792c234 elementor-widget elementor-widget-the7-accordion\" data-id=\"792c234\" data-element_type=\"widget\" data-widget_type=\"the7-accordion.default\">\n\t\t\t\t<div class=\"elementor-widget-container\">\n\t\t\t\t\t<div class=\"elementor-accordion the7-adv-accordion animate-on-loading\" data-accordion-type=\"accordion\" role=\"tablist\">\n\t\t\t\t\t\t\t<div class=\"elementor-accordion-item\">\n\t\t\t\t\t<h4 id=\"elementor-tab-title-1271\" class=\"elementor-tab-title the7-accordion-header active-default\" data-tab=\"1\" role=\"tab\" aria-controls=\"elementor-tab-content-1271\">\n\n\t\t\t\t\t\t\t\t\t\t\t\t\t<span class=\"elementor-accordion-icon elementor-accordion-icon-left\" aria-hidden=\"true\">\n\t\t\t\t\t\t\t\t\t\t\t\t\t\t\t<span class=\"elementor-accordion-icon-closed\"><i class=\"fas fa-caret-down\"><\/i><\/span>\n\t\t\t\t\t\t\t\t\t\t\t\t\t\t\t\t\t<span class=\"elementor-accordion-icon-opened\"><i class=\"fas fa-caret-up\"><\/i><\/span>\n\t\t\t\t\t\t\t\t\t\t\t\t\t\t\t\t\t\t\t\t\t\t<\/span>\n\t\t\t\t\t\t\t\t\t\t\t\t\t\t\t\t\t\t<a class=\"elementor-accordion-title\" href=\"\">M\u00d3DULO B2<\/a>\n\t\t\t\t\t<\/h4>\n\t\t\t\t\t<div id=\"elementor-tab-content-1271\" class=\"elementor-tab-content elementor-clearfix active-default\" data-tab=\"1\" role=\"tabpanel\" aria-labelledby=\"elementor-tab-title-1271\"><p><span style=\"font-family: georgia, palatino; font-size: 16px; color: #333333;\">\u00abTradu\u00e7\u00e3o para o com\u00e9rcio internacional\u00bb<\/span><\/p><p><span style=\"font-family: georgia, palatino; font-size: 16px; color: #333333;\">\u00c9 opcional.<\/span><\/p><\/div>\n\t\t\t\t<\/div>\n\t\t\t\t\t<\/div>\n\t\t\t\t<\/div>\n\t\t\t\t<\/div>\n\t\t\t\t\t<\/div>\n\t\t<\/div>\n\t\t\t\t\t\t\t<\/div>\n\t\t<\/section>\n\t\t\t\t<section class=\"elementor-section elementor-top-section elementor-element elementor-element-34600de elementor-section-boxed elementor-section-height-default elementor-section-height-default\" data-id=\"34600de\" data-element_type=\"section\" data-settings=\"{&quot;_ha_eqh_enable&quot;:false}\">\n\t\t\t\t\t\t<div class=\"elementor-container elementor-column-gap-default\">\n\t\t\t\t\t<div class=\"elementor-column elementor-col-100 elementor-top-column elementor-element elementor-element-a9d62ee\" data-id=\"a9d62ee\" data-element_type=\"column\">\n\t\t\t<div class=\"elementor-widget-wrap elementor-element-populated\">\n\t\t\t\t\t\t\t\t<div class=\"elementor-element elementor-element-791c02f elementor-widget elementor-widget-the7-accordion\" data-id=\"791c02f\" data-element_type=\"widget\" data-widget_type=\"the7-accordion.default\">\n\t\t\t\t<div class=\"elementor-widget-container\">\n\t\t\t\t\t<div class=\"elementor-accordion the7-adv-accordion animate-on-loading\" data-accordion-type=\"accordion\" role=\"tablist\">\n\t\t\t\t\t\t\t<div class=\"elementor-accordion-item\">\n\t\t\t\t\t<h4 id=\"elementor-tab-title-1261\" class=\"elementor-tab-title the7-accordion-header active-default\" data-tab=\"1\" role=\"tab\" aria-controls=\"elementor-tab-content-1261\">\n\n\t\t\t\t\t\t\t\t\t\t\t\t\t<span class=\"elementor-accordion-icon elementor-accordion-icon-left\" aria-hidden=\"true\">\n\t\t\t\t\t\t\t\t\t\t\t\t\t\t\t<span class=\"elementor-accordion-icon-closed\"><i class=\"fas fa-caret-down\"><\/i><\/span>\n\t\t\t\t\t\t\t\t\t\t\t\t\t\t\t\t\t<span class=\"elementor-accordion-icon-opened\"><i class=\"fas fa-caret-up\"><\/i><\/span>\n\t\t\t\t\t\t\t\t\t\t\t\t\t\t\t\t\t\t\t\t\t\t<\/span>\n\t\t\t\t\t\t\t\t\t\t\t\t\t\t\t\t\t\t<a class=\"elementor-accordion-title\" href=\"\">SA\u00cdDAS PROFISSIONAIS<\/a>\n\t\t\t\t\t<\/h4>\n\t\t\t\t\t<div id=\"elementor-tab-content-1261\" class=\"elementor-tab-content elementor-clearfix active-default\" data-tab=\"1\" role=\"tabpanel\" aria-labelledby=\"elementor-tab-title-1261\"><ul><li><span style=\"font-family: georgia, palatino; font-size: 16px; color: #333333;\">Tradutor\/a-int\u00e9rprete na \u00e1rea de com\u00e9rcio exterior:<\/span><ul><li><span style=\"font-family: georgia, palatino; font-size: 16px; color: #333333;\">Respons\u00e1vel de importa\u00e7\u00e3o-exporta\u00e7\u00e3o de empresas nacionais ou internacionais<\/span><\/li><li><span style=\"font-family: georgia, palatino; font-size: 16px; color: #333333;\">T\u00e9cnico em com\u00e9rcio exterior<\/span><\/li><li><span style=\"font-family: georgia, palatino; font-size: 16px; color: #333333;\">Respons\u00e1vel da an\u00e1lise do desenvolvimento <\/span><\/li><\/ul><\/li><li><span style=\"font-family: georgia, palatino; font-size: 16px; color: #333333;\">Tradutor\/a-int\u00e9rprete na:<\/span><ul><li><span style=\"font-family: georgia, palatino; font-size: 16px; color: #333333;\">\u00e1rea da comunica\u00e7\u00e3o audiovisual e multim\u00eddia<\/span><\/li><li><span style=\"font-family: georgia, palatino; font-size: 16px; color: #333333;\">\u00e1rea de sa\u00fade<\/span><\/li><li><span style=\"font-family: georgia, palatino; font-size: 16px; color: #333333;\">\u00e1rea educativa<\/span><\/li><li><span style=\"font-family: georgia, palatino; font-size: 16px; color: #333333;\">\u00e1rea jur\u00eddica<\/span><\/li><\/ul><\/li><\/ul><p><span style=\"font-family: georgia, palatino; font-size: 16px; color: #333333;\">da media\u00e7\u00e3o intercultural, multicultural e transcultural.\u00a0<\/span><\/p><ul><li><span style=\"font-family: georgia, palatino; color: #333333;\">Pesquisa cient\u00edfica. Gostar\u00edamos de ressaltar que o MTCI prepara todo o alunado interessado em seguir na \u00e1rea de pesquisa para continuar sua forma\u00e7\u00e3o nos estudos de doutorado.<\/span><\/li><\/ul><\/div>\n\t\t\t\t<\/div>\n\t\t\t\t\t<\/div>\n\t\t\t\t<\/div>\n\t\t\t\t<\/div>\n\t\t\t\t<div class=\"elementor-element elementor-element-79ee559 elementor-widget-divider--view-line elementor-widget elementor-widget-divider\" data-id=\"79ee559\" data-element_type=\"widget\" data-widget_type=\"divider.default\">\n\t\t\t\t<div class=\"elementor-widget-container\">\n\t\t\t\t\t<div class=\"elementor-divider\">\n\t\t\t<span class=\"elementor-divider-separator\">\n\t\t\t\t\t\t<\/span>\n\t\t<\/div>\n\t\t\t\t<\/div>\n\t\t\t\t<\/div>\n\t\t\t\t\t<\/div>\n\t\t<\/div>\n\t\t\t\t\t\t\t<\/div>\n\t\t<\/section>\n\t\t\t\t<section class=\"elementor-section elementor-top-section elementor-element elementor-element-dfab214 elementor-section-boxed elementor-section-height-default elementor-section-height-default\" data-id=\"dfab214\" data-element_type=\"section\" data-settings=\"{&quot;_ha_eqh_enable&quot;:false}\">\n\t\t\t\t\t\t<div class=\"elementor-container elementor-column-gap-default\">\n\t\t\t\t\t<div class=\"elementor-column elementor-col-50 elementor-top-column elementor-element elementor-element-4407f27\" data-id=\"4407f27\" data-element_type=\"column\">\n\t\t\t<div class=\"elementor-widget-wrap elementor-element-populated\">\n\t\t\t\t\t\t\t\t<div class=\"elementor-element elementor-element-81868b8 elementor-widget__width-initial elementor-widget elementor-widget-heading\" data-id=\"81868b8\" data-element_type=\"widget\" data-widget_type=\"heading.default\">\n\t\t\t\t<div class=\"elementor-widget-container\">\n\t\t\t<h2 class=\"elementor-heading-title elementor-size-default\">Indicadores de qualidade<\/h2>\t\t<\/div>\n\t\t\t\t<\/div>\n\t\t\t\t<div class=\"elementor-element elementor-element-04ada06 elementor-widget elementor-widget-spacer\" data-id=\"04ada06\" data-element_type=\"widget\" data-widget_type=\"spacer.default\">\n\t\t\t\t<div class=\"elementor-widget-container\">\n\t\t\t\t\t<div class=\"elementor-spacer\">\n\t\t\t<div class=\"elementor-spacer-inner\"><\/div>\n\t\t<\/div>\n\t\t\t\t<\/div>\n\t\t\t\t<\/div>\n\t\t\t\t<div class=\"elementor-element elementor-element-0db224f elementor-widget__width-initial elementor-widget elementor-widget-text-editor\" data-id=\"0db224f\" data-element_type=\"widget\" data-widget_type=\"text-editor.default\">\n\t\t\t\t<div class=\"elementor-widget-container\">\n\t\t\t\t\t\t\t<p><span style=\"font-family: georgia, palatino; color: #333333;\">A \u00abAg\u00eancia para a Qualidade do Sistema Universit\u00e1rio da Galiza\u00bb (ACSUG) avaliou muito positivamente \u00aba procura do diploma, sempre acima do m\u00ednimo exigido e em ascens\u00e3o progressiva\u00bb.<\/span><\/p>\t\t\t\t\t\t<\/div>\n\t\t\t\t<\/div>\n\t\t\t\t<div class=\"elementor-element elementor-element-6c9fd53 elementor-widget elementor-widget-spacer\" data-id=\"6c9fd53\" data-element_type=\"widget\" data-widget_type=\"spacer.default\">\n\t\t\t\t<div class=\"elementor-widget-container\">\n\t\t\t\t\t<div class=\"elementor-spacer\">\n\t\t\t<div class=\"elementor-spacer-inner\"><\/div>\n\t\t<\/div>\n\t\t\t\t<\/div>\n\t\t\t\t<\/div>\n\t\t\t\t<div class=\"elementor-element elementor-element-51dd879 elementor-widget__width-initial elementor-widget elementor-widget-heading\" data-id=\"51dd879\" data-element_type=\"widget\" data-widget_type=\"heading.default\">\n\t\t\t\t<div class=\"elementor-widget-container\">\n\t\t\t<h2 class=\"elementor-heading-title elementor-size-default\">Taxa de 0% de desist\u00eancia do curso<\/h2>\t\t<\/div>\n\t\t\t\t<\/div>\n\t\t\t\t\t<\/div>\n\t\t<\/div>\n\t\t\t\t<div class=\"elementor-column elementor-col-50 elementor-top-column elementor-element elementor-element-15d7f81\" data-id=\"15d7f81\" data-element_type=\"column\">\n\t\t\t<div class=\"elementor-widget-wrap elementor-element-populated\">\n\t\t\t\t\t\t\t\t<div class=\"elementor-element elementor-element-8828600 elementor-widget elementor-widget-heading\" data-id=\"8828600\" data-element_type=\"widget\" data-widget_type=\"heading.default\">\n\t\t\t\t<div class=\"elementor-widget-container\">\n\t\t\t<h2 class=\"elementor-heading-title elementor-size-default\">Rankings da Universidade de Vigo<\/h2>\t\t<\/div>\n\t\t\t\t<\/div>\n\t\t\t\t<div class=\"elementor-element elementor-element-4712891 elementor-widget__width-initial elementor-widget elementor-widget-text-editor\" data-id=\"4712891\" data-element_type=\"widget\" data-widget_type=\"text-editor.default\">\n\t\t\t\t<div class=\"elementor-widget-container\">\n\t\t\t\t\t\t\t<p style=\"text-align: right;\"><span style=\"font-size: 20px; font-family: georgia, palatino; color: #333333;\">\u00c1rea cient\u00edfica das Humanidades\u00a0<\/span><\/p><p style=\"text-align: right;\"><span style=\"font-family: georgia, palatino; font-size: 18px;\">Primeiro lugar<\/span><\/p>\t\t\t\t\t\t<\/div>\n\t\t\t\t<\/div>\n\t\t\t\t<div class=\"elementor-element elementor-element-5676e5d elementor-widget elementor-widget-text-editor\" data-id=\"5676e5d\" data-element_type=\"widget\" data-widget_type=\"text-editor.default\">\n\t\t\t\t<div class=\"elementor-widget-container\">\n\t\t\t\t\t\t\t<p style=\"text-align: right;\"><span style=\"font-family: georgia, palatino; font-size: 20px; color: #333333;\">Mestrados mais valorizados<\/span><\/p><p style=\"text-align: right;\"><span style=\"font-family: georgia, palatino; font-size: 18px; color: #808080;\">Sexto lugar (num total de 63)<\/span><\/p>\t\t\t\t\t\t<\/div>\n\t\t\t\t<\/div>\n\t\t\t\t\t<\/div>\n\t\t<\/div>\n\t\t\t\t\t\t\t<\/div>\n\t\t<\/section>\n\t\t\t\t\t\t\t<\/div>","protected":false},"excerpt":{"rendered":"<p>M\u00e1ster en Traducci\u00f3n para la Comunicaci\u00f3n Internacional (MTCI) M\u00e1ster Universitario Excelente de la Xunta de Galicia El M\u00e1ster en Traducci\u00f3n para la Comunicaci\u00f3n Internacional (MTCI) de la Universidade de Vigo dio sus primeros pasos en el curso acad\u00e9mico 2013-2014. Esta formaci\u00f3n especializada de posgrado, de modalidad semipresencial, tiene como objetivo ofrecer al alumnado unas destrezas&hellip;<\/p>","protected":false},"author":2,"featured_media":0,"parent":0,"menu_order":0,"comment_status":"closed","ping_status":"closed","template":"","meta":{"footnotes":""},"class_list":["post-6224","page","type-page","status-publish","hentry"],"_links":{"self":[{"href":"https:\/\/paratraduccion.com\/paratradit\/pt\/wp-json\/wp\/v2\/pages\/6224","targetHints":{"allow":["GET"]}}],"collection":[{"href":"https:\/\/paratraduccion.com\/paratradit\/pt\/wp-json\/wp\/v2\/pages"}],"about":[{"href":"https:\/\/paratraduccion.com\/paratradit\/pt\/wp-json\/wp\/v2\/types\/page"}],"author":[{"embeddable":true,"href":"https:\/\/paratraduccion.com\/paratradit\/pt\/wp-json\/wp\/v2\/users\/2"}],"replies":[{"embeddable":true,"href":"https:\/\/paratraduccion.com\/paratradit\/pt\/wp-json\/wp\/v2\/comments?post=6224"}],"version-history":[{"count":72,"href":"https:\/\/paratraduccion.com\/paratradit\/pt\/wp-json\/wp\/v2\/pages\/6224\/revisions"}],"predecessor-version":[{"id":11593,"href":"https:\/\/paratraduccion.com\/paratradit\/pt\/wp-json\/wp\/v2\/pages\/6224\/revisions\/11593"}],"wp:attachment":[{"href":"https:\/\/paratraduccion.com\/paratradit\/pt\/wp-json\/wp\/v2\/media?parent=6224"}],"curies":[{"name":"wp","href":"https:\/\/api.w.org\/{rel}","templated":true}]}}