{"id":6196,"date":"2021-04-30T04:43:48","date_gmt":"2021-04-30T04:43:48","guid":{"rendered":"http:\/\/paratraduccion.com\/techling2021\/?page_id=6196"},"modified":"2023-10-29T21:22:18","modified_gmt":"2023-10-29T21:22:18","slug":"eje-3","status":"publish","type":"page","link":"https:\/\/paratraduccion.com\/paratradit\/eje-3\/","title":{"rendered":"Inteligencias Artificiales (IA) en el tratamiento autom\u00e1tico de las lenguas"},"content":{"rendered":"\t\t<div data-elementor-type=\"wp-page\" data-elementor-id=\"6196\" class=\"elementor elementor-6196\" data-elementor-post-type=\"page\">\n\t\t\t\t\t\t\t\t\t<section class=\"elementor-section elementor-top-section elementor-element elementor-element-50343284 elementor-section-boxed elementor-section-height-default elementor-section-height-default\" data-id=\"50343284\" data-element_type=\"section\" data-settings=\"{&quot;_ha_eqh_enable&quot;:false}\">\n\t\t\t\t\t\t<div class=\"elementor-container elementor-column-gap-default\">\n\t\t\t\t\t<div class=\"elementor-column elementor-col-100 elementor-top-column elementor-element elementor-element-35b95513\" data-id=\"35b95513\" data-element_type=\"column\">\n\t\t\t<div class=\"elementor-widget-wrap elementor-element-populated\">\n\t\t\t\t\t\t\t\t<div class=\"elementor-element elementor-element-aa24201 uael-heading-align-center elementor-widget elementor-widget-uael-advanced-heading\" data-id=\"aa24201\" data-element_type=\"widget\" data-widget_type=\"uael-advanced-heading.default\">\n\t\t\t\t<div class=\"elementor-widget-container\">\n\t\t\t\n\t\t<div class=\"uael-module-content uael-heading-wrapper\">\n\t\t\t\t\t\t\n\t\t\t<h1 class=\"uael-heading\">\n\t\t\t\t\t\t\t\t\t<a href=\"#\" >\n\t\t\t\t\t\t\t\t\t\t<span class=\"uael-heading-text elementor-inline-editing uael-size--xxl\" data-elementor-setting-key=\"heading_title\" data-elementor-inline-editing-toolbar=\"basic\">Eje<\/span>\n\t\t\t\t\t\t\t\t\t<\/a>\n\t\t\t\t\t\t\t<\/h1>\n\n\t\t\t\n\t\t\t\n\t\t\t\n\t\t\t\t\t\t\t<div class=\"uael-module-content uael-separator-parent\">\n\t\t\t\t\t\t\t\t<div class=\"uael-separator-wrap\">\n\t\t\t\t\t<div class=\"uael-separator-line uael-side-left\">\n\t\t\t\t\t\t<span><\/span>\n\t\t\t\t\t<\/div>\n\t\t\t\t\t<div class=\"uael-divider-content\">\n\t\t\t\t\t\t\t\t\t\t\t\t<h3 class=\"uael-divider-text elementor-inline-editing\" data-elementor-setting-key=\"heading_line_text\" data-elementor-inline-editing-toolbar=\"basic\">n\u00ba3<\/h3>\n\t\t\t\t\t<\/div>\n\t\t\t\t\t<div class=\"uael-separator-line uael-side-right\">\n\t\t\t\t\t\t<span><\/span>\n\t\t\t\t\t<\/div>\n\t\t\t\t<\/div>\n\t\t\t\t\t\t\t\t\t\t<\/div>\n\t\t\t\t\t<\/div>\n\t\t\t\t<\/div>\n\t\t\t\t<\/div>\n\t\t\t\t<div class=\"elementor-element elementor-element-4d82ef92 elementor-widget elementor-widget-text-editor\" data-id=\"4d82ef92\" data-element_type=\"widget\" data-widget_type=\"text-editor.default\">\n\t\t\t\t<div class=\"elementor-widget-container\">\n\t\t\t\t\t\t\t<h2 style=\"text-align: center;\"><span style=\"font-family: georgia, palatino;\">Inteligencias Artificiales (IA) en el tratamiento autom\u00e1tico de las lenguas<\/span><\/h2><h3>\u00a0<\/h3><h3 style=\"text-align: right;\"><span style=\"font-family: georgia, palatino; color: #eb2121;\">Coordinaci\u00f3n:<\/span><\/h3><h4 style=\"text-align: right;\"><span style=\"font-family: georgia, palatino;\">\u00d3scar Ferreiro V\u00e1zquez<\/span><\/h4><h4 style=\"text-align: right;\"><span style=\"font-family: georgia, palatino;\">Karl Schurster<\/span><\/h4><p style=\"text-align: justify;\"><span style=\"font-weight: 400; font-family: georgia, palatino; font-size: 12pt; color: #333333;\">Las tecnolog\u00edas de la lengua tienen como objetivo la aplicaci\u00f3n de los conocimientos ling\u00fc\u00edsticos al desarrollo de sistemas inform\u00e1ticos capaces de reconocer, interpretar y generar lenguaje humano en sus diferentes formas.<\/span><\/p><p style=\"text-align: justify;\"><span style=\"font-weight: 400; font-family: georgia, palatino; font-size: 12pt; color: #333333;\">Entre los productos y servicios inform\u00e1ticos creados por la digitalizaci\u00f3n, que enriquecen y facilitan la labor de traductores y ling\u00fcistas, destacamos, en este eje, aquellas herramientas para el tratamiento autom\u00e1tico y semiautom\u00e1tico de lenguas que contribuyen a la investigaci\u00f3n cient\u00edfica. <\/span><\/p><p style=\"text-align: justify;\"><span style=\"font-family: georgia, palatino; color: #333333;\"><span style=\"font-weight: 400; font-size: 12pt;\">A continuaci\u00f3n presentamos un breve listado de los posibles temas que nos gustar\u00eda tratar en este tercer eje del Congreso. <strong>\u00a1Atenci\u00f3n!<\/strong>: el siguiente listado es, simplemente, orientativo y estamos abiertos a otras propuestas originales que pudiesen tratar cualquier aspecto de<\/span><span style=\"font-weight: 400; font-size: 12pt;\">\u00a0<i>Inteligencias Artificiales (IA) en el tratamiento autom\u00e1tico de las lenguas.\u00a0<\/i><\/span><\/span><\/p>\t\t\t\t\t\t<\/div>\n\t\t\t\t<\/div>\n\t\t\t\t\t<\/div>\n\t\t<\/div>\n\t\t\t\t\t\t\t<\/div>\n\t\t<\/section>\n\t\t\t\t<section class=\"elementor-section elementor-top-section elementor-element elementor-element-02b36ca elementor-section-boxed elementor-section-height-default elementor-section-height-default\" data-id=\"02b36ca\" data-element_type=\"section\" data-settings=\"{&quot;_ha_eqh_enable&quot;:false}\">\n\t\t\t\t\t\t<div class=\"elementor-container elementor-column-gap-default\">\n\t\t\t\t\t<div class=\"elementor-column elementor-col-100 elementor-top-column elementor-element elementor-element-38f68bb\" data-id=\"38f68bb\" data-element_type=\"column\">\n\t\t\t<div class=\"elementor-widget-wrap elementor-element-populated\">\n\t\t\t\t\t\t\t\t<div class=\"elementor-element elementor-element-26cc4b4 elementor-widget elementor-widget-accordion\" data-id=\"26cc4b4\" data-element_type=\"widget\" data-widget_type=\"accordion.default\">\n\t\t\t\t<div class=\"elementor-widget-container\">\n\t\t\t\t\t<div class=\"elementor-accordion\">\n\t\t\t\t\t\t\t<div class=\"elementor-accordion-item\">\n\t\t\t\t\t<div id=\"elementor-tab-title-4061\" class=\"elementor-tab-title\" data-tab=\"1\" role=\"button\" aria-controls=\"elementor-tab-content-4061\" aria-expanded=\"false\">\n\t\t\t\t\t\t\t\t\t\t\t\t\t<span class=\"elementor-accordion-icon elementor-accordion-icon-left\" aria-hidden=\"true\">\n\t\t\t\t\t\t\t\t\t\t\t\t\t\t\t<span class=\"elementor-accordion-icon-closed\"><i class=\"fas fa-plus\"><\/i><\/span>\n\t\t\t\t\t\t\t\t<span class=\"elementor-accordion-icon-opened\"><i class=\"fas fa-minus\"><\/i><\/span>\n\t\t\t\t\t\t\t\t\t\t\t\t\t\t<\/span>\n\t\t\t\t\t\t\t\t\t\t\t\t<a class=\"elementor-accordion-title\" tabindex=\"0\">LING\u00dc\u00cdSTICA COMPUTACIONAL<\/a>\n\t\t\t\t\t<\/div>\n\t\t\t\t\t<div id=\"elementor-tab-content-4061\" class=\"elementor-tab-content elementor-clearfix\" data-tab=\"1\" role=\"region\" aria-labelledby=\"elementor-tab-title-4061\"><ul><li style=\"font-weight: 400;\" aria-level=\"1\"><span style=\"font-weight: 400;\">Procesamiento de lenguajes naturales<\/span><\/li><li style=\"font-weight: 400;\" aria-level=\"1\"><span style=\"font-weight: 400;\">Corpus ling\u00fc\u00edstico: el ejemplo de la aplicaci\u00f3n CEILE<\/span><\/li><li style=\"font-weight: 400;\" aria-level=\"1\"><span style=\"font-weight: 400;\">Analizadores sint\u00e1cticos, morfol\u00f3gicos y sem\u00e1nticos para lenguajes naturales<\/span><\/li><li style=\"font-weight: 400;\" aria-level=\"1\"><span style=\"font-weight: 400;\">Miner\u00eda de textos, bases de datos y ontolog\u00edas\u00a0<\/span><\/li><li style=\"font-weight: 400;\" aria-level=\"1\"><span style=\"font-weight: 400;\">Atlas ling\u00fc\u00edsticos informatizados\u00a0<\/span><\/li><li style=\"font-weight: 400;\" aria-level=\"1\"><span style=\"font-weight: 400;\">Lematizadores, alineadores, conjugadores, flexionadores y diccionarios informatizados<\/span><\/li><li style=\"font-weight: 400;\" aria-level=\"1\"><span style=\"font-weight: 400;\">Herramientas para el tratamiento fon\u00e9tico y fonol\u00f3gico de las lenguas: reconocimiento y s\u00edntesis del habla\u00a0<\/span><\/li><\/ul><\/div>\n\t\t\t\t<\/div>\n\t\t\t\t\t\t\t<div class=\"elementor-accordion-item\">\n\t\t\t\t\t<div id=\"elementor-tab-title-4062\" class=\"elementor-tab-title\" data-tab=\"2\" role=\"button\" aria-controls=\"elementor-tab-content-4062\" aria-expanded=\"false\">\n\t\t\t\t\t\t\t\t\t\t\t\t\t<span class=\"elementor-accordion-icon elementor-accordion-icon-left\" aria-hidden=\"true\">\n\t\t\t\t\t\t\t\t\t\t\t\t\t\t\t<span class=\"elementor-accordion-icon-closed\"><i class=\"fas fa-plus\"><\/i><\/span>\n\t\t\t\t\t\t\t\t<span class=\"elementor-accordion-icon-opened\"><i class=\"fas fa-minus\"><\/i><\/span>\n\t\t\t\t\t\t\t\t\t\t\t\t\t\t<\/span>\n\t\t\t\t\t\t\t\t\t\t\t\t<a class=\"elementor-accordion-title\" tabindex=\"0\">INTELIGENCIAS ARTIFICIALES (IA) Y TRATAMIENTO AUTOM\u00c1TICO DE LAS LENGUAS (TAL)<\/a>\n\t\t\t\t\t<\/div>\n\t\t\t\t\t<div id=\"elementor-tab-content-4062\" class=\"elementor-tab-content elementor-clearfix\" data-tab=\"2\" role=\"region\" aria-labelledby=\"elementor-tab-title-4062\"><ul><li style=\"font-weight: 400;\" aria-level=\"1\"><span style=\"font-weight: 400;\">ChatGPT de OpenAI<\/span><\/li><li style=\"font-weight: 400;\" aria-level=\"1\"><span style=\"font-weight: 400;\">NLLB-200 de Meta (No Language Left Behind)<\/span><\/li><li style=\"font-weight: 400;\" aria-level=\"1\"><span style=\"font-weight: 400;\">Google Translate<\/span><\/li><li style=\"font-weight: 400;\" aria-level=\"1\"><span style=\"font-weight: 400;\">DeepL<\/span><\/li><\/ul><\/div>\n\t\t\t\t<\/div>\n\t\t\t\t\t\t\t\t<\/div>\n\t\t\t\t<\/div>\n\t\t\t\t<\/div>\n\t\t\t\t\t<\/div>\n\t\t<\/div>\n\t\t\t\t\t\t\t<\/div>\n\t\t<\/section>\n\t\t\t\t\t\t\t<\/div>\n\t\t","protected":false},"excerpt":{"rendered":"<p>Eje n\u00ba3 Inteligencias Artificiales (IA) en el tratamiento autom\u00e1tico de las lenguas \u00a0 Coordinaci\u00f3n: \u00d3scar Ferreiro V\u00e1zquez Karl Schurster Las tecnolog\u00edas de la lengua tienen como objetivo la aplicaci\u00f3n de los conocimientos ling\u00fc\u00edsticos al desarrollo de sistemas inform\u00e1ticos capaces de reconocer, interpretar y generar lenguaje humano en sus diferentes formas. Entre los productos y servicios&hellip;<\/p>\n","protected":false},"author":2,"featured_media":0,"parent":0,"menu_order":0,"comment_status":"closed","ping_status":"closed","template":"","meta":{"footnotes":""},"class_list":["post-6196","page","type-page","status-publish","hentry"],"_links":{"self":[{"href":"https:\/\/paratraduccion.com\/paratradit\/wp-json\/wp\/v2\/pages\/6196","targetHints":{"allow":["GET"]}}],"collection":[{"href":"https:\/\/paratraduccion.com\/paratradit\/wp-json\/wp\/v2\/pages"}],"about":[{"href":"https:\/\/paratraduccion.com\/paratradit\/wp-json\/wp\/v2\/types\/page"}],"author":[{"embeddable":true,"href":"https:\/\/paratraduccion.com\/paratradit\/wp-json\/wp\/v2\/users\/2"}],"replies":[{"embeddable":true,"href":"https:\/\/paratraduccion.com\/paratradit\/wp-json\/wp\/v2\/comments?post=6196"}],"version-history":[{"count":60,"href":"https:\/\/paratraduccion.com\/paratradit\/wp-json\/wp\/v2\/pages\/6196\/revisions"}],"predecessor-version":[{"id":11875,"href":"https:\/\/paratraduccion.com\/paratradit\/wp-json\/wp\/v2\/pages\/6196\/revisions\/11875"}],"wp:attachment":[{"href":"https:\/\/paratraduccion.com\/paratradit\/wp-json\/wp\/v2\/media?parent=6196"}],"curies":[{"name":"wp","href":"https:\/\/api.w.org\/{rel}","templated":true}]}}