{"id":6716,"date":"2021-05-04T09:30:40","date_gmt":"2021-05-04T09:30:40","guid":{"rendered":"http:\/\/paratraduccion.com\/techling2021\/?page_id=6716"},"modified":"2021-10-16T07:28:47","modified_gmt":"2021-10-16T07:28:47","slug":"pago-gl","status":"publish","type":"page","link":"https:\/\/paratraduccion.com\/paratradit\/pago-gl\/","title":{"rendered":"Pago\u2014GL"},"content":{"rendered":"<h1 style=\"text-align: center;\"><b><span style=\"font-family: verdana, geneva;\">Modalidade de pagamento<\/span><br \/>\n<\/b><\/h1>\n<p><img loading=\"lazy\" decoding=\"async\" class=\"aligncenter wp-image-6632 size-medium\" src=\"https:\/\/paratraduccion.com\/techling2021\/wp-content\/uploads\/2021\/05\/16-OrdenadorNuevo-DETALLES-01-300x200.jpg\" alt=\"\" width=\"300\" height=\"200\" srcset=\"https:\/\/paratraduccion.com\/paratradit\/wp-content\/uploads\/2021\/05\/16-OrdenadorNuevo-DETALLES-01-300x200.jpg 300w, https:\/\/paratraduccion.com\/paratradit\/wp-content\/uploads\/2021\/05\/16-OrdenadorNuevo-DETALLES-01-scaled-600x400.jpg 600w, https:\/\/paratraduccion.com\/paratradit\/wp-content\/uploads\/2021\/05\/16-OrdenadorNuevo-DETALLES-01-1024x683.jpg 1024w, https:\/\/paratraduccion.com\/paratradit\/wp-content\/uploads\/2021\/05\/16-OrdenadorNuevo-DETALLES-01-768x512.jpg 768w, https:\/\/paratraduccion.com\/paratradit\/wp-content\/uploads\/2021\/05\/16-OrdenadorNuevo-DETALLES-01-1536x1024.jpg 1536w, https:\/\/paratraduccion.com\/paratradit\/wp-content\/uploads\/2021\/05\/16-OrdenadorNuevo-DETALLES-01-2048x1365.jpg 2048w\" sizes=\"auto, (max-width: 300px) 100vw, 300px\" \/><\/p>\n<h4 style=\"text-align: justify;\"><span style=\"font-size: 12pt; font-family: verdana, geneva;\"><span style=\"font-weight: 400;\"><strong><span style=\"font-weight: 400;\">O pagamento dos dereitos de Inscrici\u00f3n ao congreso<\/span> techLING 2021-UVigo-T<span style=\"color: #808080;\">&amp;<\/span><span style=\"color: #ff0000;\">P\u00a0<\/span><\/strong><\/span><span style=\"font-weight: 400;\">realizarase na modalidade de transferencia bancaria.<\/span><\/span><\/h4>\n<p><span style=\"font-family: verdana, geneva; font-size: 12pt;\"><strong>Banco:<\/strong> Abanca<\/span><\/p>\n<p><span style=\"font-family: verdana, geneva; font-size: 12pt;\"><strong>IBAN:<\/strong> ES1420800501123110000112<\/span><\/p>\n<p><span style=\"font-family: verdana, geneva; font-size: 12pt;\"><strong>BIC SWIFT:<\/strong> CAGLESMMXXX<\/span><\/p>\n<p><span style=\"font-family: verdana, geneva; font-size: 12pt;\"><strong>Beneficiario:<\/strong> Universidade de Vigo<\/span><\/p>\n<p><span style=\"font-family: verdana, geneva; font-size: 12pt;\"><strong>Concepto:<\/strong> INV 00208 + Apelidos, Nome da persoa que se inscribe<\/span><\/p>\n<h4 style=\"text-align: center;\"><strong><span style=\"font-family: verdana, geneva; font-size: 12pt; color: #ff0000;\">ATENCI\u00d3N:<\/span><\/strong><br \/>\n<span style=\"font-family: verdana, geneva; font-size: 12pt;\">O rexistro s\u00f3 se completar\u00e1 co env\u00edo do xustificante da transferencia bancaria \u00e1 Secretar\u00eda do congreso (<span style=\"color: #00ccff;\"><a style=\"color: #00ccff;\" href=\"mailto:techling21@gmail.com\">techling21@gmail.com<\/a><\/span>).<\/span><\/h4>\n<p><img loading=\"lazy\" decoding=\"async\" class=\"aligncenter wp-image-6632 size-full\" src=\"https:\/\/paratraduccion.com\/techling2021\/wp-content\/uploads\/2021\/05\/16-OrdenadorNuevo-DETALLES-01-scaled.jpg\" alt=\"\" width=\"2560\" height=\"1706\" srcset=\"https:\/\/paratraduccion.com\/paratradit\/wp-content\/uploads\/2021\/05\/16-OrdenadorNuevo-DETALLES-01-scaled.jpg 2560w, https:\/\/paratraduccion.com\/paratradit\/wp-content\/uploads\/2021\/05\/16-OrdenadorNuevo-DETALLES-01-scaled-600x400.jpg 600w, https:\/\/paratraduccion.com\/paratradit\/wp-content\/uploads\/2021\/05\/16-OrdenadorNuevo-DETALLES-01-300x200.jpg 300w, https:\/\/paratraduccion.com\/paratradit\/wp-content\/uploads\/2021\/05\/16-OrdenadorNuevo-DETALLES-01-1024x683.jpg 1024w, https:\/\/paratraduccion.com\/paratradit\/wp-content\/uploads\/2021\/05\/16-OrdenadorNuevo-DETALLES-01-768x512.jpg 768w, https:\/\/paratraduccion.com\/paratradit\/wp-content\/uploads\/2021\/05\/16-OrdenadorNuevo-DETALLES-01-1536x1024.jpg 1536w, https:\/\/paratraduccion.com\/paratradit\/wp-content\/uploads\/2021\/05\/16-OrdenadorNuevo-DETALLES-01-2048x1365.jpg 2048w\" sizes=\"auto, (max-width: 2560px) 100vw, 2560px\" \/><\/p>\n","protected":false},"excerpt":{"rendered":"<p>Modalidade de pagamento O pagamento dos dereitos de Inscrici\u00f3n ao congreso techLING 2021-UVigo-T&amp;P\u00a0realizarase na modalidade de transferencia bancaria. Banco: Abanca IBAN: ES1420800501123110000112 BIC SWIFT: CAGLESMMXXX Beneficiario: Universidade de Vigo Concepto: INV 00208 + Apelidos, Nome da persoa que se inscribe ATENCI\u00d3N: O rexistro s\u00f3 se completar\u00e1 co env\u00edo do xustificante da transferencia bancaria \u00e1 Secretar\u00eda&hellip;<\/p>\n","protected":false},"author":2,"featured_media":0,"parent":0,"menu_order":0,"comment_status":"closed","ping_status":"closed","template":"","meta":{"footnotes":""},"class_list":["post-6716","page","type-page","status-publish","hentry","description-off"],"_links":{"self":[{"href":"https:\/\/paratraduccion.com\/paratradit\/wp-json\/wp\/v2\/pages\/6716","targetHints":{"allow":["GET"]}}],"collection":[{"href":"https:\/\/paratraduccion.com\/paratradit\/wp-json\/wp\/v2\/pages"}],"about":[{"href":"https:\/\/paratraduccion.com\/paratradit\/wp-json\/wp\/v2\/types\/page"}],"author":[{"embeddable":true,"href":"https:\/\/paratraduccion.com\/paratradit\/wp-json\/wp\/v2\/users\/2"}],"replies":[{"embeddable":true,"href":"https:\/\/paratraduccion.com\/paratradit\/wp-json\/wp\/v2\/comments?post=6716"}],"version-history":[{"count":9,"href":"https:\/\/paratraduccion.com\/paratradit\/wp-json\/wp\/v2\/pages\/6716\/revisions"}],"predecessor-version":[{"id":8990,"href":"https:\/\/paratraduccion.com\/paratradit\/wp-json\/wp\/v2\/pages\/6716\/revisions\/8990"}],"wp:attachment":[{"href":"https:\/\/paratraduccion.com\/paratradit\/wp-json\/wp\/v2\/media?parent=6716"}],"curies":[{"name":"wp","href":"https:\/\/api.w.org\/{rel}","templated":true}]}}