{"id":21457,"date":"2021-09-23T06:43:00","date_gmt":"2021-09-23T06:43:00","guid":{"rendered":"http:\/\/192.168.0.150\/evenio\/?page_id=21457"},"modified":"2025-09-01T19:48:43","modified_gmt":"2025-09-01T17:48:43","slug":"faqs","status":"publish","type":"page","link":"https:\/\/paratraduccion.com\/paratradit2026\/fr\/faqs\/","title":{"rendered":"Faqs"},"content":{"rendered":"<div data-elementor-type=\"wp-page\" data-elementor-id=\"21457\" class=\"elementor elementor-21457\" data-elementor-post-type=\"page\">\n\t\t\t\t\t\t<section data-particle_enable=\"false\" data-particle-mobile-disabled=\"false\" class=\"elementor-section elementor-top-section elementor-element elementor-element-75b5c68 elementor-section-stretched elementor-section-boxed elementor-section-height-default elementor-section-height-default\" data-id=\"75b5c68\" data-element_type=\"section\" data-e-type=\"section\" data-settings=\"{&quot;stretch_section&quot;:&quot;section-stretched&quot;,&quot;background_background&quot;:&quot;classic&quot;,&quot;jet_parallax_layout_list&quot;:[]}\">\n\t\t\t\t\t\t\t<div class=\"elementor-background-overlay\"><\/div>\n\t\t\t\t\t\t\t<div class=\"elementor-container elementor-column-gap-extended\">\n\t\t\t\t\t<div class=\"elementor-column elementor-col-100 elementor-top-column elementor-element elementor-element-366351e\" data-id=\"366351e\" data-element_type=\"column\" data-e-type=\"column\">\n\t\t\t<div class=\"elementor-widget-wrap elementor-element-populated\">\n\t\t\t\t\t\t<div class=\"elementor-element elementor-element-970d902 elementor-widget elementor-widget-spacer\" data-id=\"970d902\" data-element_type=\"widget\" data-e-type=\"widget\" data-widget_type=\"spacer.default\">\n\t\t\t\t<div class=\"elementor-widget-container\">\n\t\t\t\t\t\t\t<div class=\"elementor-spacer\">\n\t\t\t<div class=\"elementor-spacer-inner\"><\/div>\n\t\t<\/div>\n\t\t\t\t\t\t<\/div>\n\t\t\t\t<\/div>\n\t\t\t\t<div class=\"elementor-element elementor-element-e79acce elementor-widget elementor-widget-rs-heading\" data-id=\"e79acce\" data-element_type=\"widget\" data-e-type=\"widget\" data-widget_type=\"rs-heading.default\">\n\t\t\t\t<div class=\"elementor-widget-container\">\n\t\t\t\t\t\n        <div class=\"prelements-heading water__slide_yes default animate-\">\n        \t<div class=\"title-inner\">        \t\t      \t\t\n\t            <h2 class=\"title\"><span class=\"watermark\">FAQ<\/span>FAQ<\/h2>\t\t\t\t\n\t\t\t\t\t        <\/div>\n\t                <\/div>\n        \t\t\t\t<\/div>\n\t\t\t\t<\/div>\n\t\t\t\t<section data-particle_enable=\"false\" data-particle-mobile-disabled=\"false\" class=\"elementor-section elementor-inner-section elementor-element elementor-element-bac416c elementor-section-content-middle elementor-section-boxed elementor-section-height-default elementor-section-height-default\" data-id=\"bac416c\" data-element_type=\"section\" data-e-type=\"section\" data-settings=\"{&quot;jet_parallax_layout_list&quot;:[]}\">\n\t\t\t\t\t\t<div class=\"elementor-container elementor-column-gap-default\">\n\t\t\t\t\t<div class=\"elementor-column elementor-col-50 elementor-inner-column elementor-element elementor-element-6390a02\" data-id=\"6390a02\" data-element_type=\"column\" data-e-type=\"column\">\n\t\t\t<div class=\"elementor-widget-wrap elementor-element-populated\">\n\t\t\t\t\t\t<div class=\"elementor-element elementor-element-3d157ff elementor-widget elementor-widget-rs-accordions\" data-id=\"3d157ff\" data-element_type=\"widget\" data-e-type=\"widget\" data-widget_type=\"rs-accordions.default\">\n\t\t\t\t<div class=\"elementor-widget-container\">\n\t\t\t\t\t            <div class=\"rsaddon-unique-accordion\">\n                <div id=\"accordion31331\" class=\"rs-addon-accordion accdstyle2\">                   \n                        \n                                            \n                        <div>\n                        \t                        \t\t<span class=\"elementor-accordion-icon elementor-accordion-icon-right\" aria-hidden=\"true\">\n                        \t\t                        \t\t\t<span class=\"elementor-accordion-icon-closed\"><i class=\"fas fa-angle-down\"><\/i><\/span>\n                        \t\t\t<span class=\"elementor-accordion-icon-opened\"><i class=\"fas fa-angle-up\"><\/i><\/span>\n                        \t\t                        \t\t<\/span>\n                        \t                        \t<a class=\"elementor-accordion-title\" href=\"\">\n                        \t\t\n                        \t\t<span>Le tarif est-il le m\u00eame pour la communication en pr\u00e9sentiel et en virtuel ?<\/span>  \n\n                        \t\t\t                        \t\t\t                        \t\t\t                        \t\n                        \t<\/a>\n                        \t<\/div>                                                                 \n                            \n\n                                                                        \n                                <div class=\"accordion-desc\">                                    \n                               \t\t<p>Oui, car il correspond \u00e0 l\u2019article destin\u00e9 \u00e0 la publication et non \u00e0 la communication en elle-m\u00eame.<\/p> \n                            \t<\/div>                                            \n                                                            \n                            \n                                                \n                        <div>\n                        \t                        \t\t<span class=\"elementor-accordion-icon elementor-accordion-icon-right\" aria-hidden=\"true\">\n                        \t\t                        \t\t\t<span class=\"elementor-accordion-icon-closed\"><i class=\"fas fa-angle-down\"><\/i><\/span>\n                        \t\t\t<span class=\"elementor-accordion-icon-opened\"><i class=\"fas fa-angle-up\"><\/i><\/span>\n                        \t\t                        \t\t<\/span>\n                        \t                        \t<a class=\"elementor-accordion-title\" href=\"\">\n                        \t\t\n                        \t\t<span>Si une communication compte plusieurs auteurs, mais que tous ne pr\u00e9sentent pas la communication\u2026<\/span>  \n\n                        \t\t\t                        \t\t\t                        \t\t\t                        \t\n                        \t<\/a>\n                        \t<\/div>                                                                 \n                            \n\n                                                                        \n                                <div class=\"accordion-desc\">                                    \n                               \t\t<p>Tous les signataires de la communication doivent \u00eatre inscrits au congr\u00e8s et avoir acquitt\u00e9 les droits d\u2019inscription correspondants afin de pouvoir pr\u00e9senter leur contribution, qu\u2019ils participent ou non effectivement \u00e0 la pr\u00e9sentation. Par exemple, si la communication est sign\u00e9e par cinq auteurs, m\u00eame si seuls deux d\u2019entre eux la pr\u00e9sentent (en pr\u00e9sentiel ou en ligne), chacun des cinq auteurs devra s\u2019acquitter de sa propre inscription. Dans le cas contraire, leur nom ne figurera ni parmi les auteurs de la communication ni, en cas de publication apr\u00e8s l\u2019\u00e9valuation par les pairs, dans le chapitre de la revue.<\/p> \n                            \t<\/div>                                            \n                                                            \n                            \n                                                \n                        <div>\n                        \t                        \t\t<span class=\"elementor-accordion-icon elementor-accordion-icon-right\" aria-hidden=\"true\">\n                        \t\t                        \t\t\t<span class=\"elementor-accordion-icon-closed\"><i class=\"fas fa-angle-down\"><\/i><\/span>\n                        \t\t\t<span class=\"elementor-accordion-icon-opened\"><i class=\"fas fa-angle-up\"><\/i><\/span>\n                        \t\t                        \t\t<\/span>\n                        \t                        \t<a class=\"elementor-accordion-title\" href=\"\">\n                        \t\t\n                        \t\t<span>Le paiement des frais implique-t-il la publication de ma communication ?<\/span>  \n\n                        \t\t\t                        \t\t\t                        \t\t\t                        \t\n                        \t<\/a>\n                        \t<\/div>                                                                 \n                            \n\n                                                                        \n                                <div class=\"accordion-desc\">                                    \n                               \t\t<p>Non. Seules les communications \u00e9valu\u00e9es positivement par le Comit\u00e9 scientifique en double aveugle seront publi\u00e9es, soit comme chapitre d\u2019ouvrage dans une maison d\u2019\u00e9dition nationale ou \u00e9trang\u00e8re index\u00e9e dans le SPI (Scholarly Publishers Indicators, Quartile Q1), soit comme article dans une revue.<\/p> \n                            \t<\/div>                                            \n                                                            \n                            \n                                                \n                        <div>\n                        \t                        \t\t<span class=\"elementor-accordion-icon elementor-accordion-icon-right\" aria-hidden=\"true\">\n                        \t\t                        \t\t\t<span class=\"elementor-accordion-icon-closed\"><i class=\"fas fa-angle-down\"><\/i><\/span>\n                        \t\t\t<span class=\"elementor-accordion-icon-opened\"><i class=\"fas fa-angle-up\"><\/i><\/span>\n                        \t\t                        \t\t<\/span>\n                        \t                        \t<a class=\"elementor-accordion-title\" href=\"\">\n                        \t\t\n                        \t\t<span>Si je suis le congr\u00e8s en ligne, comment puis-je me connecter aux conf\u00e9rences ?<\/span>  \n\n                        \t\t\t                        \t\t\t                        \t\t\t                        \t\n                        \t<\/a>\n                        \t<\/div>                                                                 \n                            \n\n                                                                        \n                                <div class=\"accordion-desc\">                                    \n                               \t\t<p>Toutes les conf\u00e9rences pourront \u00eatre suivies via le Campus \u00e0 distance (Campus Remoto) de l\u2019Universit\u00e9 de Vigo. Il est recommand\u00e9 de lire attentivement le guide de connexion au Campus Remoto.<\/p> \n                            \t<\/div>                                            \n                                                            \n                            \n                                                \n                        <div>\n                        \t                        \t\t<span class=\"elementor-accordion-icon elementor-accordion-icon-right\" aria-hidden=\"true\">\n                        \t\t                        \t\t\t<span class=\"elementor-accordion-icon-closed\"><i class=\"fas fa-angle-down\"><\/i><\/span>\n                        \t\t\t<span class=\"elementor-accordion-icon-opened\"><i class=\"fas fa-angle-up\"><\/i><\/span>\n                        \t\t                        \t\t<\/span>\n                        \t                        \t<a class=\"elementor-accordion-title\" href=\"\">\n                        \t\t\n                        \t\t<span>Les sessions seront-elles enregistr\u00e9es ou pourra-t-on les suivre en diff\u00e9r\u00e9 ?<\/span>  \n\n                        \t\t\t                        \t\t\t                        \t\t\t                        \t\n                        \t<\/a>\n                        \t<\/div>                                                                 \n                            \n\n                                                                        \n                                <div class=\"accordion-desc\">                                    \n                               \t\t<p>Non, elles ne pourront \u00eatre suivies qu\u2019en direct.<\/p> \n                            \t<\/div>                                            \n                                                            \n                            \n                                                \n                        <div>\n                        \t                        \t\t<span class=\"elementor-accordion-icon elementor-accordion-icon-right\" aria-hidden=\"true\">\n                        \t\t                        \t\t\t<span class=\"elementor-accordion-icon-closed\"><i class=\"fas fa-angle-down\"><\/i><\/span>\n                        \t\t\t<span class=\"elementor-accordion-icon-opened\"><i class=\"fas fa-angle-up\"><\/i><\/span>\n                        \t\t                        \t\t<\/span>\n                        \t                        \t<a class=\"elementor-accordion-title\" href=\"\">\n                        \t\t\n                        \t\t<span>Quand le programme du congr\u00e8s sera-t-il disponible ?<\/span>  \n\n                        \t\t\t                        \t\t\t                        \t\t\t                        \t\n                        \t<\/a>\n                        \t<\/div>                                                                 \n                            \n\n                                                                        \n                                <div class=\"accordion-desc\">                                    \n                               \t\t<p>Le plus t\u00f4t possible apr\u00e8s le 1\u1d49\u02b3 f\u00e9vrier 2026, date limite d\u2019inscription au congr\u00e8s. Les intervenants en seront inform\u00e9s par courrier \u00e9lectronique et le programme pourra \u00eatre consult\u00e9 dans la section correspondante sur le site web.<\/p> \n                            \t<\/div>                                            \n                                                            \n                            \n                                                \n                        <div>\n                        \t                        \t\t<span class=\"elementor-accordion-icon elementor-accordion-icon-right\" aria-hidden=\"true\">\n                        \t\t                        \t\t\t<span class=\"elementor-accordion-icon-closed\"><i class=\"fas fa-angle-down\"><\/i><\/span>\n                        \t\t\t<span class=\"elementor-accordion-icon-opened\"><i class=\"fas fa-angle-up\"><\/i><\/span>\n                        \t\t                        \t\t<\/span>\n                        \t                        \t<a class=\"elementor-accordion-title\" href=\"\">\n                        \t\t\n                        \t\t<span>Y a-t-il des possibilit\u00e9s de restauration \u00e0 la Facult\u00e9 ?<\/span>  \n\n                        \t\t\t                        \t\t\t                        \t\t\t                        \t\n                        \t<\/a>\n                        \t<\/div>                                                                 \n                            \n\n                                                                        \n                                <div class=\"accordion-desc\">                                    \n                               \t\t<p>Oui, la Facult\u00e9 de Philologie et de Traduction dispose d\u2019une caf\u00e9t\u00e9ria avec un espace de restauration et un menu du jour. De plus, le campus de Lagoas Marcosende compte une zone de restauration situ\u00e9e \u00e0 proximit\u00e9 du b\u00e2timent Miralles.<\/p> \n                            \t<\/div>                                            \n                                                            \n                            \n                                                \n                        <div>\n                        \t                        \t\t<span class=\"elementor-accordion-icon elementor-accordion-icon-right\" aria-hidden=\"true\">\n                        \t\t                        \t\t\t<span class=\"elementor-accordion-icon-closed\"><i class=\"fas fa-angle-down\"><\/i><\/span>\n                        \t\t\t<span class=\"elementor-accordion-icon-opened\"><i class=\"fas fa-angle-up\"><\/i><\/span>\n                        \t\t                        \t\t<\/span>\n                        \t                        \t<a class=\"elementor-accordion-title\" href=\"\">\n                        \t\t\n                        \t\t<span>Politiques d\u2019annulation d\u2019inscription et de remboursement<\/span>  \n\n                        \t\t\t                        \t\t\t                        \t\t\t                        \t\n                        \t<\/a>\n                        \t<\/div>                                                                 \n                            \n\n                                                                        \n                                <div class=\"accordion-desc\">                                    \n                               \t\t<div class=\"elementor-element elementor-element-75c5997 elementor-widget elementor-widget-text-editor\" data-id=\"75c5997\" data-element_type=\"widget\" data-widget_type=\"text-editor.default\"><div class=\"elementor-widget-container\"><p>Une fois le montant de l\u2019inscription au congr\u00e8s r\u00e9gl\u00e9, selon le type d\u2019adh\u00e9sion ou les conditions et d\u00e9lais d\u2019inscription applicables, ParatradIT ne proc\u00e9dera \u00e0 aucun remboursement ni n\u2019acceptera de modifications.<\/p><\/div><\/div> \n                            \t<\/div>                                            \n                                                            \n                            \n                                                \n                        <div>\n                        \t                        \t\t<span class=\"elementor-accordion-icon elementor-accordion-icon-right\" aria-hidden=\"true\">\n                        \t\t                        \t\t\t<span class=\"elementor-accordion-icon-closed\"><i class=\"fas fa-angle-down\"><\/i><\/span>\n                        \t\t\t<span class=\"elementor-accordion-icon-opened\"><i class=\"fas fa-angle-up\"><\/i><\/span>\n                        \t\t                        \t\t<\/span>\n                        \t                        \t<a class=\"elementor-accordion-title\" href=\"\">\n                        \t\t\n                        \t\t<span>Annulation du congr\u00e8s ParatradIT<\/span>  \n\n                        \t\t\t                        \t\t\t                        \t\t\t                        \t\n                        \t<\/a>\n                        \t<\/div>                                                                 \n                            \n\n                                                                        \n                                <div class=\"accordion-desc\">                                    \n                               \t\t<div class=\"elementor-element elementor-element-75c5997 elementor-widget elementor-widget-text-editor\" data-id=\"75c5997\" data-element_type=\"widget\" data-widget_type=\"text-editor.default\"><div class=\"elementor-widget-container\"><p>Si ParatradIT annule le congr\u00e8s pr\u00e9vu en mars 2026 pour quelque raison que ce soit, l\u2019int\u00e9gralit\u00e9 du montant vers\u00e9 sera rembours\u00e9e \u00e0 toutes les personnes inscrites.<\/p><\/div><\/div> \n                            \t<\/div>                                            \n                                                            \n                            \n                                              \n                <\/div>              \n            <\/div>\n            <script>\n            jQuery( function() {            \t\n              \tjQuery(\"#accordion31331\").accordion();\n            \t} );\n            <\/script>\n        \t\t\t\t<\/div>\n\t\t\t\t<\/div>\n\t\t\t\t\t<\/div>\n\t\t<\/div>\n\t\t\t\t<div class=\"elementor-column elementor-col-50 elementor-inner-column elementor-element elementor-element-52b7434\" data-id=\"52b7434\" data-element_type=\"column\" data-e-type=\"column\" data-settings=\"{&quot;background_background&quot;:&quot;gradient&quot;}\">\n\t\t\t<div class=\"elementor-widget-wrap elementor-element-populated\">\n\t\t\t\t\t\t<div class=\"elementor-element elementor-element-c55a61b elementor-widget elementor-widget-rs-heading\" data-id=\"c55a61b\" data-element_type=\"widget\" data-e-type=\"widget\" data-widget_type=\"rs-heading.default\">\n\t\t\t\t<div class=\"elementor-widget-container\">\n\t\t\t\t\t\n        <div class=\"prelements-heading water__slide_ style4 animate-\">\n        \t<div class=\"title-inner\">        \t\t      \t\t\n\t            <h2 class=\"title\"><span class=\"watermark\"><\/span>Suivez-nous<\/h2>\t\t\t\t\n\t\t\t\t\t        <\/div>\n\t                <\/div>\n        \t\t\t\t<\/div>\n\t\t\t\t<\/div>\n\t\t\t\t<div class=\"elementor-element elementor-element-d34a9fd e-grid-align-left elementor-shape-rounded elementor-grid-0 elementor-widget elementor-widget-social-icons\" data-id=\"d34a9fd\" data-element_type=\"widget\" data-e-type=\"widget\" data-widget_type=\"social-icons.default\">\n\t\t\t\t<div class=\"elementor-widget-container\">\n\t\t\t\t\t\t\t<div class=\"elementor-social-icons-wrapper elementor-grid\" role=\"list\">\n\t\t\t\t\t\t\t<span class=\"elementor-grid-item\" role=\"listitem\">\n\t\t\t\t\t<a class=\"elementor-icon elementor-social-icon elementor-social-icon-facebook elementor-repeater-item-62ac7d5\" href=\"https:\/\/www.facebook.com\/profile.php?id=61551764755073\" target=\"_blank\">\n\t\t\t\t\t\t<span class=\"elementor-screen-only\">Facebook<\/span>\n\t\t\t\t\t\t<i aria-hidden=\"true\" class=\"fab fa-facebook\"><\/i>\t\t\t\t\t<\/a>\n\t\t\t\t<\/span>\n\t\t\t\t\t\t\t<span class=\"elementor-grid-item\" role=\"listitem\">\n\t\t\t\t\t<a class=\"elementor-icon elementor-social-icon elementor-social-icon-twitter elementor-repeater-item-e9fc78b\" href=\"https:\/\/x.com\/ParatradIT\" target=\"_blank\">\n\t\t\t\t\t\t<span class=\"elementor-screen-only\">Twitter<\/span>\n\t\t\t\t\t\t<i aria-hidden=\"true\" class=\"fab fa-twitter\"><\/i>\t\t\t\t\t<\/a>\n\t\t\t\t<\/span>\n\t\t\t\t\t\t\t<span class=\"elementor-grid-item\" role=\"listitem\">\n\t\t\t\t\t<a class=\"elementor-icon elementor-social-icon elementor-social-icon-instagram elementor-repeater-item-8111681\" href=\"https:\/\/www.instagram.com\/paratradit\/\" target=\"_blank\">\n\t\t\t\t\t\t<span class=\"elementor-screen-only\">Instagram<\/span>\n\t\t\t\t\t\t<i aria-hidden=\"true\" class=\"fab fa-instagram\"><\/i>\t\t\t\t\t<\/a>\n\t\t\t\t<\/span>\n\t\t\t\t\t<\/div>\n\t\t\t\t\t\t<\/div>\n\t\t\t\t<\/div>\n\t\t\t\t<div class=\"elementor-element elementor-element-3da9fe7 elementor-widget elementor-widget-rs-heading\" data-id=\"3da9fe7\" data-element_type=\"widget\" data-e-type=\"widget\" data-widget_type=\"rs-heading.default\">\n\t\t\t\t<div class=\"elementor-widget-container\">\n\t\t\t\t\t\n        <div class=\"prelements-heading water__slide_ style4 animate-\">\n        \t<div class=\"title-inner\">        \t\t      \t\t\n\t            <h2 class=\"title\"><span class=\"watermark\"><\/span>Contact<\/h2>\t\t\t\t\n\t\t\t\t\t        <\/div>\n\t                <\/div>\n        \t\t\t\t<\/div>\n\t\t\t\t<\/div>\n\t\t\t\t<div class=\"elementor-element elementor-element-439f195 elementor-widget-tablet__width-initial elementor-widget elementor-widget-heading\" data-id=\"439f195\" data-element_type=\"widget\" data-e-type=\"widget\" data-widget_type=\"heading.default\">\n\t\t\t\t<div class=\"elementor-widget-container\">\n\t\t\t\t\t<h4 class=\"elementor-heading-title elementor-size-default\">paratradit@gmail.com<\/h4>\t\t\t\t<\/div>\n\t\t\t\t<\/div>\n\t\t\t\t\t<\/div>\n\t\t<\/div>\n\t\t\t\t\t<\/div>\n\t\t<\/section>\n\t\t\t\t\t<\/div>\n\t\t<\/div>\n\t\t\t\t\t<\/div>\n\t\t<\/section>\n\t\t\t\t<\/div>","protected":false},"excerpt":{"rendered":"<p>PREGUNTAS FRECUENTESPREGUNTAS FRECUENTES \u00bfEl precio es el mismo para la asistencia presencial y virtual? S\u00ed, ya que la tarifa se corresponde con la comunicaci\u00f3n sujeta a publicaci\u00f3n, no con la ponencia. Si una comunicaci\u00f3n tiene varios autores, pero no todos van a presentar la ponencia&#8230; Todos los firmantes del art\u00edculo han de estar inscritos en&#8230;<\/p>","protected":false},"author":1,"featured_media":0,"parent":0,"menu_order":0,"comment_status":"closed","ping_status":"closed","template":"","meta":{"footnotes":""},"class_list":["post-21457","page","type-page","status-publish","hentry"],"_links":{"self":[{"href":"https:\/\/paratraduccion.com\/paratradit2026\/fr\/wp-json\/wp\/v2\/pages\/21457","targetHints":{"allow":["GET"]}}],"collection":[{"href":"https:\/\/paratraduccion.com\/paratradit2026\/fr\/wp-json\/wp\/v2\/pages"}],"about":[{"href":"https:\/\/paratraduccion.com\/paratradit2026\/fr\/wp-json\/wp\/v2\/types\/page"}],"author":[{"embeddable":true,"href":"https:\/\/paratraduccion.com\/paratradit2026\/fr\/wp-json\/wp\/v2\/users\/1"}],"replies":[{"embeddable":true,"href":"https:\/\/paratraduccion.com\/paratradit2026\/fr\/wp-json\/wp\/v2\/comments?post=21457"}],"version-history":[{"count":32,"href":"https:\/\/paratraduccion.com\/paratradit2026\/fr\/wp-json\/wp\/v2\/pages\/21457\/revisions"}],"predecessor-version":[{"id":30045,"href":"https:\/\/paratraduccion.com\/paratradit2026\/fr\/wp-json\/wp\/v2\/pages\/21457\/revisions\/30045"}],"wp:attachment":[{"href":"https:\/\/paratraduccion.com\/paratradit2026\/fr\/wp-json\/wp\/v2\/media?parent=21457"}],"curies":[{"name":"wp","href":"https:\/\/api.w.org\/{rel}","templated":true}]}}