{"id":29706,"date":"2025-08-01T14:09:45","date_gmt":"2025-08-01T12:09:45","guid":{"rendered":"https:\/\/xweb.digital\/clientes\/paratradit\/?page_id=29706"},"modified":"2025-09-11T13:51:57","modified_gmt":"2025-09-11T11:51:57","slug":"form-ponentes","status":"publish","type":"page","link":"https:\/\/paratraduccion.com\/paratradit2026\/fr\/form-ponentes\/","title":{"rendered":"Formulaire intervenants"},"content":{"rendered":"<div data-elementor-type=\"wp-page\" data-elementor-id=\"29706\" class=\"elementor elementor-29706\" data-elementor-post-type=\"page\">\n\t\t\t\t<div data-particle_enable=\"false\" data-particle-mobile-disabled=\"false\" class=\"elementor-element elementor-element-344fce5 e-flex e-con-boxed e-con e-parent\" data-id=\"344fce5\" data-element_type=\"container\" data-e-type=\"container\" data-settings=\"{&quot;jet_parallax_layout_list&quot;:[]}\">\n\t\t\t\t\t<div class=\"e-con-inner\">\n\t\t\t\t<div class=\"elementor-element elementor-element-370baee elementor-widget elementor-widget-rs-heading\" data-id=\"370baee\" data-element_type=\"widget\" data-e-type=\"widget\" data-widget_type=\"rs-heading.default\">\n\t\t\t\t<div class=\"elementor-widget-container\">\n\t\t\t\t\t\n        <div class=\"prelements-heading water__slide_ default animate-\">\n        \t<div class=\"title-inner\">        \t\t      \t\t\n\t            <span class=\"sub-text\">INSCRIVEZ-VOUS AVANT LE 1<sup>er<\/sup> F\u00c9VRIER 2026<\/span><h2 class=\"title\"><span class=\"watermark\"><\/span>Formulaire intervenants<\/h2>\t\t\t\t\n\t\t\t\t\t        <\/div>\n\t                <\/div>\n        \t\t\t\t<\/div>\n\t\t\t\t<\/div>\n\t\t\t\t<div class=\"elementor-element elementor-element-a1b76a1 elementor-widget-divider--view-line_icon elementor-view-default elementor-widget-divider--element-align-center elementor-widget elementor-widget-divider\" data-id=\"a1b76a1\" data-element_type=\"widget\" data-e-type=\"widget\" data-widget_type=\"divider.default\">\n\t\t\t\t<div class=\"elementor-widget-container\">\n\t\t\t\t\t\t\t<div class=\"elementor-divider\">\n\t\t\t<span class=\"elementor-divider-separator\">\n\t\t\t\t\t\t\t<div class=\"elementor-icon elementor-divider__element\">\n\t\t\t\t\t<i aria-hidden=\"true\" class=\"fab fa-wpforms\"><\/i><\/div>\n\t\t\t\t\t\t<\/span>\n\t\t<\/div>\n\t\t\t\t\t\t<\/div>\n\t\t\t\t<\/div>\n\t\t\t\t<div class=\"elementor-element elementor-element-2bb5338 bdt-gravity-form-button-custom elementor-widget elementor-widget-bdt-gravity-form\" data-id=\"2bb5338\" data-element_type=\"widget\" data-e-type=\"widget\" data-widget_type=\"bdt-gravity-form.default\">\n\t\t\t\t<div class=\"elementor-widget-container\">\n\t\t\t\t\t\t\t\n\t\t<div class=\"bdt-gravity-forms\">\n\t\t\t<p>D\u00e9sol\u00e9. Ce formulaire n\u2019est plus disponible.<\/p>\t\t<\/div>\n\t\t\t\t\t\t<\/div>\n\t\t\t\t<\/div>\n\t\t\t\t<div class=\"elementor-element elementor-element-dffab93 elementor-widget elementor-widget-html\" data-id=\"dffab93\" data-element_type=\"widget\" data-e-type=\"widget\" data-widget_type=\"html.default\">\n\t\t\t\t<div class=\"elementor-widget-container\">\n\t\t\t\t\t<script>\r\ndocument.addEventListener('DOMContentLoaded', function() {\r\n    \/\/ Detectar si estamos en la p\u00e1gina de formulario\r\n    if (window.location.pathname.startsWith('\/form-ponentes\/')) {\r\n\r\n        function forceMenuBehind() {\r\n            \/\/ Forzar todos los submen\u00fas detr\u00e1s\r\n            const dropdowns = document.querySelectorAll('.elementor-nav-menu--dropdown, .elementor-sub-item, .elementor-item.has-submenu');\r\n            dropdowns.forEach(el => {\r\n                el.style.position = 'relative';\r\n                el.style.zIndex = '1'; \/\/ valor bajo para que quede detr\u00e1s\r\n            });\r\n\r\n            \/\/ Forzar el men\u00fa principal detr\u00e1s tambi\u00e9n\r\n            const mainMenu = document.querySelector('.elementor-nav-menu');\r\n            if(mainMenu) {\r\n                mainMenu.style.position = 'relative';\r\n                mainMenu.style.zIndex = '1';\r\n            }\r\n        }\r\n\r\n        \/\/ Ejecutar al cargar\r\n        forceMenuBehind();\r\n\r\n        \/\/ Vigilar cambios din\u00e1micos en el DOM (porque Elementor SmartMenus puede recalcular estilos)\r\n        const observer = new MutationObserver(() => {\r\n            forceMenuBehind();\r\n        });\r\n\r\n        observer.observe(document.body, {\r\n            childList: true,\r\n            subtree: true\r\n        });\r\n    }\r\n});\r\n<\/script>\t\t\t\t<\/div>\n\t\t\t\t<\/div>\n\t\t\t\t\t<\/div>\n\t\t\t\t<\/div>\n\t\t<div data-particle_enable=\"false\" data-particle-mobile-disabled=\"false\" class=\"elementor-element elementor-element-86f7a75 e-con-full e-flex e-con e-parent\" data-id=\"86f7a75\" data-element_type=\"container\" data-e-type=\"container\" data-settings=\"{&quot;jet_parallax_layout_list&quot;:[]}\">\n\t\t\t\t<\/div>\n\t\t\t\t<\/div>","protected":false},"excerpt":{"rendered":"<p>INSCR\u00cdBETE ANTES DEL 1 DE FEBRERO DE 2026 Formulario ponentes Formulario ponentes Nombre Nombre y apellidos Correo electr\u00f3nico Actions &nbsp; &nbsp; Edit Delete No hay ning\u00fan Nombre. A\u00f1ade Nombre Maximum number of nombre reached. A\u00f1ada Nombre y apellidos Modalidad de asistencia(Obligatorio) Presencial Virtual Eje del Congreso(Obligatorio)Eje 1. Traducci\u00f3n e interpretaci\u00f3n en la era digitalEje 2&#8230;.<\/p>","protected":false},"author":2,"featured_media":0,"parent":0,"menu_order":0,"comment_status":"closed","ping_status":"closed","template":"","meta":{"footnotes":""},"class_list":["post-29706","page","type-page","status-publish","hentry"],"_links":{"self":[{"href":"https:\/\/paratraduccion.com\/paratradit2026\/fr\/wp-json\/wp\/v2\/pages\/29706","targetHints":{"allow":["GET"]}}],"collection":[{"href":"https:\/\/paratraduccion.com\/paratradit2026\/fr\/wp-json\/wp\/v2\/pages"}],"about":[{"href":"https:\/\/paratraduccion.com\/paratradit2026\/fr\/wp-json\/wp\/v2\/types\/page"}],"author":[{"embeddable":true,"href":"https:\/\/paratraduccion.com\/paratradit2026\/fr\/wp-json\/wp\/v2\/users\/2"}],"replies":[{"embeddable":true,"href":"https:\/\/paratraduccion.com\/paratradit2026\/fr\/wp-json\/wp\/v2\/comments?post=29706"}],"version-history":[{"count":90,"href":"https:\/\/paratraduccion.com\/paratradit2026\/fr\/wp-json\/wp\/v2\/pages\/29706\/revisions"}],"predecessor-version":[{"id":30402,"href":"https:\/\/paratraduccion.com\/paratradit2026\/fr\/wp-json\/wp\/v2\/pages\/29706\/revisions\/30402"}],"wp:attachment":[{"href":"https:\/\/paratraduccion.com\/paratradit2026\/fr\/wp-json\/wp\/v2\/media?parent=29706"}],"curies":[{"name":"wp","href":"https:\/\/api.w.org\/{rel}","templated":true}]}}