{"id":21457,"date":"2021-09-23T06:43:00","date_gmt":"2021-09-23T06:43:00","guid":{"rendered":"http:\/\/192.168.0.150\/evenio\/?page_id=21457"},"modified":"2025-09-01T19:48:43","modified_gmt":"2025-09-01T17:48:43","slug":"faqs","status":"publish","type":"page","link":"https:\/\/paratraduccion.com\/paratradit2026\/pt\/faqs\/","title":{"rendered":"Faqs"},"content":{"rendered":"<div data-elementor-type=\"wp-page\" data-elementor-id=\"21457\" class=\"elementor elementor-21457\" data-elementor-post-type=\"page\">\n\t\t\t\t\t\t<section data-particle_enable=\"false\" data-particle-mobile-disabled=\"false\" class=\"elementor-section elementor-top-section elementor-element elementor-element-75b5c68 elementor-section-stretched elementor-section-boxed elementor-section-height-default elementor-section-height-default\" data-id=\"75b5c68\" data-element_type=\"section\" data-e-type=\"section\" data-settings=\"{&quot;stretch_section&quot;:&quot;section-stretched&quot;,&quot;background_background&quot;:&quot;classic&quot;,&quot;jet_parallax_layout_list&quot;:[]}\">\n\t\t\t\t\t\t\t<div class=\"elementor-background-overlay\"><\/div>\n\t\t\t\t\t\t\t<div class=\"elementor-container elementor-column-gap-extended\">\n\t\t\t\t\t<div class=\"elementor-column elementor-col-100 elementor-top-column elementor-element elementor-element-366351e\" data-id=\"366351e\" data-element_type=\"column\" data-e-type=\"column\">\n\t\t\t<div class=\"elementor-widget-wrap elementor-element-populated\">\n\t\t\t\t\t\t<div class=\"elementor-element elementor-element-970d902 elementor-widget elementor-widget-spacer\" data-id=\"970d902\" data-element_type=\"widget\" data-e-type=\"widget\" data-widget_type=\"spacer.default\">\n\t\t\t\t<div class=\"elementor-widget-container\">\n\t\t\t\t\t\t\t<div class=\"elementor-spacer\">\n\t\t\t<div class=\"elementor-spacer-inner\"><\/div>\n\t\t<\/div>\n\t\t\t\t\t\t<\/div>\n\t\t\t\t<\/div>\n\t\t\t\t<div class=\"elementor-element elementor-element-e79acce elementor-widget elementor-widget-rs-heading\" data-id=\"e79acce\" data-element_type=\"widget\" data-e-type=\"widget\" data-widget_type=\"rs-heading.default\">\n\t\t\t\t<div class=\"elementor-widget-container\">\n\t\t\t\t\t\n        <div class=\"prelements-heading water__slide_yes default animate-\">\n        \t<div class=\"title-inner\">        \t\t      \t\t\n\t            <h2 class=\"title\"><span class=\"watermark\">Perguntas frequentes<\/span>Perguntas frequentes<\/h2>\t\t\t\t\n\t\t\t\t\t        <\/div>\n\t                <\/div>\n        \t\t\t\t<\/div>\n\t\t\t\t<\/div>\n\t\t\t\t<section data-particle_enable=\"false\" data-particle-mobile-disabled=\"false\" class=\"elementor-section elementor-inner-section elementor-element elementor-element-bac416c elementor-section-content-middle elementor-section-boxed elementor-section-height-default elementor-section-height-default\" data-id=\"bac416c\" data-element_type=\"section\" data-e-type=\"section\" data-settings=\"{&quot;jet_parallax_layout_list&quot;:[]}\">\n\t\t\t\t\t\t<div class=\"elementor-container elementor-column-gap-default\">\n\t\t\t\t\t<div class=\"elementor-column elementor-col-50 elementor-inner-column elementor-element elementor-element-6390a02\" data-id=\"6390a02\" data-element_type=\"column\" data-e-type=\"column\">\n\t\t\t<div class=\"elementor-widget-wrap elementor-element-populated\">\n\t\t\t\t\t\t<div class=\"elementor-element elementor-element-3d157ff elementor-widget elementor-widget-rs-accordions\" data-id=\"3d157ff\" data-element_type=\"widget\" data-e-type=\"widget\" data-widget_type=\"rs-accordions.default\">\n\t\t\t\t<div class=\"elementor-widget-container\">\n\t\t\t\t\t            <div class=\"rsaddon-unique-accordion\">\n                <div id=\"accordion13929\" class=\"rs-addon-accordion accdstyle2\">                   \n                        \n                                            \n                        <div>\n                        \t                        \t\t<span class=\"elementor-accordion-icon elementor-accordion-icon-right\" aria-hidden=\"true\">\n                        \t\t                        \t\t\t<span class=\"elementor-accordion-icon-closed\"><i class=\"fas fa-angle-down\"><\/i><\/span>\n                        \t\t\t<span class=\"elementor-accordion-icon-opened\"><i class=\"fas fa-angle-up\"><\/i><\/span>\n                        \t\t                        \t\t<\/span>\n                        \t                        \t<a class=\"elementor-accordion-title\" href=\"\">\n                        \t\t\n                        \t\t<span>O pre\u00e7o \u00e9 o mesmo para a participa\u00e7\u00e3o presencial e virtual?<\/span>  \n\n                        \t\t\t                        \t\t\t                        \t\t\t                        \t\n                        \t<\/a>\n                        \t<\/div>                                                                 \n                            \n\n                                                                        \n                                <div class=\"accordion-desc\">                                    \n                               \t\t<p>Sim, j\u00e1 que a tarifa corresponde \u00e0 comunica\u00e7\u00e3o sujeita a publica\u00e7\u00e3o, n\u00e3o \u00e0 apresenta\u00e7\u00e3o.<\/p> \n                            \t<\/div>                                            \n                                                            \n                            \n                                                \n                        <div>\n                        \t                        \t\t<span class=\"elementor-accordion-icon elementor-accordion-icon-right\" aria-hidden=\"true\">\n                        \t\t                        \t\t\t<span class=\"elementor-accordion-icon-closed\"><i class=\"fas fa-angle-down\"><\/i><\/span>\n                        \t\t\t<span class=\"elementor-accordion-icon-opened\"><i class=\"fas fa-angle-up\"><\/i><\/span>\n                        \t\t                        \t\t<\/span>\n                        \t                        \t<a class=\"elementor-accordion-title\" href=\"\">\n                        \t\t\n                        \t\t<span>Se uma comunica\u00e7\u00e3o tem v\u00e1rios autores, mas nem todos v\u00e3o apresentar\u2026<\/span>  \n\n                        \t\t\t                        \t\t\t                        \t\t\t                        \t\n                        \t<\/a>\n                        \t<\/div>                                                                 \n                            \n\n                                                                        \n                                <div class=\"accordion-desc\">                                    \n                               \t\t<p>Todos os autores do artigo devem estar inscritos no congresso e ter pago a tarifa correspondente para poder apresentar a sua comunica\u00e7\u00e3o, independentemente de participarem ou n\u00e3o na apresenta\u00e7\u00e3o. Por exemplo, se o artigo tiver cinco autores, mesmo que apenas dois apresentem a comunica\u00e7\u00e3o no congresso (presencial ou online), cada um dos cinco autores dever\u00e1 pagar a taxa correspondente. Caso contr\u00e1rio, o seu nome n\u00e3o aparecer\u00e1 nem na autoria da comunica\u00e7\u00e3o nem, no caso de ser publicada ap\u00f3s a revis\u00e3o cega por pares, no cap\u00edtulo da revista.<\/p> \n                            \t<\/div>                                            \n                                                            \n                            \n                                                \n                        <div>\n                        \t                        \t\t<span class=\"elementor-accordion-icon elementor-accordion-icon-right\" aria-hidden=\"true\">\n                        \t\t                        \t\t\t<span class=\"elementor-accordion-icon-closed\"><i class=\"fas fa-angle-down\"><\/i><\/span>\n                        \t\t\t<span class=\"elementor-accordion-icon-opened\"><i class=\"fas fa-angle-up\"><\/i><\/span>\n                        \t\t                        \t\t<\/span>\n                        \t                        \t<a class=\"elementor-accordion-title\" href=\"\">\n                        \t\t\n                        \t\t<span>Pagar a tarifa implica a publica\u00e7\u00e3o da minha comunica\u00e7\u00e3o?<\/span>  \n\n                        \t\t\t                        \t\t\t                        \t\t\t                        \t\n                        \t<\/a>\n                        \t<\/div>                                                                 \n                            \n\n                                                                        \n                                <div class=\"accordion-desc\">                                    \n                               \t\t<p>N\u00e3o. Apenas as comunica\u00e7\u00f5es avaliadas positivamente por revis\u00e3o cega de pares do Comit\u00e9 Cient\u00edfico ser\u00e3o publicadas como cap\u00edtulo de livro numa editora nacional ou estrangeira indexada no SPI (Ranking: Scholarly Publishers Indicators) com Quartil Q1 e\/ou como artigo em revista cient\u00edfica.<\/p> \n                            \t<\/div>                                            \n                                                            \n                            \n                                                \n                        <div>\n                        \t                        \t\t<span class=\"elementor-accordion-icon elementor-accordion-icon-right\" aria-hidden=\"true\">\n                        \t\t                        \t\t\t<span class=\"elementor-accordion-icon-closed\"><i class=\"fas fa-angle-down\"><\/i><\/span>\n                        \t\t\t<span class=\"elementor-accordion-icon-opened\"><i class=\"fas fa-angle-up\"><\/i><\/span>\n                        \t\t                        \t\t<\/span>\n                        \t                        \t<a class=\"elementor-accordion-title\" href=\"\">\n                        \t\t\n                        \t\t<span>Se eu acompanhar o congresso online, como me conecto \u00e0s apresenta\u00e7\u00f5es?<\/span>  \n\n                        \t\t\t                        \t\t\t                        \t\t\t                        \t\n                        \t<\/a>\n                        \t<\/div>                                                                 \n                            \n\n                                                                        \n                                <div class=\"accordion-desc\">                                    \n                               \t\t<p>Todas as apresenta\u00e7\u00f5es poder\u00e3o ser acompanhadas atrav\u00e9s do Campus Remoto da Universidade de Vigo. Recomenda-se ler atentamente o guia para aceder ao Campus Remoto.<\/p> \n                            \t<\/div>                                            \n                                                            \n                            \n                                                \n                        <div>\n                        \t                        \t\t<span class=\"elementor-accordion-icon elementor-accordion-icon-right\" aria-hidden=\"true\">\n                        \t\t                        \t\t\t<span class=\"elementor-accordion-icon-closed\"><i class=\"fas fa-angle-down\"><\/i><\/span>\n                        \t\t\t<span class=\"elementor-accordion-icon-opened\"><i class=\"fas fa-angle-up\"><\/i><\/span>\n                        \t\t                        \t\t<\/span>\n                        \t                        \t<a class=\"elementor-accordion-title\" href=\"\">\n                        \t\t\n                        \t\t<span>As sess\u00f5es ser\u00e3o gravadas ou poder\u00e3o ser vistas em diferido?<\/span>  \n\n                        \t\t\t                        \t\t\t                        \t\t\t                        \t\n                        \t<\/a>\n                        \t<\/div>                                                                 \n                            \n\n                                                                        \n                                <div class=\"accordion-desc\">                                    \n                               \t\t<p>N\u00e3o, s\u00f3 poder\u00e3o ser acompanhadas em direto.<\/p> \n                            \t<\/div>                                            \n                                                            \n                            \n                                                \n                        <div>\n                        \t                        \t\t<span class=\"elementor-accordion-icon elementor-accordion-icon-right\" aria-hidden=\"true\">\n                        \t\t                        \t\t\t<span class=\"elementor-accordion-icon-closed\"><i class=\"fas fa-angle-down\"><\/i><\/span>\n                        \t\t\t<span class=\"elementor-accordion-icon-opened\"><i class=\"fas fa-angle-up\"><\/i><\/span>\n                        \t\t                        \t\t<\/span>\n                        \t                        \t<a class=\"elementor-accordion-title\" href=\"\">\n                        \t\t\n                        \t\t<span>Quando estar\u00e1 dispon\u00edvel o programa do congresso?<\/span>  \n\n                        \t\t\t                        \t\t\t                        \t\t\t                        \t\n                        \t<\/a>\n                        \t<\/div>                                                                 \n                            \n\n                                                                        \n                                <div class=\"accordion-desc\">                                    \n                               \t\t<p>O mais r\u00e1pido poss\u00edvel depois de 1 de fevereiro de 2026, data-limite para inscri\u00e7\u00e3o no congresso. Os conferencistas ser\u00e3o notificados por e-mail e o programa poder\u00e1 ser consultado na sec\u00e7\u00e3o correspondente do site.<\/p> \n                            \t<\/div>                                            \n                                                            \n                            \n                                                \n                        <div>\n                        \t                        \t\t<span class=\"elementor-accordion-icon elementor-accordion-icon-right\" aria-hidden=\"true\">\n                        \t\t                        \t\t\t<span class=\"elementor-accordion-icon-closed\"><i class=\"fas fa-angle-down\"><\/i><\/span>\n                        \t\t\t<span class=\"elementor-accordion-icon-opened\"><i class=\"fas fa-angle-up\"><\/i><\/span>\n                        \t\t                        \t\t<\/span>\n                        \t                        \t<a class=\"elementor-accordion-title\" href=\"\">\n                        \t\t\n                        \t\t<span>H\u00e1 possibilidades de restaura\u00e7\u00e3o na faculdade?<\/span>  \n\n                        \t\t\t                        \t\t\t                        \t\t\t                        \t\n                        \t<\/a>\n                        \t<\/div>                                                                 \n                            \n\n                                                                        \n                                <div class=\"accordion-desc\">                                    \n                               \t\t<p>Sim, a Faculdade de Filologia e Tradu\u00e7\u00e3o disp\u00f5e de uma cafetaria com zona de restaura\u00e7\u00e3o e menu do dia. Al\u00e9m disso, existe no Campus Lagoas Marcosende uma \u00e1rea de restaura\u00e7\u00e3o perto do edif\u00edcio Miralles.<\/p> \n                            \t<\/div>                                            \n                                                            \n                            \n                                                \n                        <div>\n                        \t                        \t\t<span class=\"elementor-accordion-icon elementor-accordion-icon-right\" aria-hidden=\"true\">\n                        \t\t                        \t\t\t<span class=\"elementor-accordion-icon-closed\"><i class=\"fas fa-angle-down\"><\/i><\/span>\n                        \t\t\t<span class=\"elementor-accordion-icon-opened\"><i class=\"fas fa-angle-up\"><\/i><\/span>\n                        \t\t                        \t\t<\/span>\n                        \t                        \t<a class=\"elementor-accordion-title\" href=\"\">\n                        \t\t\n                        \t\t<span>Pol\u00edticas de cancelamento de inscri\u00e7\u00f5es e reembolso<\/span>  \n\n                        \t\t\t                        \t\t\t                        \t\t\t                        \t\n                        \t<\/a>\n                        \t<\/div>                                                                 \n                            \n\n                                                                        \n                                <div class=\"accordion-desc\">                                    \n                               \t\t<div class=\"elementor-element elementor-element-75c5997 elementor-widget elementor-widget-text-editor\" data-id=\"75c5997\" data-element_type=\"widget\" data-widget_type=\"text-editor.default\"><div class=\"elementor-widget-container\"><p>Uma vez pago o valor da inscri\u00e7\u00e3o no congresso, de acordo com o tipo de associa\u00e7\u00e3o ou condi\u00e7\u00e3o e per\u00edodo de inscri\u00e7\u00e3o, ParatradIT n\u00e3o reembolsar\u00e1 os valores pagos da inscri\u00e7\u00e3o nem admitir\u00e1 modifica\u00e7\u00f5es.<\/p><\/div><\/div> \n                            \t<\/div>                                            \n                                                            \n                            \n                                                \n                        <div>\n                        \t                        \t\t<span class=\"elementor-accordion-icon elementor-accordion-icon-right\" aria-hidden=\"true\">\n                        \t\t                        \t\t\t<span class=\"elementor-accordion-icon-closed\"><i class=\"fas fa-angle-down\"><\/i><\/span>\n                        \t\t\t<span class=\"elementor-accordion-icon-opened\"><i class=\"fas fa-angle-up\"><\/i><\/span>\n                        \t\t                        \t\t<\/span>\n                        \t                        \t<a class=\"elementor-accordion-title\" href=\"\">\n                        \t\t\n                        \t\t<span>Cancelamento do congresso por parte do ParatradIT<\/span>  \n\n                        \t\t\t                        \t\t\t                        \t\t\t                        \t\n                        \t<\/a>\n                        \t<\/div>                                                                 \n                            \n\n                                                                        \n                                <div class=\"accordion-desc\">                                    \n                               \t\t<div class=\"elementor-element elementor-element-75c5997 elementor-widget elementor-widget-text-editor\" data-id=\"75c5997\" data-element_type=\"widget\" data-widget_type=\"text-editor.default\"><div class=\"elementor-widget-container\"><p>Caso ParatradIT cancele o Congresso que est\u00e1 programado para mar\u00e7o de 2024 por qualquer motivo, devolver\u00e1 100% do valor pago a todas as pessoas inscritas.<\/p><\/div><\/div> \n                            \t<\/div>                                            \n                                                            \n                            \n                                              \n                <\/div>              \n            <\/div>\n            <script>\n            jQuery( function() {            \t\n              \tjQuery(\"#accordion13929\").accordion();\n            \t} );\n            <\/script>\n        \t\t\t\t<\/div>\n\t\t\t\t<\/div>\n\t\t\t\t\t<\/div>\n\t\t<\/div>\n\t\t\t\t<div class=\"elementor-column elementor-col-50 elementor-inner-column elementor-element elementor-element-52b7434\" data-id=\"52b7434\" data-element_type=\"column\" data-e-type=\"column\" data-settings=\"{&quot;background_background&quot;:&quot;gradient&quot;}\">\n\t\t\t<div class=\"elementor-widget-wrap elementor-element-populated\">\n\t\t\t\t\t\t<div class=\"elementor-element elementor-element-c55a61b elementor-widget elementor-widget-rs-heading\" data-id=\"c55a61b\" data-element_type=\"widget\" data-e-type=\"widget\" data-widget_type=\"rs-heading.default\">\n\t\t\t\t<div class=\"elementor-widget-container\">\n\t\t\t\t\t\n        <div class=\"prelements-heading water__slide_ style4 animate-\">\n        \t<div class=\"title-inner\">        \t\t      \t\t\n\t            <h2 class=\"title\"><span class=\"watermark\"><\/span>Segue-nos<\/h2>\t\t\t\t\n\t\t\t\t\t        <\/div>\n\t                <\/div>\n        \t\t\t\t<\/div>\n\t\t\t\t<\/div>\n\t\t\t\t<div class=\"elementor-element elementor-element-d34a9fd e-grid-align-left elementor-shape-rounded elementor-grid-0 elementor-widget elementor-widget-social-icons\" data-id=\"d34a9fd\" data-element_type=\"widget\" data-e-type=\"widget\" data-widget_type=\"social-icons.default\">\n\t\t\t\t<div class=\"elementor-widget-container\">\n\t\t\t\t\t\t\t<div class=\"elementor-social-icons-wrapper elementor-grid\" role=\"list\">\n\t\t\t\t\t\t\t<span class=\"elementor-grid-item\" role=\"listitem\">\n\t\t\t\t\t<a class=\"elementor-icon elementor-social-icon elementor-social-icon-facebook elementor-repeater-item-62ac7d5\" href=\"https:\/\/www.facebook.com\/profile.php?id=61551764755073\" target=\"_blank\">\n\t\t\t\t\t\t<span class=\"elementor-screen-only\">Facebook<\/span>\n\t\t\t\t\t\t<i aria-hidden=\"true\" class=\"fab fa-facebook\"><\/i>\t\t\t\t\t<\/a>\n\t\t\t\t<\/span>\n\t\t\t\t\t\t\t<span class=\"elementor-grid-item\" role=\"listitem\">\n\t\t\t\t\t<a class=\"elementor-icon elementor-social-icon elementor-social-icon-twitter elementor-repeater-item-e9fc78b\" href=\"https:\/\/x.com\/ParatradIT\" target=\"_blank\">\n\t\t\t\t\t\t<span class=\"elementor-screen-only\">Twitter<\/span>\n\t\t\t\t\t\t<i aria-hidden=\"true\" class=\"fab fa-twitter\"><\/i>\t\t\t\t\t<\/a>\n\t\t\t\t<\/span>\n\t\t\t\t\t\t\t<span class=\"elementor-grid-item\" role=\"listitem\">\n\t\t\t\t\t<a class=\"elementor-icon elementor-social-icon elementor-social-icon-instagram elementor-repeater-item-8111681\" href=\"https:\/\/www.instagram.com\/paratradit\/\" target=\"_blank\">\n\t\t\t\t\t\t<span class=\"elementor-screen-only\">Instagram<\/span>\n\t\t\t\t\t\t<i aria-hidden=\"true\" class=\"fab fa-instagram\"><\/i>\t\t\t\t\t<\/a>\n\t\t\t\t<\/span>\n\t\t\t\t\t<\/div>\n\t\t\t\t\t\t<\/div>\n\t\t\t\t<\/div>\n\t\t\t\t<div class=\"elementor-element elementor-element-3da9fe7 elementor-widget elementor-widget-rs-heading\" data-id=\"3da9fe7\" data-element_type=\"widget\" data-e-type=\"widget\" data-widget_type=\"rs-heading.default\">\n\t\t\t\t<div class=\"elementor-widget-container\">\n\t\t\t\t\t\n        <div class=\"prelements-heading water__slide_ style4 animate-\">\n        \t<div class=\"title-inner\">        \t\t      \t\t\n\t            <h2 class=\"title\"><span class=\"watermark\"><\/span>Contacto<\/h2>\t\t\t\t\n\t\t\t\t\t        <\/div>\n\t                <\/div>\n        \t\t\t\t<\/div>\n\t\t\t\t<\/div>\n\t\t\t\t<div class=\"elementor-element elementor-element-439f195 elementor-widget-tablet__width-initial elementor-widget elementor-widget-heading\" data-id=\"439f195\" data-element_type=\"widget\" data-e-type=\"widget\" data-widget_type=\"heading.default\">\n\t\t\t\t<div class=\"elementor-widget-container\">\n\t\t\t\t\t<h4 class=\"elementor-heading-title elementor-size-default\">paratradit@gmail.com<\/h4>\t\t\t\t<\/div>\n\t\t\t\t<\/div>\n\t\t\t\t\t<\/div>\n\t\t<\/div>\n\t\t\t\t\t<\/div>\n\t\t<\/section>\n\t\t\t\t\t<\/div>\n\t\t<\/div>\n\t\t\t\t\t<\/div>\n\t\t<\/section>\n\t\t\t\t<\/div>","protected":false},"excerpt":{"rendered":"<p>PREGUNTAS FRECUENTESPREGUNTAS FRECUENTES \u00bfEl precio es el mismo para la asistencia presencial y virtual? S\u00ed, ya que la tarifa se corresponde con la comunicaci\u00f3n sujeta a publicaci\u00f3n, no con la ponencia. Si una comunicaci\u00f3n tiene varios autores, pero no todos van a presentar la ponencia&#8230; Todos los firmantes del art\u00edculo han de estar inscritos en&#8230;<\/p>","protected":false},"author":1,"featured_media":0,"parent":0,"menu_order":0,"comment_status":"closed","ping_status":"closed","template":"","meta":{"footnotes":""},"class_list":["post-21457","page","type-page","status-publish","hentry"],"_links":{"self":[{"href":"https:\/\/paratraduccion.com\/paratradit2026\/pt\/wp-json\/wp\/v2\/pages\/21457","targetHints":{"allow":["GET"]}}],"collection":[{"href":"https:\/\/paratraduccion.com\/paratradit2026\/pt\/wp-json\/wp\/v2\/pages"}],"about":[{"href":"https:\/\/paratraduccion.com\/paratradit2026\/pt\/wp-json\/wp\/v2\/types\/page"}],"author":[{"embeddable":true,"href":"https:\/\/paratraduccion.com\/paratradit2026\/pt\/wp-json\/wp\/v2\/users\/1"}],"replies":[{"embeddable":true,"href":"https:\/\/paratraduccion.com\/paratradit2026\/pt\/wp-json\/wp\/v2\/comments?post=21457"}],"version-history":[{"count":32,"href":"https:\/\/paratraduccion.com\/paratradit2026\/pt\/wp-json\/wp\/v2\/pages\/21457\/revisions"}],"predecessor-version":[{"id":30045,"href":"https:\/\/paratraduccion.com\/paratradit2026\/pt\/wp-json\/wp\/v2\/pages\/21457\/revisions\/30045"}],"wp:attachment":[{"href":"https:\/\/paratraduccion.com\/paratradit2026\/pt\/wp-json\/wp\/v2\/media?parent=21457"}],"curies":[{"name":"wp","href":"https:\/\/api.w.org\/{rel}","templated":true}]}}