{"id":2069,"date":"2024-06-18T10:49:52","date_gmt":"2024-06-18T10:49:52","guid":{"rendered":"https:\/\/paratraduccion.com\/videojuegos\/?page_id=2069"},"modified":"2024-06-18T10:56:33","modified_gmt":"2024-06-18T10:56:33","slug":"o-etiv-en-cifras","status":"publish","type":"page","link":"https:\/\/paratraduccion.com\/videojuegos\/o-etiv-en-cifras\/","title":{"rendered":"O ETIV EN CIFRAS"},"content":{"rendered":"<p><a href=\"https:\/\/paratraduccion.com\/videojuegos\/wp-content\/uploads\/2024\/06\/GRAFICA-ETIV-1.pdf\" class=\"pdfemb-viewer\" style=\"\" data-width=\"max\" data-height=\"max\" data-toolbar=\"bottom\" data-toolbar-fixed=\"off\">GR\u00c1FICA ETIV 1<\/a><a href=\"https:\/\/paratraduccion.com\/videojuegos\/wp-content\/uploads\/2024\/06\/GRAFICA-ETIV-2.pdf\" class=\"pdfemb-viewer\" style=\"\" data-width=\"max\" data-height=\"max\" data-toolbar=\"bottom\" data-toolbar-fixed=\"off\">GR\u00c1FICA ETIV 2<\/a><a href=\"https:\/\/paratraduccion.com\/videojuegos\/wp-content\/uploads\/2024\/06\/GRAFICA-ETIV-3.pdf\" class=\"pdfemb-viewer\" style=\"\" data-width=\"max\" data-height=\"max\" data-toolbar=\"bottom\" data-toolbar-fixed=\"off\">GR\u00c1FICA ETIV 3<\/a><a href=\"https:\/\/paratraduccion.com\/videojuegos\/wp-content\/uploads\/2024\/06\/GRAFICA-ETIV-4.pdf\" class=\"pdfemb-viewer\" style=\"\" data-width=\"max\" data-height=\"max\" data-toolbar=\"bottom\" data-toolbar-fixed=\"off\">GR\u00c1FICA ETIV 4<\/a><\/p>\n","protected":false},"excerpt":{"rendered":"GR\u00c1FICA ETIV 1GR\u00c1FICA ETIV 2GR\u00c1FICA ETIV 3GR\u00c1FICA ETIV 4","protected":false},"author":1,"featured_media":0,"parent":0,"menu_order":0,"comment_status":"closed","ping_status":"closed","template":"","meta":{"footnotes":""},"class_list":["post-2069","page","type-page","status-publish","hentry"],"_links":{"self":[{"href":"https:\/\/paratraduccion.com\/videojuegos\/wp-json\/wp\/v2\/pages\/2069","targetHints":{"allow":["GET"]}}],"collection":[{"href":"https:\/\/paratraduccion.com\/videojuegos\/wp-json\/wp\/v2\/pages"}],"about":[{"href":"https:\/\/paratraduccion.com\/videojuegos\/wp-json\/wp\/v2\/types\/page"}],"author":[{"embeddable":true,"href":"https:\/\/paratraduccion.com\/videojuegos\/wp-json\/wp\/v2\/users\/1"}],"replies":[{"embeddable":true,"href":"https:\/\/paratraduccion.com\/videojuegos\/wp-json\/wp\/v2\/comments?post=2069"}],"version-history":[{"count":3,"href":"https:\/\/paratraduccion.com\/videojuegos\/wp-json\/wp\/v2\/pages\/2069\/revisions"}],"predecessor-version":[{"id":2079,"href":"https:\/\/paratraduccion.com\/videojuegos\/wp-json\/wp\/v2\/pages\/2069\/revisions\/2079"}],"wp:attachment":[{"href":"https:\/\/paratraduccion.com\/videojuegos\/wp-json\/wp\/v2\/media?parent=2069"}],"curies":[{"name":"wp","href":"https:\/\/api.w.org\/{rel}","templated":true}]}}