{"id":28,"date":"2018-08-14T21:51:39","date_gmt":"2018-08-14T21:51:39","guid":{"rendered":"http:\/\/paratraduccion.com\/videojuegos\/\/?page_id=28"},"modified":"2025-07-05T12:04:10","modified_gmt":"2025-07-05T12:04:10","slug":"matricula","status":"publish","type":"page","link":"https:\/\/paratraduccion.com\/videojuegos\/matricula\/","title":{"rendered":"MATR\u00cdCULA"},"content":{"rendered":"<div class=\"wpb-content-wrapper\"><p>[vc_row][vc_column][vc_column_text css=\u00bb\u00bb]<\/p>\n<h2 style=\"text-align: center;\">Los 6 pasos para inscribirse y matricularse en el T\u00edtulo Propio de ETIV<\/h2>\n<p>&nbsp;<\/p>\n<p style=\"text-align: justify;\">La coordinaci\u00f3n del T\u00edtulo Propio de ETIV pone a disposici\u00f3n del alumnado <strong>5 modalidades de matr\u00edcula<\/strong>, una ordinaria y otra reducida. La primera modalidad de matr\u00edcula, la ordinaria, tiene un coste de <strong><span style=\"color: #ff0000;\">1 512 euros<\/span><\/strong> y est\u00e1 destinada a aquellas personas que solamente quieran cursar la formaci\u00f3n de ETIV. La segunda modalidad de matr\u00edcula, la reducida, supone un 40 % de reducci\u00f3n en el coste final de la matr\u00edcula (<span style=\"color: #008000;\"><strong>907 euros<\/strong><\/span>) y est\u00e1 pensada para el alumnado que quiera cursar la formaci\u00f3n de posgrado ofrecida en el <strong>M<\/strong>\u00e1ster en <strong>T<\/strong>raducci\u00f3n <span style=\"color: #ff0000;\">para<\/span> la <strong>C<\/strong>omunicaci\u00f3n <strong>I<\/strong>nternacional (<a href=\"http:\/\/paratraduccion.com\/limiares\/matricula\/\" target=\"_blank\" rel=\"noopener\">MTCI<\/a>) de la Universidade de Vigo. <strong>Las plazas son limitadas.<\/strong><\/p>\n<p style=\"text-align: right;\"><span style=\"color: #ff0000;\"><strong>*<\/strong><\/span>En caso de que alg\u00fan importe o cualquier otro dato sea err\u00f3neo, prevalecer\u00e1 siempre la informaci\u00f3n institucional indicada en la p\u00e1gina web del <a href=\"https:\/\/cpfp.uvigo.gal\/es\/estudios\/titulos-propios\/id1020-4\/\" target=\"_blank\" rel=\"noopener\">Centro de Posgrado y Formaci\u00f3n Permanente<\/a> (CPFP)<\/p>\n<p style=\"text-align: justify;\">Pincha <a href=\"https:\/\/cpfp.uvigo.gal\/es\/estudios\/titulos-propios\/id1020-4\/\" target=\"_blank\" rel=\"noopener\"><strong><span style=\"color: #993366;\"><span style=\"color: #800080;\">aqu\u00ed<\/span><\/span><\/strong><\/a> para formalizar tu matr\u00edcula en el<span style=\"color: #993366;\"><strong>\u00a0T\u00edtulo Propio de ETIV<\/strong><\/span><\/p>\n<p>[\/vc_column_text][\/vc_column][\/vc_row][vc_row][vc_column][vc_cta h2=\u00bbGU\u00cdA DE PREZOS\u00bb][\/vc_cta][\/vc_column][\/vc_row][vc_row][vc_column][\/vc_column][\/vc_row][vc_row][vc_column][vc_single_image image=\u00bb2154&#8243; img_size=\u00bblarge\u00bb alignment=\u00bbcenter\u00bb css=\u00bb\u00bb][vc_btn title=\u00bbGu\u00eda r\u00e1pida para unha correcta preinscrici\u00f3n\u00bb style=\u00bbflat\u00bb shape=\u00bbsquare\u00bb color=\u00bbdanger\u00bb size=\u00bblg\u00bb align=\u00bbcenter\u00bb link=\u00bburl:https%3A%2F%2Fparatraduccion.com%2Fvideojuegos%2Fwp-content%2Fuploads%2F2023%2F06%2FGuia-preinscripcion.pdf||target:%20_blank|\u00bb][\/vc_column][\/vc_row]<\/p>\n<\/div>","protected":false},"excerpt":{"rendered":"<p>[vc_row][vc_column][vc_column_text css=\u00bb\u00bb] Los 6 pasos para inscribirse y matricularse en el T\u00edtulo Propio de ETIV &nbsp; La coordinaci\u00f3n del T\u00edtulo Propio de ETIV pone a disposici\u00f3n del alumnado 5 modalidades de matr\u00edcula, una ordinaria y otra reducida. La primera modalidad de matr\u00edcula, la ordinaria, tiene un coste de 1 512 euros y est\u00e1 destinada a aquellas personas que solamente quieran cursar la formaci\u00f3n de ETIV. La segunda modalidad de matr\u00edcula, la reducida, supone un 40 % de reducci\u00f3n en el coste final de la matr\u00edcula (907 euros) y est\u00e1 pensada para el alumnado que quiera cursar la formaci\u00f3n de posgrado ofrecida en el M\u00e1ster en Traducci\u00f3n para la Comunicaci\u00f3n Internacional (MTCI) de la Universidade de Vigo. Las plazas son limitadas. *En caso de que alg\u00fan&hellip;<\/p>\n<p class=\"excerpt-more\"><a class=\"blog-excerpt button\" href=\"https:\/\/paratraduccion.com\/videojuegos\/matricula\/\">Leer M\u00e1s<\/a><\/p>\n","protected":false},"author":1,"featured_media":0,"parent":0,"menu_order":0,"comment_status":"closed","ping_status":"closed","template":"","meta":{"footnotes":""},"class_list":["post-28","page","type-page","status-publish","hentry"],"_links":{"self":[{"href":"https:\/\/paratraduccion.com\/videojuegos\/wp-json\/wp\/v2\/pages\/28","targetHints":{"allow":["GET"]}}],"collection":[{"href":"https:\/\/paratraduccion.com\/videojuegos\/wp-json\/wp\/v2\/pages"}],"about":[{"href":"https:\/\/paratraduccion.com\/videojuegos\/wp-json\/wp\/v2\/types\/page"}],"author":[{"embeddable":true,"href":"https:\/\/paratraduccion.com\/videojuegos\/wp-json\/wp\/v2\/users\/1"}],"replies":[{"embeddable":true,"href":"https:\/\/paratraduccion.com\/videojuegos\/wp-json\/wp\/v2\/comments?post=28"}],"version-history":[{"count":54,"href":"https:\/\/paratraduccion.com\/videojuegos\/wp-json\/wp\/v2\/pages\/28\/revisions"}],"predecessor-version":[{"id":2160,"href":"https:\/\/paratraduccion.com\/videojuegos\/wp-json\/wp\/v2\/pages\/28\/revisions\/2160"}],"wp:attachment":[{"href":"https:\/\/paratraduccion.com\/videojuegos\/wp-json\/wp\/v2\/media?parent=28"}],"curies":[{"name":"wp","href":"https:\/\/api.w.org\/{rel}","templated":true}]}}