{"id":38,"date":"2018-08-14T21:52:29","date_gmt":"2018-08-14T21:52:29","guid":{"rendered":"http:\/\/paratraduccion.com\/videojuegos\/\/?page_id=38"},"modified":"2020-12-14T16:02:44","modified_gmt":"2020-12-14T16:02:44","slug":"eventos","status":"publish","type":"page","link":"https:\/\/paratraduccion.com\/videojuegos\/eventos\/","title":{"rendered":"EVENTOS"},"content":{"rendered":"<div class=\"wpb-content-wrapper\"><p>[vc_row][vc_column][vc_column_text]<\/p>\n<p style=\"text-align: justify;\">En esta secci\u00f3n <strong>EVENTOS<\/strong> de nuestra web estar\u00e1n recopiladas todas las entradas del blog en las que os anunciaremos tanto las eventos acad\u00e9micos que organizaremos como los eventos nacionales e internacionales que sobre el mundo de los videojuegos os podr\u00edan interesar para vuestro formaci\u00f3n continua como <strong>E<\/strong>specialistas en <strong>T<\/strong>raducci\u00f3n para la<strong> I<\/strong>ndustria del <strong>V<\/strong>ideojuego (ETIV).<\/p>\n<p>[\/vc_column_text][\/vc_column][\/vc_row][vc_row][vc_column][vc_basic_grid post_type=\u00bbpost\u00bb max_items=\u00bb100&#8243; style=\u00bblazy\u00bb items_per_page=\u00bb100&#8243; element_width=\u00bb12&#8243; item=\u00bbbasicGrid_SlideBottomWithIcon\u00bb grid_id=\u00bbvc_gid:1607961738723-b0c7744e-0233-6&#8243; taxonomies=\u00bb8&#8243;][\/vc_column][\/vc_row]<\/p>\n<\/div>","protected":false},"excerpt":{"rendered":"<p>[vc_row][vc_column][vc_column_text] En esta secci\u00f3n EVENTOS de nuestra web estar\u00e1n recopiladas todas las entradas del blog en las que os anunciaremos tanto las eventos acad\u00e9micos que organizaremos como los eventos nacionales e internacionales que sobre el mundo de los videojuegos os podr\u00edan interesar para vuestro formaci\u00f3n continua como Especialistas en Traducci\u00f3n para la Industria del Videojuego (ETIV). [\/vc_column_text][\/vc_column][\/vc_row][vc_row][vc_column][vc_basic_grid post_type=\u00bbpost\u00bb max_items=\u00bb100&#8243; style=\u00bblazy\u00bb items_per_page=\u00bb100&#8243; element_width=\u00bb12&#8243; item=\u00bbbasicGrid_SlideBottomWithIcon\u00bb grid_id=\u00bbvc_gid:1607961738723-b0c7744e-0233-6&#8243; taxonomies=\u00bb8&#8243;][\/vc_column][\/vc_row]<\/p>\n","protected":false},"author":1,"featured_media":0,"parent":0,"menu_order":0,"comment_status":"closed","ping_status":"closed","template":"","meta":{"footnotes":""},"class_list":["post-38","page","type-page","status-publish","hentry"],"_links":{"self":[{"href":"https:\/\/paratraduccion.com\/videojuegos\/wp-json\/wp\/v2\/pages\/38","targetHints":{"allow":["GET"]}}],"collection":[{"href":"https:\/\/paratraduccion.com\/videojuegos\/wp-json\/wp\/v2\/pages"}],"about":[{"href":"https:\/\/paratraduccion.com\/videojuegos\/wp-json\/wp\/v2\/types\/page"}],"author":[{"embeddable":true,"href":"https:\/\/paratraduccion.com\/videojuegos\/wp-json\/wp\/v2\/users\/1"}],"replies":[{"embeddable":true,"href":"https:\/\/paratraduccion.com\/videojuegos\/wp-json\/wp\/v2\/comments?post=38"}],"version-history":[{"count":9,"href":"https:\/\/paratraduccion.com\/videojuegos\/wp-json\/wp\/v2\/pages\/38\/revisions"}],"predecessor-version":[{"id":1327,"href":"https:\/\/paratraduccion.com\/videojuegos\/wp-json\/wp\/v2\/pages\/38\/revisions\/1327"}],"wp:attachment":[{"href":"https:\/\/paratraduccion.com\/videojuegos\/wp-json\/wp\/v2\/media?parent=38"}],"curies":[{"name":"wp","href":"https:\/\/api.w.org\/{rel}","templated":true}]}}