{"id":40,"date":"2018-08-14T21:52:38","date_gmt":"2018-08-14T21:52:38","guid":{"rendered":"http:\/\/paratraduccion.com\/videojuegos\/\/?page_id=40"},"modified":"2018-09-10T22:58:00","modified_gmt":"2018-09-10T22:58:00","slug":"audios","status":"publish","type":"page","link":"https:\/\/paratraduccion.com\/videojuegos\/audios\/","title":{"rendered":"AUDIOS"},"content":{"rendered":"<div class=\"wpb-content-wrapper\"><p>[vc_row][vc_column][vc_column_text]<\/p>\n<p style=\"text-align: justify;\">En esta secci\u00f3n <strong>AUDIOS<\/strong> de nuestra web estar\u00e1n recopiladas todas las entradas del blog en las que os presentaremos los audios m\u00e1s destacados de\u00a0<em>Marca Player DX<\/em>, un programa de radio\u00a0sobre el mundo de los videojuegos donde\u00a0podr\u00e1s escuchar a los mejores expertos y profesionales de\u00a0la industria y la cultura del videojuego (traductores, actores de doblaje, desarrolladores, etc.) que te mantendr\u00e1n al d\u00eda sobre todas las novedades de la industria del videojuego.<\/p>\n<p style=\"text-align: justify;\"><em><img loading=\"lazy\" decoding=\"async\" class=\"alignleft wp-image-174 size-full\" src=\"http:\/\/paratraduccion.com\/videojuegos\/\/wp-content\/uploads\/2018\/08\/MARCA-PLAYER-DX.jpg\" alt=\"\" width=\"141\" height=\"141\" srcset=\"https:\/\/paratraduccion.com\/videojuegos\/wp-content\/uploads\/2018\/08\/MARCA-PLAYER-DX.jpg 141w, https:\/\/paratraduccion.com\/videojuegos\/wp-content\/uploads\/2018\/08\/MARCA-PLAYER-DX-90x90.jpg 90w\" sizes=\"auto, (max-width: 141px) 100vw, 141px\" \/>Marca Player DX<\/em> es un programa de videojuegos pensado, desarrollado y orientado por quien es\u00a0el primer Doctor en Traducci\u00f3n <span style=\"color: #808080;\">&amp;<\/span> <span style=\"color: #ff0000;\">Para<\/span>traducci\u00f3n de Videojuegos de la Universidad espa\u00f1ola,\u00a0<a href=\"http:\/\/paratraduccion.com\/limiares\/ramon-mendez\/\" target=\"_blank\" rel=\"noopener noreferrer\">Ram\u00f3n M\u00e9ndez Gonz\u00e1lez<\/a>. Se trata de un espacio destinado tanto a usuarios de videojuegos como a todos los interesados en las nuevas tecnolog\u00edas y en el ocio digital que quieran estar al tanto de todas las novedades de la industria del sector, todo ello de la mano de grandes expertos en la materia y orientado a todo tipo de oyentes. El programa, que se graba y se emite semanalmente desde Radio Marca Vigo\u00a0y que posteriormente se puede consultar v\u00eda podcast a trav\u00e9s de <a href=\"https:\/\/itunes.apple.com\/us\/podcast\/marca-player-vigo\/id1178472517?mt=2\" target=\"_blank\" rel=\"noopener noreferrer\">iTunes<\/a> e <a href=\"http:\/\/www.ivoox.com\/podcast-marca-player-dx_sq_f1324015_1.html\" target=\"_blank\" rel=\"noopener noreferrer\">ivoox<\/a>, acerca a los consumidores la actualidad del mundo del videojuego con un tono ameno. En <em>Marca Player DX<\/em> no s\u00f3lo se repasan las novedades de la industria, sino que tambi\u00e9n se ofrecen secciones, debates y entrevistas sobre la cultura del videojuego: traductores, actores de doblaje, desarrolladores, profesores de universidad, etc\u00e9tera. De este modo, se convierte en un programa ameno que a\u00fana la divulgaci\u00f3n con la informaci\u00f3n m\u00e1s actual de la industria del videojuego.<\/p>\n<p>[\/vc_column_text][\/vc_column][\/vc_row][vc_row][vc_column][vc_basic_grid post_type=\u00bbpost\u00bb max_items=\u00bb100&#8243; style=\u00bblazy\u00bb grid_id=\u00bbvc_gid:1536564072845-2e33f664-4f20-8&#8243; taxonomies=\u00bb6&#8243;][\/vc_column][\/vc_row]<\/p>\n<\/div>","protected":false},"excerpt":{"rendered":"<p>[vc_row][vc_column][vc_column_text] En esta secci\u00f3n AUDIOS de nuestra web estar\u00e1n recopiladas todas las entradas del blog en las que os presentaremos los audios m\u00e1s destacados de\u00a0Marca Player DX, un programa de radio\u00a0sobre el mundo de los videojuegos donde\u00a0podr\u00e1s escuchar a los mejores expertos y profesionales de\u00a0la industria y la cultura del videojuego (traductores, actores de doblaje, desarrolladores, etc.) que te mantendr\u00e1n al d\u00eda sobre todas las novedades de la industria del videojuego. Marca Player DX es un programa de videojuegos pensado, desarrollado y orientado por quien es\u00a0el primer Doctor en Traducci\u00f3n &amp; Paratraducci\u00f3n de Videojuegos de la Universidad espa\u00f1ola,\u00a0Ram\u00f3n M\u00e9ndez Gonz\u00e1lez. Se trata de un espacio destinado tanto a usuarios de videojuegos como a todos los interesados en las nuevas tecnolog\u00edas y en el ocio digital&hellip;<\/p>\n<p class=\"excerpt-more\"><a class=\"blog-excerpt button\" href=\"https:\/\/paratraduccion.com\/videojuegos\/audios\/\">Leer M\u00e1s<\/a><\/p>\n","protected":false},"author":1,"featured_media":0,"parent":0,"menu_order":0,"comment_status":"closed","ping_status":"closed","template":"","meta":{"footnotes":""},"class_list":["post-40","page","type-page","status-publish","hentry"],"_links":{"self":[{"href":"https:\/\/paratraduccion.com\/videojuegos\/wp-json\/wp\/v2\/pages\/40","targetHints":{"allow":["GET"]}}],"collection":[{"href":"https:\/\/paratraduccion.com\/videojuegos\/wp-json\/wp\/v2\/pages"}],"about":[{"href":"https:\/\/paratraduccion.com\/videojuegos\/wp-json\/wp\/v2\/types\/page"}],"author":[{"embeddable":true,"href":"https:\/\/paratraduccion.com\/videojuegos\/wp-json\/wp\/v2\/users\/1"}],"replies":[{"embeddable":true,"href":"https:\/\/paratraduccion.com\/videojuegos\/wp-json\/wp\/v2\/comments?post=40"}],"version-history":[{"count":12,"href":"https:\/\/paratraduccion.com\/videojuegos\/wp-json\/wp\/v2\/pages\/40\/revisions"}],"predecessor-version":[{"id":543,"href":"https:\/\/paratraduccion.com\/videojuegos\/wp-json\/wp\/v2\/pages\/40\/revisions\/543"}],"wp:attachment":[{"href":"https:\/\/paratraduccion.com\/videojuegos\/wp-json\/wp\/v2\/media?parent=40"}],"curies":[{"name":"wp","href":"https:\/\/api.w.org\/{rel}","templated":true}]}}