{"id":63,"date":"2018-08-15T00:02:00","date_gmt":"2018-08-15T00:02:00","guid":{"rendered":"http:\/\/paratraduccion.com\/videojuegos\/\/?page_id=63"},"modified":"2020-12-12T19:17:30","modified_gmt":"2020-12-12T19:17:30","slug":"contacto","status":"publish","type":"page","link":"https:\/\/paratraduccion.com\/videojuegos\/contacto\/","title":{"rendered":"CONTACTO"},"content":{"rendered":"<div class=\"wpb-content-wrapper\"><p>[vc_row][vc_column width=\u00bb1\/2&#8243;][vc_column_text]<\/p>\n<p style=\"padding-left: 60px;\"><b><br \/>\n<img loading=\"lazy\" decoding=\"async\" class=\"aligncenter size-full wp-image-870\" src=\"http:\/\/paratraduccion.com\/videojuegos\/wp-content\/uploads\/2019\/05\/Retratos-Master-Traducci\u00f3n-Videojuegos-12.jpg\" alt=\"\" width=\"1325\" height=\"2000\" srcset=\"https:\/\/paratraduccion.com\/videojuegos\/wp-content\/uploads\/2019\/05\/Retratos-Master-Traducci\u00f3n-Videojuegos-12.jpg 1325w, https:\/\/paratraduccion.com\/videojuegos\/wp-content\/uploads\/2019\/05\/Retratos-Master-Traducci\u00f3n-Videojuegos-12-199x300.jpg 199w, https:\/\/paratraduccion.com\/videojuegos\/wp-content\/uploads\/2019\/05\/Retratos-Master-Traducci\u00f3n-Videojuegos-12-768x1159.jpg 768w, https:\/\/paratraduccion.com\/videojuegos\/wp-content\/uploads\/2019\/05\/Retratos-Master-Traducci\u00f3n-Videojuegos-12-678x1024.jpg 678w, https:\/\/paratraduccion.com\/videojuegos\/wp-content\/uploads\/2019\/05\/Retratos-Master-Traducci\u00f3n-Videojuegos-12-106x160.jpg 106w, https:\/\/paratraduccion.com\/videojuegos\/wp-content\/uploads\/2019\/05\/Retratos-Master-Traducci\u00f3n-Videojuegos-12-664x1002.jpg 664w\" sizes=\"auto, (max-width: 1325px) 100vw, 1325px\" \/><\/b><\/p>\n<p>[\/vc_column_text][\/vc_column][vc_column width=\u00bb1\/2&#8243;][vc_column_text]<b>\u00d3scar Ferreiro V\u00e1zquez<\/b><br \/>\nFacultade de Filolox\u00eda e Traduci\u00f3n<br \/>\nUniversidade de Vigo<br \/>\nEmail: <a href=\"mailto:etivigo@gmail.com\" target=\"_blank\" rel=\"noopener\">etivigo@gmail.com<\/a>[\/vc_column_text][\/vc_column][\/vc_row][vc_row][vc_column][vc_text_separator title=\u00bbSi quieres hacer una consulta administrativa o acad\u00e9mica sobre el T\u00eftulo Propio de ETIV de la UVigo, contacta con \u00d3scar rellenando el formulario\u00bb i_icon_fontawesome=\u00bbfa fa-envelope-open-o\u00bb i_color=\u00bbcustom\u00bb add_icon=\u00bbtrue\u00bb i_custom_color=\u00bb#e12d20&#8243;]\n<div class=\"wpcf7 no-js\" id=\"wpcf7-f62-o1\" lang=\"es-ES\" dir=\"ltr\">\n<div class=\"screen-reader-response\"><p role=\"status\" aria-live=\"polite\" aria-atomic=\"true\"><\/p> <ul><\/ul><\/div>\n<form action=\"\/videojuegos\/wp-json\/wp\/v2\/pages\/63#wpcf7-f62-o1\" method=\"post\" class=\"wpcf7-form init\" aria-label=\"Formulario de contacto\" novalidate=\"novalidate\" data-status=\"init\">\n<div style=\"display: none;\">\n<input type=\"hidden\" name=\"_wpcf7\" value=\"62\" \/>\n<input type=\"hidden\" name=\"_wpcf7_version\" value=\"5.9.6\" \/>\n<input type=\"hidden\" name=\"_wpcf7_locale\" value=\"es_ES\" \/>\n<input type=\"hidden\" name=\"_wpcf7_unit_tag\" value=\"wpcf7-f62-o1\" \/>\n<input type=\"hidden\" name=\"_wpcf7_container_post\" value=\"0\" \/>\n<input type=\"hidden\" name=\"_wpcf7_posted_data_hash\" value=\"\" \/>\n<\/div>\n<p><label> Tu nombre (requerido)<br \/>\n<span class=\"wpcf7-form-control-wrap\" data-name=\"your-name\"><input size=\"40\" maxlength=\"80\" class=\"wpcf7-form-control wpcf7-text wpcf7-validates-as-required\" aria-required=\"true\" aria-invalid=\"false\" value=\"\" type=\"text\" name=\"your-name\" \/><\/span> <\/label>\n<\/p>\n<p><label> Tu correo electr\u00f3nico (requerido)<br \/>\n<span class=\"wpcf7-form-control-wrap\" data-name=\"your-email\"><input size=\"40\" maxlength=\"80\" class=\"wpcf7-form-control wpcf7-email wpcf7-validates-as-required wpcf7-text wpcf7-validates-as-email\" aria-required=\"true\" aria-invalid=\"false\" value=\"\" type=\"email\" name=\"your-email\" \/><\/span> <\/label>\n<\/p>\n<p><label> Asunto<br \/>\n<span class=\"wpcf7-form-control-wrap\" data-name=\"your-subject\"><input size=\"40\" maxlength=\"80\" class=\"wpcf7-form-control wpcf7-text\" aria-invalid=\"false\" value=\"\" type=\"text\" name=\"your-subject\" \/><\/span> <\/label>\n<\/p>\n<p><label> Tu mensaje<br \/>\n<span class=\"wpcf7-form-control-wrap\" data-name=\"your-message\"><textarea cols=\"40\" rows=\"10\" maxlength=\"400\" class=\"wpcf7-form-control wpcf7-textarea\" aria-invalid=\"false\" name=\"your-message\"><\/textarea><\/span> <\/label>\n<\/p>\n<p><input class=\"wpcf7-form-control wpcf7-submit has-spinner\" type=\"submit\" value=\"Enviar\" \/>\n<\/p><div class=\"wpcf7-response-output\" aria-hidden=\"true\"><\/div>\n<\/form>\n<\/div>\n[\/vc_column][\/vc_row][vc_row][vc_column][\/vc_column][\/vc_row]<\/p>\n<\/div>","protected":false},"excerpt":{"rendered":"<p>[vc_row][vc_column width=\u00bb1\/2&#8243;][vc_column_text] [\/vc_column_text][\/vc_column][vc_column width=\u00bb1\/2&#8243;][vc_column_text]\u00d3scar Ferreiro V\u00e1zquez Facultade de Filolox\u00eda e Traduci\u00f3n Universidade de Vigo Email: etivigo@gmail.com[\/vc_column_text][\/vc_column][\/vc_row][vc_row][vc_column][vc_text_separator title=\u00bbSi quieres hacer una consulta administrativa o acad\u00e9mica sobre el T\u00eftulo Propio de ETIV de la UVigo, contacta con \u00d3scar rellenando el formulario\u00bb i_icon_fontawesome=\u00bbfa fa-envelope-open-o\u00bb i_color=\u00bbcustom\u00bb add_icon=\u00bbtrue\u00bb i_custom_color=\u00bb#e12d20&#8243;][\/vc_column][\/vc_row][vc_row][vc_column][\/vc_column][\/vc_row]<\/p>\n","protected":false},"author":1,"featured_media":0,"parent":0,"menu_order":0,"comment_status":"closed","ping_status":"closed","template":"","meta":{"footnotes":""},"class_list":["post-63","page","type-page","status-publish","hentry"],"_links":{"self":[{"href":"https:\/\/paratraduccion.com\/videojuegos\/wp-json\/wp\/v2\/pages\/63","targetHints":{"allow":["GET"]}}],"collection":[{"href":"https:\/\/paratraduccion.com\/videojuegos\/wp-json\/wp\/v2\/pages"}],"about":[{"href":"https:\/\/paratraduccion.com\/videojuegos\/wp-json\/wp\/v2\/types\/page"}],"author":[{"embeddable":true,"href":"https:\/\/paratraduccion.com\/videojuegos\/wp-json\/wp\/v2\/users\/1"}],"replies":[{"embeddable":true,"href":"https:\/\/paratraduccion.com\/videojuegos\/wp-json\/wp\/v2\/comments?post=63"}],"version-history":[{"count":17,"href":"https:\/\/paratraduccion.com\/videojuegos\/wp-json\/wp\/v2\/pages\/63\/revisions"}],"predecessor-version":[{"id":1321,"href":"https:\/\/paratraduccion.com\/videojuegos\/wp-json\/wp\/v2\/pages\/63\/revisions\/1321"}],"wp:attachment":[{"href":"https:\/\/paratraduccion.com\/videojuegos\/wp-json\/wp\/v2\/media?parent=63"}],"curies":[{"name":"wp","href":"https:\/\/api.w.org\/{rel}","templated":true}]}}